{"id":2902,"date":"2023-09-07T07:23:29","date_gmt":"2023-09-07T07:23:29","guid":{"rendered":"https:\/\/uatnew.boseprofessional.com\/?page_id=2902"},"modified":"2024-08-28T16:35:24","modified_gmt":"2024-08-28T16:35:24","slug":"nl-nl","status":"publish","type":"page","link":"https:\/\/boseprofessional.com\/es\/resources\/support\/bms-safety\/nl-nl\/","title":{"rendered":"BMS Safety NL-NL"},"content":{"rendered":"\t\t<div data-elementor-type=\"wp-page\" data-elementor-id=\"2902\" class=\"elementor elementor-2902\" data-elementor-post-type=\"page\">\n\t\t\t\t<div data-particle_enable=\"false\" data-particle-mobile-disabled=\"false\" class=\"elementor-element elementor-element-14d16ce5 e-flex e-con-boxed e-con e-parent\" data-id=\"14d16ce5\" data-element_type=\"container\" data-settings=\"{&quot;background_background&quot;:&quot;classic&quot;,&quot;shape_divider_bottom&quot;:&quot;opacity-tilt&quot;}\">\n\t\t\t\t\t<div class=\"e-con-inner\">\n\t\t\t\t<div class=\"elementor-shape elementor-shape-bottom\" aria-hidden=\"true\" data-negative=\"false\">\n\t\t\t<svg xmlns=\"http:\/\/www.w3.org\/2000\/svg\" viewbox=\"0 0 2600 131.1\" preserveaspectratio=\"none\">\n\t<path class=\"elementor-shape-fill\" d=\"M0 0L2600 0 2600 69.1 0 0z\"\/>\n\t<path class=\"elementor-shape-fill\" style=\"opacity:0.5\" d=\"M0 0L2600 0 2600 69.1 0 69.1z\"\/>\n\t<path class=\"elementor-shape-fill\" style=\"opacity:0.25\" d=\"M2600 0L0 0 0 130.1 2600 69.1z\"\/>\n<\/svg>\t\t<\/div>\n\t\t\t\t<div class=\"elementor-element elementor-element-41949d38 elementor-widget elementor-widget-heading\" data-id=\"41949d38\" data-element_type=\"widget\" data-widget_type=\"heading.default\">\n\t\t\t\t<div class=\"elementor-widget-container\">\n\t\t\t\t\t<h1 class=\"elementor-heading-title elementor-size-default\">Terugroepactie Bose-luidsprekers e installatie van veiligheidskabels<\/h1>\t\t\t\t<\/div>\n\t\t\t\t<\/div>\n\t\t\t\t\t<\/div>\n\t\t\t\t<\/div>\n\t\t<div data-particle_enable=\"false\" data-particle-mobile-disabled=\"false\" class=\"elementor-element elementor-element-658ae366 e-flex e-con-boxed e-con e-parent\" data-id=\"658ae366\" data-element_type=\"container\">\n\t\t\t\t\t<div class=\"e-con-inner\">\n\t\t\t\t<div class=\"elementor-element elementor-element-56dad83e elementor-widget elementor-widget-image\" data-id=\"56dad83e\" data-element_type=\"widget\" data-widget_type=\"image.default\">\n\t\t\t\t<div class=\"elementor-widget-container\">\n\t\t\t\t\t\t\t\t\t\t\t\t\t\t\t<img fetchpriority=\"high\" decoding=\"async\" width=\"1280\" height=\"440\" src=\"https:\/\/assets.boseprofessional.com\/transform\/e70c180d-4d3e-4142-a589-837bd83357c3\/Hydrocarbons_montage2_Header-png\" class=\"attachment-1536x1536 size-1536x1536 wp-image-20498\" alt=\"Montaje de hidrocarburos 2 Encabezado\" srcset=\"https:\/\/assets.boseprofessional.com\/transform\/e70c180d-4d3e-4142-a589-837bd83357c3\/Hydrocarbons_montage2_Header-png 1280w, https:\/\/assets.boseprofessional.com\/transform\/e70c180d-4d3e-4142-a589-837bd83357c3\/Hydrocarbons_montage2_Header-png?io=transform:scale,width:150,height:52 150w, https:\/\/assets.boseprofessional.com\/transform\/e70c180d-4d3e-4142-a589-837bd83357c3\/Hydrocarbons_montage2_Header-png?io=transform:scale,width:300,height:103 300w, https:\/\/assets.boseprofessional.com\/transform\/e70c180d-4d3e-4142-a589-837bd83357c3\/Hydrocarbons_montage2_Header-png?io=transform:scale,width:1024,height:352 1024w, https:\/\/assets.boseprofessional.com\/transform\/e70c180d-4d3e-4142-a589-837bd83357c3\/Hydrocarbons_montage2_Header-png?io=transform:scale,width:480,height:165 480w, https:\/\/assets.boseprofessional.com\/transform\/e70c180d-4d3e-4142-a589-837bd83357c3\/Hydrocarbons_montage2_Header-png?io=transform:scale,width:768,height:264 768w, https:\/\/assets.boseprofessional.com\/transform\/e70c180d-4d3e-4142-a589-837bd83357c3\/Hydrocarbons_montage2_Header-png?io=transform:scale,width:100,height:34 100w\" sizes=\"(max-width: 1280px) 100vw, 1280px\" \/>\t\t\t\t\t\t\t\t\t\t\t\t\t\t\t<\/div>\n\t\t\t\t<\/div>\n\t\t\t\t\t<\/div>\n\t\t\t\t<\/div>\n\t\t<div data-particle_enable=\"false\" data-particle-mobile-disabled=\"false\" class=\"elementor-element elementor-element-28b6141e e-flex e-con-boxed e-con e-parent\" data-id=\"28b6141e\" data-element_type=\"container\">\n\t\t\t\t\t<div class=\"e-con-inner\">\n\t\t\t\t<div class=\"elementor-element elementor-element-2f8ab507 elementor-widget elementor-widget-heading\" data-id=\"2f8ab507\" data-element_type=\"widget\" data-widget_type=\"heading.default\">\n\t\t\t\t<div class=\"elementor-widget-container\">\n\t\t\t\t\t<h2 class=\"elementor-heading-title elementor-size-default\">Resumen<\/h2>\t\t\t\t<\/div>\n\t\t\t\t<\/div>\n\t\t\t\t<div class=\"elementor-element elementor-element-66946baf elementor-widget elementor-widget-text-editor\" data-id=\"66946baf\" data-element_type=\"widget\" data-widget_type=\"text-editor.default\">\n\t\t\t\t<div class=\"elementor-widget-container\">\n\t\t\t\t\t\t\t\t\t<p><strong>Bose roept alle FreeSpace DS 40F-plafond-\/inbouwluidsprekers serug die v\u00f3\u00f3r die 13 de agosto de 2018 zijn gefabriceerd<\/strong> . Si la instalaci\u00f3n y el uso de estos dispositivos de limpieza de l\u00edquidos est\u00e1n rotos, la puerta de los dispositivos de limpieza de l\u00edquidos se puede romper y se puede da\u00f1ar. Tot op heden hebben we 29 meldingen ontvangen van luidsprekers die van de installatielocatie zijn gevallen en \u00e9\u00e9n melding van letsel.<\/p>\n<p><strong>Daarnaast schrijft Bose het gebruik van veiligheidskabels voor bij de installatie van bepaalde Bose-luidsprekers, waaronder de DS 40F, in professional keukens. Esto no es necesario para otros usuarios de l\u00edquidos instalados<\/strong> . Bij blootstelling aan bakolie of bakoliedampen kunnen de bevestigingscomponenten op deze luidsprekers breken, waardoor de luidsprekers kunnen vallen y ernstig letsel kunnen veroorzaken. Hasta ahora, vijf meldingen ontvangen van luidsprekers die van de installatielocatie zijn gevallen y \u00e9\u00e9n melding van letsel.<\/p>\n<p>Adem\u00e1s, dirige Bose-revendedor de -distribuidor doblado, kies dan een van de opties hieronder. Si los proveedores de fluidos no son directos con Bose aanschaft, no deben ponerse en contacto con su operador de casa de Bose para obtener m\u00e1s informaci\u00f3n.<\/p>\t\t\t\t\t\t\t\t<\/div>\n\t\t\t\t<\/div>\n\t\t\t\t\t<\/div>\n\t\t\t\t<\/div>\n\t\t<div data-particle_enable=\"false\" data-particle-mobile-disabled=\"false\" class=\"elementor-element elementor-element-2963b06b e-flex e-con-boxed e-con e-parent\" data-id=\"2963b06b\" data-element_type=\"container\">\n\t\t\t\t\t<div class=\"e-con-inner\">\n\t\t\t\t<div class=\"elementor-element elementor-element-220a5c1a elementor-widget elementor-widget-heading\" data-id=\"220a5c1a\" data-element_type=\"widget\" data-widget_type=\"heading.default\">\n\t\t\t\t<div class=\"elementor-widget-container\">\n\t\t\t\t\t<h2 class=\"elementor-heading-title elementor-size-default\">Aanvragen en claims<\/h2>\t\t\t\t<\/div>\n\t\t\t\t<\/div>\n\t\t\t\t<div class=\"elementor-element elementor-element-143d7157 elementor-widget elementor-widget-text-editor\" data-id=\"143d7157\" data-element_type=\"widget\" data-widget_type=\"text-editor.default\">\n\t\t\t\t<div class=\"elementor-widget-container\">\n\t\t\t\t\t\t\t\t\t<div id=\"requeteetdemandederemboursement\" class=\"bp_page-navigation-content\">\n<p class=\"bp_bms-content-text-mt-mar bp_bms-content-text\">Aanvragen voor een vervangend product, veiligheidskabels of vergoeding: <a href=\"https:\/\/www.bosebmssafety.com\/claim\" target=\"_blank\" rel=\"noopener\">BoseBMSsafety.com\/claim<\/a><\/p>\n<\/div>\t\t\t\t\t\t\t\t<\/div>\n\t\t\t\t<\/div>\n\t\t\t\t\t<\/div>\n\t\t\t\t<\/div>\n\t\t<div data-particle_enable=\"false\" data-particle-mobile-disabled=\"false\" class=\"elementor-element elementor-element-459b45b2 e-flex e-con-boxed e-con e-parent\" data-id=\"459b45b2\" data-element_type=\"container\">\n\t\t\t\t\t<div class=\"e-con-inner\">\n\t\t\t\t<div class=\"elementor-element elementor-element-646235f7 elementor-widget elementor-widget-heading\" data-id=\"646235f7\" data-element_type=\"widget\" data-widget_type=\"heading.default\">\n\t\t\t\t<div class=\"elementor-widget-container\">\n\t\t\t\t\t<h2 class=\"elementor-heading-title elementor-size-default\">Comunicaci\u00f3n<\/h2>\t\t\t\t<\/div>\n\t\t\t\t<\/div>\n\t\t\t\t<div class=\"elementor-element elementor-element-648f46b7 elementor-widget elementor-widget-text-editor\" data-id=\"648f46b7\" data-element_type=\"widget\" data-widget_type=\"text-editor.default\">\n\t\t\t\t<div class=\"elementor-widget-container\">\n\t\t\t\t\t\t\t\t\t<ul>\n<li><a href=\"https:\/\/assets.boseprofessional.com\/m\/beea5e364d97ec4\/original\/1L_Bose_BMSsafety_Direct_Reseller_nl.docx?_gl=1*1ceosnx*_gcl_au*MTIwNTcyNzEyMC4xNzIyNjIyMDg0*_ga*MTYxOTYwNDMyMy4xNzIyNjI1NTAz*_ga_NRTQ4DPXBJ*MTcyNDg1NTQ5OS42OC4xLjE3MjQ4NjI3NDguNjAuMC4w\">Breve directo para revendedores (land dochteronderneming) 1L<\/a><\/li>\n<li><a href=\"https:\/\/assets.boseprofessional.com\/m\/1086edb0918591f1\/original\/3L_Bose_BMSsafety_Indirect_Reseller_nl.docx?_gl=1*1ceosnx*_gcl_au*MTIwNTcyNzEyMC4xNzIyNjIyMDg0*_ga*MTYxOTYwNDMyMy4xNzIyNjI1NTAz*_ga_NRTQ4DPXBJ*MTcyNDg1NTQ5OS42OC4xLjE3MjQ4NjI3NDguNjAuMC4w\">Revendedores indirectos breves\/revendedores de nivel 2 3L<\/a><\/li>\n<li><a href=\"https:\/\/assets.boseprofessional.com\/m\/2f4bae8c16330e0\/original\/4L_Bose_BMSsafety_End_User_nl.docx?_gl=1*1ceosnx*_gcl_au*MTIwNTcyNzEyMC4xNzIyNjIyMDg0*_ga*MTYxOTYwNDMyMy4xNzIyNjI1NTAz*_ga_NRTQ4DPXBJ*MTcyNDg1NTQ5OS42OC4xLjE3MjQ4NjI3NDguNjAuMC4w\">Brief eindgebruiker 4L<\/a><\/li>\n<li><a href=\"https:\/\/assets.boseprofessional.com\/m\/130b4b72ad2e187f\/original\/6A_Bose_BMSsafety_en-xlsx.docx?_gl=1*1ceosnx*_gcl_au*MTIwNTcyNzEyMC4xNzIyNjIyMDg0*_ga*MTYxOTYwNDMyMy4xNzIyNjI1NTAz*_ga_NRTQ4DPXBJ*MTcyNDg1NTQ5OS42OC4xLjE3MjQ4NjI3NDguNjAuMC4w\">Lista de referencias de productos comercializados 6A<\/a><\/li>\n<li><a href=\"https:\/\/assets.boseprofessional.com\/m\/4964942e199c33f0\/original\/Bose_BMS_Safety_UPDATE_New_EdgeMax_SKUs_nl.docx?_gl=1*1ceosnx*_gcl_au*MTIwNTcyNzEyMC4xNzIyNjIyMDg0*_ga*MTYxOTYwNDMyMy4xNzIyNjI1NTAz*_ga_NRTQ4DPXBJ*MTcyNDg1NTQ5OS42OC4xLjE3MjQ4NjI3NDguNjAuMC4w\"><strong>ACTUALIZACI\u00d3N<\/strong> : 10 de octubre de 2019 \u2013 Nuevo EdgeMax -SKU<\/a><\/li>\n<li><a href=\"https:\/\/assets.boseprofessional.com\/m\/2ae1a56ba0f53dda\/original\/Bose_BMS_Safety_UPDATE_New_FS3_SKUs_nl.docx?_gl=1*1ceosnx*_gcl_au*MTIwNTcyNzEyMC4xNzIyNjIyMDg0*_ga*MTYxOTYwNDMyMy4xNzIyNjI1NTAz*_ga_NRTQ4DPXBJ*MTcyNDg1NTQ5OS42OC4xLjE3MjQ4NjI3NDguNjAuMC4w\"><strong>ACTUALIZACI\u00d3N<\/strong> : 20 de febrero de 2020 \u2013 Nuevo FreeSpace 3-SKU<\/a><\/li>\n<\/ul>\t\t\t\t\t\t\t\t<\/div>\n\t\t\t\t<\/div>\n\t\t\t\t\t<\/div>\n\t\t\t\t<\/div>\n\t\t<div data-particle_enable=\"false\" data-particle-mobile-disabled=\"false\" class=\"elementor-element elementor-element-764741cf e-flex e-con-boxed e-con e-parent\" data-id=\"764741cf\" data-element_type=\"container\">\n\t\t\t\t\t<div class=\"e-con-inner\">\n\t\t\t\t<div class=\"elementor-element elementor-element-784158d8 elementor-widget elementor-widget-heading\" data-id=\"784158d8\" data-element_type=\"widget\" data-widget_type=\"heading.default\">\n\t\t\t\t<div class=\"elementor-widget-container\">\n\t\t\t\t\t<h2 class=\"elementor-heading-title elementor-size-default\">Veelgestelde vragen<\/h2>\t\t\t\t<\/div>\n\t\t\t\t<\/div>\n\t\t\t\t<div class=\"elementor-element elementor-element-789f3a47 elementor-widget elementor-widget-text-editor\" data-id=\"789f3a47\" data-element_type=\"widget\" data-widget_type=\"text-editor.default\">\n\t\t\t\t<div class=\"elementor-widget-container\">\n\t\t\t\t\t\t\t\t\t<ul>\n<li><a href=\"https:\/\/assets.boseprofessional.com\/m\/7f5da33ce6856af5\/original\/1F_Bose_BMSsafety_Reseller_FAQ_nl.docx?_gl=1*ow87ht*_gcl_au*MTIwNTcyNzEyMC4xNzIyNjIyMDg0*_ga*MTYxOTYwNDMyMy4xNzIyNjI1NTAz*_ga_NRTQ4DPXBJ*MTcyNDg1NTQ5OS42OC4xLjE3MjQ4NjI3NDguNjAuMC4w\">Para revendedores 1F<\/a><\/li>\n<li><a href=\"https:\/\/assets.boseprofessional.com\/m\/6e72f3657cfabedc\/original\/2F_Bose_BMSsafety_End_User_FAQ_nl.docx?_gl=1*ow87ht*_gcl_au*MTIwNTcyNzEyMC4xNzIyNjIyMDg0*_ga*MTYxOTYwNDMyMy4xNzIyNjI1NTAz*_ga_NRTQ4DPXBJ*MTcyNDg1NTQ5OS42OC4xLjE3MjQ4NjI3NDguNjAuMC4w\">Voor eindgebruikers 2F<\/a><\/li>\n<\/ul>\t\t\t\t\t\t\t\t<\/div>\n\t\t\t\t<\/div>\n\t\t\t\t\t<\/div>\n\t\t\t\t<\/div>\n\t\t<div data-particle_enable=\"false\" data-particle-mobile-disabled=\"false\" class=\"elementor-element elementor-element-792d01f5 e-flex e-con-boxed e-con e-parent\" data-id=\"792d01f5\" data-element_type=\"container\">\n\t\t\t\t\t<div class=\"e-con-inner\">\n\t\t\t\t<div class=\"elementor-element elementor-element-7b4f6157 elementor-widget elementor-widget-heading\" data-id=\"7b4f6157\" data-element_type=\"widget\" data-widget_type=\"heading.default\">\n\t\t\t\t<div class=\"elementor-widget-container\">\n\t\t\t\t\t<h2 class=\"elementor-heading-title elementor-size-default\">Handleidingen<\/h2>\t\t\t\t<\/div>\n\t\t\t\t<\/div>\n\t\t\t\t<div class=\"elementor-element elementor-element-25874080 elementor-widget elementor-widget-text-editor\" data-id=\"25874080\" data-element_type=\"widget\" data-widget_type=\"text-editor.default\">\n\t\t\t\t<div class=\"elementor-widget-container\">\n\t\t\t\t\t\t\t\t\t<ul>\n<li><a href=\"https:\/\/assets.boseprofessional.com\/m\/5a8b32eed68ec00e\/original\/ig_safetycable_5-5x8-5.pdf?_gl=1*ow87ht*_gcl_au*MTIwNTcyNzEyMC4xNzIyNjIyMDg0*_ga*MTYxOTYwNDMyMy4xNzIyNjI1NTAz*_ga_NRTQ4DPXBJ*MTcyNDg1NTQ5OS42OC4xLjE3MjQ4NjI3NDguNjAuMC4w\">Manejo de instalaci\u00f3n para veh\u00edculos veiligheidskabel<\/a><\/li>\n<li><a href=\"https:\/\/assets.boseprofessional.com\/m\/6afa4528e7f2a010\/original\/uig_freespace_ds40f.pdf?_gl=1*ow87ht*_gcl_au*MTIwNTcyNzEyMC4xNzIyNjIyMDg0*_ga*MTYxOTYwNDMyMy4xNzIyNjI1NTAz*_ga_NRTQ4DPXBJ*MTcyNDg1NTQ5OS42OC4xLjE3MjQ4NjI3NDguNjAuMC4w\">Verwijderingshandleiding voor FreeSpace DS 40F<\/a><\/li>\n<\/ul>\t\t\t\t\t\t\t\t<\/div>\n\t\t\t\t<\/div>\n\t\t\t\t\t<\/div>\n\t\t\t\t<\/div>\n\t\t<div data-particle_enable=\"false\" data-particle-mobile-disabled=\"false\" class=\"elementor-element elementor-element-3c29a55e e-flex e-con-boxed e-con e-parent\" data-id=\"3c29a55e\" data-element_type=\"container\">\n\t\t\t\t\t<div class=\"e-con-inner\">\n\t\t\t\t<div class=\"elementor-element elementor-element-75cf4626 elementor-widget elementor-widget-heading\" data-id=\"75cf4626\" data-element_type=\"widget\" data-widget_type=\"heading.default\">\n\t\t\t\t<div class=\"elementor-widget-container\">\n\t\t\t\t\t<h2 class=\"elementor-heading-title elementor-size-default\">Formulario de devoluci\u00f3n<\/h2>\t\t\t\t<\/div>\n\t\t\t\t<\/div>\n\t\t\t\t<div class=\"elementor-element elementor-element-a957a0a elementor-widget elementor-widget-text-editor\" data-id=\"a957a0a\" data-element_type=\"widget\" data-widget_type=\"text-editor.default\">\n\t\t\t\t<div class=\"elementor-widget-container\">\n\t\t\t\t\t\t\t\t\t<ul>\n<li><a href=\"https:\/\/assets.boseprofessional.com\/m\/4747c50ce27db641\/original\/1T_Return_Shipping_Form_nl.xlsx?_gl=1*gh0132*_gcl_au*MTIwNTcyNzEyMC4xNzIyNjIyMDg0*_ga*MTYxOTYwNDMyMy4xNzIyNjI1NTAz*_ga_NRTQ4DPXBJ*MTcyNDg1NTQ5OS42OC4xLjE3MjQ4NjI3NDguNjAuMC4w\">Formulario de devoluci\u00f3n<\/a><\/li>\n<li><a href=\"mailto:DS40.recall@boseprofessional.com\">DS40.recall@boseprofessional.com<\/a><\/li>\n<\/ul>\t\t\t\t\t\t\t\t<\/div>\n\t\t\t\t<\/div>\n\t\t\t\t\t<\/div>\n\t\t\t\t<\/div>\n\t\t<div data-particle_enable=\"false\" data-particle-mobile-disabled=\"false\" class=\"elementor-element elementor-element-693f009a e-flex e-con-boxed e-con e-parent\" data-id=\"693f009a\" data-element_type=\"container\">\n\t\t\t\t\t<div class=\"e-con-inner\">\n\t\t\t\t<div class=\"elementor-element elementor-element-4c25449f elementor-widget elementor-widget-heading\" data-id=\"4c25449f\" data-element_type=\"widget\" data-widget_type=\"heading.default\">\n\t\t\t\t<div class=\"elementor-widget-container\">\n\t\t\t\t\t<h2 class=\"elementor-heading-title elementor-size-default\">Contacto<\/h2>\t\t\t\t<\/div>\n\t\t\t\t<\/div>\n\t\t\t\t<div class=\"elementor-element elementor-element-5faf6afa elementor-widget elementor-widget-text-editor\" data-id=\"5faf6afa\" data-element_type=\"widget\" data-widget_type=\"text-editor.default\">\n\t\t\t\t<div class=\"elementor-widget-container\">\n\t\t\t\t\t\t\t\t\t<p style=\"text-align: center;\"><strong>Contacto abierto con un verkoopvertegenwoordiger de Bose Pro<\/strong><\/p>\t\t\t\t\t\t\t\t<\/div>\n\t\t\t\t<\/div>\n\t\t\t\t<div class=\"elementor-element elementor-element-57c73ee9 elementor-align-center elementor-widget elementor-widget-button\" data-id=\"57c73ee9\" data-element_type=\"widget\" data-widget_type=\"button.default\">\n\t\t\t\t<div class=\"elementor-widget-container\">\n\t\t\t\t\t\t\t\t\t<div class=\"elementor-button-wrapper\">\n\t\t\t\t\t<a class=\"elementor-button elementor-button-link elementor-size-sm elementor-animation-shrink\" href=\"\/es\/global-sales-offices\/\">\n\t\t\t\t\t\t<span class=\"elementor-button-content-wrapper\">\n\t\t\t\t\t\t\t\t\t<span class=\"elementor-button-text\">Contacto<\/span>\n\t\t\t\t\t<\/span>\n\t\t\t\t\t<\/a>\n\t\t\t\t<\/div>\n\t\t\t\t\t\t\t\t<\/div>\n\t\t\t\t<\/div>\n\t\t\t\t\t<\/div>\n\t\t\t\t<\/div>\n\t\t\t\t<\/div>\n\t\t","protected":false},"excerpt":{"rendered":"<p>Terugroepactie Bose-luidsprekers e installatie van veiligheidskabels Overzicht Bose roept alle FreeSpace DS 40F-plafond-\/inbouwluidsprekers se fabric\u00f3 el 13 de agosto de 2018. Si la instalaci\u00f3n y el uso de los dispositivos de seguridad de estos dispositivos de l\u00edquido est\u00e1n rotos, la puerta de los dispositivos de l\u00edquido se puede romper y se puede da\u00f1ar. Hasta ahora tenemos 29 fusiones ontvangen van luidsprekers die van [\u2026]<\/p>\n","protected":false},"author":33,"featured_media":0,"parent":1201,"menu_order":0,"comment_status":"closed","ping_status":"closed","template":"","meta":{"_acf_changed":false,"ep_exclude_from_search":false,"footnotes":""},"page-category":[],"class_list":["post-2902","page","type-page","status-publish","hentry"],"acf":[],"_links":{"self":[{"href":"https:\/\/boseprofessional.com\/es\/wp-json\/wp\/v2\/pages\/2902","targetHints":{"allow":["GET"]}}],"collection":[{"href":"https:\/\/boseprofessional.com\/es\/wp-json\/wp\/v2\/pages"}],"about":[{"href":"https:\/\/boseprofessional.com\/es\/wp-json\/wp\/v2\/types\/page"}],"author":[{"embeddable":true,"href":"https:\/\/boseprofessional.com\/es\/wp-json\/wp\/v2\/users\/33"}],"replies":[{"embeddable":true,"href":"https:\/\/boseprofessional.com\/es\/wp-json\/wp\/v2\/comments?post=2902"}],"version-history":[{"count":3,"href":"https:\/\/boseprofessional.com\/es\/wp-json\/wp\/v2\/pages\/2902\/revisions"}],"predecessor-version":[{"id":119523,"href":"https:\/\/boseprofessional.com\/es\/wp-json\/wp\/v2\/pages\/2902\/revisions\/119523"}],"up":[{"embeddable":true,"href":"https:\/\/boseprofessional.com\/es\/wp-json\/wp\/v2\/pages\/1201"}],"wp:attachment":[{"href":"https:\/\/boseprofessional.com\/es\/wp-json\/wp\/v2\/media?parent=2902"}],"wp:term":[{"taxonomy":"page-category","embeddable":true,"href":"https:\/\/boseprofessional.com\/es\/wp-json\/wp\/v2\/page-category?post=2902"}],"curies":[{"name":"wp","href":"https:\/\/api.w.org\/{rel}","templated":true}]}}