{"id":2781,"date":"2023-09-06T18:33:34","date_gmt":"2023-09-06T18:33:34","guid":{"rendered":"https:\/\/uatnew.boseprofessional.com\/?page_id=2781"},"modified":"2024-08-28T14:39:42","modified_gmt":"2024-08-28T14:39:42","slug":"fr-ca","status":"publish","type":"page","link":"https:\/\/boseprofessional.com\/es\/resources\/support\/bms-safety\/fr-ca\/","title":{"rendered":"BMS Safety FR-CA"},"content":{"rendered":"\t\t<div data-elementor-type=\"wp-page\" data-elementor-id=\"2781\" class=\"elementor elementor-2781\" data-elementor-post-type=\"page\">\n\t\t\t\t<div data-particle_enable=\"false\" data-particle-mobile-disabled=\"false\" class=\"elementor-element elementor-element-9527cf7 e-flex e-con-boxed e-con e-parent\" data-id=\"9527cf7\" data-element_type=\"container\" data-settings=\"{&quot;background_background&quot;:&quot;classic&quot;,&quot;shape_divider_bottom&quot;:&quot;opacity-tilt&quot;}\">\n\t\t\t\t\t<div class=\"e-con-inner\">\n\t\t\t\t<div class=\"elementor-shape elementor-shape-bottom\" aria-hidden=\"true\" data-negative=\"false\">\n\t\t\t<svg xmlns=\"http:\/\/www.w3.org\/2000\/svg\" viewbox=\"0 0 2600 131.1\" preserveaspectratio=\"none\">\n\t<path class=\"elementor-shape-fill\" d=\"M0 0L2600 0 2600 69.1 0 0z\"\/>\n\t<path class=\"elementor-shape-fill\" style=\"opacity:0.5\" d=\"M0 0L2600 0 2600 69.1 0 69.1z\"\/>\n\t<path class=\"elementor-shape-fill\" style=\"opacity:0.25\" d=\"M2600 0L0 0 0 130.1 2600 69.1z\"\/>\n<\/svg>\t\t<\/div>\n\t\t\t\t<div class=\"elementor-element elementor-element-8efb163 elementor-widget elementor-widget-heading\" data-id=\"8efb163\" data-element_type=\"widget\" data-widget_type=\"heading.default\">\n\t\t\t\t<div class=\"elementor-widget-container\">\n\t\t\t\t\t<h1 class=\"elementor-heading-title elementor-size-default\">Rappel de encendido e instalaci\u00f3n del cable de seguridad<\/h1>\t\t\t\t<\/div>\n\t\t\t\t<\/div>\n\t\t\t\t\t<\/div>\n\t\t\t\t<\/div>\n\t\t<div data-particle_enable=\"false\" data-particle-mobile-disabled=\"false\" class=\"elementor-element elementor-element-37b9f11c e-flex e-con-boxed e-con e-parent\" data-id=\"37b9f11c\" data-element_type=\"container\">\n\t\t\t\t\t<div class=\"e-con-inner\">\n\t\t\t\t<div class=\"elementor-element elementor-element-26e652b3 elementor-widget elementor-widget-image\" data-id=\"26e652b3\" data-element_type=\"widget\" data-widget_type=\"image.default\">\n\t\t\t\t<div class=\"elementor-widget-container\">\n\t\t\t\t\t\t\t\t\t\t\t\t\t\t\t<img fetchpriority=\"high\" decoding=\"async\" width=\"1280\" height=\"440\" src=\"https:\/\/assets.boseprofessional.com\/transform\/e70c180d-4d3e-4142-a589-837bd83357c3\/Hydrocarbons_montage2_Header-png\" class=\"attachment-1536x1536 size-1536x1536 wp-image-20498\" alt=\"Montaje de hidrocarburos 2 Encabezado\" srcset=\"https:\/\/assets.boseprofessional.com\/transform\/e70c180d-4d3e-4142-a589-837bd83357c3\/Hydrocarbons_montage2_Header-png 1280w, https:\/\/assets.boseprofessional.com\/transform\/e70c180d-4d3e-4142-a589-837bd83357c3\/Hydrocarbons_montage2_Header-png?io=transform:scale,width:150,height:52 150w, https:\/\/assets.boseprofessional.com\/transform\/e70c180d-4d3e-4142-a589-837bd83357c3\/Hydrocarbons_montage2_Header-png?io=transform:scale,width:300,height:103 300w, https:\/\/assets.boseprofessional.com\/transform\/e70c180d-4d3e-4142-a589-837bd83357c3\/Hydrocarbons_montage2_Header-png?io=transform:scale,width:1024,height:352 1024w, https:\/\/assets.boseprofessional.com\/transform\/e70c180d-4d3e-4142-a589-837bd83357c3\/Hydrocarbons_montage2_Header-png?io=transform:scale,width:480,height:165 480w, https:\/\/assets.boseprofessional.com\/transform\/e70c180d-4d3e-4142-a589-837bd83357c3\/Hydrocarbons_montage2_Header-png?io=transform:scale,width:768,height:264 768w, https:\/\/assets.boseprofessional.com\/transform\/e70c180d-4d3e-4142-a589-837bd83357c3\/Hydrocarbons_montage2_Header-png?io=transform:scale,width:100,height:34 100w\" sizes=\"(max-width: 1280px) 100vw, 1280px\" \/>\t\t\t\t\t\t\t\t\t\t\t\t\t\t\t<\/div>\n\t\t\t\t<\/div>\n\t\t\t\t\t<\/div>\n\t\t\t\t<\/div>\n\t\t<div data-particle_enable=\"false\" data-particle-mobile-disabled=\"false\" class=\"elementor-element elementor-element-1be7ce82 e-flex e-con-boxed e-con e-parent\" data-id=\"1be7ce82\" data-element_type=\"container\">\n\t\t\t\t\t<div class=\"e-con-inner\">\n\t\t\t\t<div class=\"elementor-element elementor-element-6521d928 elementor-widget elementor-widget-heading\" data-id=\"6521d928\" data-element_type=\"widget\" data-widget_type=\"heading.default\">\n\t\t\t\t<div class=\"elementor-widget-container\">\n\t\t\t\t\t<h2 class=\"elementor-heading-title elementor-size-default\">Generalidades<\/h2>\t\t\t\t<\/div>\n\t\t\t\t<\/div>\n\t\t\t\t<div class=\"elementor-element elementor-element-4b394ddf elementor-widget elementor-widget-text-editor\" data-id=\"4b394ddf\" data-element_type=\"widget\" data-widget_type=\"text-editor.default\">\n\t\t\t\t<div class=\"elementor-widget-container\">\n\t\t\t\t\t\t\t\t\t<p><strong>Bose rapela todos los enceintes plafonniers\/encastr\u00e9es FreeSpace DS 40F fabricados antes del 13 de agosto de 2018<\/strong> . Lors de l'installation puis en cours d'utilisation, les fixations de montage de ces enceintes risquent de c\u00e9der, auquel cas les enceintes pourraient tomber et provoquer des blessures graves. Las relaciones que hemos tenido con este d\u00eda son de 29 encintas tumbas de su lugar de instalaci\u00f3n y de una bendici\u00f3n.<\/p>\n<p><strong>Adem\u00e1s, Bose requiere la instalaci\u00f3n de cables de seguridad en ciertos modelos de encendido, incluido el DS 40F, instalado en cocinas en entornos profesionales<\/strong> . Esta obligaci\u00f3n incluye el desormais les enceintes pr\u00e9c\u00e9demment install\u00e9es \u00e9galement. Lorsqu'ils sont expos\u00e9s \u00e0 des huiles de cuisson ou \u00e0 des vapeurs d'huile de cuisson, les elementos de montaje de ces enceintes risquent de c\u00e9der, auquel cas les enceintes pourraient tomber et provoquer des blessures graves. Les rapports que nos avons re\u00e7us \u00e0 ce jour font \u00e9tat de cinq enceintes tomb\u00e9es de leur emplacement d'installation et d'une blessure.<\/p>\n<p>Si es distribuidor o vendedor directo de Bose, seleccione una de las opciones mencionadas. Si no tiene ning\u00fan contacto directo con Bose, p\u00f3ngase en contacto con su distribuidor Bose para obtener m\u00e1s informaci\u00f3n.<\/p>\t\t\t\t\t\t\t\t<\/div>\n\t\t\t\t<\/div>\n\t\t\t\t\t<\/div>\n\t\t\t\t<\/div>\n\t\t<div data-particle_enable=\"false\" data-particle-mobile-disabled=\"false\" class=\"elementor-element elementor-element-44c68681 e-flex e-con-boxed e-con e-parent\" data-id=\"44c68681\" data-element_type=\"container\">\n\t\t\t\t\t<div class=\"e-con-inner\">\n\t\t\t\t<div class=\"elementor-element elementor-element-56917e72 elementor-widget elementor-widget-heading\" data-id=\"56917e72\" data-element_type=\"widget\" data-widget_type=\"heading.default\">\n\t\t\t\t<div class=\"elementor-widget-container\">\n\t\t\t\t\t<h2 class=\"elementor-heading-title elementor-size-default\">Solicitud y demanda de reembolso<\/h2>\t\t\t\t<\/div>\n\t\t\t\t<\/div>\n\t\t\t\t<div class=\"elementor-element elementor-element-4c6a18ad elementor-widget elementor-widget-text-editor\" data-id=\"4c6a18ad\" data-element_type=\"widget\" data-widget_type=\"text-editor.default\">\n\t\t\t\t<div class=\"elementor-widget-container\">\n\t\t\t\t\t\t\t\t\t<div id=\"requeteetdemandederemboursement\" class=\"bp_page-navigation-content\">\n<p class=\"bp_bms-content-text-mt-mar bp_bms-content-text\">Demandas de productos de reemplazo, cables de seguridad o compensaci\u00f3n: <a href=\"https:\/\/www.bosebmssafety.com\/claim\" target=\"_blank\" rel=\"noreferrer noopener\">BoseBMSsafety.com\/claim<\/a><\/p>\n<\/div>\n<div id=\"communications\" class=\"bp_bms-section-wrap bp_page-navigation-content\">\n<div class=\"bp_bms-section-header-wrap\">\u00a0<\/div>\n<\/div>\t\t\t\t\t\t\t\t<\/div>\n\t\t\t\t<\/div>\n\t\t\t\t\t<\/div>\n\t\t\t\t<\/div>\n\t\t<div data-particle_enable=\"false\" data-particle-mobile-disabled=\"false\" class=\"elementor-element elementor-element-689f6da9 e-flex e-con-boxed e-con e-parent\" data-id=\"689f6da9\" data-element_type=\"container\">\n\t\t\t\t\t<div class=\"e-con-inner\">\n\t\t\t\t<div class=\"elementor-element elementor-element-6faadff7 elementor-widget elementor-widget-heading\" data-id=\"6faadff7\" data-element_type=\"widget\" data-widget_type=\"heading.default\">\n\t\t\t\t<div class=\"elementor-widget-container\">\n\t\t\t\t\t<h2 class=\"elementor-heading-title elementor-size-default\">Comunicaciones<\/h2>\t\t\t\t<\/div>\n\t\t\t\t<\/div>\n\t\t\t\t<div class=\"elementor-element elementor-element-63d0a87b elementor-widget elementor-widget-text-editor\" data-id=\"63d0a87b\" data-element_type=\"widget\" data-widget_type=\"text-editor.default\">\n\t\t\t\t<div class=\"elementor-widget-container\">\n\t\t\t\t\t\t\t\t\t<ul>\n<li><a href=\"https:\/\/assets.boseprofessional.com\/m\/228922d1093ad033\/original\/1L_Bose_BMSsafety_Direct_Reseller_fr.docx?_gl=1*q5h1ia*_gcl_au*MTIwNTcyNzEyMC4xNzIyNjIyMDg0*_ga*MTYxOTYwNDMyMy4xNzIyNjI1NTAz*_ga_NRTQ4DPXBJ*MTcyNDg1NTQ5OS42OC4xLjE3MjQ4NTU1ODguNjAuMC4w\">Lettre aux revendeurs directs (pays de la filiale) 1L<\/a><\/li>\n<li><a href=\"https:\/\/assets.boseprofessional.com\/m\/6da7b9958a2445e8\/original\/3L_Bose_BMSsafety_Indirect_Reseller_fr.docx?_gl=1*q5h1ia*_gcl_au*MTIwNTcyNzEyMC4xNzIyNjIyMDg0*_ga*MTYxOTYwNDMyMy4xNzIyNjI1NTAz*_ga_NRTQ4DPXBJ*MTcyNDg1NTQ5OS42OC4xLjE3MjQ4NTU1ODguNjAuMC4w\">Lettre aux revendeurs indirects\/de niveau 2 3L<\/a><\/li>\n<li><a href=\"https:\/\/assets.boseprofessional.com\/m\/6545ce9b08477b96\/original\/4L_Bose_BMSsafety_End_User_fr.docx?_gl=1*q5h1ia*_gcl_au*MTIwNTcyNzEyMC4xNzIyNjIyMDg0*_ga*MTYxOTYwNDMyMy4xNzIyNjI1NTAz*_ga_NRTQ4DPXBJ*MTcyNDg1NTQ5OS42OC4xLjE3MjQ4NTU1ODguNjAuMC4w\">Lettre aux utilisateurs finalux 4L<\/a><\/li>\n<li><a href=\"https:\/\/assets.boseprofessional.com\/m\/130b4b72ad2e187f\/original\/6A_Bose_BMSsafety_en-xlsx.docx?_gl=1*q5h1ia*_gcl_au*MTIwNTcyNzEyMC4xNzIyNjIyMDg0*_ga*MTYxOTYwNDMyMy4xNzIyNjI1NTAz*_ga_NRTQ4DPXBJ*MTcyNDg1NTQ5OS42OC4xLjE3MjQ4NTU1ODguNjAuMC4w\">Lista de n\u00fameros SKU de productos relacionados 6A<\/a><\/li>\n<li><a href=\"https:\/\/assets.boseprofessional.com\/m\/2b8829f0db1ddfde\/original\/Bose_BMS_Safety_UPDATE_New_EdgeMax_SKUs_fr.docx?_gl=1*gtqfsd*_gcl_au*MTIwNTcyNzEyMC4xNzIyNjIyMDg0*_ga*MTYxOTYwNDMyMy4xNzIyNjI1NTAz*_ga_NRTQ4DPXBJ*MTcyNDg1NTQ5OS42OC4xLjE3MjQ4NTU1ODguNjAuMC4w\"><strong>MISE \u00c0 JOUR<\/strong> : 10 de octubre de 2019 \u2013 Nuevos modelos EdgeMax<\/a><\/li>\n<li><a href=\"https:\/\/assets.boseprofessional.com\/m\/176728fbca2f023\/original\/Bose_BMS_Safety_UPDATE_New_FS3_SKUs_fr.docx?_gl=1*gtqfsd*_gcl_au*MTIwNTcyNzEyMC4xNzIyNjIyMDg0*_ga*MTYxOTYwNDMyMy4xNzIyNjI1NTAz*_ga_NRTQ4DPXBJ*MTcyNDg1NTQ5OS42OC4xLjE3MjQ4NTU1ODguNjAuMC4w\"><strong>MISE \u00c0 JOUR<\/strong> : 20 de febrero de 2020 \u2013 Nuevos productos FreeSpace\u00a03<\/a><\/li>\n<\/ul>\t\t\t\t\t\t\t\t<\/div>\n\t\t\t\t<\/div>\n\t\t\t\t\t<\/div>\n\t\t\t\t<\/div>\n\t\t<div data-particle_enable=\"false\" data-particle-mobile-disabled=\"false\" class=\"elementor-element elementor-element-71722325 e-flex e-con-boxed e-con e-parent\" data-id=\"71722325\" data-element_type=\"container\">\n\t\t\t\t\t<div class=\"e-con-inner\">\n\t\t\t\t<div class=\"elementor-element elementor-element-16af4b9c elementor-widget elementor-widget-heading\" data-id=\"16af4b9c\" data-element_type=\"widget\" data-widget_type=\"heading.default\">\n\t\t\t\t<div class=\"elementor-widget-container\">\n\t\t\t\t\t<h2 class=\"elementor-heading-title elementor-size-default\">Feria de preguntas<\/h2>\t\t\t\t<\/div>\n\t\t\t\t<\/div>\n\t\t\t\t<div class=\"elementor-element elementor-element-6f92152 elementor-widget elementor-widget-text-editor\" data-id=\"6f92152\" data-element_type=\"widget\" data-widget_type=\"text-editor.default\">\n\t\t\t\t<div class=\"elementor-widget-container\">\n\t\t\t\t\t\t\t\t\t<ul>\n<li><a href=\"https:\/\/assets.boseprofessional.com\/m\/74296ee65b47a078\/original\/1F_Bose_BMSsafety_Reseller_FAQ_fr.docx?_gl=1*gtqfsd*_gcl_au*MTIwNTcyNzEyMC4xNzIyNjIyMDg0*_ga*MTYxOTYwNDMyMy4xNzIyNjI1NTAz*_ga_NRTQ4DPXBJ*MTcyNDg1NTQ5OS42OC4xLjE3MjQ4NTU1ODguNjAuMC4w\">Para los revendedores 1F<\/a><\/li>\n<li><a href=\"https:\/\/assets.boseprofessional.com\/m\/2a2c483c2ee9ae20\/original\/2F_Bose_BMSsafety_End_User_FAQ_fr.docx?_gl=1*gtqfsd*_gcl_au*MTIwNTcyNzEyMC4xNzIyNjIyMDg0*_ga*MTYxOTYwNDMyMy4xNzIyNjI1NTAz*_ga_NRTQ4DPXBJ*MTcyNDg1NTQ5OS42OC4xLjE3MjQ4NTU1ODguNjAuMC4w\">Para usuarios finales 2F<\/a><\/li>\n<\/ul>\t\t\t\t\t\t\t\t<\/div>\n\t\t\t\t<\/div>\n\t\t\t\t\t<\/div>\n\t\t\t\t<\/div>\n\t\t<div data-particle_enable=\"false\" data-particle-mobile-disabled=\"false\" class=\"elementor-element elementor-element-7f5183ba e-flex e-con-boxed e-con e-parent\" data-id=\"7f5183ba\" data-element_type=\"container\">\n\t\t\t\t\t<div class=\"e-con-inner\">\n\t\t\t\t<div class=\"elementor-element elementor-element-27056652 elementor-widget elementor-widget-heading\" data-id=\"27056652\" data-element_type=\"widget\" data-widget_type=\"heading.default\">\n\t\t\t\t<div class=\"elementor-widget-container\">\n\t\t\t\t\t<h2 class=\"elementor-heading-title elementor-size-default\">Gu\u00edas<\/h2>\t\t\t\t<\/div>\n\t\t\t\t<\/div>\n\t\t\t\t<div class=\"elementor-element elementor-element-3e1ae6e1 elementor-widget elementor-widget-text-editor\" data-id=\"3e1ae6e1\" data-element_type=\"widget\" data-widget_type=\"text-editor.default\">\n\t\t\t\t<div class=\"elementor-widget-container\">\n\t\t\t\t\t\t\t\t\t<ul>\n<li><a href=\"https:\/\/assets.boseprofessional.com\/m\/5a8b32eed68ec00e\/original\/ig_safetycable_5-5x8-5.pdf?_gl=1*175mgho*_gcl_au*MTIwNTcyNzEyMC4xNzIyNjIyMDg0*_ga*MTYxOTYwNDMyMy4xNzIyNjI1NTAz*_ga_NRTQ4DPXBJ*MTcyNDg1NTQ5OS42OC4xLjE3MjQ4NTU1ODguNjAuMC4w\">Gu\u00eda de instalaci\u00f3n del cable de seguridad<\/a><\/li>\n<li><a href=\"https:\/\/assets.boseprofessional.com\/m\/6afa4528e7f2a010\/original\/uig_freespace_ds40f.pdf?_gl=1*175mgho*_gcl_au*MTIwNTcyNzEyMC4xNzIyNjIyMDg0*_ga*MTYxOTYwNDMyMy4xNzIyNjI1NTAz*_ga_NRTQ4DPXBJ*MTcyNDg1NTQ5OS42OC4xLjE3MjQ4NTU1ODguNjAuMC4w\">Gu\u00eda de desinstalaci\u00f3n del encendido FreeSpace DS 40F<\/a><\/li>\n<\/ul>\t\t\t\t\t\t\t\t<\/div>\n\t\t\t\t<\/div>\n\t\t\t\t\t<\/div>\n\t\t\t\t<\/div>\n\t\t<div data-particle_enable=\"false\" data-particle-mobile-disabled=\"false\" class=\"elementor-element elementor-element-1e23cc28 e-flex e-con-boxed e-con e-parent\" data-id=\"1e23cc28\" data-element_type=\"container\">\n\t\t\t\t\t<div class=\"e-con-inner\">\n\t\t\t\t<div class=\"elementor-element elementor-element-6e61549e elementor-widget elementor-widget-heading\" data-id=\"6e61549e\" data-element_type=\"widget\" data-widget_type=\"heading.default\">\n\t\t\t\t<div class=\"elementor-widget-container\">\n\t\t\t\t\t<h2 class=\"elementor-heading-title elementor-size-default\">Formularios de destrucci\u00f3n de productos.<\/h2>\t\t\t\t<\/div>\n\t\t\t\t<\/div>\n\t\t\t\t<div class=\"elementor-element elementor-element-6df5ae41 elementor-widget elementor-widget-text-editor\" data-id=\"6df5ae41\" data-element_type=\"widget\" data-widget_type=\"text-editor.default\">\n\t\t\t\t<div class=\"elementor-widget-container\">\n\t\t\t\t\t\t\t\t\t<p>Si regresa menos de 10 paquetes, <a href=\"https:\/\/fr-fr-row.ups.com\/Membership\/Login\/Login\" target=\"_blank\" rel=\"noopener\">visite este gravamen para utilizar UPS<\/a> .<\/p>\n<p><strong>Pseudo sociedad<\/strong> : boseprorecal<br \/> <strong>Identificador de conexi\u00f3n<\/strong> : DS40<br \/> <strong>Mot de passe<\/strong> : DS40<\/p>\n<p>Aseg\u00farese de registrar su n\u00famero de comando en cada caja devuelta.<\/p>\n<hr \/>\n<p>\u00a0<br \/>Si devuelve 10 o m\u00e1s altavoces, complete el conocimiento de embarque a continuaci\u00f3n y llame al 1-800-GO-FEDEX para programar su recogida. Al preparar su env\u00edo de FedEx Freight,<\/p>\n<ol>\n<li>Si devuelve 10 cintas o m\u00e1s, remplise el conocimiento de los datos y compone los 1.800 GO-FEDEX para planificar la cola. Cuando prepare su expedici\u00f3n de mercanc\u00edas por FedEx:<\/li>\n<li>Veuillez entrer tu n\u00famero de comando en el campo <a href=\"https:\/\/assets.boseprofessional.com\/m\/b735b06d9301e1e\/original\/Bose_Canada_BOL_fr.pdf?_gl=1*1l0pp7u*_gcl_au*MTIwNTcyNzEyMC4xNzIyNjIyMDg0*_ga*MTYxOTYwNDMyMy4xNzIyNjI1NTAz*_ga_NRTQ4DPXBJ*MTcyNDg1NTQ5OS42OC4xLjE3MjQ4NTU1ODguNjAuMC4w\">Bon de comando del conocimiento<\/a> . Aseg\u00farese de completar las secciones de conocimiento surlign\u00e9es en amarillo.<\/li>\n<li>Ingrese su n\u00famero de pedido en el campo \u201cOrden de compra\u201d del conocimiento de embarque.<\/li>\n<li>Aux \u00c9tats-Unis et au Canada, composez le 1 800 GO-FEDEX, et au Mexique, le 01.800.00.333.39 pour planifier la cueillette. Cuando lo llames:\n<ol style=\"list-style-type: lower-alpha;\">\n<li>Indiquez \u00ab Planifier une cueillette \u00bb lorsque vous y \u00eates invit\u00e9<\/li>\n<li>Confirme si su env\u00edo es mayor de 69 kg (150 libras)<\/li>\n<li>Precisez le poids total de l'envoi<\/li>\n<li>Seleccione el servicio \u00abLTL\u00bb<\/li>\n<li>Indique la hora deseada para la cola del agente de FedEx<\/li>\n<\/ol>\n<\/li>\n<\/ol>\t\t\t\t\t\t\t\t<\/div>\n\t\t\t\t<\/div>\n\t\t\t\t\t<\/div>\n\t\t\t\t<\/div>\n\t\t<div data-particle_enable=\"false\" data-particle-mobile-disabled=\"false\" class=\"elementor-element elementor-element-201446f3 e-flex e-con-boxed e-con e-parent\" data-id=\"201446f3\" data-element_type=\"container\">\n\t\t\t\t\t<div class=\"e-con-inner\">\n\t\t\t\t<div class=\"elementor-element elementor-element-6ab53b6b elementor-widget elementor-widget-heading\" data-id=\"6ab53b6b\" data-element_type=\"widget\" data-widget_type=\"heading.default\">\n\t\t\t\t<div class=\"elementor-widget-container\">\n\t\t\t\t\t<h2 class=\"elementor-heading-title elementor-size-default\">Contacto<\/h2>\t\t\t\t<\/div>\n\t\t\t\t<\/div>\n\t\t\t\t<div class=\"elementor-element elementor-element-1a0d7e6 elementor-widget elementor-widget-text-editor\" data-id=\"1a0d7e6\" data-element_type=\"widget\" data-widget_type=\"text-editor.default\">\n\t\t\t\t<div class=\"elementor-widget-container\">\n\t\t\t\t\t\t\t\t\t<p style=\"text-align: center;\"><strong>Contactar con un representante comercial Bose Pro<\/strong><\/p>\t\t\t\t\t\t\t\t<\/div>\n\t\t\t\t<\/div>\n\t\t\t\t<div class=\"elementor-element elementor-element-711b10b4 elementor-align-center elementor-widget elementor-widget-button\" data-id=\"711b10b4\" data-element_type=\"widget\" data-widget_type=\"button.default\">\n\t\t\t\t<div class=\"elementor-widget-container\">\n\t\t\t\t\t\t\t\t\t<div class=\"elementor-button-wrapper\">\n\t\t\t\t\t<a class=\"elementor-button elementor-button-link elementor-size-sm elementor-animation-shrink\" href=\"\/es\/global-sales-offices\/\">\n\t\t\t\t\t\t<span class=\"elementor-button-content-wrapper\">\n\t\t\t\t\t\t\t\t\t<span class=\"elementor-button-text\">Contacto<\/span>\n\t\t\t\t\t<\/span>\n\t\t\t\t\t<\/a>\n\t\t\t\t<\/div>\n\t\t\t\t\t\t\t\t<\/div>\n\t\t\t\t<\/div>\n\t\t\t\t\t<\/div>\n\t\t\t\t<\/div>\n\t\t\t\t<\/div>\n\t\t","protected":false},"excerpt":{"rendered":"<p>Rappel de encendido e instalaci\u00f3n del cable de seguridad Generalidades Bose rappelle toutes les enceintes plafonniers\/encastr\u00e9es FreeSpace DS 40F fabriqu\u00e9es avant le 13 ao\u00fbt 2018. Lors de l'installation puis en cours d'utilisation, les fixations de montage de ces enceintes risquent de c\u00e9der, auquel cas les enceintes pourraient tomber et provoquer des blessures graves. Les rapports que nous avons re\u00e7us [\u2026]<\/p>\n","protected":false},"author":33,"featured_media":0,"parent":1201,"menu_order":0,"comment_status":"closed","ping_status":"closed","template":"","meta":{"_acf_changed":false,"ep_exclude_from_search":false,"footnotes":""},"page-category":[],"class_list":["post-2781","page","type-page","status-publish","hentry"],"acf":[],"_links":{"self":[{"href":"https:\/\/boseprofessional.com\/es\/wp-json\/wp\/v2\/pages\/2781","targetHints":{"allow":["GET"]}}],"collection":[{"href":"https:\/\/boseprofessional.com\/es\/wp-json\/wp\/v2\/pages"}],"about":[{"href":"https:\/\/boseprofessional.com\/es\/wp-json\/wp\/v2\/types\/page"}],"author":[{"embeddable":true,"href":"https:\/\/boseprofessional.com\/es\/wp-json\/wp\/v2\/users\/33"}],"replies":[{"embeddable":true,"href":"https:\/\/boseprofessional.com\/es\/wp-json\/wp\/v2\/comments?post=2781"}],"version-history":[{"count":3,"href":"https:\/\/boseprofessional.com\/es\/wp-json\/wp\/v2\/pages\/2781\/revisions"}],"predecessor-version":[{"id":119465,"href":"https:\/\/boseprofessional.com\/es\/wp-json\/wp\/v2\/pages\/2781\/revisions\/119465"}],"up":[{"embeddable":true,"href":"https:\/\/boseprofessional.com\/es\/wp-json\/wp\/v2\/pages\/1201"}],"wp:attachment":[{"href":"https:\/\/boseprofessional.com\/es\/wp-json\/wp\/v2\/media?parent=2781"}],"wp:term":[{"taxonomy":"page-category","embeddable":true,"href":"https:\/\/boseprofessional.com\/es\/wp-json\/wp\/v2\/page-category?post=2781"}],"curies":[{"name":"wp","href":"https:\/\/api.w.org\/{rel}","templated":true}]}}