{"id":2274,"date":"2023-09-05T09:09:50","date_gmt":"2023-09-05T09:09:50","guid":{"rendered":"https:\/\/uatnew.boseprofessional.com\/?page_id=2274"},"modified":"2024-10-24T18:55:12","modified_gmt":"2024-10-24T18:55:12","slug":"technology-alliances","status":"publish","type":"page","link":"https:\/\/boseprofessional.com\/es\/company\/technology-alliances\/","title":{"rendered":"Technology Alliances"},"content":{"rendered":"\t\t<div data-elementor-type=\"wp-page\" data-elementor-id=\"2274\" class=\"elementor elementor-2274\" data-elementor-post-type=\"page\">\n\t\t\t\t<div data-particle_enable=\"false\" data-particle-mobile-disabled=\"false\" class=\"elementor-element elementor-element-6c791cf e-con-full company-ta-banner e-flex e-con e-parent\" data-id=\"6c791cf\" data-element_type=\"container\" data-settings=\"{&quot;background_background&quot;:&quot;classic&quot;}\">\n\t\t<div data-particle_enable=\"false\" data-particle-mobile-disabled=\"false\" class=\"elementor-element elementor-element-1e756a4 e-flex e-con-boxed e-con e-child\" data-id=\"1e756a4\" data-element_type=\"container\" data-settings=\"{&quot;background_background&quot;:&quot;classic&quot;}\">\n\t\t\t\t\t<div class=\"e-con-inner\">\n\t\t<div data-particle_enable=\"false\" data-particle-mobile-disabled=\"false\" class=\"elementor-element elementor-element-f2c853b e-con-full bp-top-sticky-nav-left  elementor-hidden-mobile e-flex e-con e-child\" data-id=\"f2c853b\" data-element_type=\"container\">\n\t\t\t\t<div class=\"elementor-element elementor-element-227eac8 elementor-widget elementor-widget-button\" data-id=\"227eac8\" data-element_type=\"widget\" data-widget_type=\"button.default\">\n\t\t\t\t<div class=\"elementor-widget-container\">\n\t\t\t\t\t\t\t\t\t<div class=\"elementor-button-wrapper\">\n\t\t\t\t\t<a class=\"elementor-button elementor-button-link elementor-size-sm\" href=\"#strategic-alliances\">\n\t\t\t\t\t\t<span class=\"elementor-button-content-wrapper\">\n\t\t\t\t\t\t\t\t\t<span class=\"elementor-button-text\">Alianzas estrat\u00e9gicas<\/span>\n\t\t\t\t\t<\/span>\n\t\t\t\t\t<\/a>\n\t\t\t\t<\/div>\n\t\t\t\t\t\t\t\t<\/div>\n\t\t\t\t<\/div>\n\t\t\t\t<div class=\"elementor-element elementor-element-7e402b5 elementor-widget elementor-widget-button\" data-id=\"7e402b5\" data-element_type=\"widget\" data-widget_type=\"button.default\">\n\t\t\t\t<div class=\"elementor-widget-container\">\n\t\t\t\t\t\t\t\t\t<div class=\"elementor-button-wrapper\">\n\t\t\t\t\t<a class=\"elementor-button elementor-button-link elementor-size-sm\" href=\"#technology-alliances\">\n\t\t\t\t\t\t<span class=\"elementor-button-content-wrapper\">\n\t\t\t\t\t\t\t\t\t<span class=\"elementor-button-text\">Alianzas tecnol\u00f3gicas<\/span>\n\t\t\t\t\t<\/span>\n\t\t\t\t\t<\/a>\n\t\t\t\t<\/div>\n\t\t\t\t\t\t\t\t<\/div>\n\t\t\t\t<\/div>\n\t\t\t\t<div class=\"elementor-element elementor-element-9bdb5d8 elementor-widget elementor-widget-button\" data-id=\"9bdb5d8\" data-element_type=\"widget\" data-widget_type=\"button.default\">\n\t\t\t\t<div class=\"elementor-widget-container\">\n\t\t\t\t\t\t\t\t\t<div class=\"elementor-button-wrapper\">\n\t\t\t\t\t<a class=\"elementor-button elementor-button-link elementor-size-sm\" href=\"#become-a-partner\">\n\t\t\t\t\t\t<span class=\"elementor-button-content-wrapper\">\n\t\t\t\t\t\t\t\t\t<span class=\"elementor-button-text\">Convi\u00e9rtase en socio<\/span>\n\t\t\t\t\t<\/span>\n\t\t\t\t\t<\/a>\n\t\t\t\t<\/div>\n\t\t\t\t\t\t\t\t<\/div>\n\t\t\t\t<\/div>\n\t\t\t\t<\/div>\n\t\t<div data-particle_enable=\"false\" data-particle-mobile-disabled=\"false\" class=\"elementor-element elementor-element-3d7b69b e-con-full cs-top-sticky-nav-right e-flex e-con e-child\" data-id=\"3d7b69b\" data-element_type=\"container\">\n\t\t\t\t<div class=\"elementor-element elementor-element-4e2dcbd elementor-widget elementor-widget-button\" data-id=\"4e2dcbd\" data-element_type=\"widget\" data-widget_type=\"button.default\">\n\t\t\t\t<div class=\"elementor-widget-container\">\n\t\t\t\t\t\t\t\t\t<div class=\"elementor-button-wrapper\">\n\t\t\t\t\t<a class=\"elementor-button elementor-button-link elementor-size-sm\" href=\"https:\/\/boseprofessional.com\/es\/contact-a-dealer\/\" target=\"_blank\">\n\t\t\t\t\t\t<span class=\"elementor-button-content-wrapper\">\n\t\t\t\t\t\t\t\t\t<span class=\"elementor-button-text\">Contacte con un distribuidor<\/span>\n\t\t\t\t\t<\/span>\n\t\t\t\t\t<\/a>\n\t\t\t\t<\/div>\n\t\t\t\t\t\t\t\t<\/div>\n\t\t\t\t<\/div>\n\t\t\t\t<\/div>\n\t\t\t\t\t<\/div>\n\t\t\t\t<\/div>\n\t\t\t\t<\/div>\n\t\t<div data-particle_enable=\"false\" data-particle-mobile-disabled=\"false\" class=\"elementor-element elementor-element-ad8430a e-flex e-con-boxed e-con e-parent\" data-id=\"ad8430a\" data-element_type=\"container\">\n\t\t\t\t\t<div class=\"e-con-inner\">\n\t\t<div data-particle_enable=\"false\" data-particle-mobile-disabled=\"false\" class=\"elementor-element elementor-element-ff04670 e-con-full e-flex e-con e-child\" data-id=\"ff04670\" data-element_type=\"container\">\n\t\t\t\t<div class=\"elementor-element elementor-element-33114cc elementor-widget elementor-widget-heading\" data-id=\"33114cc\" data-element_type=\"widget\" data-widget_type=\"heading.default\">\n\t\t\t\t<div class=\"elementor-widget-container\">\n\t\t\t\t\t<h2 class=\"elementor-heading-title elementor-size-default\">Red de socios de la alianza<\/h2>\t\t\t\t<\/div>\n\t\t\t\t<\/div>\n\t\t\t\t<div class=\"elementor-element elementor-element-465c251 elementor-widget elementor-widget-text-editor\" data-id=\"465c251\" data-element_type=\"widget\" data-widget_type=\"text-editor.default\">\n\t\t\t\t<div class=\"elementor-widget-container\">\n\t\t\t\t\t\t\t\t\t<p><\/p><p>Reconocemos que El Sonido del Trabajo de Bose Professional El enorme crecimiento de en el mercado de las comunicaciones unificadas y la videoconferencia no ser\u00eda posible sin nuestros socios. Juntos, ofrecemos soluciones de alta calidad, certificadas y probadas seg\u00fan los est\u00e1ndares m\u00e1s rigurosos para garantizar su integraci\u00f3n y funcionamiento a la perfecci\u00f3n.<\/p><p> <\/p><p>Nuestra red de socios de la alianza es un ecosistema integral de proveedores de UC, socios de tecnolog\u00eda y especialistas en colaboraci\u00f3n.<\/p><p> <\/p><p>Nos esforzamos continuamente por crear una amplia gama de soluciones de video y voz de alta calidad, as\u00ed como herramientas de colaboraci\u00f3n que se adaptan a pr\u00e1cticamente cualquier entorno. Desde soluciones completas para salas de comunicaciones unificadas hasta \u00e1reas de reuni\u00f3n y soluciones m\u00f3viles, Bose Professional y nuestros socios de alianza est\u00e1n aqu\u00ed para ayudarle.<\/p><p> <\/p><p class=\"bp_mar-btm-0\">Los socios de nube estrat\u00e9gicos para brindar estas soluciones incluyen a Google, Microsoft y Zoom.<\/p>\t\t\t\t\t\t\t\t<\/div>\n\t\t\t\t<\/div>\n\t\t\t\t<\/div>\n\t\t<div data-particle_enable=\"false\" data-particle-mobile-disabled=\"false\" class=\"elementor-element elementor-element-e6e9d52 e-con-full e-flex e-con e-child\" data-id=\"e6e9d52\" data-element_type=\"container\">\n\t\t\t\t<div class=\"elementor-element elementor-element-8516204 elementor-widget elementor-widget-image\" data-id=\"8516204\" data-element_type=\"widget\" data-widget_type=\"image.default\">\n\t\t\t\t<div class=\"elementor-widget-container\">\n\t\t\t\t\t\t\t\t\t\t\t\t\t\t\t<img fetchpriority=\"high\" decoding=\"async\" width=\"1024\" height=\"683\" src=\"https:\/\/assets.boseprofessional.com\/transform\/92470eee-f2ea-41d8-9112-f61632c00749\/alliance_partner_network_img-png?io=transform:scale,width:1024,height:683\" class=\"attachment-large size-large wp-image-20731\" alt=\"\" srcset=\"https:\/\/assets.boseprofessional.com\/transform\/92470eee-f2ea-41d8-9112-f61632c00749\/alliance_partner_network_img-png 1920w, https:\/\/assets.boseprofessional.com\/transform\/92470eee-f2ea-41d8-9112-f61632c00749\/alliance_partner_network_img-png?io=transform:scale,width:150,height:100 150w, https:\/\/assets.boseprofessional.com\/transform\/92470eee-f2ea-41d8-9112-f61632c00749\/alliance_partner_network_img-png?io=transform:scale,width:300,height:200 300w, https:\/\/assets.boseprofessional.com\/transform\/92470eee-f2ea-41d8-9112-f61632c00749\/alliance_partner_network_img-png?io=transform:scale,width:1024,height:683 1024w, https:\/\/assets.boseprofessional.com\/transform\/92470eee-f2ea-41d8-9112-f61632c00749\/alliance_partner_network_img-png?io=transform:scale,width:1536,height:1024 1536w, https:\/\/assets.boseprofessional.com\/transform\/92470eee-f2ea-41d8-9112-f61632c00749\/alliance_partner_network_img-png?io=transform:scale,width:480,height:320 480w, https:\/\/assets.boseprofessional.com\/transform\/92470eee-f2ea-41d8-9112-f61632c00749\/alliance_partner_network_img-png?io=transform:scale,width:768,height:512 768w, https:\/\/assets.boseprofessional.com\/transform\/92470eee-f2ea-41d8-9112-f61632c00749\/alliance_partner_network_img-png?io=transform:scale,width:100,height:67 100w\" sizes=\"(max-width: 1024px) 100vw, 1024px\" \/>\t\t\t\t\t\t\t\t\t\t\t\t\t\t\t<\/div>\n\t\t\t\t<\/div>\n\t\t\t\t<\/div>\n\t\t\t\t\t<\/div>\n\t\t\t\t<\/div>\n\t\t<div data-particle_enable=\"false\" data-particle-mobile-disabled=\"false\" class=\"elementor-element elementor-element-57d2596 e-flex e-con-boxed e-con e-parent\" data-id=\"57d2596\" data-element_type=\"container\" id=\"strategic-alliances\">\n\t\t\t\t\t<div class=\"e-con-inner\">\n\t\t<div data-particle_enable=\"false\" data-particle-mobile-disabled=\"false\" class=\"elementor-element elementor-element-1368368 e-con-full e-flex e-con e-child\" data-id=\"1368368\" data-element_type=\"container\">\n\t\t\t\t<div class=\"elementor-element elementor-element-a453b5c elementor-widget elementor-widget-heading\" data-id=\"a453b5c\" data-element_type=\"widget\" data-widget_type=\"heading.default\">\n\t\t\t\t<div class=\"elementor-widget-container\">\n\t\t\t\t\t<h2 class=\"elementor-heading-title elementor-size-default\">Alianzas estrat\u00e9gicas<\/h2>\t\t\t\t<\/div>\n\t\t\t\t<\/div>\n\t\t\t\t<div class=\"elementor-element elementor-element-40e355e elementor-widget elementor-widget-text-editor\" data-id=\"40e355e\" data-element_type=\"widget\" data-widget_type=\"text-editor.default\">\n\t\t\t\t<div class=\"elementor-widget-container\">\n\t\t\t\t\t\t\t\t\t<p><\/p><p>Las soluciones Sound of Work optimizan el rendimiento de video y audio para las conferencias. Gracias a nuestras alianzas estrat\u00e9gicas, podemos ofrecer soluciones de colaboraci\u00f3n completas que nuestros clientes conocen y en las que conf\u00edan. Juntos, garantizamos que las soluciones est\u00e9n certificadas y sean compatibles con los entornos de comunicaciones unificadas (UC) m\u00e1s populares del sector, ofreciendo experiencias de usuario superiores dondequiera que est\u00e9.<\/p><p class=\"bp_mar-btm-0\"><\/p>\t\t\t\t\t\t\t\t<\/div>\n\t\t\t\t<\/div>\n\t\t<div data-particle_enable=\"false\" data-particle-mobile-disabled=\"false\" class=\"elementor-element elementor-element-9c80139 e-con-full e-flex e-con e-child\" data-id=\"9c80139\" data-element_type=\"container\">\n\t\t<div data-particle_enable=\"false\" data-particle-mobile-disabled=\"false\" class=\"elementor-element elementor-element-afef5f4 e-con-full e-flex e-con e-child\" data-id=\"afef5f4\" data-element_type=\"container\">\n\t\t\t\t<div class=\"elementor-element elementor-element-c0c732d elementor-widget elementor-widget-image\" data-id=\"c0c732d\" data-element_type=\"widget\" data-widget_type=\"image.default\">\n\t\t\t\t<div class=\"elementor-widget-container\">\n\t\t\t\t\t\t\t\t\t\t\t\t\t\t\t<img decoding=\"async\" width=\"1024\" height=\"240\" src=\"https:\/\/assets.boseprofessional.com\/transform\/7c83533e-e4c6-4b65-8b9a-059d89bc26be\/microsoft-png?io=transform:scale,width:1024,height:240\" class=\"attachment-large size-large wp-image-20733\" alt=\"\" srcset=\"https:\/\/assets.boseprofessional.com\/transform\/7c83533e-e4c6-4b65-8b9a-059d89bc26be\/microsoft-png 1280w, https:\/\/assets.boseprofessional.com\/transform\/7c83533e-e4c6-4b65-8b9a-059d89bc26be\/microsoft-png?io=transform:scale,width:150,height:35 150w, https:\/\/assets.boseprofessional.com\/transform\/7c83533e-e4c6-4b65-8b9a-059d89bc26be\/microsoft-png?io=transform:scale,width:300,height:70 300w, https:\/\/assets.boseprofessional.com\/transform\/7c83533e-e4c6-4b65-8b9a-059d89bc26be\/microsoft-png?io=transform:scale,width:1024,height:240 1024w, https:\/\/assets.boseprofessional.com\/transform\/7c83533e-e4c6-4b65-8b9a-059d89bc26be\/microsoft-png?io=transform:scale,width:480,height:113 480w, https:\/\/assets.boseprofessional.com\/transform\/7c83533e-e4c6-4b65-8b9a-059d89bc26be\/microsoft-png?io=transform:scale,width:768,height:180 768w, https:\/\/assets.boseprofessional.com\/transform\/7c83533e-e4c6-4b65-8b9a-059d89bc26be\/microsoft-png?io=transform:scale,width:100,height:23 100w\" sizes=\"(max-width: 1024px) 100vw, 1024px\" \/>\t\t\t\t\t\t\t\t\t\t\t\t\t\t\t<\/div>\n\t\t\t\t<\/div>\n\t\t\t\t<div class=\"elementor-element elementor-element-ac19046 elementor-widget elementor-widget-button\" data-id=\"ac19046\" data-element_type=\"widget\" data-widget_type=\"button.default\">\n\t\t\t\t<div class=\"elementor-widget-container\">\n\t\t\t\t\t\t\t\t\t<div class=\"elementor-button-wrapper\">\n\t\t\t\t\t<a class=\"elementor-button elementor-button-link elementor-size-sm\" href=\"https:\/\/boseprofessional.com\/es\/company\/technology-alliances\/microsoft\/\" target=\"_blank\">\n\t\t\t\t\t\t<span class=\"elementor-button-content-wrapper\">\n\t\t\t\t\t\t\t\t\t<span class=\"elementor-button-text\">M\u00c1S INFORMACI\u00d3N<\/span>\n\t\t\t\t\t<\/span>\n\t\t\t\t\t<\/a>\n\t\t\t\t<\/div>\n\t\t\t\t\t\t\t\t<\/div>\n\t\t\t\t<\/div>\n\t\t\t\t<\/div>\n\t\t<div data-particle_enable=\"false\" data-particle-mobile-disabled=\"false\" class=\"elementor-element elementor-element-b1abdc8 e-con-full e-flex e-con e-child\" data-id=\"b1abdc8\" data-element_type=\"container\">\n\t\t\t\t<div class=\"elementor-element elementor-element-6ec16e1 elementor-widget elementor-widget-image\" data-id=\"6ec16e1\" data-element_type=\"widget\" data-widget_type=\"image.default\">\n\t\t\t\t<div class=\"elementor-widget-container\">\n\t\t\t\t\t\t\t\t\t\t\t\t\t\t\t<img decoding=\"async\" width=\"1024\" height=\"476\" src=\"https:\/\/assets.boseprofessional.com\/transform\/abaa80e2-3ec0-47ab-9c20-b7d8248ace56\/Zoom-Blue-jpeg?io=transform:scale,width:1024,height:476\" class=\"attachment-large size-large wp-image-20734\" alt=\"\" srcset=\"https:\/\/assets.boseprofessional.com\/transform\/abaa80e2-3ec0-47ab-9c20-b7d8248ace56\/Zoom-Blue-jpeg 1032w, https:\/\/assets.boseprofessional.com\/transform\/abaa80e2-3ec0-47ab-9c20-b7d8248ace56\/Zoom-Blue-jpeg?io=transform:scale,width:150,height:70 150w, https:\/\/assets.boseprofessional.com\/transform\/abaa80e2-3ec0-47ab-9c20-b7d8248ace56\/Zoom-Blue-jpeg?io=transform:scale,width:300,height:140 300w, https:\/\/assets.boseprofessional.com\/transform\/abaa80e2-3ec0-47ab-9c20-b7d8248ace56\/Zoom-Blue-jpeg?io=transform:scale,width:1024,height:476 1024w, https:\/\/assets.boseprofessional.com\/transform\/abaa80e2-3ec0-47ab-9c20-b7d8248ace56\/Zoom-Blue-jpeg?io=transform:scale,width:480,height:223 480w, https:\/\/assets.boseprofessional.com\/transform\/abaa80e2-3ec0-47ab-9c20-b7d8248ace56\/Zoom-Blue-jpeg?io=transform:scale,width:768,height:357 768w, https:\/\/assets.boseprofessional.com\/transform\/abaa80e2-3ec0-47ab-9c20-b7d8248ace56\/Zoom-Blue-jpeg?io=transform:scale,width:100,height:47 100w\" sizes=\"(max-width: 1024px) 100vw, 1024px\" \/>\t\t\t\t\t\t\t\t\t\t\t\t\t\t\t<\/div>\n\t\t\t\t<\/div>\n\t\t\t\t<div class=\"elementor-element elementor-element-dd56be0 elementor-widget elementor-widget-button\" data-id=\"dd56be0\" data-element_type=\"widget\" data-widget_type=\"button.default\">\n\t\t\t\t<div class=\"elementor-widget-container\">\n\t\t\t\t\t\t\t\t\t<div class=\"elementor-button-wrapper\">\n\t\t\t\t\t<a class=\"elementor-button elementor-button-link elementor-size-sm\" href=\"https:\/\/boseprofessional.com\/es\/company\/technology-alliances\/zoom\/\" target=\"_blank\">\n\t\t\t\t\t\t<span class=\"elementor-button-content-wrapper\">\n\t\t\t\t\t\t\t\t\t<span class=\"elementor-button-text\">M\u00c1S INFORMACI\u00d3N<\/span>\n\t\t\t\t\t<\/span>\n\t\t\t\t\t<\/a>\n\t\t\t\t<\/div>\n\t\t\t\t\t\t\t\t<\/div>\n\t\t\t\t<\/div>\n\t\t\t\t<\/div>\n\t\t\t\t<\/div>\n\t\t\t\t<\/div>\n\t\t\t\t\t<\/div>\n\t\t\t\t<\/div>\n\t\t<div data-particle_enable=\"false\" data-particle-mobile-disabled=\"false\" class=\"elementor-element elementor-element-d0b2ecc e-flex e-con-boxed e-con e-parent\" data-id=\"d0b2ecc\" data-element_type=\"container\" id=\"technology-alliances\">\n\t\t\t\t\t<div class=\"e-con-inner\">\n\t\t<div data-particle_enable=\"false\" data-particle-mobile-disabled=\"false\" class=\"elementor-element elementor-element-934a4ca e-con-full e-flex e-con e-child\" data-id=\"934a4ca\" data-element_type=\"container\">\n\t\t\t\t<div class=\"elementor-element elementor-element-386b7e1 elementor-widget elementor-widget-heading\" data-id=\"386b7e1\" data-element_type=\"widget\" data-widget_type=\"heading.default\">\n\t\t\t\t<div class=\"elementor-widget-container\">\n\t\t\t\t\t<h2 class=\"elementor-heading-title elementor-size-default\">Alianzas tecnol\u00f3gicas<\/h2>\t\t\t\t<\/div>\n\t\t\t\t<\/div>\n\t\t\t\t<div class=\"elementor-element elementor-element-aa75e19 elementor-widget elementor-widget-text-editor\" data-id=\"aa75e19\" data-element_type=\"widget\" data-widget_type=\"text-editor.default\">\n\t\t\t\t<div class=\"elementor-widget-container\">\n\t\t\t\t\t\t\t\t\t<p><\/p><p>El Bose Professional El Programa de Alianza Tecnol\u00f3gica est\u00e1 dise\u00f1ado para respaldar y ampliar soluciones integrales que abordan los desaf\u00edos de comunicaci\u00f3n de nuestros clientes. Junto con nuestros socios tecnol\u00f3gicos, desarrollamos y ofrecemos soluciones de alta calidad que optimizan la comunicaci\u00f3n y la colaboraci\u00f3n. Esta colaboraci\u00f3n ofrece mayor innovaci\u00f3n, opciones y una mejor experiencia de usuario para los clientes.<\/p><p class=\"bp_mar-btm-0\"><\/p>\t\t\t\t\t\t\t\t<\/div>\n\t\t\t\t<\/div>\n\t\t<div data-particle_enable=\"false\" data-particle-mobile-disabled=\"false\" class=\"elementor-element elementor-element-239bbcf e-con-full e-flex e-con e-child\" data-id=\"239bbcf\" data-element_type=\"container\">\n\t\t<div data-particle_enable=\"false\" data-particle-mobile-disabled=\"false\" class=\"elementor-element elementor-element-2efa254 e-con-full e-flex e-con e-child\" data-id=\"2efa254\" data-element_type=\"container\">\n\t\t\t\t<div class=\"elementor-element elementor-element-e95747c elementor-widget elementor-widget-image\" data-id=\"e95747c\" data-element_type=\"widget\" data-widget_type=\"image.default\">\n\t\t\t\t<div class=\"elementor-widget-container\">\n\t\t\t\t\t\t\t\t\t\t\t\t\t\t\t<img loading=\"lazy\" decoding=\"async\" width=\"1024\" height=\"680\" src=\"https:\/\/assets.boseprofessional.com\/transform\/89025733-a46a-4429-98a3-e7739fbdf684\/barco-jpeg?io=transform:scale,width:1024,height:680\" class=\"attachment-large size-large wp-image-20735\" alt=\"\" srcset=\"https:\/\/assets.boseprofessional.com\/transform\/89025733-a46a-4429-98a3-e7739fbdf684\/barco-jpeg 1920w, https:\/\/assets.boseprofessional.com\/transform\/89025733-a46a-4429-98a3-e7739fbdf684\/barco-jpeg?io=transform:scale,width:150,height:100 150w, https:\/\/assets.boseprofessional.com\/transform\/89025733-a46a-4429-98a3-e7739fbdf684\/barco-jpeg?io=transform:scale,width:300,height:199 300w, https:\/\/assets.boseprofessional.com\/transform\/89025733-a46a-4429-98a3-e7739fbdf684\/barco-jpeg?io=transform:scale,width:1024,height:680 1024w, https:\/\/assets.boseprofessional.com\/transform\/89025733-a46a-4429-98a3-e7739fbdf684\/barco-jpeg?io=transform:scale,width:1536,height:1020 1536w, https:\/\/assets.boseprofessional.com\/transform\/89025733-a46a-4429-98a3-e7739fbdf684\/barco-jpeg?io=transform:scale,width:480,height:319 480w, https:\/\/assets.boseprofessional.com\/transform\/89025733-a46a-4429-98a3-e7739fbdf684\/barco-jpeg?io=transform:scale,width:768,height:510 768w, https:\/\/assets.boseprofessional.com\/transform\/89025733-a46a-4429-98a3-e7739fbdf684\/barco-jpeg?io=transform:scale,width:100,height:66 100w\" sizes=\"(max-width: 1024px) 100vw, 1024px\" \/>\t\t\t\t\t\t\t\t\t\t\t\t\t\t\t<\/div>\n\t\t\t\t<\/div>\n\t\t\t\t<div class=\"elementor-element elementor-element-bd44435 elementor-widget elementor-widget-button\" data-id=\"bd44435\" data-element_type=\"widget\" data-widget_type=\"button.default\">\n\t\t\t\t<div class=\"elementor-widget-container\">\n\t\t\t\t\t\t\t\t\t<div class=\"elementor-button-wrapper\">\n\t\t\t\t\t<a class=\"elementor-button elementor-button-link elementor-size-sm\" href=\"https:\/\/boseprofessional.com\/es\/company\/technology-alliances\/barco\/\" target=\"_blank\">\n\t\t\t\t\t\t<span class=\"elementor-button-content-wrapper\">\n\t\t\t\t\t\t\t\t\t<span class=\"elementor-button-text\">M\u00c1S INFORMACI\u00d3N<\/span>\n\t\t\t\t\t<\/span>\n\t\t\t\t\t<\/a>\n\t\t\t\t<\/div>\n\t\t\t\t\t\t\t\t<\/div>\n\t\t\t\t<\/div>\n\t\t\t\t<\/div>\n\t\t\t\t<\/div>\n\t\t\t\t<\/div>\n\t\t\t\t\t<\/div>\n\t\t\t\t<\/div>\n\t\t<div data-particle_enable=\"false\" data-particle-mobile-disabled=\"false\" class=\"elementor-element elementor-element-b6b75bc e-flex e-con-boxed e-con e-parent\" data-id=\"b6b75bc\" data-element_type=\"container\" id=\"become-a-partner\">\n\t\t\t\t\t<div class=\"e-con-inner\">\n\t\t<div data-particle_enable=\"false\" data-particle-mobile-disabled=\"false\" class=\"elementor-element elementor-element-de456f9 e-con-full e-flex e-con e-child\" data-id=\"de456f9\" data-element_type=\"container\" data-settings=\"{&quot;background_background&quot;:&quot;classic&quot;}\">\n\t\t\t\t<div class=\"elementor-element elementor-element-e1514b7 elementor-widget elementor-widget-heading\" data-id=\"e1514b7\" data-element_type=\"widget\" data-widget_type=\"heading.default\">\n\t\t\t\t<div class=\"elementor-widget-container\">\n\t\t\t\t\t<h2 class=\"elementor-heading-title elementor-size-default\">FORME PARTE DE LA SOLUCI\u00d3N DE BOSE PROFESSIONAL, CONVI\u00c9RTASE EN UN SOCIO DE LA ALIANZA<\/h2>\t\t\t\t<\/div>\n\t\t\t\t<\/div>\n\t\t\t\t<div class=\"elementor-element elementor-element-b3848fe elementor-widget elementor-widget-text-editor\" data-id=\"b3848fe\" data-element_type=\"widget\" data-widget_type=\"text-editor.default\">\n\t\t\t\t<div class=\"elementor-widget-container\">\n\t\t\t\t\t\t\t\t\t<p>Bose Professional Nos asociamos con organizaciones que nuestros clientes conocen y en las que conf\u00edan. Juntos crearemos soluciones atractivas y perfectamente integradas. Soluciones dise\u00f1adas y probadas exhaustivamente para garantizar su compatibilidad, simplicidad y claridad. Hoy en d\u00eda, el lugar de trabajo es cualquier lugar: la oficina, el hogar, el coche y la cafeter\u00eda. Nuestras soluciones funcionan dondequiera que trabajen nuestros clientes. Ayudamos a los equipos a colaborar de forma m\u00e1s eficaz, yendo m\u00e1s all\u00e1 de lo \"suficientemente bueno\" para que las interacciones sean m\u00e1s naturales y las personas puedan escuchar, ver, comprender y trabajar mejor.<\/p>\t\t\t\t\t\t\t\t<\/div>\n\t\t\t\t<\/div>\n\t\t<div data-particle_enable=\"false\" data-particle-mobile-disabled=\"false\" class=\"elementor-element elementor-element-c0b3312 e-con-full e-flex e-con e-child\" data-id=\"c0b3312\" data-element_type=\"container\">\n\t\t\t\t<div class=\"elementor-element elementor-element-f61901d icn-txt-btn elementor-widget elementor-widget-button\" data-id=\"f61901d\" data-element_type=\"widget\" data-widget_type=\"button.default\">\n\t\t\t\t<div class=\"elementor-widget-container\">\n\t\t\t\t\t\t\t\t\t<div class=\"elementor-button-wrapper\">\n\t\t\t\t\t<a class=\"elementor-button elementor-button-link elementor-size-sm\" href=\"mailto:partnerships@boseprofessional.com\">\n\t\t\t\t\t\t<span class=\"elementor-button-content-wrapper\">\n\t\t\t\t\t\t<span class=\"elementor-button-icon\">\n\t\t\t\t<svg aria-hidden=\"true\" class=\"e-font-icon-svg e-far-envelope\" viewbox=\"0 0 512 512\" xmlns=\"http:\/\/www.w3.org\/2000\/svg\"><path d=\"M464 64H48C21.49 64 0 85.49 0 112v288c0 26.51 21.49 48 48 48h416c26.51 0 48-21.49 48-48V112c0-26.51-21.49-48-48-48zm0 48v40.805c-22.422 18.259-58.168 46.651-134.587 106.49-16.841 13.247-50.201 45.072-73.413 44.701-23.208.375-56.579-31.459-73.413-44.701C106.18 199.465 70.425 171.067 48 152.805V112h416zM48 400V214.398c22.914 18.251 55.409 43.862 104.938 82.646 21.857 17.205 60.134 55.186 103.062 54.955 42.717.231 80.509-37.199 103.053-54.947 49.528-38.783 82.032-64.401 104.947-82.653V400H48z\"><\/path><\/svg>\t\t\t<\/span>\n\t\t\t\t\t\t\t\t\t<span class=\"elementor-button-text\">Convi\u00e9rtete en socio<\/span>\n\t\t\t\t\t<\/span>\n\t\t\t\t\t<\/a>\n\t\t\t\t<\/div>\n\t\t\t\t\t\t\t\t<\/div>\n\t\t\t\t<\/div>\n\t\t\t\t<\/div>\n\t\t\t\t<\/div>\n\t\t\t\t\t<\/div>\n\t\t\t\t<\/div>\n\t\t\t\t<\/div>\n\t\t","protected":false},"excerpt":{"rendered":"<p>Alianzas estrat\u00e9gicas Alianzas tecnol\u00f3gicas Convi\u00e9rtase en socio Contacte a un distribuidor Red de socios de alianza Reconocemos que The Sound of Work de Bose Professional El enorme crecimiento de en el mercado de las comunicaciones unificadas y la videoconferencia no ser\u00eda posible sin nuestros socios. Juntos ofrecemos soluciones de alta calidad, certificadas y probadas seg\u00fan los m\u00e1s rigurosos est\u00e1ndares [\u2026]<\/p>\n","protected":false},"author":21,"featured_media":0,"parent":103357,"menu_order":0,"comment_status":"closed","ping_status":"closed","template":"","meta":{"_acf_changed":false,"ep_exclude_from_search":false,"footnotes":""},"page-category":[],"class_list":["post-2274","page","type-page","status-publish","hentry"],"acf":[],"_links":{"self":[{"href":"https:\/\/boseprofessional.com\/es\/wp-json\/wp\/v2\/pages\/2274","targetHints":{"allow":["GET"]}}],"collection":[{"href":"https:\/\/boseprofessional.com\/es\/wp-json\/wp\/v2\/pages"}],"about":[{"href":"https:\/\/boseprofessional.com\/es\/wp-json\/wp\/v2\/types\/page"}],"author":[{"embeddable":true,"href":"https:\/\/boseprofessional.com\/es\/wp-json\/wp\/v2\/users\/21"}],"replies":[{"embeddable":true,"href":"https:\/\/boseprofessional.com\/es\/wp-json\/wp\/v2\/comments?post=2274"}],"version-history":[{"count":3,"href":"https:\/\/boseprofessional.com\/es\/wp-json\/wp\/v2\/pages\/2274\/revisions"}],"predecessor-version":[{"id":127797,"href":"https:\/\/boseprofessional.com\/es\/wp-json\/wp\/v2\/pages\/2274\/revisions\/127797"}],"up":[{"embeddable":true,"href":"https:\/\/boseprofessional.com\/es\/wp-json\/wp\/v2\/pages\/103357"}],"wp:attachment":[{"href":"https:\/\/boseprofessional.com\/es\/wp-json\/wp\/v2\/media?parent=2274"}],"wp:term":[{"taxonomy":"page-category","embeddable":true,"href":"https:\/\/boseprofessional.com\/es\/wp-json\/wp\/v2\/page-category?post=2274"}],"curies":[{"name":"wp","href":"https:\/\/api.w.org\/{rel}","templated":true}]}}