{"id":1766,"date":"2023-08-31T14:54:30","date_gmt":"2023-08-31T14:54:30","guid":{"rendered":"https:\/\/uatnew.boseprofessional.com\/?page_id=1766"},"modified":"2024-08-23T12:50:42","modified_gmt":"2024-08-23T12:50:42","slug":"ca-ad","status":"publish","type":"page","link":"https:\/\/boseprofessional.com\/es\/resources\/support\/bms-safety\/ca-ad\/","title":{"rendered":"BMS Safety CA-AD"},"content":{"rendered":"\t\t<div data-elementor-type=\"wp-page\" data-elementor-id=\"1766\" class=\"elementor elementor-1766\" data-elementor-post-type=\"page\">\n\t\t\t\t<div data-particle_enable=\"false\" data-particle-mobile-disabled=\"false\" class=\"elementor-element elementor-element-44905b39 e-flex e-con-boxed e-con e-parent\" data-id=\"44905b39\" data-element_type=\"container\" data-settings=\"{&quot;background_background&quot;:&quot;classic&quot;,&quot;shape_divider_bottom&quot;:&quot;opacity-tilt&quot;}\">\n\t\t\t\t\t<div class=\"e-con-inner\">\n\t\t\t\t<div class=\"elementor-shape elementor-shape-bottom\" aria-hidden=\"true\" data-negative=\"false\">\n\t\t\t<svg xmlns=\"http:\/\/www.w3.org\/2000\/svg\" viewbox=\"0 0 2600 131.1\" preserveaspectratio=\"none\">\n\t<path class=\"elementor-shape-fill\" d=\"M0 0L2600 0 2600 69.1 0 0z\"\/>\n\t<path class=\"elementor-shape-fill\" style=\"opacity:0.5\" d=\"M0 0L2600 0 2600 69.1 0 69.1z\"\/>\n\t<path class=\"elementor-shape-fill\" style=\"opacity:0.25\" d=\"M2600 0L0 0 0 130.1 2600 69.1z\"\/>\n<\/svg>\t\t<\/div>\n\t\t\t\t<div class=\"elementor-element elementor-element-3687e91b elementor-widget elementor-widget-heading\" data-id=\"3687e91b\" data-element_type=\"widget\" data-widget_type=\"heading.default\">\n\t\t\t\t<div class=\"elementor-widget-container\">\n\t\t\t\t\t<h1 class=\"elementor-heading-title elementor-size-default\">Retirada de altaveus Bose e instalaci\u00f3n de cables de seguridad\n<\/h1>\t\t\t\t<\/div>\n\t\t\t\t<\/div>\n\t\t\t\t\t<\/div>\n\t\t\t\t<\/div>\n\t\t<div data-particle_enable=\"false\" data-particle-mobile-disabled=\"false\" class=\"elementor-element elementor-element-5afa42e3 e-flex e-con-boxed e-con e-parent\" data-id=\"5afa42e3\" data-element_type=\"container\">\n\t\t\t\t\t<div class=\"e-con-inner\">\n\t\t\t\t<div class=\"elementor-element elementor-element-7ad1e1cb elementor-widget elementor-widget-image\" data-id=\"7ad1e1cb\" data-element_type=\"widget\" data-widget_type=\"image.default\">\n\t\t\t\t<div class=\"elementor-widget-container\">\n\t\t\t\t\t\t\t\t\t\t\t\t\t\t\t<img fetchpriority=\"high\" decoding=\"async\" width=\"1280\" height=\"440\" src=\"https:\/\/assets.boseprofessional.com\/transform\/e70c180d-4d3e-4142-a589-837bd83357c3\/Hydrocarbons_montage2_Header-png\" class=\"attachment-1536x1536 size-1536x1536 wp-image-20498\" alt=\"Montaje de hidrocarburos 2 Encabezado\" srcset=\"https:\/\/assets.boseprofessional.com\/transform\/e70c180d-4d3e-4142-a589-837bd83357c3\/Hydrocarbons_montage2_Header-png 1280w, https:\/\/assets.boseprofessional.com\/transform\/e70c180d-4d3e-4142-a589-837bd83357c3\/Hydrocarbons_montage2_Header-png?io=transform:scale,width:150,height:52 150w, https:\/\/assets.boseprofessional.com\/transform\/e70c180d-4d3e-4142-a589-837bd83357c3\/Hydrocarbons_montage2_Header-png?io=transform:scale,width:300,height:103 300w, https:\/\/assets.boseprofessional.com\/transform\/e70c180d-4d3e-4142-a589-837bd83357c3\/Hydrocarbons_montage2_Header-png?io=transform:scale,width:1024,height:352 1024w, https:\/\/assets.boseprofessional.com\/transform\/e70c180d-4d3e-4142-a589-837bd83357c3\/Hydrocarbons_montage2_Header-png?io=transform:scale,width:480,height:165 480w, https:\/\/assets.boseprofessional.com\/transform\/e70c180d-4d3e-4142-a589-837bd83357c3\/Hydrocarbons_montage2_Header-png?io=transform:scale,width:768,height:264 768w, https:\/\/assets.boseprofessional.com\/transform\/e70c180d-4d3e-4142-a589-837bd83357c3\/Hydrocarbons_montage2_Header-png?io=transform:scale,width:100,height:34 100w\" sizes=\"(max-width: 1280px) 100vw, 1280px\" \/>\t\t\t\t\t\t\t\t\t\t\t\t\t\t\t<\/div>\n\t\t\t\t<\/div>\n\t\t\t\t\t<\/div>\n\t\t\t\t<\/div>\n\t\t<div data-particle_enable=\"false\" data-particle-mobile-disabled=\"false\" class=\"elementor-element elementor-element-225c91d9 e-flex e-con-boxed e-con e-parent\" data-id=\"225c91d9\" data-element_type=\"container\">\n\t\t\t\t\t<div class=\"e-con-inner\">\n\t\t\t\t<div class=\"elementor-element elementor-element-46720e55 elementor-widget elementor-widget-heading\" data-id=\"46720e55\" data-element_type=\"widget\" data-widget_type=\"heading.default\">\n\t\t\t\t<div class=\"elementor-widget-container\">\n\t\t\t\t\t<h2 class=\"elementor-heading-title elementor-size-default\">Resumen<\/h2>\t\t\t\t<\/div>\n\t\t\t\t<\/div>\n\t\t\t\t<div class=\"elementor-element elementor-element-691ca856 elementor-widget elementor-widget-text-editor\" data-id=\"691ca856\" data-element_type=\"widget\" data-widget_type=\"text-editor.default\">\n\t\t\t\t<div class=\"elementor-widget-container\">\n\t\t\t\t\t\t\t\t\t<p><strong>Bose est\u00e1 en proceso de retirar todos los dispositivos altos FreeSpace DS 40F colocados en soportes\/montajes enrasados fabricados a partir del 13 de agosto de 2018<\/strong> . Durante la instalaci\u00f3n y utilizaci\u00f3n del servicio, los puntos de anclaje de estos altaveus es posible trencar, lo que podr\u00eda provocar la ca\u00edda de los altaveus y causar ferides greus. Fins avui, hem refutar 29 avisos d'altaveus que han caigut del seu lloc d'instal\u00b7laci\u00f3 i un informe de lesi\u00f3.<\/p>\n<p><strong>Bose exige la instalaci\u00f3n de cables de seguridad seg\u00fan certs altaveus Bose, con el DS 40F, instala en entornos de cocina comercial. Aqu\u00ed tambi\u00e9n se incluyen las altas instalaciones anteriores<\/strong> . El contacto con el aceite de cocina o los humos provocados por el aceite de cocina podr\u00e1n favorecer el trencament de los peces de muntatge d'aquests altaveus. Aix\u00f2 podria provocar la seva caiguda y causar ferides greus. A fin de cuentas, hem refutar cinco avisos de altaveus que han caigut del seu lloc d'instal\u00b7laci\u00f3 e un informe de lesi\u00f3.<\/p>\n<p>Si es un distribuidor o un cliente distribuidor directo de Bose, seleccione una de las siguientes opciones. Si no compra directamente a Bose, p\u00f3ngase en contacto con su cliente distribuidor de Bose para obtener m\u00e1s informaci\u00f3n.<\/p>\t\t\t\t\t\t\t\t<\/div>\n\t\t\t\t<\/div>\n\t\t\t\t\t<\/div>\n\t\t\t\t<\/div>\n\t\t<div data-particle_enable=\"false\" data-particle-mobile-disabled=\"false\" class=\"elementor-element elementor-element-3fb17b6 e-flex e-con-boxed e-con e-parent\" data-id=\"3fb17b6\" data-element_type=\"container\">\n\t\t\t\t\t<div class=\"e-con-inner\">\n\t\t\t\t<div class=\"elementor-element elementor-element-14e56e0b elementor-widget elementor-widget-heading\" data-id=\"14e56e0b\" data-element_type=\"widget\" data-widget_type=\"heading.default\">\n\t\t\t\t<div class=\"elementor-widget-container\">\n\t\t\t\t\t<h2 class=\"elementor-heading-title elementor-size-default\">Sol\u00b7licituds i reclamacions<\/h2>\t\t\t\t<\/div>\n\t\t\t\t<\/div>\n\t\t\t\t<div class=\"elementor-element elementor-element-3e417aac elementor-widget elementor-widget-text-editor\" data-id=\"3e417aac\" data-element_type=\"widget\" data-widget_type=\"text-editor.default\">\n\t\t\t\t<div class=\"elementor-widget-container\">\n\t\t\t\t\t\t\t\t\t<p>Sol\u00b7licitudes de productos de sustituci\u00f3n, cables de seguridad o compensaciones: <a href=\"https:\/\/www.bosebmssafety.com\/claim\" target=\"_blank\" rel=\"noopener\">BoseBMSsafety.com\/claim<\/a><\/p>\t\t\t\t\t\t\t\t<\/div>\n\t\t\t\t<\/div>\n\t\t\t\t\t<\/div>\n\t\t\t\t<\/div>\n\t\t<div data-particle_enable=\"false\" data-particle-mobile-disabled=\"false\" class=\"elementor-element elementor-element-6b5636bb e-flex e-con-boxed e-con e-parent\" data-id=\"6b5636bb\" data-element_type=\"container\">\n\t\t\t\t\t<div class=\"e-con-inner\">\n\t\t\t\t<div class=\"elementor-element elementor-element-63849022 elementor-widget elementor-widget-heading\" data-id=\"63849022\" data-element_type=\"widget\" data-widget_type=\"heading.default\">\n\t\t\t\t<div class=\"elementor-widget-container\">\n\t\t\t\t\t<h2 class=\"elementor-heading-title elementor-size-default\">Comunicaciones<\/h2>\t\t\t\t<\/div>\n\t\t\t\t<\/div>\n\t\t\t\t<div class=\"elementor-element elementor-element-3689be2a elementor-widget elementor-widget-text-editor\" data-id=\"3689be2a\" data-element_type=\"widget\" data-widget_type=\"text-editor.default\">\n\t\t\t\t<div class=\"elementor-widget-container\">\n\t\t\t\t\t\t\t\t\t<ul><li><a href=\"https:\/\/assets.boseprofessional.com\/m\/223ce93413f3adb1\/original\/2L_Bose_BMSsafety_Direct_Reseller_ca.docx?_gl=1*wp0vfp*_gcl_au*MTIwNTcyNzEyMC4xNzIyNjIyMDg0*_ga*MTYxOTYwNDMyMy4xNzIyNjI1NTAz*_ga_NRTQ4DPXBJ*MTcyNDQxNjEzMy41My4xLjE3MjQ0MTcyNTQuNjAuMC4w\">Carta per al distribuidor directe (pa\u00eds de la filial) 2L<\/a><\/li><li><a href=\"https:\/\/assets.boseprofessional.com\/m\/7981c4af49d6d895\/original\/3L_Bose_BMSsafety_Indirect_Reseller_ca.docx?_gl=1*wp0vfp*_gcl_au*MTIwNTcyNzEyMC4xNzIyNjIyMDg0*_ga*MTYxOTYwNDMyMy4xNzIyNjI1NTAz*_ga_NRTQ4DPXBJ*MTcyNDQxNjEzMy41My4xLjE3MjQ0MTcyNTQuNjAuMC4w\">Carta para el distribuidor indirecto \/ de segundo nivel 3L<\/a><\/li><li><a href=\"https:\/\/assets.boseprofessional.com\/m\/353e17336f8aa9b9\/original\/4L_Bose_BMSsafety_End_User_ca.docx?_gl=1*wp0vfp*_gcl_au*MTIwNTcyNzEyMC4xNzIyNjIyMDg0*_ga*MTYxOTYwNDMyMy4xNzIyNjI1NTAz*_ga_NRTQ4DPXBJ*MTcyNDQxNjEzMy41My4xLjE3MjQ0MTcyNTQuNjAuMC4w\">Carta per a l'usuari final 4L<\/a><\/li><li><a href=\"https:\/\/assets.boseprofessional.com\/m\/130b4b72ad2e187f\/original\/6A_Bose_BMSsafety_en-xlsx.docx?_gl=1*wp0vfp*_gcl_au*MTIwNTcyNzEyMC4xNzIyNjIyMDg0*_ga*MTYxOTYwNDMyMy4xNzIyNjI1NTAz*_ga_NRTQ4DPXBJ*MTcyNDQxNjEzMy41My4xLjE3MjQ0MTcyNTQuNjAuMC4w\">Lista de los SKU de los productos afectados 6A<\/a><\/li><li><a href=\"https:\/\/assets.boseprofessional.com\/m\/175f6e31a52af97d\/original\/Bose_BMS_Safety_UPDATE_New_EdgeMax_SKUs_ca.docx?_gl=1*6fo5nu*_gcl_au*MTIwNTcyNzEyMC4xNzIyNjIyMDg0*_ga*MTYxOTYwNDMyMy4xNzIyNjI1NTAz*_ga_NRTQ4DPXBJ*MTcyNDQxNjEzMy41My4xLjE3MjQ0MTcyNTQuNjAuMC4w\"><strong>ACTUALIZACI\u00d3<\/strong> : 10 de octubre de 2019: SKU nous dels altaveus EdgeMax<\/a><\/li><li><a href=\"https:\/\/assets.boseprofessional.com\/m\/284e070999b752d1\/original\/Bose_BMS_Safety_UPDATE_New_FS3_SKUs_ca.docx?_gl=1*6fo5nu*_gcl_au*MTIwNTcyNzEyMC4xNzIyNjIyMDg0*_ga*MTYxOTYwNDMyMy4xNzIyNjI1NTAz*_ga_NRTQ4DPXBJ*MTcyNDQxNjEzMy41My4xLjE3MjQ0MTcyNTQuNjAuMC4w\"><strong>ACTUALIZACI\u00d3<\/strong> : 20 de febrero del 2020: Hola, tenemos SKU dels altaveus FreeSpace 3<\/a><\/li><\/ul>\t\t\t\t\t\t\t\t<\/div>\n\t\t\t\t<\/div>\n\t\t\t\t\t<\/div>\n\t\t\t\t<\/div>\n\t\t<div data-particle_enable=\"false\" data-particle-mobile-disabled=\"false\" class=\"elementor-element elementor-element-249c41f0 e-flex e-con-boxed e-con e-parent\" data-id=\"249c41f0\" data-element_type=\"container\">\n\t\t\t\t\t<div class=\"e-con-inner\">\n\t\t\t\t<div class=\"elementor-element elementor-element-42ff8fb7 elementor-widget elementor-widget-heading\" data-id=\"42ff8fb7\" data-element_type=\"widget\" data-widget_type=\"heading.default\">\n\t\t\t\t<div class=\"elementor-widget-container\">\n\t\t\t\t\t<h2 class=\"elementor-heading-title elementor-size-default\">Preguntas frecuentes<\/h2>\t\t\t\t<\/div>\n\t\t\t\t<\/div>\n\t\t\t\t<div class=\"elementor-element elementor-element-45fb36a9 elementor-widget elementor-widget-text-editor\" data-id=\"45fb36a9\" data-element_type=\"widget\" data-widget_type=\"text-editor.default\">\n\t\t\t\t<div class=\"elementor-widget-container\">\n\t\t\t\t\t\t\t\t\t<ul><li><a href=\"https:\/\/assets.boseprofessional.com\/m\/52f8fba78c4c644e\/original\/1F_Bose_BMSsafety_Reseller_FAQ_ca.docx?_gl=1*6fo5nu*_gcl_au*MTIwNTcyNzEyMC4xNzIyNjIyMDg0*_ga*MTYxOTYwNDMyMy4xNzIyNjI1NTAz*_ga_NRTQ4DPXBJ*MTcyNDQxNjEzMy41My4xLjE3MjQ0MTcyNTQuNjAuMC4w\">Per als distribu\u00efdors 1F<\/a><\/li><li><a href=\"https:\/\/assets.boseprofessional.com\/m\/5de6d709da0e7fb5\/original\/2F_Bose_BMSsafety_End_User_FAQ_ca.docx?_gl=1*6fo5nu*_gcl_au*MTIwNTcyNzEyMC4xNzIyNjIyMDg0*_ga*MTYxOTYwNDMyMy4xNzIyNjI1NTAz*_ga_NRTQ4DPXBJ*MTcyNDQxNjEzMy41My4xLjE3MjQ0MTcyNTQuNjAuMC4w\">Para los usuarios finales 2F<\/a><\/li><\/ul>\t\t\t\t\t\t\t\t<\/div>\n\t\t\t\t<\/div>\n\t\t\t\t\t<\/div>\n\t\t\t\t<\/div>\n\t\t<div data-particle_enable=\"false\" data-particle-mobile-disabled=\"false\" class=\"elementor-element elementor-element-cc3222e e-flex e-con-boxed e-con e-parent\" data-id=\"cc3222e\" data-element_type=\"container\">\n\t\t\t\t\t<div class=\"e-con-inner\">\n\t\t\t\t<div class=\"elementor-element elementor-element-6c8ed95d elementor-widget elementor-widget-heading\" data-id=\"6c8ed95d\" data-element_type=\"widget\" data-widget_type=\"heading.default\">\n\t\t\t\t<div class=\"elementor-widget-container\">\n\t\t\t\t\t<h2 class=\"elementor-heading-title elementor-size-default\">Gu\u00edas<\/h2>\t\t\t\t<\/div>\n\t\t\t\t<\/div>\n\t\t\t\t<div class=\"elementor-element elementor-element-716238e elementor-widget elementor-widget-text-editor\" data-id=\"716238e\" data-element_type=\"widget\" data-widget_type=\"text-editor.default\">\n\t\t\t\t<div class=\"elementor-widget-container\">\n\t\t\t\t\t\t\t\t\t<ul><li><a href=\"https:\/\/assets.boseprofessional.com\/m\/5a8b32eed68ec00e\/original\/ig_safetycable_5-5x8-5.pdf?_gl=1*6fo5nu*_gcl_au*MTIwNTcyNzEyMC4xNzIyNjIyMDg0*_ga*MTYxOTYwNDMyMy4xNzIyNjI1NTAz*_ga_NRTQ4DPXBJ*MTcyNDQxNjEzMy41My4xLjE3MjQ0MTcyNTQuNjAuMC4w\">Gu\u00eda de instalaci\u00f3n de los cables de seguridad<\/a><\/li><li><a href=\"https:\/\/assets.boseprofessional.com\/m\/6afa4528e7f2a010\/original\/uig_freespace_ds40f.pdf?_gl=1*1b0rff3*_gcl_au*MTIwNTcyNzEyMC4xNzIyNjIyMDg0*_ga*MTYxOTYwNDMyMy4xNzIyNjI1NTAz*_ga_NRTQ4DPXBJ*MTcyNDQxNjEzMy41My4xLjE3MjQ0MTcyNTQuNjAuMC4w\">Gu\u00eda de desinstalaci\u00f3n dels altaveus FreeSpace DS 40F<\/a><\/li><\/ul>\t\t\t\t\t\t\t\t<\/div>\n\t\t\t\t<\/div>\n\t\t\t\t\t<\/div>\n\t\t\t\t<\/div>\n\t\t<div data-particle_enable=\"false\" data-particle-mobile-disabled=\"false\" class=\"elementor-element elementor-element-2b1d9656 e-flex e-con-boxed e-con e-parent\" data-id=\"2b1d9656\" data-element_type=\"container\">\n\t\t\t\t\t<div class=\"e-con-inner\">\n\t\t\t\t<div class=\"elementor-element elementor-element-7edb245 elementor-widget elementor-widget-heading\" data-id=\"7edb245\" data-element_type=\"widget\" data-widget_type=\"heading.default\">\n\t\t\t\t<div class=\"elementor-widget-container\">\n\t\t\t\t\t<h2 class=\"elementor-heading-title elementor-size-default\">Formularis de retirada del producto<\/h2>\t\t\t\t<\/div>\n\t\t\t\t<\/div>\n\t\t\t\t<div class=\"elementor-element elementor-element-2d153a02 elementor-widget elementor-widget-text-editor\" data-id=\"2d153a02\" data-element_type=\"widget\" data-widget_type=\"text-editor.default\">\n\t\t\t\t<div class=\"elementor-widget-container\">\n\t\t\t\t\t\t\t\t\t<ul><li><a href=\"https:\/\/assets.boseprofessional.com\/m\/33559f77967808d2\/original\/1T_Return_Shipping_Form_ca.xlsx?_gl=1*1wkq0zs*_gcl_au*MTIwNTcyNzEyMC4xNzIyNjIyMDg0*_ga*MTYxOTYwNDMyMy4xNzIyNjI1NTAz*_ga_NRTQ4DPXBJ*MTcyNDQxNjEzMy41My4xLjE3MjQ0MTc0MTYuNjAuMC4w\">Formulari de devoluci\u00f3<\/a><\/li><li><a href=\"mailto:DS40.recall@boseprofessional.com\">DS40.recall@boseprofessional.com<\/a><\/li><\/ul>\t\t\t\t\t\t\t\t<\/div>\n\t\t\t\t<\/div>\n\t\t\t\t\t<\/div>\n\t\t\t\t<\/div>\n\t\t<div data-particle_enable=\"false\" data-particle-mobile-disabled=\"false\" class=\"elementor-element elementor-element-790d485f e-flex e-con-boxed e-con e-parent\" data-id=\"790d485f\" data-element_type=\"container\">\n\t\t\t\t\t<div class=\"e-con-inner\">\n\t\t\t\t<div class=\"elementor-element elementor-element-31b98047 elementor-widget elementor-widget-heading\" data-id=\"31b98047\" data-element_type=\"widget\" data-widget_type=\"heading.default\">\n\t\t\t\t<div class=\"elementor-widget-container\">\n\t\t\t\t\t<h2 class=\"elementor-heading-title elementor-size-default\">Contacto<\/h2>\t\t\t\t<\/div>\n\t\t\t\t<\/div>\n\t\t\t\t<div class=\"elementor-element elementor-element-31f4aee elementor-widget elementor-widget-text-editor\" data-id=\"31f4aee\" data-element_type=\"widget\" data-widget_type=\"text-editor.default\">\n\t\t\t\t<div class=\"elementor-widget-container\">\n\t\t\t\t\t\t\t\t\t<p style=\"text-align: center; margin-bottom: 0px;\"><strong>P\u00f3ngase en contacto con un representante comercial de Bose Pro<\/strong><\/p>\t\t\t\t\t\t\t\t<\/div>\n\t\t\t\t<\/div>\n\t\t\t\t<div class=\"elementor-element elementor-element-bd6b811 elementor-align-center elementor-widget elementor-widget-button\" data-id=\"bd6b811\" data-element_type=\"widget\" data-widget_type=\"button.default\">\n\t\t\t\t<div class=\"elementor-widget-container\">\n\t\t\t\t\t\t\t\t\t<div class=\"elementor-button-wrapper\">\n\t\t\t\t\t<a class=\"elementor-button elementor-button-link elementor-size-sm elementor-animation-shrink\" href=\"\/es\/global-sales-offices\/\">\n\t\t\t\t\t\t<span class=\"elementor-button-content-wrapper\">\n\t\t\t\t\t\t\t\t\t<span class=\"elementor-button-text\">Contacto<\/span>\n\t\t\t\t\t<\/span>\n\t\t\t\t\t<\/a>\n\t\t\t\t<\/div>\n\t\t\t\t\t\t\t\t<\/div>\n\t\t\t\t<\/div>\n\t\t\t\t\t<\/div>\n\t\t\t\t<\/div>\n\t\t\t\t<\/div>\n\t\t","protected":false},"excerpt":{"rendered":"<p>Retirada de altaveus Bose e instalaci\u00f3n de cables de seguridad Resumen Bose est\u00e1 en proceso de retirar todos los altaveus FreeSpace DS 40F se encastr\u00f3 al soporte\/muntatge enrasat fabricats abans del 13 de agosto de 2018. Durant la seva instal\u00b7laci\u00f3 i utilitzaci\u00f3, los punts d'ancoratge d'aquests altaveus es poden trencar, la qual cosa podria provocar la caiguda dels altaveus [\u2026]<\/p>\n","protected":false},"author":33,"featured_media":0,"parent":1201,"menu_order":0,"comment_status":"closed","ping_status":"closed","template":"","meta":{"_acf_changed":false,"ep_exclude_from_search":false,"footnotes":""},"page-category":[],"class_list":["post-1766","page","type-page","status-publish","hentry"],"acf":[],"_links":{"self":[{"href":"https:\/\/boseprofessional.com\/es\/wp-json\/wp\/v2\/pages\/1766","targetHints":{"allow":["GET"]}}],"collection":[{"href":"https:\/\/boseprofessional.com\/es\/wp-json\/wp\/v2\/pages"}],"about":[{"href":"https:\/\/boseprofessional.com\/es\/wp-json\/wp\/v2\/types\/page"}],"author":[{"embeddable":true,"href":"https:\/\/boseprofessional.com\/es\/wp-json\/wp\/v2\/users\/33"}],"replies":[{"embeddable":true,"href":"https:\/\/boseprofessional.com\/es\/wp-json\/wp\/v2\/comments?post=1766"}],"version-history":[{"count":3,"href":"https:\/\/boseprofessional.com\/es\/wp-json\/wp\/v2\/pages\/1766\/revisions"}],"predecessor-version":[{"id":119141,"href":"https:\/\/boseprofessional.com\/es\/wp-json\/wp\/v2\/pages\/1766\/revisions\/119141"}],"up":[{"embeddable":true,"href":"https:\/\/boseprofessional.com\/es\/wp-json\/wp\/v2\/pages\/1201"}],"wp:attachment":[{"href":"https:\/\/boseprofessional.com\/es\/wp-json\/wp\/v2\/media?parent=1766"}],"wp:term":[{"taxonomy":"page-category","embeddable":true,"href":"https:\/\/boseprofessional.com\/es\/wp-json\/wp\/v2\/page-category?post=1766"}],"curies":[{"name":"wp","href":"https:\/\/api.w.org\/{rel}","templated":true}]}}