{"id":16396,"date":"2023-11-29T03:21:08","date_gmt":"2023-11-29T03:21:08","guid":{"rendered":"https:\/\/uatnew.boseprofessional.com\/?page_id=16396"},"modified":"2024-02-23T12:03:15","modified_gmt":"2024-02-23T12:03:15","slug":"installed-sound-expansion","status":"publish","type":"page","link":"https:\/\/boseprofessional.com\/es\/company\/about-us\/installed-sound-expansion\/","title":{"rendered":"Installed Sound Expansion"},"content":{"rendered":"\n<section class=\"{gcl} cc-sct\">\n<div class=\"{gcl} cc-cntr\">\n<div class=\"bp_installed-hero-content {gcl}\"><\/div>\n<\/div>\n<\/section>\n\n\n\n<div id=\"bpStickyOnScrollNav{idadd}\" class=\"bp_sticky-scroll-nav-wrap\">\n<div class=\"bp_sticky-scroll-nav-container {gcl}\">\n<div class=\"bp_sticky-scroll-left\">\n<div class=\"{gcl}\">\n<p class=\"bp_sticky-nav-drop-selected-label\">Seleccionar\u2026<\/p>\n\n\n\n<div class=\"bp_sticky-nav-drop-arrow {gcl}\"><\/div>\n<\/div>\n\n\n\n<div class=\"bp_sticky-nav-list\"><ul><li><a href=\"#products\">Productos <\/a><\/li><li><a href=\"#spaces\">Espacios<\/a><\/li><li><a href=\"#sound\">Sonido<\/a><\/li><li><a href=\"#downloads\">Descargas<\/a><\/li><li><\/li><\/ul><\/div>\n<\/div>\n\n\n\n<div class=\"bp_sticky-scroll-right {gcl}\">\n<a class=\"{gcl} cc-btn {currentpageclass=static=\/contact-us}\" href=\"\/es\/contact-us\/\">Contacte con Bose Professional<\/a> <a class=\"{gcl} cc-btn {currentpageclass=static=\/why-bose-professional}\" href=\"\/es\/why-bose-professional\/\">\u00bfPor qu\u00e9 Bose Professional<\/a>\n<\/div>\n<\/div>\n\n\n\n<script>\nvar inPageNavOffset, pageAnchorScrolled;\nvar fixedOffsetNav = jQuery(\"#bpStickyOnScrollNav\").offset().top;\nvar fixedOffsetHeader = jQuery('.bp_site-header').offset().top;\nfunction calculateScrollTop(element) {\n    var navElement = jQuery(\"#bpStickyOnScrollNav\");\n    var scrollTop = jQuery(element).offset().top;\t\n    if (navElement.offset().top > jQuery(window).scrollTop()) {\n\t\tif( navElement.hasClass(\"sticky\")){\n\t\t\tscrollTop = jQuery(element).offset().top - jQuery('.bp_site-header').outerHeight() ;\n\t\t}else{\n\t\t\tscrollTop = jQuery(element).offset().top - jQuery('.bp_site-header').outerHeight() - navElement.outerHeight();\n\t\t}       \n    }\n    \/\/scrollTop -= navElement.hasClass(\"sticky\") ? navElement.outerHeight() : 0;\n\tscrollTop -= ((jQuery(element).offset().top - navElement.outerHeight()) > fixedOffsetNav) ? navElement.outerHeight() : 0;\n    jQuery(\"html\").animate({ scrollTop: scrollTop }, 300);\n\tpageAnchorScrolled = true;\n    window.location.hash = element;\n}\nfunction updateInPageOffset() {\n    jQuery(\"#bpStickyOnScrollNav\").removeClass(\"sticky\");\n    inPageNavOffset = jQuery(\"#bpStickyOnScrollNav\").offset().top - jQuery(\".bp_site-header\").outerHeight();\n}\n\njQuery(window).on(\"resize\", function () {\n    updateInPageOffset();\n}),\n    jQuery(document).ready(function () {\n        updateInPageOffset(),\n            jQuery(window).bind(\"scroll\", function () {\n                jQuery(window).scrollTop() > inPageNavOffset ? jQuery(\"#bpStickyOnScrollNav\").addClass(\"sticky\") : jQuery(\"#bpStickyOnScrollNav\").removeClass(\"sticky\");\n            }),\n            jQuery(\".bp_sticky-nav-list ul li a\").on(\"click\", function (t) {\n                t.preventDefault(), calculateScrollTop(this.hash), jQuery(\".bp_sticky-nav-list ul li a\").removeClass(\"current-tab\"), jQuery(this).addClass(\"current-tab\");\n            }),\n            jQuery(window).scroll(function () {\n                var t = jQuery(window).scrollTop();\n\t\t\t\tif (!pageAnchorScrolled) {\n\t\t\t\t\tjQuery(\".bp_page-navigation-content\").each(function () {\n\t\t\t\t\t\tvar s = jQuery(this).offset().top;\n\t\t\t\t\t\tif (t >= s - 210 && t <= s + jQuery(this).height()) {\n\t\t\t\t\t\t\tvar i = jQuery(this).attr(\"id\");\n\t\t\t\t\t\t\tjQuery(\".bp_sticky-nav-list ul li a\").removeClass(\"current-tab\");\n\t\t\t\t\t\t\tif (getWidth() > 1023) {\n\t\t\t\t\t\t\t\tjQuery(`.bp_sticky-nav-list ul li a[href=\"#${i}\"]`).addClass(\"current-tab\");\t\n\t\t\t\t\t\t\t}\n\n\t\t\t\t\t\t}\n\t\t\t\t\t});\n\t\t\t\t}\n\t\t\t\tpageAnchorScrolled = false;\n            }),\n            jQuery(\".bp_sticky-nav-drop-menu-selector\").on(\"click\", function () {\n                jQuery(\".bp_sticky-nav-list\").hasClass(\"open\")\n                    ? (jQuery(\".bp_sticky-nav-list\").slideUp(), jQuery(\".bp_sticky-nav-list\").removeClass(\"open\"))\n                    : (jQuery(\".bp_sticky-nav-list\").slideDown(), jQuery(\".bp_sticky-nav-list\").addClass(\"open\")),\n                    jQuery(\".bp_sticky-nav-list\").hasClass(\"open\") &&\n                        jQuery(\".bp_sticky-nav-list ul li a\").on(\"click\", function () {\n                            jQuery(\".bp_sticky-nav-list\").slideUp(),\n                                jQuery(\".bp_sticky-nav-list\").removeClass(\"open\"),\n                                jQuery(\".bp_sticky-nav-list ul li a\").removeClass(\"selected-item\"),\n                                jQuery(this).addClass(\"selected-item\"),\n                                jQuery(\".bp_sticky-nav-drop-menu-selector p\").text(jQuery(this).text());\n                        });\n            }),\n            jQuery(window).bind(\"resize\", function () {\n                getWidth() >= 1024\n                    ? (jQuery(\".bp_sticky-nav-list ul li a\").off(\"click\"),\n                      jQuery(\".bp_sticky-nav-list\").show(),\n                      jQuery(\".bp_sticky-nav-list\").removeClass(\"open\"),\n                      jQuery(\".bp_sticky-nav-list ul li a\").removeClass(\"selected-item\"),\n                      jQuery(\".bp_sticky-nav-list ul li a\").on(\"click\", function (t) {\n                          t.preventDefault(), calculateScrollTop(this.hash), jQuery(\".bp_sticky-nav-list ul li a\").removeClass(\"current-tab\"), jQuery(this).addClass(\"current-tab\");\n                      }))\n                    : (jQuery(\".bp_sticky-nav-list ul li a\").removeClass(\"current-tab\"), jQuery(\".bp_sticky-nav-list\").slideUp());\n            }),\n            jQuery(document).on(\"click\", function (t) {\n                1024 > getWidth() && !jQuery(\".bp_sticky-nav-drop-menu-selector\")[0].contains(t.target) && (jQuery(\".bp_sticky-nav-list\").slideUp(), jQuery(\".bp_sticky-nav-list\").removeClass(\"open\"));\n            });\n    });\n\n\n<\/script>\n<\/div>\n\n\n\n<section class=\"section-cbb35e5 {gcl} cc-sct\">\n<div class=\"{gcl} cc-cntr\">\n<div class=\"{gcl}\">\n<h2 class=\"{gcl}\">Informaci\u00f3n general<\/h2>\n<\/div>\n\n\n\n<p class=\"paragraph-c1648b4\">Con nuestra Expansi\u00f3n de Sonido Instalado, hemos aumentado nuestra gama de productos para que los dise\u00f1adores e instaladores de sistemas puedan ofrecer Bose Professional Sistemas de sonido en m\u00e1s espacios que nunca. Esto significa m\u00e1s opciones: m\u00e1s altavoces, amplificadores y procesadores para elegir. Y m\u00e1s flexibilidad: ahora los consultores e integradores pueden combinar Bose Professional Productos para crear sistemas de sonido a medida que se adaptan a una mayor variedad de espacios. Nuestros productos consolidados se mantienen y hemos incorporado nuevas familias de productos. Y a\u00fan hay m\u00e1s por venir. Porque la Expansi\u00f3n de Sonido Instalado tiene un objetivo: proporcionar a consultores e integradores los componentes necesarios para ofrecer sistemas completos, desde sistemas de m\u00fasica ambiental sencillos y repetibles hasta refuerzo de sonido y soluciones m\u00e1s complejas, en red y distribuidas.<\/p>\n\n\n\n<div class=\"div-c9424af\">\n<p class=\"paragraph-c307405\"><strong>Instale sistemas de sonido Bose Professional completos en m\u00e1s espacios<\/strong> utilizando una selecci\u00f3n ampliada de productos dise\u00f1ados para funcionar juntos y funcionar mejor como sistemas cohesivos.<\/p>\n\n\n\n<p class=\"paragraph-c3b8342\"><strong>Elija entre una variedad m\u00e1s amplia<\/strong> de altavoces, amplificadores y procesadores, tanto l\u00edneas establecidas como innovaciones m\u00e1s nuevas, que ofrecen un sonido excelente, una est\u00e9tica mejorada y una instalaci\u00f3n m\u00e1s sencilla.<\/p>\n\n\n\n<p class=\"paragraph-c0fbdaf\"><strong>Atraiga m\u00e1s negocios<\/strong> ofreciendo soluciones f\u00e1ciles de usar de una empresa de audio respetada a nivel mundial que los clientes ya conocen y en la que conf\u00edan, y que sus invitados reconocen como una marca premium.<\/p>\n\n\n\n<p class=\"paragraph-cf98d43\"><strong>Ofrezca mejores experiencias de audio<\/strong> en hoteles, campus de educaci\u00f3n superior, espacios comerciales, lugares de entretenimiento, lugares de culto, espacios interiores y exteriores, y m\u00e1s.<\/p>\n<\/div>\n\n\n\n<p class=\"paragraph-c32518e\">Para experimentar nuestros productos <a href=\"https:\/\/boseprofessional.com\/es\/global-sales-offices\/\" data-type=\"page\" data-id=\"18588\">, comun\u00edquese con su representante Bose Professional<\/a> .<\/p>\n<\/div>\n<\/section>\n\n\n\n<section id=\"products{idadd}\" class=\"{gcl} cc-sct\">\n<div class=\"{gcl} cc-cntr\">\n<div class=\"{gcl}\">\n<h2 class=\"heading-c96ceae {gcl}\">PRODUCTOS<\/h2>\n<\/div>\n\n\n\n<h1 class=\"heading-c6127a7 {gcl}\">Productos<\/h1>\n\n\n\n<p class=\"{gcl}\">M\u00e1s opciones en m\u00e1s l\u00edneas de productos<\/p>\n\n\n\n<div class=\"bp_ise-products-block {gcl}\">\n<div class=\"bp_ise-product bp_display-none {gcl}\">\n<div class=\"{gcl}\">\n<img decoding=\"async\" class=\"cc-img\" src=\"https:\/\/assets.boseprofessional.com\/transform\/3609c99f-c590-4b03-849d-cab27fa796ec\/i_DesignMax_DM2C-LP_Flush_Group_1200x1022-png?io=transform:fill,width:600&amp;format=webp&amp;quality=85\" srcset=\"{imageset=31302}\" sizes=\"{imagesizes=31302=false}\" width=\"{imagewidth=31302}\" height=\"{imageheight=31302}\" alt=\"{imagealt=31302}\"\/>\n<\/div>\n\n\n\n<a><strong>FreeSpace<\/strong><\/a>\n<\/div>\n\n\n\n<div class=\"bp_display-none bp_ise-product {gcl}\">\n<div class=\"{gcl}\">\n<img decoding=\"async\" class=\"cc-img\" src=\"https:\/\/assets.boseprofessional.com\/transform\/3609c99f-c590-4b03-849d-cab27fa796ec\/i_DesignMax_DM2C-LP_Flush_Group_1200x1022-png?io=transform:fill,width:600&amp;format=webp&amp;quality=85\" alt=\"\"\/>\n<\/div>\n\n\n\n<a><strong>DesignMax<\/strong><\/a>\n<\/div>\n\n\n\n<div class=\"bp_ise-product {gcl}\">\n<div class=\"{gcl}\">\n<img decoding=\"async\" class=\"cc-img\" src=\"https:\/\/assets.boseprofessional.com\/transform\/40367270-8c9e-4abf-b34a-98ea8939d1ad\/EdgeMax_PG180_Ortho_Top_Grille_Off-png?io=transform:fill,width:600&amp;format=webp&amp;quality=85\" srcset=\"{imageset=31299}\" sizes=\"{imagesizes=31299=false}\" width=\"{imagewidth=31299}\" height=\"{imageheight=31299}\" alt=\"{imagealt=31299}\"\/>\n<\/div>\n\n\n\n<a class=\"{currentpageclass=static=\/product-category\/loudspeakers\/ceiling-mount\/edgemax}\" href=\"\/es\/product-category\/loudspeakers\/ceiling-mount\/edgemax\/\"><strong>EdgeMax<\/strong><\/a>\n<\/div>\n\n\n\n<div class=\"bp_ise-product {gcl}\">\n<div class=\"{gcl}\">\n<img decoding=\"async\" class=\"cc-img\" src=\"https:\/\/assets.boseprofessional.com\/m\/6341872a8071c5b3\/original\/Betacon_CSP-1248_Right-Facing-png.png\" srcset=\"{imageset=20913}\" sizes=\"{imagesizes=20913=false}\" width=\"{imagewidth=20913}\" height=\"{imageheight=20913}\" alt=\"{imagealt=20913}\"\/>\n<\/div>\n\n\n\n<a class=\"{currentpageclass=static=\/product-category\/processors\/fixed-architecture}\" href=\"\/es\/product-category\/processors\/fixed-architecture\/\"><strong>Procesadores de sonido comercial<\/strong><\/a>\n<\/div>\n\n\n\n<div class=\"bp_ise-product {gcl}\">\n<div class=\"{gcl}\">\n<img decoding=\"async\" class=\"cc-img\" src=\"https:\/\/assets.boseprofessional.com\/m\/577f74fd07dfa22\/original\/i_ControlSpace_ESP-880A_Right-Facing_3-png.png\" srcset=\"{imageset=20183}\" sizes=\"{imagesizes=20183=false}\" width=\"{imagewidth=20183}\" height=\"{imageheight=20183}\" alt=\"{imagealt=20183}\"\/>\n<\/div>\n\n\n\n<a class=\"{currentpageclass=static=https:\/\/boseprofessional.com\/product-category\/controllers}\" href=\"https:\/\/boseprofessional.com\/es\/product-category\/controllers\/\"><strong>ControlSpace ESP<\/strong><\/a>\n<\/div>\n\n\n\n<div class=\"bp_ise-product {gcl}\">\n<div class=\"{gcl}\">\n<img decoding=\"async\" class=\"cc-img\" src=\"https:\/\/assets.boseprofessional.com\/m\/3cd85dec221fc18d\/original\/IZA2120_LZ_EC_00-png.png\" srcset=\"{imageset=21364}\" sizes=\"{imagesizes=21364=false}\" width=\"{imagewidth=21364}\" height=\"{imageheight=21364}\" alt=\"{imagealt=21364}\"\/>\n<\/div>\n\n\n\n<a class=\"{currentpageclass=static=\/product-category\/power-amplifiers\/mixer-amps}\" href=\"\/es\/product-category\/power-amplifiers\/mixer-amps\/\"><strong>FreeSpace<\/strong><\/a>\n<\/div>\n\n\n\n<div class=\"bp_ise-product {gcl}\">\n<div class=\"{gcl}\">\n<img decoding=\"async\" class=\"cc-img\" src=\"https:\/\/assets.boseprofessional.com\/m\/4f4e844b49a0331b\/original\/PowerSpace_P2600A_Right-Facing_1200x1022-png.png\" srcset=\"{imageset=21091}\" sizes=\"{imagesizes=21091=false}\" width=\"{imagewidth=21091}\" height=\"{imageheight=21091}\" alt=\"{imagealt=21091}\"\/>\n<\/div>\n\n\n\n<a class=\"{currentpageclass=static=\/product-category\/power-amplifiers\/non-dsp\/powerspace-non-dsp}\" href=\"\/es\/product-category\/power-amplifiers\/non-dsp\/powerspace-non-dsp\/\"><strong>PowerSpace<\/strong><\/a>\n<\/div>\n\n\n\n<div class=\"bp_ise-product {gcl}\">\n<div class=\"{gcl}\">\n<img decoding=\"async\" class=\"cc-img\" src=\"https:\/\/assets.boseprofessional.com\/m\/55b85237b0be58e7\/original\/i_PowerShareDante_PS604D_Right_Facing_1200-png.png\" srcset=\"{imageset=21064}\" sizes=\"{imagesizes=21064=false}\" width=\"{imagewidth=21064}\" height=\"{imageheight=21064}\" alt=\"{imagealt=21064}\"\/>\n<\/div>\n\n\n\n<a class=\"{currentpageclass=static=\/product-category\/power-amplifiers\/multichannel-dsp\/powershare}\" href=\"\/es\/product-category\/power-amplifiers\/multichannel-dsp\/powershare\/\"><strong>PowerShare<\/strong><\/a>\n<\/div>\n\n\n\n<div class=\"bp_ise-product {gcl}\">\n<div class=\"{gcl}\">\n<img decoding=\"async\" class=\"cc-img\" src=\"https:\/\/assets.boseprofessional.com\/m\/24eb794c6aadbf98\/original\/Powermatch_8250_EC_00-png.png\" srcset=\"{imageset=21006}\" sizes=\"{imagesizes=21006=false}\" width=\"{imagewidth=21006}\" height=\"{imageheight=21006}\" alt=\"{imagealt=21006}\"\/>\n<\/div>\n\n\n\n<a class=\"{currentpageclass=static=\/product-category\/power-amplifiers\/multichannel-dsp\/powermatch}\" href=\"\/es\/product-category\/power-amplifiers\/multichannel-dsp\/powermatch\/\"><strong>PowerMatch<\/strong><\/a>\n<\/div>\n\n\n\n<div class=\"bp_ise-product {gcl}\">\n<div class=\"{gcl}\">\n<img decoding=\"async\" class=\"cc-img\" src=\"https:\/\/assets.boseprofessional.com\/m\/5f51142091509fb1\/original\/CC-1D_2D_3D-png.png\" srcset=\"{imageset=20012}\" sizes=\"{imagesizes=20012=false}\" width=\"{imagewidth=20012}\" height=\"{imageheight=20012}\" alt=\"{imagealt=20012}\"\/>\n<\/div>\n\n\n\n<a class=\"{currentpageclass=static=\/products\/controllers\/digital\/ccs\/controlcenter-digital-zone-controllers}\" href=\"\/es\/products\/controllers\/digital\/ccs\/controlcenter-digital-zone-controllers\/\"><strong>Controladores de zona digitales ControlCenter<\/strong><\/a>\n<\/div>\n\n\n\n<div class=\"bp_ise-product {gcl}\">\n<div class=\"{gcl}\">\n<img decoding=\"async\" class=\"cc-img\" src=\"https:\/\/assets.boseprofessional.com\/m\/6b8a1b090d567444\/original\/i_ControlSpace_remote_iconApp-jpeg.jpeg\" srcset=\"{imageset=50813}\" sizes=\"{imagesizes=50813=false}\" width=\"{imagewidth=50813}\" height=\"{imageheight=50813}\" alt=\"{imagealt=50813}\"\/>\n<\/div>\n\n\n\n<a class=\"{currentpageclass=static=\/products\/software\/system-design\/controlspace-remote-software}\" href=\"\/es\/products\/software\/system-design\/controlspace-remote-software\/\"><strong>Control remoto ControlSpace<\/strong><\/a>\n<\/div>\n<\/div>\n\n\n\n<div class=\"{gcl}\"><\/div>\n<\/div>\n<\/section>\n\n\n\n<section id=\"spaces{idadd}\" class=\"{gcl} cc-sct\">\n<div class=\"{gcl} cc-cntr\">\n<div class=\"{gcl}\">\n<h2 class=\"heading-c7242b5 {gcl}\">Espacios<\/h2>\n<\/div>\n<\/div>\n<\/section>\n\n\n\n<div class=\"bp_more-flex-wrapper\">\n<div class=\"bp_more-flexibility\"><\/div>\n\n\n\n<div class=\"bp_more-flex-content\">\n<p class=\"paragraph-c8b3559 {gcl}\">M\u00e1s flexibilidad<\/p>\n\n\n\n<p class=\"{gcl}\">El sonido instalado llena m\u00e1s espacios<\/p>\n\n\n\n<a class=\"{gcl} cc-btn {currentpageclass=static=https:\/\/boseprofessional.com\/spaces}\" href=\"https:\/\/boseprofessional.com\/es\/spaces\/\">M\u00e1s informaci\u00f3n<\/a>\n<\/div>\n<\/div>\n\n\n\n<section id=\"sound{idadd}\" class=\"{gcl} cc-sct\">\n<div class=\"{gcl} cc-cntr\">\n<div class=\"{gcl}\">\n<h2 class=\"heading-cc59556 {gcl}\">SONIDO<\/h2>\n<\/div>\n\n\n\n<p class=\"paragraph-c7dc477 {gcl}\">Sonido personalizado<\/p>\n\n\n\n<p class=\"paragraph-c7820de {gcl}\">Con el objetivo de ofrecer un mejor audio<\/p>\n\n\n\n<div class=\"div-c479be0 {gcl}\">\n<div class=\"div-cb158b1 {gcl}\"><\/div>\n\n\n\n<div class=\"div-c1a79cd {gcl}\">\n<p>El sistema de Alineaci\u00f3n de Dispersi\u00f3n, <a href=\"https:\/\/boseprofessional.com\/es\/products\/designmax\/\" data-type=\"link\" data-id=\"https:\/\/boseprofessional.com\/products\/designmax\">presente en la mayor\u00eda de los modelos DesignMax<\/a> , garantiza una experiencia de escucha uniforme en toda la sala al adaptar la cobertura del woofer al patr\u00f3n m\u00e1s amplio del tweeter. El woofer y el tweeter trabajan en conjunto para lograr una cobertura uniforme y amplia en toda el \u00e1rea de escucha.<\/p>\n<\/div>\n<\/div>\n\n\n\n<div class=\"div-c0dcc19 {gcl}\">\n<div class=\"div-c4c176c {gcl}\"><\/div>\n\n\n\n<div class=\"div-c667a5f {gcl}\">\n<p>Mecanismos de montaje QuickHold patentados en cada uno DesignMax Los altavoces facilitan el trabajo, reduciendo la tensi\u00f3n y las molestias, y ahorrando mucho tiempo. En lugar de tener que sostener el altavoz en una mano y una herramienta en la otra, ahora tendr\u00e1 ambas manos libres.<\/p>\n<\/div>\n<\/div>\n\n\n\n<div class=\"div-cf13d0d {gcl}\">\n<div class=\"div-ca33fa6 {gcl}\"><\/div>\n\n\n\n<div class=\"div-c16cbbe {gcl}\">\n<p>La tecnolog\u00eda <a href=\"\/es\/product-category\/loudspeakers\/ceiling-mount\/edgemax\/\">EdgeMax<\/a> PhaseGuide combina los patrones de cobertura envolvente t\u00edpicos de los altavoces de montaje en superficie de mayor tama\u00f1o con la est\u00e9tica preferida por los arquitectos de los modelos de techo. La tecnolog\u00eda PhaseGuide tambi\u00e9n proporciona un patr\u00f3n vertical asim\u00e9trico \u00fanico para una cobertura envolvente al instalarse cerca de un l\u00edmite entre la pared y el techo.<\/p>\n<\/div>\n<\/div>\n<\/div>\n<\/section>\n\n\n\n<section id=\"downloads{idadd}\" class=\"{gcl} cc-sct\">\n<div class=\"{gcl} cc-cntr\">\n<div class=\"{gcl}\">\n<h2 class=\"heading-c06d68f {gcl}\">DESCARGAS<\/h2>\n<\/div>\n\n\n\n<div class=\"bp_registration-download-cont-item\">\n<div class=\"{gcl}\"><\/div>\n\n\n\n<p class=\"bp_download-item-text-title\"><a href=\"https:\/\/assets.boseprofessional.com\/m\/2cc3502a5bce8f5a\/original\/ise_product_matrix_en.pdf\" data-type=\"link\" data-id=\"https:\/\/assets.boseprofessional.com\/m\/2cc3502a5bce8f5a\/original\/ise_product_matrix_en.pdf\">Gu\u00eda de selecci\u00f3n de productos instalados<\/a><\/p>\n<\/div>\n<\/div>\n<\/section>\n\n\n\n<div class=\"{gcl}\"><\/div>\n","protected":false},"excerpt":{"rendered":"","protected":false},"author":21,"featured_media":20620,"parent":4356,"menu_order":0,"comment_status":"closed","ping_status":"closed","template":"","meta":{"_acf_changed":false,"ep_exclude_from_search":false,"footnotes":""},"page-category":[],"class_list":["post-16396","page","type-page","status-publish","has-post-thumbnail","hentry"],"acf":[],"_links":{"self":[{"href":"https:\/\/boseprofessional.com\/es\/wp-json\/wp\/v2\/pages\/16396","targetHints":{"allow":["GET"]}}],"collection":[{"href":"https:\/\/boseprofessional.com\/es\/wp-json\/wp\/v2\/pages"}],"about":[{"href":"https:\/\/boseprofessional.com\/es\/wp-json\/wp\/v2\/types\/page"}],"author":[{"embeddable":true,"href":"https:\/\/boseprofessional.com\/es\/wp-json\/wp\/v2\/users\/21"}],"replies":[{"embeddable":true,"href":"https:\/\/boseprofessional.com\/es\/wp-json\/wp\/v2\/comments?post=16396"}],"version-history":[{"count":3,"href":"https:\/\/boseprofessional.com\/es\/wp-json\/wp\/v2\/pages\/16396\/revisions"}],"predecessor-version":[{"id":101529,"href":"https:\/\/boseprofessional.com\/es\/wp-json\/wp\/v2\/pages\/16396\/revisions\/101529"}],"up":[{"embeddable":true,"href":"https:\/\/boseprofessional.com\/es\/wp-json\/wp\/v2\/pages\/4356"}],"wp:featuredmedia":[{"embeddable":true,"href":"https:\/\/boseprofessional.com\/es\/wp-json\/wp\/v2\/media\/20620"}],"wp:attachment":[{"href":"https:\/\/boseprofessional.com\/es\/wp-json\/wp\/v2\/media?parent=16396"}],"wp:term":[{"taxonomy":"page-category","embeddable":true,"href":"https:\/\/boseprofessional.com\/es\/wp-json\/wp\/v2\/page-category?post=16396"}],"curies":[{"name":"wp","href":"https:\/\/api.w.org\/{rel}","templated":true}]}}