{"id":15535,"date":"2023-11-14T03:27:48","date_gmt":"2023-11-14T03:27:48","guid":{"rendered":"https:\/\/uatnew.boseprofessional.com\/?page_id=15535"},"modified":"2025-02-03T18:58:13","modified_gmt":"2025-02-03T18:58:13","slug":"careers","status":"publish","type":"page","link":"https:\/\/boseprofessional.com\/es\/company\/careers\/","title":{"rendered":"Careers"},"content":{"rendered":"\t\t<div data-elementor-type=\"wp-page\" data-elementor-id=\"15535\" class=\"elementor elementor-15535\" data-elementor-post-type=\"page\">\n\t\t\t\t<div data-particle_enable=\"false\" data-particle-mobile-disabled=\"false\" class=\"elementor-element elementor-element-9545ce3 e-con-full bp_designmax-banner e-flex e-con e-parent\" data-id=\"9545ce3\" data-element_type=\"container\" data-settings=\"{&quot;background_background&quot;:&quot;classic&quot;}\">\n\t\t<div data-particle_enable=\"false\" data-particle-mobile-disabled=\"false\" class=\"elementor-element elementor-element-31faa9d e-con-full cc-separator-bottom-self e-flex e-con e-child\" data-id=\"31faa9d\" data-element_type=\"container\">\n\t\t\t\t<div class=\"elementor-element elementor-element-62b960f elementor-widget elementor-widget-text-editor\" data-id=\"62b960f\" data-element_type=\"widget\" data-widget_type=\"text-editor.default\">\n\t\t\t\t<div class=\"elementor-widget-container\">\n\t\t\t\t\t\t\t\t\t<svg xmlns=\"http:\/\/www.w3.org\/2000\/svg\" viewbox=\"0 0 1000 100\" preserveaspectratio=\"none\"> <path d=\"M0,6V0h1000v100L0,6z\"><\/path><\/svg>\t\t\t\t\t\t\t\t<\/div>\n\t\t\t\t<\/div>\n\t\t\t\t<\/div>\n\t\t<div data-particle_enable=\"false\" data-particle-mobile-disabled=\"false\" class=\"elementor-element elementor-element-d9e06bc bp_hero-title-wrap e-flex e-con-boxed e-con e-child\" data-id=\"d9e06bc\" data-element_type=\"container\">\n\t\t\t\t\t<div class=\"e-con-inner\">\n\t\t\t\t<div class=\"elementor-element elementor-element-d4138a0 elementor-widget elementor-widget-heading\" data-id=\"d4138a0\" data-element_type=\"widget\" data-widget_type=\"heading.default\">\n\t\t\t\t<div class=\"elementor-widget-container\">\n\t\t\t\t\t<h1 class=\"elementor-heading-title elementor-size-default\">TRABAJOS<\/h1>\t\t\t\t<\/div>\n\t\t\t\t<\/div>\n\t\t\t\t\t<\/div>\n\t\t\t\t<\/div>\n\t\t\t\t<\/div>\n\t\t<div data-particle_enable=\"false\" data-particle-mobile-disabled=\"false\" class=\"elementor-element elementor-element-903f757 e-flex e-con-boxed e-con e-parent\" data-id=\"903f757\" data-element_type=\"container\">\n\t\t\t\t\t<div class=\"e-con-inner\">\n\t\t<div data-particle_enable=\"false\" data-particle-mobile-disabled=\"false\" class=\"elementor-element elementor-element-564fa07 e-con-full e-flex e-con e-child\" data-id=\"564fa07\" data-element_type=\"container\">\n\t\t\t\t<div class=\"elementor-element elementor-element-5c7a5d2 elementor-widget elementor-widget-heading\" data-id=\"5c7a5d2\" data-element_type=\"widget\" data-widget_type=\"heading.default\">\n\t\t\t\t<div class=\"elementor-widget-container\">\n\t\t\t\t\t<h2 class=\"elementor-heading-title elementor-size-default\">\u00bfEst\u00e1 preparado para explorar el futuro?<\/h2>\t\t\t\t<\/div>\n\t\t\t\t<\/div>\n\t\t\t\t<div class=\"elementor-element elementor-element-5717b32 elementor-widget elementor-widget-text-editor\" data-id=\"5717b32\" data-element_type=\"widget\" data-widget_type=\"text-editor.default\">\n\t\t\t\t<div class=\"elementor-widget-container\">\n\t\t\t\t\t\t\t\t\t<p>Por m\u00e1s de 50 a\u00f1os, la creencia de que la innovaci\u00f3n comienza con la exploraci\u00f3n ha potenciado nuestra pasi\u00f3n por poner a su disposici\u00f3n la ruta m\u00e1s sencilla a experiencias de audio incre\u00edbles.<\/p>\n<p>Este esp\u00edritu de invenci\u00f3n permanece centrado en crear sistemas f\u00e1ciles de dise\u00f1ar, instalar y operar, sin importar si se destinan a aplicaciones de alto rendimiento, uso comercial o conferencias.<\/p>\n<p>Como empresa global, desarrollamos, comercializamos y vendemos equipos de audio profesional utilizados por restaurantes, comercios, hosteler\u00eda, centros de culto, estadios deportivos, teatros de artes esc\u00e9nicas, universidades y empresas. Si bien nuestro negocio es global, nos relacionamos con nuestros clientes a nivel local, garantizando un acceso sin obst\u00e1culos a un sonido excepcional.<\/p>\n<p>Si esto te parece interesante y emocionante, h\u00e1znoslo saber. Siempre buscamos personas con talento, aquellas que puedan ver las cosas de forma diferente y ver las oportunidades como solo el comienzo, mientras se divierten en el camino.<\/p>\t\t\t\t\t\t\t\t<\/div>\n\t\t\t\t<\/div>\n\t\t\t\t<\/div>\n\t\t<div data-particle_enable=\"false\" data-particle-mobile-disabled=\"false\" class=\"elementor-element elementor-element-f807380 e-con-full e-flex e-con e-child\" data-id=\"f807380\" data-element_type=\"container\">\n\t\t\t\t<div class=\"elementor-element elementor-element-2607f58 e-transform elementor-widget elementor-widget-image\" data-id=\"2607f58\" data-element_type=\"widget\" data-settings=\"{&quot;_transform_scale_effect_hover&quot;:{&quot;unit&quot;:&quot;px&quot;,&quot;size&quot;:1.05,&quot;sizes&quot;:[]},&quot;_transform_scale_effect_hover_tablet&quot;:{&quot;unit&quot;:&quot;px&quot;,&quot;size&quot;:&quot;&quot;,&quot;sizes&quot;:[]},&quot;_transform_scale_effect_hover_mobile&quot;:{&quot;unit&quot;:&quot;px&quot;,&quot;size&quot;:&quot;&quot;,&quot;sizes&quot;:[]}}\" data-widget_type=\"image.default\">\n\t\t\t\t<div class=\"elementor-widget-container\">\n\t\t\t\t\t\t\t\t\t\t\t\t\t\t\t\t<a href=\"https:\/\/builtin.com\/awards\/boston\/2025\/best-places-to-work\" target=\"_blank\" rel=\"noopener\">\n\t\t\t\t\t\t\t<img fetchpriority=\"high\" decoding=\"async\" width=\"490\" height=\"490\" src=\"https:\/\/assets.boseprofessional.com\/transform\/faee8212-87c4-4247-9bd2-d6d1fd861d62\/2025_Best_Places_to_Work-bose-professional\" class=\"attachment-large size-large wp-image-145495\" alt=\"Construido en honores Bose Professional con el premio al mejor lugar para trabajar 2025\" srcset=\"https:\/\/assets.boseprofessional.com\/transform\/faee8212-87c4-4247-9bd2-d6d1fd861d62\/2025_Best_Places_to_Work-bose-professional 490w, https:\/\/assets.boseprofessional.com\/transform\/faee8212-87c4-4247-9bd2-d6d1fd861d62\/2025_Best_Places_to_Work-bose-professional?io=transform:scale,width:150,height:150 150w, https:\/\/assets.boseprofessional.com\/transform\/faee8212-87c4-4247-9bd2-d6d1fd861d62\/2025_Best_Places_to_Work-bose-professional?io=transform:scale,width:300,height:300 300w, https:\/\/assets.boseprofessional.com\/transform\/faee8212-87c4-4247-9bd2-d6d1fd861d62\/2025_Best_Places_to_Work-bose-professional?io=transform:scale,width:480,height:480 480w, https:\/\/assets.boseprofessional.com\/transform\/faee8212-87c4-4247-9bd2-d6d1fd861d62\/2025_Best_Places_to_Work-bose-professional?io=transform:scale,width:400,height:400 400w, https:\/\/assets.boseprofessional.com\/transform\/faee8212-87c4-4247-9bd2-d6d1fd861d62\/2025_Best_Places_to_Work-bose-professional?io=transform:scale,width:100,height:100 100w\" sizes=\"(max-width: 490px) 100vw, 490px\" \/>\t\t\t\t\t\t\t\t<\/a>\n\t\t\t\t\t\t\t\t\t\t\t\t\t\t\t<\/div>\n\t\t\t\t<\/div>\n\t\t\t\t<div class=\"elementor-element elementor-element-6781efe elementor-align-center elementor-widget elementor-widget-button\" data-id=\"6781efe\" data-element_type=\"widget\" data-widget_type=\"button.default\">\n\t\t\t\t<div class=\"elementor-widget-container\">\n\t\t\t\t\t\t\t\t\t<div class=\"elementor-button-wrapper\">\n\t\t\t\t\t<a class=\"elementor-button elementor-button-link elementor-size-sm\" href=\"https:\/\/builtin.com\/awards\/boston\/2025\/best-places-to-work\" target=\"_blank\" rel=\"noopener\">\n\t\t\t\t\t\t<span class=\"elementor-button-content-wrapper\">\n\t\t\t\t\t\t\t\t\t<span class=\"elementor-button-text\">M\u00e1s informaci\u00f3n<\/span>\n\t\t\t\t\t<\/span>\n\t\t\t\t\t<\/a>\n\t\t\t\t<\/div>\n\t\t\t\t\t\t\t\t<\/div>\n\t\t\t\t<\/div>\n\t\t\t\t<\/div>\n\t\t\t\t\t<\/div>\n\t\t\t\t<\/div>\n\t\t<div data-particle_enable=\"false\" data-particle-mobile-disabled=\"false\" class=\"elementor-element elementor-element-96ce783 e-con-full e-flex e-con e-parent\" data-id=\"96ce783\" data-element_type=\"container\" data-settings=\"{&quot;background_background&quot;:&quot;classic&quot;}\">\n\t\t<div data-particle_enable=\"false\" data-particle-mobile-disabled=\"false\" class=\"elementor-element elementor-element-abcdcad e-flex e-con-boxed e-con e-child\" data-id=\"abcdcad\" data-element_type=\"container\">\n\t\t\t\t\t<div class=\"e-con-inner\">\n\t\t\t\t<div class=\"elementor-element elementor-element-56d783b elementor-widget elementor-widget-heading\" data-id=\"56d783b\" data-element_type=\"widget\" data-widget_type=\"heading.default\">\n\t\t\t\t<div class=\"elementor-widget-container\">\n\t\t\t\t\t<h2 class=\"elementor-heading-title elementor-size-default\">Vea nuestras oportunidades actuales<\/h2>\t\t\t\t<\/div>\n\t\t\t\t<\/div>\n\t\t<div data-particle_enable=\"false\" data-particle-mobile-disabled=\"false\" class=\"elementor-element elementor-element-f317137 e-con-full e-flex e-con e-child\" data-id=\"f317137\" data-element_type=\"container\" data-settings=\"{&quot;background_background&quot;:&quot;classic&quot;}\">\n\t\t\t\t<div class=\"elementor-element elementor-element-b5b5bd2 elementor-widget elementor-widget-html\" data-id=\"b5b5bd2\" data-element_type=\"widget\" data-widget_type=\"html.default\">\n\t\t\t\t<div class=\"elementor-widget-container\">\n\t\t\t\t\t<iframe width=\"100%\" height=\"800px\" src=\"https:\/\/boseprofessional.applytojob.com\/apply\/jobs\/\"><\/iframe>\t\t\t\t<\/div>\n\t\t\t\t<\/div>\n\t\t\t\t<\/div>\n\t\t\t\t\t<\/div>\n\t\t\t\t<\/div>\n\t\t\t\t<\/div>\n\t\t<div data-particle_enable=\"false\" data-particle-mobile-disabled=\"false\" class=\"elementor-element elementor-element-7e31d15 e-con-full e-flex e-con e-parent\" data-id=\"7e31d15\" data-element_type=\"container\" data-settings=\"{&quot;background_background&quot;:&quot;classic&quot;}\">\n\t\t<div data-particle_enable=\"false\" data-particle-mobile-disabled=\"false\" class=\"elementor-element elementor-element-e198346 e-flex e-con-boxed e-con e-child\" data-id=\"e198346\" data-element_type=\"container\">\n\t\t\t\t\t<div class=\"e-con-inner\">\n\t\t<div data-particle_enable=\"false\" data-particle-mobile-disabled=\"false\" class=\"elementor-element elementor-element-2b32cdf e-con-full e-flex e-con e-child\" data-id=\"2b32cdf\" data-element_type=\"container\" data-settings=\"{&quot;background_background&quot;:&quot;classic&quot;}\">\n\t\t\t\t<div class=\"elementor-element elementor-element-ae0ba16 elementor-widget elementor-widget-html\" data-id=\"ae0ba16\" data-element_type=\"widget\" data-widget_type=\"html.default\">\n\t\t\t\t<div class=\"elementor-widget-container\">\n\t\t\t\t\t<iframe src=\"https:\/\/widget.tagembed.com\/2149216\" style=\"width:100%;height:600px;border:none;\"><\/iframe>\t\t\t\t<\/div>\n\t\t\t\t<\/div>\n\t\t\t\t<\/div>\n\t\t\t\t\t<\/div>\n\t\t\t\t<\/div>\n\t\t\t\t<\/div>\n\t\t\t\t<\/div>\n\t\t","protected":false},"excerpt":{"rendered":"<p>Consulta nuestras vacantes en todo el mundo en nuestra p\u00e1gina de Empleo. Siempre buscamos personas que vean las cosas de forma diferente y vean las oportunidades como el comienzo del camino.<\/p>\n","protected":false},"author":21,"featured_media":88359,"parent":103357,"menu_order":0,"comment_status":"closed","ping_status":"closed","template":"","meta":{"_acf_changed":false,"ep_exclude_from_search":false,"footnotes":""},"page-category":[],"class_list":["post-15535","page","type-page","status-publish","has-post-thumbnail","hentry"],"acf":[],"_links":{"self":[{"href":"https:\/\/boseprofessional.com\/es\/wp-json\/wp\/v2\/pages\/15535","targetHints":{"allow":["GET"]}}],"collection":[{"href":"https:\/\/boseprofessional.com\/es\/wp-json\/wp\/v2\/pages"}],"about":[{"href":"https:\/\/boseprofessional.com\/es\/wp-json\/wp\/v2\/types\/page"}],"author":[{"embeddable":true,"href":"https:\/\/boseprofessional.com\/es\/wp-json\/wp\/v2\/users\/21"}],"replies":[{"embeddable":true,"href":"https:\/\/boseprofessional.com\/es\/wp-json\/wp\/v2\/comments?post=15535"}],"version-history":[{"count":5,"href":"https:\/\/boseprofessional.com\/es\/wp-json\/wp\/v2\/pages\/15535\/revisions"}],"predecessor-version":[{"id":162635,"href":"https:\/\/boseprofessional.com\/es\/wp-json\/wp\/v2\/pages\/15535\/revisions\/162635"}],"up":[{"embeddable":true,"href":"https:\/\/boseprofessional.com\/es\/wp-json\/wp\/v2\/pages\/103357"}],"wp:featuredmedia":[{"embeddable":true,"href":"https:\/\/boseprofessional.com\/es\/wp-json\/wp\/v2\/media\/88359"}],"wp:attachment":[{"href":"https:\/\/boseprofessional.com\/es\/wp-json\/wp\/v2\/media?parent=15535"}],"wp:term":[{"taxonomy":"page-category","embeddable":true,"href":"https:\/\/boseprofessional.com\/es\/wp-json\/wp\/v2\/page-category?post=15535"}],"curies":[{"name":"wp","href":"https:\/\/api.w.org\/{rel}","templated":true}]}}