{"id":145167,"date":"2024-12-24T14:07:06","date_gmt":"2024-12-24T14:07:06","guid":{"rendered":"https:\/\/bosepro-dev-test.boseprofessional.com\/?page_id=145167"},"modified":"2025-01-10T14:16:16","modified_gmt":"2025-01-10T14:16:16","slug":"partner-program","status":"publish","type":"page","link":"https:\/\/boseprofessional.com\/es\/resources\/partner-program\/","title":{"rendered":"Partner Program"},"content":{"rendered":"\t\t<div data-elementor-type=\"wp-page\" data-elementor-id=\"145167\" class=\"elementor elementor-145167\" data-elementor-post-type=\"page\">\n\t\t\t\t<div data-particle_enable=\"false\" data-particle-mobile-disabled=\"false\" class=\"elementor-element elementor-element-6c791cf e-con-full company-ta-banner e-flex e-con e-parent\" data-id=\"6c791cf\" data-element_type=\"container\" data-settings=\"{&quot;background_background&quot;:&quot;classic&quot;}\">\n\t\t<div data-particle_enable=\"false\" data-particle-mobile-disabled=\"false\" class=\"elementor-element elementor-element-1e756a4 e-flex e-con-boxed e-con e-child\" data-id=\"1e756a4\" data-element_type=\"container\" data-settings=\"{&quot;background_background&quot;:&quot;classic&quot;}\">\n\t\t\t\t\t<div class=\"e-con-inner\">\n\t\t<div data-particle_enable=\"false\" data-particle-mobile-disabled=\"false\" class=\"elementor-element elementor-element-f2c853b e-con-full bp-top-sticky-nav-left  elementor-hidden-mobile e-flex e-con e-child\" data-id=\"f2c853b\" data-element_type=\"container\">\n\t\t\t\t<div class=\"elementor-element elementor-element-227eac8 elementor-widget elementor-widget-button\" data-id=\"227eac8\" data-element_type=\"widget\" data-widget_type=\"button.default\">\n\t\t\t\t<div class=\"elementor-widget-container\">\n\t\t\t\t\t\t\t\t\t<div class=\"elementor-button-wrapper\">\n\t\t\t\t\t<a class=\"elementor-button elementor-button-link elementor-size-sm\" href=\"#about%20\">\n\t\t\t\t\t\t<span class=\"elementor-button-content-wrapper\">\n\t\t\t\t\t\t\t\t\t<span class=\"elementor-button-text\">Acerca de <\/span>\n\t\t\t\t\t<\/span>\n\t\t\t\t\t<\/a>\n\t\t\t\t<\/div>\n\t\t\t\t\t\t\t\t<\/div>\n\t\t\t\t<\/div>\n\t\t\t\t<div class=\"elementor-element elementor-element-7e402b5 elementor-widget elementor-widget-button\" data-id=\"7e402b5\" data-element_type=\"widget\" data-widget_type=\"button.default\">\n\t\t\t\t<div class=\"elementor-widget-container\">\n\t\t\t\t\t\t\t\t\t<div class=\"elementor-button-wrapper\">\n\t\t\t\t\t<a class=\"elementor-button elementor-button-link elementor-size-sm\" href=\"#program-overview\">\n\t\t\t\t\t\t<span class=\"elementor-button-content-wrapper\">\n\t\t\t\t\t\t\t\t\t<span class=\"elementor-button-text\">Descripci\u00f3n general del programa<\/span>\n\t\t\t\t\t<\/span>\n\t\t\t\t\t<\/a>\n\t\t\t\t<\/div>\n\t\t\t\t\t\t\t\t<\/div>\n\t\t\t\t<\/div>\n\t\t\t\t<\/div>\n\t\t<div data-particle_enable=\"false\" data-particle-mobile-disabled=\"false\" class=\"elementor-element elementor-element-3d7b69b e-con-full cs-top-sticky-nav-right e-flex e-con e-child\" data-id=\"3d7b69b\" data-element_type=\"container\">\n\t\t\t\t<div class=\"elementor-element elementor-element-fde0a05 elementor-widget elementor-widget-button\" data-id=\"fde0a05\" data-element_type=\"widget\" data-widget_type=\"button.default\">\n\t\t\t\t<div class=\"elementor-widget-container\">\n\t\t\t\t\t\t\t\t\t<div class=\"elementor-button-wrapper\">\n\t\t\t\t\t<a class=\"elementor-button elementor-button-link elementor-size-sm\" href=\"\/es\/company\/about-us\/\" target=\"_blank\">\n\t\t\t\t\t\t<span class=\"elementor-button-content-wrapper\">\n\t\t\t\t\t\t\t\t\t<span class=\"elementor-button-text\">Por qu\u00e9 elegir Bose Professional<\/span>\n\t\t\t\t\t<\/span>\n\t\t\t\t\t<\/a>\n\t\t\t\t<\/div>\n\t\t\t\t\t\t\t\t<\/div>\n\t\t\t\t<\/div>\n\t\t\t\t<\/div>\n\t\t\t\t\t<\/div>\n\t\t\t\t<\/div>\n\t\t\t\t<\/div>\n\t\t<div data-particle_enable=\"false\" data-particle-mobile-disabled=\"false\" class=\"elementor-element elementor-element-57d2596 e-flex e-con-boxed e-con e-parent\" data-id=\"57d2596\" data-element_type=\"container\" id=\"about\">\n\t\t\t\t\t<div class=\"e-con-inner\">\n\t\t<div data-particle_enable=\"false\" data-particle-mobile-disabled=\"false\" class=\"elementor-element elementor-element-1368368 e-con-full e-flex e-con e-child\" data-id=\"1368368\" data-element_type=\"container\">\n\t\t\t\t<div class=\"elementor-element elementor-element-a453b5c elementor-widget elementor-widget-heading\" data-id=\"a453b5c\" data-element_type=\"widget\" data-widget_type=\"heading.default\">\n\t\t\t\t<div class=\"elementor-widget-container\">\n\t\t\t\t\t<h1 class=\"elementor-heading-title elementor-size-default\">Programa de administraci\u00f3n de relaciones con socios vendedores<\/h1>\t\t\t\t<\/div>\n\t\t\t\t<\/div>\n\t\t\t\t<div class=\"elementor-element elementor-element-40e355e elementor-widget elementor-widget-text-editor\" data-id=\"40e355e\" data-element_type=\"widget\" data-widget_type=\"text-editor.default\">\n\t\t\t\t<div class=\"elementor-widget-container\">\n\t\t\t\t\t\t\t\t\t<p><\/p>\n<p>Bose Professional Nos comprometemos a colaborar con nuestros socios para enriquecer y hacer crecer sus negocios. Como socio nuestro, usted contribuye significativamente a nuestro \u00e9xito. Nos dedicamos a brindarle capacitaci\u00f3n y certificaci\u00f3n de productos, dise\u00f1o y servicio t\u00e9cnico, herramientas de ventas y marketing, e incentivos espec\u00edficos. Todo ello, desarrollado para apoyar su negocio, brind\u00e1ndole la oportunidad de destacar en un mercado competitivo.<\/p>\n<p><\/p>\t\t\t\t\t\t\t\t<\/div>\n\t\t\t\t<\/div>\n\t\t\t\t<\/div>\n\t\t\t\t\t<\/div>\n\t\t\t\t<\/div>\n\t\t<div data-particle_enable=\"false\" data-particle-mobile-disabled=\"false\" class=\"elementor-element elementor-element-1d29328 e-flex e-con-boxed e-con e-parent\" data-id=\"1d29328\" data-element_type=\"container\">\n\t\t\t\t\t<div class=\"e-con-inner\">\n\t\t<div data-particle_enable=\"false\" data-particle-mobile-disabled=\"false\" class=\"elementor-element elementor-element-b4bf73b e-con-full e-flex e-con e-child\" data-id=\"b4bf73b\" data-element_type=\"container\">\n\t\t\t\t<div class=\"elementor-element elementor-element-11c2156 elementor-blockquote--skin-boxed elementor-blockquote--align-center elementor-widget elementor-widget-blockquote\" data-id=\"11c2156\" data-element_type=\"widget\" data-widget_type=\"blockquote.default\">\n\t\t\t\t<div class=\"elementor-widget-container\">\n\t\t\t\t\t\t\t<blockquote class=\"elementor-blockquote\">\n\t\t\t<p class=\"elementor-blockquote__content\">\n\t\t\t\t\u201cSi quieres ir r\u00e1pido, ve solo; pero si quieres llegar lejos, ve acompa\u00f1ado\u201d.\t\t\t<\/p>\n\t\t\t\t\t\t\t<div class=\"e-q-footer\">\n\t\t\t\t\t\t\t\t\t\t\t<cite class=\"elementor-blockquote__author\">\u2013 PROVERBIO AFRICANO<\/cite>\n\t\t\t\t\t\t\t\t\t\t\t\t\t\t<\/div>\n\t\t\t\t\t<\/blockquote>\n\t\t\t\t\t\t<\/div>\n\t\t\t\t<\/div>\n\t\t\t\t<\/div>\n\t\t\t\t\t<\/div>\n\t\t\t\t<\/div>\n\t\t<div data-particle_enable=\"false\" data-particle-mobile-disabled=\"false\" class=\"elementor-element elementor-element-ad8430a e-flex e-con-boxed e-con e-parent\" data-id=\"ad8430a\" data-element_type=\"container\" id=\"program-overview\">\n\t\t\t\t\t<div class=\"e-con-inner\">\n\t\t<div data-particle_enable=\"false\" data-particle-mobile-disabled=\"false\" class=\"elementor-element elementor-element-e6e9d52 e-con-full e-flex e-con e-child\" data-id=\"e6e9d52\" data-element_type=\"container\">\n\t\t\t\t<div class=\"elementor-element elementor-element-8516204 elementor-widget elementor-widget-image\" data-id=\"8516204\" data-element_type=\"widget\" data-widget_type=\"image.default\">\n\t\t\t\t<div class=\"elementor-widget-container\">\n\t\t\t\t\t\t\t\t\t\t\t\t\t\t\t<img fetchpriority=\"high\" decoding=\"async\" width=\"600\" height=\"400\" src=\"https:\/\/assets.boseprofessional.com\/transform\/d7c84ea5-3872-44df-91ba-09731906c20e\/bose_work_partner_portal_image-jpeg?io=transform:fill,width:600&amp;format=webp&amp;quality=85\" class=\"attachment-large size-large wp-image-20113\" alt=\"\" srcset=\"https:\/\/assets.boseprofessional.com\/transform\/d7c84ea5-3872-44df-91ba-09731906c20e\/bose_work_partner_portal_image-jpeg?io=transform:fill,width:600&amp;format=webp&amp;quality=85 600w, https:\/\/assets.boseprofessional.com\/transform\/d7c84ea5-3872-44df-91ba-09731906c20e\/bose_work_partner_portal_image-jpeg?io=transform:fill,width:150&amp;quality=85 150w, https:\/\/assets.boseprofessional.com\/transform\/d7c84ea5-3872-44df-91ba-09731906c20e\/bose_work_partner_portal_image-jpeg?io=transform:fill,width:300&amp;quality=85 300w, https:\/\/assets.boseprofessional.com\/transform\/d7c84ea5-3872-44df-91ba-09731906c20e\/bose_work_partner_portal_image-jpeg?io=transform:fill,width:480&amp;quality=85 480w, https:\/\/assets.boseprofessional.com\/transform\/d7c84ea5-3872-44df-91ba-09731906c20e\/bose_work_partner_portal_image-jpeg?io=transform:fill,width:100&amp;quality=85 100w\" sizes=\"(max-width: 600px) 100vw, 600px\" \/>\t\t\t\t\t\t\t\t\t\t\t\t\t\t\t<\/div>\n\t\t\t\t<\/div>\n\t\t\t\t<\/div>\n\t\t<div data-particle_enable=\"false\" data-particle-mobile-disabled=\"false\" class=\"elementor-element elementor-element-ff04670 e-con-full e-flex e-con e-child\" data-id=\"ff04670\" data-element_type=\"container\">\n\t\t\t\t<div class=\"elementor-element elementor-element-1794f78 elementor-widget elementor-widget-heading\" data-id=\"1794f78\" data-element_type=\"widget\" data-widget_type=\"heading.default\">\n\t\t\t\t<div class=\"elementor-widget-container\">\n\t\t\t\t\t<h1 class=\"elementor-heading-title elementor-size-default\">Descripci\u00f3n general del programa<\/h1>\t\t\t\t<\/div>\n\t\t\t\t<\/div>\n\t\t\t\t<div class=\"elementor-element elementor-element-465c251 elementor-widget elementor-widget-text-editor\" data-id=\"465c251\" data-element_type=\"widget\" data-widget_type=\"text-editor.default\">\n\t\t\t\t<div class=\"elementor-widget-container\">\n\t\t\t\t\t\t\t\t\t<ul>\n<li>El portal de socios f\u00e1cil de usar incluye detalles de productos, soluciones y materiales de capacitaci\u00f3n.<\/li>\n<li>Los descuentos de registro de proyectos ofrecen una clara ventaja de margen.<\/li>\n<li>Varios m\u00e9todos para la capacitaci\u00f3n y certificaci\u00f3n de productos.<\/li>\n<li>Servicio t\u00e9cnico y de dise\u00f1o de ingenieros de ventas especializados de Bose Professional.<\/li>\n<li>Herramientas de ventas y marketing, incluidos clientes potenciales calificados y activos de marca compartida.<\/li>\n<\/ul>\t\t\t\t\t\t\t\t<\/div>\n\t\t\t\t<\/div>\n\t\t<div data-particle_enable=\"false\" data-particle-mobile-disabled=\"false\" class=\"elementor-element elementor-element-4d99c48 e-con-full e-flex e-con e-child\" data-id=\"4d99c48\" data-element_type=\"container\">\n\t\t\t\t<div class=\"elementor-element elementor-element-bd3ff0b elementor-widget elementor-widget-text-editor\" data-id=\"bd3ff0b\" data-element_type=\"widget\" data-widget_type=\"text-editor.default\">\n\t\t\t\t<div class=\"elementor-widget-container\">\n\t\t\t\t\t\t\t\t\t<p class=\"paragraph-c3e2d17\"><a href=\"https:\/\/assets.boseprofessional.com\/m\/4d3dce0d41539303\/original\/Bose_Professional_Partner_Program.pdf\" target=\"_blank\">Haga clic aqu\u00ed<\/a> para m\u00e1s detalles<\/p>\t\t\t\t\t\t\t\t<\/div>\n\t\t\t\t<\/div>\n\t\t\t\t<div class=\"elementor-element elementor-element-298d874 elementor-widget elementor-widget-text-editor\" data-id=\"298d874\" data-element_type=\"widget\" data-widget_type=\"text-editor.default\">\n\t\t\t\t<div class=\"elementor-widget-container\">\n\t\t\t\t\t\t\t\t\t<p class=\"bp_mar-btm-0\"><a href=\"mailto:SalesOperations@boseprofessional.com\">Haga clic aqu\u00ed<\/a> para enviar su proyecto para que sea considerado para su registro.\u00a0<\/p>\t\t\t\t\t\t\t\t<\/div>\n\t\t\t\t<\/div>\n\t\t\t\t<\/div>\n\t\t\t\t<\/div>\n\t\t\t\t\t<\/div>\n\t\t\t\t<\/div>\n\t\t\t\t<\/div>\n\t\t","protected":false},"excerpt":{"rendered":"<p>Acerca del programa Descripci\u00f3n general Por qu\u00e9 Bose Professional Programa de gesti\u00f3n de relaciones con socios revendedores Bose Professional Nos comprometemos a colaborar con nuestros socios para enriquecer y hacer crecer su negocio. Como socio nuestro, usted contribuye significativamente a nuestro \u00e9xito. Nos dedicamos a brindarle capacitaci\u00f3n y certificaci\u00f3n de productos, dise\u00f1o y servicio t\u00e9cnico, ventas y marketing [\u2026]<\/p>\n","protected":false},"author":21,"featured_media":0,"parent":5582,"menu_order":0,"comment_status":"closed","ping_status":"closed","template":"","meta":{"_acf_changed":false,"ep_exclude_from_search":false,"footnotes":""},"page-category":[],"class_list":["post-145167","page","type-page","status-publish","hentry"],"acf":[],"_links":{"self":[{"href":"https:\/\/boseprofessional.com\/es\/wp-json\/wp\/v2\/pages\/145167","targetHints":{"allow":["GET"]}}],"collection":[{"href":"https:\/\/boseprofessional.com\/es\/wp-json\/wp\/v2\/pages"}],"about":[{"href":"https:\/\/boseprofessional.com\/es\/wp-json\/wp\/v2\/types\/page"}],"author":[{"embeddable":true,"href":"https:\/\/boseprofessional.com\/es\/wp-json\/wp\/v2\/users\/21"}],"replies":[{"embeddable":true,"href":"https:\/\/boseprofessional.com\/es\/wp-json\/wp\/v2\/comments?post=145167"}],"version-history":[{"count":3,"href":"https:\/\/boseprofessional.com\/es\/wp-json\/wp\/v2\/pages\/145167\/revisions"}],"predecessor-version":[{"id":145554,"href":"https:\/\/boseprofessional.com\/es\/wp-json\/wp\/v2\/pages\/145167\/revisions\/145554"}],"up":[{"embeddable":true,"href":"https:\/\/boseprofessional.com\/es\/wp-json\/wp\/v2\/pages\/5582"}],"wp:attachment":[{"href":"https:\/\/boseprofessional.com\/es\/wp-json\/wp\/v2\/media?parent=145167"}],"wp:term":[{"taxonomy":"page-category","embeddable":true,"href":"https:\/\/boseprofessional.com\/es\/wp-json\/wp\/v2\/page-category?post=145167"}],"curies":[{"name":"wp","href":"https:\/\/api.w.org\/{rel}","templated":true}]}}