{"id":143682,"date":"2024-12-09T17:58:28","date_gmt":"2024-12-09T17:58:28","guid":{"rendered":"https:\/\/bosepro-dev-test.boseprofessional.com\/?page_id=143682"},"modified":"2024-12-10T21:06:11","modified_gmt":"2024-12-10T21:06:11","slug":"uk-weee-page","status":"publish","type":"page","link":"https:\/\/boseprofessional.com\/es\/resources\/support\/product-recycling-europe\/uk-weee-page\/","title":{"rendered":"UK WEEE"},"content":{"rendered":"\t\t<div data-elementor-type=\"wp-page\" data-elementor-id=\"143682\" class=\"elementor elementor-143682\" data-elementor-post-type=\"page\">\n\t\t\t\t<div data-particle_enable=\"false\" data-particle-mobile-disabled=\"false\" class=\"elementor-element elementor-element-decadfb e-con-full e-flex e-con e-parent\" data-id=\"decadfb\" data-element_type=\"container\" data-settings=\"{&quot;background_background&quot;:&quot;classic&quot;}\">\n\t\t\t\t<\/div>\n\t\t<div data-particle_enable=\"false\" data-particle-mobile-disabled=\"false\" class=\"elementor-element elementor-element-a388121 e-con-full e-flex e-con e-parent\" data-id=\"a388121\" data-element_type=\"container\">\n\t\t\t\t<div class=\"elementor-element elementor-element-4196f11 elementor-widget elementor-widget-heading\" data-id=\"4196f11\" data-element_type=\"widget\" data-widget_type=\"heading.default\">\n\t\t\t\t<div class=\"elementor-widget-container\">\n\t\t\t\t\t<h2 class=\"elementor-heading-title elementor-size-default\">UK<\/h2>\t\t\t\t<\/div>\n\t\t\t\t<\/div>\n\t\t\t\t<div class=\"elementor-element elementor-element-1e641fe elementor-widget elementor-widget-text-editor\" data-id=\"1e641fe\" data-element_type=\"widget\" data-widget_type=\"text-editor.default\">\n\t\t\t\t<div class=\"elementor-widget-container\">\n\t\t\t\t\t\t\t\t\t<p>Seg\u00fan la normativa RAEE del Reino Unido, para los productos que compre en Bose Professional que llevan el s\u00edmbolo del contenedor de basura tachado, Bose Professional establece disposiciones para la recogida, tratamiento, reciclaje y recuperaci\u00f3n de estos productos cuando llegan al final de su vida \u00fatil.<\/p><p>Adem\u00e1s, para cualquier producto antiguo adquirido antes del 13 <sup>de<\/sup> agosto de 2005 que su compra de Bose Professional reemplaza de forma individual y de igual a igual, Bose Professional establece disposiciones para la recogida, tratamiento, reciclaje y recuperaci\u00f3n del producto antiguo que se est\u00e1 sustituyendo.<\/p><p>Bose Professional toma en serio sus responsabilidades medioambientales para garantizar un proceso de reciclaje de alta calidad para nuestros productos cuando llegan al final de su vida \u00fatil. Bose Professional ha celebrado un acuerdo de reciclaje con la Red Europea de Reciclaje Avanzado (EARN Elektroaltger\u00e4te Service GmbH) para garantizar el correcto tratamiento, reciclaje y valorizaci\u00f3n de los RAEE para los que Bose Professional es responsable<\/p><p>Como parte de este acuerdo:<\/p><ul><li>Bose Professional pagar\u00e1 los costes de tratamiento, reciclaje y valorizaci\u00f3n de RAEE para los que Bose Professional es responsable<\/li><li>En cambio, Bose Professional requiere que el cliente usuario final organice y pague los costos de transporte de los RAEE al reciclador de EARN en el Reino Unido<\/li><\/ul><p>Organizar el transporte de peque\u00f1as cantidades de RAEE para las que Bose Professional es responsable, utilice el siguiente enlace para completar el formulario en l\u00ednea:<\/p><p><a href=\"https:\/\/b2btool.earn-service.com\/bose-professional-shipment\" target=\"_blank\" rel=\"noopener\">https:\/\/b2btool.earn-service.com\/bose-professional-shipment<\/a><\/p><p>Una vez haya completado el formulario, puede preparar los RAEE para su transporte al reciclador de EARN siguiendo las instrucciones proporcionadas en l\u00ednea.<\/p><p>Para cantidades mayores o RAEE m\u00e1s voluminosos, utilice el siguiente enlace para solicitar la recogida y el transporte:<\/p><p><a href=\"https:\/\/b2btool.earn-service.com\/bose-professional\" target=\"_blank\" rel=\"noopener\">https:\/\/b2btool.earn-service.com\/bose-professional<\/a><\/p>\t\t\t\t\t\t\t\t<\/div>\n\t\t\t\t<\/div>\n\t\t\t\t<\/div>\n\t\t\t\t<\/div>\n\t\t","protected":false},"excerpt":{"rendered":"<p>Reino Unido Seg\u00fan las Regulaciones RAEE del Reino Unido, para los productos que compre en Bose Professional que llevan el s\u00edmbolo del contenedor de basura tachado, Bose Professional Proporciona mecanismos para la recogida, el tratamiento, el reciclaje y la recuperaci\u00f3n de estos productos al final de su vida \u00fatil. Adem\u00e1s, para cualquier producto antiguo adquirido antes del 13 de agosto de 2005 que haya adquirido en Bose [\u2026]<\/p>\n","protected":false},"author":15,"featured_media":143832,"parent":143645,"menu_order":0,"comment_status":"closed","ping_status":"closed","template":"","meta":{"_acf_changed":false,"ep_exclude_from_search":false,"footnotes":""},"page-category":[],"class_list":["post-143682","page","type-page","status-publish","has-post-thumbnail","hentry"],"acf":[],"_links":{"self":[{"href":"https:\/\/boseprofessional.com\/es\/wp-json\/wp\/v2\/pages\/143682","targetHints":{"allow":["GET"]}}],"collection":[{"href":"https:\/\/boseprofessional.com\/es\/wp-json\/wp\/v2\/pages"}],"about":[{"href":"https:\/\/boseprofessional.com\/es\/wp-json\/wp\/v2\/types\/page"}],"author":[{"embeddable":true,"href":"https:\/\/boseprofessional.com\/es\/wp-json\/wp\/v2\/users\/15"}],"replies":[{"embeddable":true,"href":"https:\/\/boseprofessional.com\/es\/wp-json\/wp\/v2\/comments?post=143682"}],"version-history":[{"count":3,"href":"https:\/\/boseprofessional.com\/es\/wp-json\/wp\/v2\/pages\/143682\/revisions"}],"predecessor-version":[{"id":144188,"href":"https:\/\/boseprofessional.com\/es\/wp-json\/wp\/v2\/pages\/143682\/revisions\/144188"}],"up":[{"embeddable":true,"href":"https:\/\/boseprofessional.com\/es\/wp-json\/wp\/v2\/pages\/143645"}],"wp:featuredmedia":[{"embeddable":true,"href":"https:\/\/boseprofessional.com\/es\/wp-json\/wp\/v2\/media\/143832"}],"wp:attachment":[{"href":"https:\/\/boseprofessional.com\/es\/wp-json\/wp\/v2\/media?parent=143682"}],"wp:term":[{"taxonomy":"page-category","embeddable":true,"href":"https:\/\/boseprofessional.com\/es\/wp-json\/wp\/v2\/page-category?post=143682"}],"curies":[{"name":"wp","href":"https:\/\/api.w.org\/{rel}","templated":true}]}}