{"id":143680,"date":"2024-12-09T17:39:32","date_gmt":"2024-12-09T17:39:32","guid":{"rendered":"https:\/\/bosepro-dev-test.boseprofessional.com\/?page_id=143680"},"modified":"2024-12-10T21:06:21","modified_gmt":"2024-12-10T21:06:21","slug":"netherlands-weee-page","status":"publish","type":"page","link":"https:\/\/boseprofessional.com\/es\/resources\/support\/product-recycling-europe\/netherlands-weee-page\/","title":{"rendered":"Netherlands WEEE"},"content":{"rendered":"\t\t<div data-elementor-type=\"wp-page\" data-elementor-id=\"143680\" class=\"elementor elementor-143680\" data-elementor-post-type=\"page\">\n\t\t\t\t<div data-particle_enable=\"false\" data-particle-mobile-disabled=\"false\" class=\"elementor-element elementor-element-1273855 e-con-full e-flex e-con e-parent\" data-id=\"1273855\" data-element_type=\"container\" data-settings=\"{&quot;background_background&quot;:&quot;classic&quot;}\">\n\t\t\t\t<\/div>\n\t\t<div data-particle_enable=\"false\" data-particle-mobile-disabled=\"false\" class=\"elementor-element elementor-element-81f6ecb e-flex e-con-boxed e-con e-parent\" data-id=\"81f6ecb\" data-element_type=\"container\">\n\t\t\t\t\t<div class=\"e-con-inner\">\n\t\t\t\t<div class=\"elementor-element elementor-element-306db9b elementor-widget elementor-widget-heading\" data-id=\"306db9b\" data-element_type=\"widget\" data-widget_type=\"heading.default\">\n\t\t\t\t<div class=\"elementor-widget-container\">\n\t\t\t\t\t<h2 class=\"elementor-heading-title elementor-size-default\">Pa\u00edses Bajos<\/h2>\t\t\t\t<\/div>\n\t\t\t\t<\/div>\n\t\t\t\t<div class=\"elementor-element elementor-element-a776a23 elementor-widget elementor-widget-text-editor\" data-id=\"a776a23\" data-element_type=\"widget\" data-widget_type=\"text-editor.default\">\n\t\t\t\t<div class=\"elementor-widget-container\">\n\t\t\t\t\t\t\t\t\t<p>De conformidad con el Reglamento holand\u00e9s de 3 de febrero de 2014, n\u00famero IENM\/BSK- 2014\/14758, por el que se establecen normas relativas a los residuos de aparatos el\u00e9ctricos y electr\u00f3nicos, para los productos que compre en Bose Professional que llevan el s\u00edmbolo del contenedor de basura tachado, Bose Professional establece disposiciones para la recogida, tratamiento, reciclaje y recuperaci\u00f3n de estos productos cuando llegan al final de su vida \u00fatil.<\/p><p>Bose Professional toma en serio sus responsabilidades medioambientales para garantizar un proceso de reciclaje de alta calidad para nuestros productos cuando llegan al final de su vida \u00fatil. Bose Professional ha celebrado un acuerdo de reciclaje con la Red Europea de Reciclaje Avanzado (EARN Elektroaltger\u00e4te Service GmbH) para garantizar el correcto tratamiento, reciclaje y valorizaci\u00f3n de los RAEE para los que Bose Professional es responsable<\/p><p>Como parte de este acuerdo:<\/p><ul><li>Bose Professional pagar\u00e1 los costes de tratamiento, reciclaje y valorizaci\u00f3n de RAEE para los que Bose Professional es responsable<\/li><li>En cambio, Bose Professional requiere que el cliente usuario final organice y pague los costes de transporte de los RAEE al reciclador de EARN en los Pa\u00edses Bajos<\/li><\/ul><p>Organizar el transporte de peque\u00f1as cantidades de RAEE para las que Bose Professional es responsable, utilice el siguiente enlace para completar el formulario en l\u00ednea:<\/p><p><a href=\"https:\/\/b2btool.earn-service.com\/bose-professional-shipment\" target=\"_blank\" rel=\"noopener\">https:\/\/b2btool.earn-service.com\/bose-professional-shipment<\/a><\/p><p>Una vez haya completado el formulario, puede preparar los RAEE para su transporte al reciclador de EARN siguiendo las instrucciones proporcionadas en l\u00ednea.<\/p><p>Para cantidades mayores o RAEE m\u00e1s voluminosos, utilice el siguiente enlace para solicitar la recogida y el transporte:<\/p><p><a href=\"https:\/\/b2btool.earn-service.com\/bose-professional\" target=\"_blank\" rel=\"noopener\">https:\/\/b2btool.earn-service.com\/bose-professional<\/a><\/p>\t\t\t\t\t\t\t\t<\/div>\n\t\t\t\t<\/div>\n\t\t\t\t\t<\/div>\n\t\t\t\t<\/div>\n\t\t\t\t<\/div>\n\t\t","protected":false},"excerpt":{"rendered":"<p>Pa\u00edses Bajos En virtud del Reglamento holand\u00e9s de 3 de febrero de 2014, n\u00famero IENM\/BSK- 2014\/14758, por el que se establecen normas relativas a los residuos de aparatos el\u00e9ctricos y electr\u00f3nicos, para los productos que compre en Bose Professional que llevan el s\u00edmbolo del contenedor de basura tachado, Bose Professional Proporciona mecanismos para la recogida, el tratamiento, el reciclaje y la recuperaci\u00f3n de estos productos al final de su vida \u00fatil. Bose [\u2026]<\/p>\n","protected":false},"author":15,"featured_media":143832,"parent":143645,"menu_order":0,"comment_status":"closed","ping_status":"closed","template":"","meta":{"_acf_changed":false,"ep_exclude_from_search":false,"footnotes":""},"page-category":[],"class_list":["post-143680","page","type-page","status-publish","has-post-thumbnail","hentry"],"acf":[],"_links":{"self":[{"href":"https:\/\/boseprofessional.com\/es\/wp-json\/wp\/v2\/pages\/143680","targetHints":{"allow":["GET"]}}],"collection":[{"href":"https:\/\/boseprofessional.com\/es\/wp-json\/wp\/v2\/pages"}],"about":[{"href":"https:\/\/boseprofessional.com\/es\/wp-json\/wp\/v2\/types\/page"}],"author":[{"embeddable":true,"href":"https:\/\/boseprofessional.com\/es\/wp-json\/wp\/v2\/users\/15"}],"replies":[{"embeddable":true,"href":"https:\/\/boseprofessional.com\/es\/wp-json\/wp\/v2\/comments?post=143680"}],"version-history":[{"count":3,"href":"https:\/\/boseprofessional.com\/es\/wp-json\/wp\/v2\/pages\/143680\/revisions"}],"predecessor-version":[{"id":144189,"href":"https:\/\/boseprofessional.com\/es\/wp-json\/wp\/v2\/pages\/143680\/revisions\/144189"}],"up":[{"embeddable":true,"href":"https:\/\/boseprofessional.com\/es\/wp-json\/wp\/v2\/pages\/143645"}],"wp:featuredmedia":[{"embeddable":true,"href":"https:\/\/boseprofessional.com\/es\/wp-json\/wp\/v2\/media\/143832"}],"wp:attachment":[{"href":"https:\/\/boseprofessional.com\/es\/wp-json\/wp\/v2\/media?parent=143680"}],"wp:term":[{"taxonomy":"page-category","embeddable":true,"href":"https:\/\/boseprofessional.com\/es\/wp-json\/wp\/v2\/page-category?post=143680"}],"curies":[{"name":"wp","href":"https:\/\/api.w.org\/{rel}","templated":true}]}}