{"id":143645,"date":"2024-12-09T17:12:36","date_gmt":"2024-12-09T17:12:36","guid":{"rendered":"https:\/\/bosepro-dev-test.boseprofessional.com\/?page_id=143645"},"modified":"2025-02-25T20:11:53","modified_gmt":"2025-02-25T20:11:53","slug":"product-recycling-europe","status":"publish","type":"page","link":"https:\/\/boseprofessional.com\/es\/resources\/support\/product-recycling-europe\/","title":{"rendered":"Product Recycling Europe"},"content":{"rendered":"\t\t<div data-elementor-type=\"wp-page\" data-elementor-id=\"143645\" class=\"elementor elementor-143645\" data-elementor-post-type=\"page\">\n\t\t\t\t<div data-particle_enable=\"false\" data-particle-mobile-disabled=\"false\" class=\"elementor-element elementor-element-16d036f e-con-full e-flex e-con e-parent\" data-id=\"16d036f\" data-element_type=\"container\" data-settings=\"{&quot;background_background&quot;:&quot;classic&quot;}\">\n\t\t\t\t<\/div>\n\t\t<div data-particle_enable=\"false\" data-particle-mobile-disabled=\"false\" class=\"elementor-element elementor-element-7c5a11e e-flex e-con-boxed e-con e-parent\" data-id=\"7c5a11e\" data-element_type=\"container\">\n\t\t\t\t\t<div class=\"e-con-inner\">\n\t\t\t\t<div class=\"elementor-element elementor-element-7c49034 elementor-widget elementor-widget-heading\" data-id=\"7c49034\" data-element_type=\"widget\" data-widget_type=\"heading.default\">\n\t\t\t\t<div class=\"elementor-widget-container\">\n\t\t\t\t\t<h2 class=\"elementor-heading-title elementor-size-default\">Reciclaje de productos en Europa<\/h2>\t\t\t\t<\/div>\n\t\t\t\t<\/div>\n\t\t\t\t<div class=\"elementor-element elementor-element-71bed84 elementor-widget elementor-widget-text-editor\" data-id=\"71bed84\" data-element_type=\"widget\" data-widget_type=\"text-editor.default\">\n\t\t\t\t<div class=\"elementor-widget-container\">\n\t\t\t\t\t\t\t\t\t<p>La Directiva 2002\/96\/CE del Parlamento Europeo y del Consejo de la UE sobre residuos de aparatos el\u00e9ctricos y electr\u00f3nicos (conocida como Directiva RAEE) entr\u00f3 en vigor en todos los Estados miembros de la UE el 13 de agosto de 2005. La Directiva RAEE se actualiz\u00f3 posteriormente mediante la Directiva 2012\/19\/UE sobre RAEE (conocida como Directiva RAEE \u00abRecact\u00bb), que entr\u00f3 en vigor el 24 de julio de 2012.<\/p><p>El objetivo de la Directiva RAEE es minimizar el impacto de la eliminaci\u00f3n incontrolada de equipos el\u00e9ctricos y electr\u00f3nicos cuando llegan al final de su vida \u00fatil, exigiendo a los productores, como Bose Professional establecer mecanismos para la recogida, el tratamiento, el reciclaje y otras formas de recuperaci\u00f3n de los productos que venden en Europa cuando se convierten en residuos.\u00a0<\/p><p><img fetchpriority=\"high\" decoding=\"async\" class=\"alignleft wp-image-143854 size-medium\" src=\"https:\/\/assets.boseprofessional.com\/transform\/7cff1823-3434-47c1-b435-d1a8d3d4820f\/WEEE-Trashcan-Image?io=transform:scale,width:293,height:300\" alt=\"\" width=\"293\" height=\"300\" srcset=\"https:\/\/assets.boseprofessional.com\/transform\/7cff1823-3434-47c1-b435-d1a8d3d4820f\/WEEE-Trashcan-Image 506w, https:\/\/assets.boseprofessional.com\/transform\/7cff1823-3434-47c1-b435-d1a8d3d4820f\/WEEE-Trashcan-Image?io=transform:scale,width:147,height:150 147w, https:\/\/assets.boseprofessional.com\/transform\/7cff1823-3434-47c1-b435-d1a8d3d4820f\/WEEE-Trashcan-Image?io=transform:scale,width:293,height:300 293w, https:\/\/assets.boseprofessional.com\/transform\/7cff1823-3434-47c1-b435-d1a8d3d4820f\/WEEE-Trashcan-Image?io=transform:scale,width:469,height:480 469w, https:\/\/assets.boseprofessional.com\/transform\/7cff1823-3434-47c1-b435-d1a8d3d4820f\/WEEE-Trashcan-Image?io=transform:scale,width:391,height:400 391w, https:\/\/assets.boseprofessional.com\/transform\/7cff1823-3434-47c1-b435-d1a8d3d4820f\/WEEE-Trashcan-Image?io=transform:scale,width:98,height:100 98w\" sizes=\"(max-width: 293px) 100vw, 293px\" \/><\/p><p style=\"letter-spacing: 0.32px;\">Todos los productos sujetos a la Directiva RAEE deben estar debidamente etiquetados con el s\u00edmbolo del contenedor de basura tachado. Este s\u00edmbolo indica que el producto debe recogerse por separado de otros flujos de residuos al final de su vida \u00fatil.<\/p><p style=\"letter-spacing: 0.32px;\">Para Bose Professional productos que est\u00e1n cubiertos por la Directiva RAEE y por lo tanto etiquetados con el s\u00edmbolo de contenedor de basura tachado, siga la siguiente informaci\u00f3n en el pa\u00eds en el que se encuentra para entender c\u00f3mo puede enviar el equipo para reciclar cuando llega al final de su vida \u00fatil.\u00a0<\/p>\t\t\t\t\t\t\t\t<\/div>\n\t\t\t\t<\/div>\n\t\t<div data-particle_enable=\"false\" data-particle-mobile-disabled=\"false\" class=\"elementor-element elementor-element-ba4cf69 e-grid e-con-full e-con e-child\" data-id=\"ba4cf69\" data-element_type=\"container\">\n\t\t\t\t<div class=\"elementor-element elementor-element-518ca9c elementor-widget elementor-widget-text-editor\" data-id=\"518ca9c\" data-element_type=\"widget\" data-widget_type=\"text-editor.default\">\n\t\t\t\t<div class=\"elementor-widget-container\">\n\t\t\t\t\t\t\t\t\t<p><a href=\"https:\/\/boseprofessional.com\/es\/resources\/support\/product-recycling-europe\/austria-weee-page\/\">Austria<\/a><\/p>\t\t\t\t\t\t\t\t<\/div>\n\t\t\t\t<\/div>\n\t\t\t\t<div class=\"elementor-element elementor-element-f57f1eb elementor-widget elementor-widget-text-editor\" data-id=\"f57f1eb\" data-element_type=\"widget\" data-widget_type=\"text-editor.default\">\n\t\t\t\t<div class=\"elementor-widget-container\">\n\t\t\t\t\t\t\t\t\t<p><a href=\"https:\/\/boseprofessional.com\/es\/resources\/support\/product-recycling-europe\/ireland-weee-page\/\">Irlanda<\/a><\/p>\t\t\t\t\t\t\t\t<\/div>\n\t\t\t\t<\/div>\n\t\t\t\t<div class=\"elementor-element elementor-element-664866e elementor-widget elementor-widget-text-editor\" data-id=\"664866e\" data-element_type=\"widget\" data-widget_type=\"text-editor.default\">\n\t\t\t\t<div class=\"elementor-widget-container\">\n\t\t\t\t\t\t\t\t\t<p><a href=\"https:\/\/boseprofessional.com\/es\/resources\/support\/product-recycling-europe\/belgium-weee-page\/\">B\u00e9lgica<\/a><\/p>\t\t\t\t\t\t\t\t<\/div>\n\t\t\t\t<\/div>\n\t\t\t\t<div class=\"elementor-element elementor-element-6bfa101 elementor-widget elementor-widget-text-editor\" data-id=\"6bfa101\" data-element_type=\"widget\" data-widget_type=\"text-editor.default\">\n\t\t\t\t<div class=\"elementor-widget-container\">\n\t\t\t\t\t\t\t\t\t<p><a href=\"https:\/\/boseprofessional.com\/es\/resources\/support\/product-recycling-europe\/italy-weee-page\/\">Italia<\/a><\/p>\t\t\t\t\t\t\t\t<\/div>\n\t\t\t\t<\/div>\n\t\t\t\t<div class=\"elementor-element elementor-element-e474227 elementor-widget elementor-widget-text-editor\" data-id=\"e474227\" data-element_type=\"widget\" data-widget_type=\"text-editor.default\">\n\t\t\t\t<div class=\"elementor-widget-container\">\n\t\t\t\t\t\t\t\t\t<p><a href=\"https:\/\/boseprofessional.com\/es\/resources\/support\/product-recycling-europe\/france-weee-page\/\">Francia<\/a><\/p>\t\t\t\t\t\t\t\t<\/div>\n\t\t\t\t<\/div>\n\t\t\t\t<div class=\"elementor-element elementor-element-6e2f6ad elementor-widget elementor-widget-text-editor\" data-id=\"6e2f6ad\" data-element_type=\"widget\" data-widget_type=\"text-editor.default\">\n\t\t\t\t<div class=\"elementor-widget-container\">\n\t\t\t\t\t\t\t\t\t<p><a href=\"https:\/\/boseprofessional.com\/es\/resources\/support\/product-recycling-europe\/netherlands-weee-page\/\">Pa\u00edses Bajos<\/a><\/p>\t\t\t\t\t\t\t\t<\/div>\n\t\t\t\t<\/div>\n\t\t\t\t<div class=\"elementor-element elementor-element-f866737 elementor-widget elementor-widget-text-editor\" data-id=\"f866737\" data-element_type=\"widget\" data-widget_type=\"text-editor.default\">\n\t\t\t\t<div class=\"elementor-widget-container\">\n\t\t\t\t\t\t\t\t\t<p><a href=\"https:\/\/boseprofessional.com\/es\/resources\/support\/product-recycling-europe\/germany-weee-page\/\">Alemania<\/a><\/p>\t\t\t\t\t\t\t\t<\/div>\n\t\t\t\t<\/div>\n\t\t\t\t<div class=\"elementor-element elementor-element-37f191e elementor-widget elementor-widget-text-editor\" data-id=\"37f191e\" data-element_type=\"widget\" data-widget_type=\"text-editor.default\">\n\t\t\t\t<div class=\"elementor-widget-container\">\n\t\t\t\t\t\t\t\t\t<p><a href=\"https:\/\/boseprofessional.com\/es\/resources\/support\/product-recycling-europe\/uk-weee-page\/\">Reino Unido<\/a><\/p>\t\t\t\t\t\t\t\t<\/div>\n\t\t\t\t<\/div>\n\t\t\t\t<\/div>\n\t\t\t\t\t<\/div>\n\t\t\t\t<\/div>\n\t\t\t\t<\/div>\n\t\t","protected":false},"excerpt":{"rendered":"<p>Reciclaje de productos en Europa La Directiva 2002\/96\/CE del Parlamento Europeo y del Consejo sobre Residuos de Aparatos El\u00e9ctricos y Electr\u00f3nicos (conocida como Directiva RAEE) entr\u00f3 en vigor en los Estados miembros de la UE el 13 de agosto de 2005. La Directiva RAEE se actualiz\u00f3 mediante la Directiva 2012\/19\/UE sobre RAEE (conocida como Directiva RAEE \u00abRecact\u00bb) que [\u2026]<\/p>\n","protected":false},"author":15,"featured_media":143832,"parent":5778,"menu_order":0,"comment_status":"closed","ping_status":"closed","template":"","meta":{"_acf_changed":false,"ep_exclude_from_search":false,"footnotes":""},"page-category":[],"class_list":["post-143645","page","type-page","status-publish","has-post-thumbnail","hentry"],"acf":[],"_links":{"self":[{"href":"https:\/\/boseprofessional.com\/es\/wp-json\/wp\/v2\/pages\/143645","targetHints":{"allow":["GET"]}}],"collection":[{"href":"https:\/\/boseprofessional.com\/es\/wp-json\/wp\/v2\/pages"}],"about":[{"href":"https:\/\/boseprofessional.com\/es\/wp-json\/wp\/v2\/types\/page"}],"author":[{"embeddable":true,"href":"https:\/\/boseprofessional.com\/es\/wp-json\/wp\/v2\/users\/15"}],"replies":[{"embeddable":true,"href":"https:\/\/boseprofessional.com\/es\/wp-json\/wp\/v2\/comments?post=143645"}],"version-history":[{"count":4,"href":"https:\/\/boseprofessional.com\/es\/wp-json\/wp\/v2\/pages\/143645\/revisions"}],"predecessor-version":[{"id":150571,"href":"https:\/\/boseprofessional.com\/es\/wp-json\/wp\/v2\/pages\/143645\/revisions\/150571"}],"up":[{"embeddable":true,"href":"https:\/\/boseprofessional.com\/es\/wp-json\/wp\/v2\/pages\/5778"}],"wp:featuredmedia":[{"embeddable":true,"href":"https:\/\/boseprofessional.com\/es\/wp-json\/wp\/v2\/media\/143832"}],"wp:attachment":[{"href":"https:\/\/boseprofessional.com\/es\/wp-json\/wp\/v2\/media?parent=143645"}],"wp:term":[{"taxonomy":"page-category","embeddable":true,"href":"https:\/\/boseprofessional.com\/es\/wp-json\/wp\/v2\/page-category?post=143645"}],"curies":[{"name":"wp","href":"https:\/\/api.w.org\/{rel}","templated":true}]}}