{"id":1290,"date":"2024-07-19T09:55:24","date_gmt":"2024-07-19T09:55:24","guid":{"rendered":"https:\/\/uatnew.boseprofessional.com\/?page_id=1290"},"modified":"2024-07-30T20:05:30","modified_gmt":"2024-07-30T20:05:30","slug":"copyright-policy","status":"publish","type":"page","link":"https:\/\/boseprofessional.com\/es\/legal\/copyright-policy\/","title":{"rendered":"Copyright Policy"},"content":{"rendered":"\t\t<div data-elementor-type=\"wp-page\" data-elementor-id=\"1290\" class=\"elementor elementor-1290\" data-elementor-post-type=\"page\">\n\t\t\t\t<div data-particle_enable=\"false\" data-particle-mobile-disabled=\"false\" class=\"elementor-element elementor-element-60d45635 simple-text-container-rs e-flex e-con-boxed e-con e-parent\" data-id=\"60d45635\" data-element_type=\"container\">\n\t\t\t\t\t<div class=\"e-con-inner\">\n\t\t\t\t<div class=\"elementor-element elementor-element-f18d888 elementor-widget elementor-widget-global elementor-global-114353 elementor-widget-button\" data-id=\"f18d888\" data-element_type=\"widget\" data-widget_type=\"button.default\">\n\t\t\t\t<div class=\"elementor-widget-container\">\n\t\t\t\t\t\t\t\t\t<div class=\"elementor-button-wrapper\">\n\t\t\t\t\t<a class=\"elementor-button elementor-button-link elementor-size-sm elementor-animation-shrink\" href=\"https:\/\/boseprofessional.com\/es\/legal\/\">\n\t\t\t\t\t\t<span class=\"elementor-button-content-wrapper\">\n\t\t\t\t\t\t<span class=\"elementor-button-icon\">\n\t\t\t\t<svg aria-hidden=\"true\" class=\"e-font-icon-svg e-fas-step-backward\" viewbox=\"0 0 448 512\" xmlns=\"http:\/\/www.w3.org\/2000\/svg\"><path d=\"M64 468V44c0-6.6 5.4-12 12-12h48c6.6 0 12 5.4 12 12v176.4l195.5-181C352.1 22.3 384 36.6 384 64v384c0 27.4-31.9 41.7-52.5 24.6L136 292.7V468c0 6.6-5.4 12-12 12H76c-6.6 0-12-5.4-12-12z\"><\/path><\/svg>\t\t\t<\/span>\n\t\t\t\t\t\t\t\t\t<span class=\"elementor-button-text\">Volver a todos los aspectos legales<\/span>\n\t\t\t\t\t<\/span>\n\t\t\t\t\t<\/a>\n\t\t\t\t<\/div>\n\t\t\t\t\t\t\t\t<\/div>\n\t\t\t\t<\/div>\n\t\t\t\t<div class=\"elementor-element elementor-element-23472a4b elementor-widget elementor-widget-heading\" data-id=\"23472a4b\" data-element_type=\"widget\" data-widget_type=\"heading.default\">\n\t\t\t\t<div class=\"elementor-widget-container\">\n\t\t\t\t\t<h1 class=\"elementor-heading-title elementor-size-default\">Bose Professional - Pol\u00edtica de derechos de autor<\/h1>\t\t\t\t<\/div>\n\t\t\t\t<\/div>\n\t\t\t\t<div class=\"elementor-element elementor-element-20d56ece elementor-widget elementor-widget-post-info\" data-id=\"20d56ece\" data-element_type=\"widget\" data-widget_type=\"post-info.default\">\n\t\t\t\t<div class=\"elementor-widget-container\">\n\t\t\t\t\t\t\t<ul class=\"elementor-inline-items elementor-icon-list-items elementor-post-info\">\n\t\t\t\t\t\t\t\t<li class=\"elementor-icon-list-item elementor-repeater-item-8d2c38a elementor-inline-item\" itemprop=\"datePublished\">\n\t\t\t\t\t\t\t\t\t\t<span class=\"elementor-icon-list-icon\">\n\t\t\t\t\t\t\t\t<svg aria-hidden=\"true\" class=\"e-font-icon-svg e-fas-calendar\" viewbox=\"0 0 448 512\" xmlns=\"http:\/\/www.w3.org\/2000\/svg\"><path d=\"M12 192h424c6.6 0 12 5.4 12 12v260c0 26.5-21.5 48-48 48H48c-26.5 0-48-21.5-48-48V204c0-6.6 5.4-12 12-12zm436-44v-36c0-26.5-21.5-48-48-48h-48V12c0-6.6-5.4-12-12-12h-40c-6.6 0-12 5.4-12 12v52H160V12c0-6.6-5.4-12-12-12h-40c-6.6 0-12 5.4-12 12v52H48C21.5 64 0 85.5 0 112v36c0 6.6 5.4 12 12 12h424c6.6 0 12-5.4 12-12z\"><\/path><\/svg>\t\t\t\t\t\t\t<\/span>\n\t\t\t\t\t\t\t\t\t<span class=\"elementor-icon-list-text elementor-post-info__item elementor-post-info__item--type-date\">\n\t\t\t\t\t\t\t\t\t\t<time>19 de julio de 2024<\/time>\t\t\t\t\t<\/span>\n\t\t\t\t\t\t\t\t<\/li>\n\t\t\t\t<\/ul>\n\t\t\t\t\t\t<\/div>\n\t\t\t\t<\/div>\n\t\t\t\t\t<\/div>\n\t\t\t\t<\/div>\n\t\t<div data-particle_enable=\"false\" data-particle-mobile-disabled=\"false\" class=\"elementor-element elementor-element-120ae705 simple-text-container-rs e-flex e-con-boxed e-con e-parent\" data-id=\"120ae705\" data-element_type=\"container\">\n\t\t\t\t\t<div class=\"e-con-inner\">\n\t\t\t\t<div class=\"elementor-element elementor-element-5e68e622 elementor-widget elementor-widget-text-editor\" data-id=\"5e68e622\" data-element_type=\"widget\" data-widget_type=\"text-editor.default\">\n\t\t\t\t<div class=\"elementor-widget-container\">\n\t\t\t\t\t\t\t\t\t<p>Transom Post OpCo, LLC dba Bose Professional Respeta las leyes de derechos de autor y los derechos de propiedad intelectual, y esperamos y animamos a nuestros usuarios a hacer lo mismo. De conformidad con la Ley de Derechos de Autor de la Era Digital de 1998 (\u00abDMCA\u00bb), que puede consultar en su totalidad en el <a href=\"http:\/\/www.copyright.gov\/legislation\/dmca.pdf\" target=\"_blank\" rel=\"noopener\">sitio web de la Oficina de Derechos de Autor de EE. UU<\/a> . Bose Professional Haremos todo lo posible para responder con la debida diligencia a los reclamos de infracci\u00f3n de derechos de autor cuando se nos informen dichos reclamos utilizando el formulario de notificaci\u00f3n de muestra a continuaci\u00f3n.<\/p><p>Si cree que su trabajo ha sido copiado de una manera que constituye una infracci\u00f3n de los derechos de autor y se muestra en Bose Professional Servicios de 's, proporcione sustancialmente la siguiente informaci\u00f3n a nuestro Agente de Derechos de Autor:<\/p><h2>AVISO DE PRESUNTA INFRACCI\u00d3N DE LA DMCA (\u201cAVISO\u201d)<\/h2><ul class=\"simple-ul-rs\"><li>Identifique la obra protegida por derechos de autor que, seg\u00fan usted, ha sido infringida o una lista de obras protegidas por derechos de autor que, seg\u00fan usted, han sido infringidas.<\/li><li>Identifique el material o enlace que usted reclama como infractor y cuyo acceso considera que deber\u00eda estar deshabilitado, incluyendo la URL del enlace que se muestra en el Sitio o la ubicaci\u00f3n exacta donde se puede encontrar dicho material.<\/li><li>Proporcione su nombre personal o de empresa, direcci\u00f3n postal, n\u00famero de tel\u00e9fono y direcci\u00f3n de correo electr\u00f3nico.<\/li><li>En el cuerpo de dicho aviso, debe incluir una declaraci\u00f3n de que cree de buena fe que el uso disputado del material protegido por derechos de autor no est\u00e1 autorizado por el propietario de los derechos de autor, el agente o la ley.<\/li><li>Una declaraci\u00f3n de que la informaci\u00f3n contenida en dicho aviso es exacta y, bajo pena de perjurio, que usted, como parte reclamante, es el propietario o est\u00e1 autorizado para actuar en nombre del propietario.<\/li><\/ul><h3>Bose Professional Puede comunicarse con el agente de derechos de autor de la siguiente manera:<\/h3><p>Bose Professional<br \/> Atenci\u00f3n: Agente de derechos de autor<br \/> 145 Pennsylvania Ave, Framingham, MA 01701<br \/> <a href=\"mailto:legal@boseprofessional.com\">legal@boseprofessional.com<\/a><\/p>\t\t\t\t\t\t\t\t<\/div>\n\t\t\t\t<\/div>\n\t\t\t\t\t<\/div>\n\t\t\t\t<\/div>\n\t\t\t\t<\/div>\n\t\t","protected":false},"excerpt":{"rendered":"<p>Informaci\u00f3n sobre las leyes de derechos de autor y propiedad intelectual. Transom Post OpCo, LLC dba Bose Professional Respeta las leyes de derechos de autor y los derechos de propiedad intelectual.<\/p>\n","protected":false},"author":33,"featured_media":116539,"parent":806,"menu_order":0,"comment_status":"closed","ping_status":"closed","template":"","meta":{"_acf_changed":false,"ep_exclude_from_search":false,"footnotes":""},"page-category":[],"class_list":["post-1290","page","type-page","status-publish","has-post-thumbnail","hentry"],"acf":[],"_links":{"self":[{"href":"https:\/\/boseprofessional.com\/es\/wp-json\/wp\/v2\/pages\/1290","targetHints":{"allow":["GET"]}}],"collection":[{"href":"https:\/\/boseprofessional.com\/es\/wp-json\/wp\/v2\/pages"}],"about":[{"href":"https:\/\/boseprofessional.com\/es\/wp-json\/wp\/v2\/types\/page"}],"author":[{"embeddable":true,"href":"https:\/\/boseprofessional.com\/es\/wp-json\/wp\/v2\/users\/33"}],"replies":[{"embeddable":true,"href":"https:\/\/boseprofessional.com\/es\/wp-json\/wp\/v2\/comments?post=1290"}],"version-history":[{"count":3,"href":"https:\/\/boseprofessional.com\/es\/wp-json\/wp\/v2\/pages\/1290\/revisions"}],"predecessor-version":[{"id":116542,"href":"https:\/\/boseprofessional.com\/es\/wp-json\/wp\/v2\/pages\/1290\/revisions\/116542"}],"up":[{"embeddable":true,"href":"https:\/\/boseprofessional.com\/es\/wp-json\/wp\/v2\/pages\/806"}],"wp:featuredmedia":[{"embeddable":true,"href":"https:\/\/boseprofessional.com\/es\/wp-json\/wp\/v2\/media\/116539"}],"wp:attachment":[{"href":"https:\/\/boseprofessional.com\/es\/wp-json\/wp\/v2\/media?parent=1290"}],"wp:term":[{"taxonomy":"page-category","embeddable":true,"href":"https:\/\/boseprofessional.com\/es\/wp-json\/wp\/v2\/page-category?post=1290"}],"curies":[{"name":"wp","href":"https:\/\/api.w.org\/{rel}","templated":true}]}}