{"id":118803,"date":"2024-08-21T17:05:52","date_gmt":"2024-08-21T17:05:52","guid":{"rendered":"https:\/\/bosepro-dev-test.boseprofessional.com\/?page_id=118803"},"modified":"2024-08-27T14:26:19","modified_gmt":"2024-08-27T14:26:19","slug":"en-mo","status":"publish","type":"page","link":"https:\/\/boseprofessional.com\/es\/resources\/support\/bms-safety\/en-mo\/","title":{"rendered":"BMS Safety EN-MO"},"content":{"rendered":"\t\t<div data-elementor-type=\"wp-page\" data-elementor-id=\"118803\" class=\"elementor elementor-118803\" data-elementor-post-type=\"page\">\n\t\t\t\t<div data-particle_enable=\"false\" data-particle-mobile-disabled=\"false\" class=\"elementor-element elementor-element-49d1891a e-flex e-con-boxed e-con e-parent\" data-id=\"49d1891a\" data-element_type=\"container\" data-settings=\"{&quot;background_background&quot;:&quot;classic&quot;,&quot;shape_divider_bottom&quot;:&quot;opacity-tilt&quot;}\">\n\t\t\t\t\t<div class=\"e-con-inner\">\n\t\t\t\t<div class=\"elementor-shape elementor-shape-bottom\" aria-hidden=\"true\" data-negative=\"false\">\n\t\t\t<svg xmlns=\"http:\/\/www.w3.org\/2000\/svg\" viewbox=\"0 0 2600 131.1\" preserveaspectratio=\"none\">\n\t<path class=\"elementor-shape-fill\" d=\"M0 0L2600 0 2600 69.1 0 0z\"\/>\n\t<path class=\"elementor-shape-fill\" style=\"opacity:0.5\" d=\"M0 0L2600 0 2600 69.1 0 69.1z\"\/>\n\t<path class=\"elementor-shape-fill\" style=\"opacity:0.25\" d=\"M2600 0L0 0 0 130.1 2600 69.1z\"\/>\n<\/svg>\t\t<\/div>\n\t\t\t\t<div class=\"elementor-element elementor-element-6b32add9 elementor-widget elementor-widget-heading\" data-id=\"6b32add9\" data-element_type=\"widget\" data-widget_type=\"heading.default\">\n\t\t\t\t<div class=\"elementor-widget-container\">\n\t\t\t\t\t<h1 class=\"elementor-heading-title elementor-size-default\">Retirada de altavoces Bose e instalaci\u00f3n de cables de seguridad<\/h1>\t\t\t\t<\/div>\n\t\t\t\t<\/div>\n\t\t\t\t\t<\/div>\n\t\t\t\t<\/div>\n\t\t<div data-particle_enable=\"false\" data-particle-mobile-disabled=\"false\" class=\"elementor-element elementor-element-42def55 e-flex e-con-boxed e-con e-parent\" data-id=\"42def55\" data-element_type=\"container\">\n\t\t\t\t\t<div class=\"e-con-inner\">\n\t\t\t\t<div class=\"elementor-element elementor-element-40fdf38 elementor-widget elementor-widget-image\" data-id=\"40fdf38\" data-element_type=\"widget\" data-widget_type=\"image.default\">\n\t\t\t\t<div class=\"elementor-widget-container\">\n\t\t\t\t\t\t\t\t\t\t\t\t\t\t\t<img fetchpriority=\"high\" decoding=\"async\" width=\"1280\" height=\"440\" src=\"https:\/\/assets.boseprofessional.com\/transform\/e70c180d-4d3e-4142-a589-837bd83357c3\/Hydrocarbons_montage2_Header-png\" class=\"attachment-1536x1536 size-1536x1536 wp-image-20498\" alt=\"Montaje de hidrocarburos 2 Encabezado\" srcset=\"https:\/\/assets.boseprofessional.com\/transform\/e70c180d-4d3e-4142-a589-837bd83357c3\/Hydrocarbons_montage2_Header-png 1280w, https:\/\/assets.boseprofessional.com\/transform\/e70c180d-4d3e-4142-a589-837bd83357c3\/Hydrocarbons_montage2_Header-png?io=transform:scale,width:150,height:52 150w, https:\/\/assets.boseprofessional.com\/transform\/e70c180d-4d3e-4142-a589-837bd83357c3\/Hydrocarbons_montage2_Header-png?io=transform:scale,width:300,height:103 300w, https:\/\/assets.boseprofessional.com\/transform\/e70c180d-4d3e-4142-a589-837bd83357c3\/Hydrocarbons_montage2_Header-png?io=transform:scale,width:1024,height:352 1024w, https:\/\/assets.boseprofessional.com\/transform\/e70c180d-4d3e-4142-a589-837bd83357c3\/Hydrocarbons_montage2_Header-png?io=transform:scale,width:480,height:165 480w, https:\/\/assets.boseprofessional.com\/transform\/e70c180d-4d3e-4142-a589-837bd83357c3\/Hydrocarbons_montage2_Header-png?io=transform:scale,width:768,height:264 768w, https:\/\/assets.boseprofessional.com\/transform\/e70c180d-4d3e-4142-a589-837bd83357c3\/Hydrocarbons_montage2_Header-png?io=transform:scale,width:100,height:34 100w\" sizes=\"(max-width: 1280px) 100vw, 1280px\" \/>\t\t\t\t\t\t\t\t\t\t\t\t\t\t\t<\/div>\n\t\t\t\t<\/div>\n\t\t\t\t\t<\/div>\n\t\t\t\t<\/div>\n\t\t<div data-particle_enable=\"false\" data-particle-mobile-disabled=\"false\" class=\"elementor-element elementor-element-45f96a7 e-flex e-con-boxed e-con e-parent\" data-id=\"45f96a7\" data-element_type=\"container\">\n\t\t\t\t\t<div class=\"e-con-inner\">\n\t\t\t\t<div class=\"elementor-element elementor-element-0fd3181 elementor-widget elementor-widget-heading\" data-id=\"0fd3181\" data-element_type=\"widget\" data-widget_type=\"heading.default\">\n\t\t\t\t<div class=\"elementor-widget-container\">\n\t\t\t\t\t<h2 class=\"elementor-heading-title elementor-size-default\">Informaci\u00f3n general<\/h2>\t\t\t\t<\/div>\n\t\t\t\t<\/div>\n\t\t\t\t<div class=\"elementor-element elementor-element-dface65 elementor-widget elementor-widget-text-editor\" data-id=\"dface65\" data-element_type=\"widget\" data-widget_type=\"text-editor.default\">\n\t\t\t\t<div class=\"elementor-widget-container\">\n\t\t\t\t\t\t\t\t\t<p><strong>Bose Professional retira del mercado todos los altavoces FreeSpace DS 40F de techo\/empotrados fabricados antes del 13 de agosto de 2018.<\/strong> Durante la instalaci\u00f3n y el uso, los anclajes de montaje de estos altavoces pueden romperse, lo que podr\u00eda provocar su ca\u00edda y lesiones graves. Hasta la fecha, hemos recibido avisos de 29 altavoces que se han ca\u00eddo de sus ubicaciones de instalaci\u00f3n y un informe de lesiones.<\/p><p><strong>Bose Professional tambi\u00e9n exige la instalaci\u00f3n de cables de seguridad para ciertos altavoces Bose Professional , incluido el DS 40F, instalados en entornos de cocina comerciales. Esto tambi\u00e9n incluye los altavoces ya instalados<\/strong> . Al exponerse al aceite de cocina o a sus vapores, los componentes de montaje de estos altavoces pueden romperse, lo que podr\u00eda provocar su ca\u00edda y lesiones graves. Hasta la fecha, hemos recibido avisos de cinco altavoces que se han ca\u00eddo de sus ubicaciones y un informe de lesiones.<\/p><p>Si eres directo Bose Professional Distribuidor o revendedor, seleccione una de las opciones a continuaci\u00f3n. Si no compra altavoces directamente a Bose, contacte con su distribuidor Bose para obtener m\u00e1s informaci\u00f3n.<\/p>\t\t\t\t\t\t\t\t<\/div>\n\t\t\t\t<\/div>\n\t\t\t\t\t<\/div>\n\t\t\t\t<\/div>\n\t\t<div data-particle_enable=\"false\" data-particle-mobile-disabled=\"false\" class=\"elementor-element elementor-element-faee74b e-flex e-con-boxed e-con e-parent\" data-id=\"faee74b\" data-element_type=\"container\">\n\t\t\t\t\t<div class=\"e-con-inner\">\n\t\t\t\t<div class=\"elementor-element elementor-element-b2ea944 elementor-widget elementor-widget-heading\" data-id=\"b2ea944\" data-element_type=\"widget\" data-widget_type=\"heading.default\">\n\t\t\t\t<div class=\"elementor-widget-container\">\n\t\t\t\t\t<h2 class=\"elementor-heading-title elementor-size-default\">Solicitudes y reclamaciones<\/h2>\t\t\t\t<\/div>\n\t\t\t\t<\/div>\n\t\t\t\t<div class=\"elementor-element elementor-element-f651c07 elementor-widget elementor-widget-text-editor\" data-id=\"f651c07\" data-element_type=\"widget\" data-widget_type=\"text-editor.default\">\n\t\t\t\t<div class=\"elementor-widget-container\">\n\t\t\t\t\t\t\t\t\t<p>Solicitudes de reemplazo de productos, cables de seguridad o compensaci\u00f3n: <a href=\"https:\/\/www.bosebmssafety.com\/claim\" target=\"_blank\" rel=\"noopener\">BoseBMSsafety.com\/claim<\/a><\/p>\t\t\t\t\t\t\t\t<\/div>\n\t\t\t\t<\/div>\n\t\t\t\t\t<\/div>\n\t\t\t\t<\/div>\n\t\t<div data-particle_enable=\"false\" data-particle-mobile-disabled=\"false\" class=\"elementor-element elementor-element-7a10d73 e-flex e-con-boxed e-con e-parent\" data-id=\"7a10d73\" data-element_type=\"container\">\n\t\t\t\t\t<div class=\"e-con-inner\">\n\t\t\t\t<div class=\"elementor-element elementor-element-f424c1f elementor-widget elementor-widget-heading\" data-id=\"f424c1f\" data-element_type=\"widget\" data-widget_type=\"heading.default\">\n\t\t\t\t<div class=\"elementor-widget-container\">\n\t\t\t\t\t<h2 class=\"elementor-heading-title elementor-size-default\">Comunicaciones<\/h2>\t\t\t\t<\/div>\n\t\t\t\t<\/div>\n\t\t\t\t<div class=\"elementor-element elementor-element-9b6adfe elementor-widget elementor-widget-text-editor\" data-id=\"9b6adfe\" data-element_type=\"widget\" data-widget_type=\"text-editor.default\">\n\t\t\t\t<div class=\"elementor-widget-container\">\n\t\t\t\t\t\t\t\t\t<ul><li><a href=\"https:\/\/assets.boseprofessional.com\/m\/25533fafa4233cc9\/original\/2L_Bose_BMSsafety_Direct_Reseller_en.docx?_gl=1*1enkbg5*_gcl_au*MTIwNTcyNzEyMC4xNzIyNjIyMDg0*_ga*MTYxOTYwNDMyMy4xNzIyNjI1NTAz*_ga_NRTQ4DPXBJ*MTcyNDY5NDU3Ny42MS4xLjE3MjQ2OTUxMDAuNTkuMC4w\" target=\"_blank\" rel=\"noopener\">Carta 2L de Revendedor Directo (Pa\u00eds Subsidiario)<\/a><\/li><li><a href=\"https:\/\/assets.boseprofessional.com\/m\/50790113a2a47c6d\/original\/3L_Bose_BMSsafety_Indirect_Reseller_en.docx?_gl=1*1enkbg5*_gcl_au*MTIwNTcyNzEyMC4xNzIyNjIyMDg0*_ga*MTYxOTYwNDMyMy4xNzIyNjI1NTAz*_ga_NRTQ4DPXBJ*MTcyNDY5NDU3Ny42MS4xLjE3MjQ2OTUxMDAuNTkuMC4w\" target=\"_blank\" rel=\"noopener\">Carta de revendedor indirecto\/de nivel 2 3L<\/a><\/li><li><a href=\"https:\/\/assets.boseprofessional.com\/m\/35b9bf7543e29d6b\/original\/4L_Bose_BMSsafety_End_User_en.docx?_gl=1*1mxsol6*_gcl_au*MTIwNTcyNzEyMC4xNzIyNjIyMDg0*_ga*MTYxOTYwNDMyMy4xNzIyNjI1NTAz*_ga_NRTQ4DPXBJ*MTcyNDY5NDU3Ny42MS4xLjE3MjQ2OTUxMDAuNTkuMC4w\" target=\"_blank\" rel=\"noopener\">Carta al usuario final 4L<\/a><\/li><li><a href=\"https:\/\/assets.boseprofessional.com\/m\/130b4b72ad2e187f\/original\/6A_Bose_BMSsafety_en-xlsx.docx?_gl=1*1mxsol6*_gcl_au*MTIwNTcyNzEyMC4xNzIyNjIyMDg0*_ga*MTYxOTYwNDMyMy4xNzIyNjI1NTAz*_ga_NRTQ4DPXBJ*MTcyNDY5NDU3Ny42MS4xLjE3MjQ2OTUxMDAuNTkuMC4w\" target=\"_blank\" rel=\"noopener\">Lista de SKU de productos afectados 6A<\/a><\/li><li><a href=\"https:\/\/assets.boseprofessional.com\/m\/426108e0ebd9135f\/original\/Bose_BMS_Safety_UPDATE_New_EdgeMax_SKUs_en.docx?_gl=1*1mxsol6*_gcl_au*MTIwNTcyNzEyMC4xNzIyNjIyMDg0*_ga*MTYxOTYwNDMyMy4xNzIyNjI1NTAz*_ga_NRTQ4DPXBJ*MTcyNDY5NDU3Ny42MS4xLjE3MjQ2OTUxMDAuNTkuMC4w\" target=\"_blank\" rel=\"noopener\">ACTUALIZACI\u00d3N: 10 de octubre de 2019 \u2013 Nuevo EdgeMax SKU<\/a><\/li><li><a href=\"https:\/\/assets.boseprofessional.com\/m\/5ffc8a81b56ef0b8\/original\/Bose_BMS_Safety_UPDATE_New_FS3_SKUs_en.docx?_gl=1*1mxsol6*_gcl_au*MTIwNTcyNzEyMC4xNzIyNjIyMDg0*_ga*MTYxOTYwNDMyMy4xNzIyNjI1NTAz*_ga_NRTQ4DPXBJ*MTcyNDY5NDU3Ny42MS4xLjE3MjQ2OTUxMDAuNTkuMC4w\" target=\"_blank\" rel=\"noopener\">ACTUALIZACI\u00d3N: 20 de febrero de 2020 \u2013 Nuevo FreeSpace\u00a03 SKU<\/a><\/li><\/ul>\t\t\t\t\t\t\t\t<\/div>\n\t\t\t\t<\/div>\n\t\t\t\t\t<\/div>\n\t\t\t\t<\/div>\n\t\t<div data-particle_enable=\"false\" data-particle-mobile-disabled=\"false\" class=\"elementor-element elementor-element-8283fb8 e-flex e-con-boxed e-con e-parent\" data-id=\"8283fb8\" data-element_type=\"container\">\n\t\t\t\t\t<div class=\"e-con-inner\">\n\t\t\t\t<div class=\"elementor-element elementor-element-9db64b6 elementor-widget elementor-widget-heading\" data-id=\"9db64b6\" data-element_type=\"widget\" data-widget_type=\"heading.default\">\n\t\t\t\t<div class=\"elementor-widget-container\">\n\t\t\t\t\t<h2 class=\"elementor-heading-title elementor-size-default\">Preguntas frecuentes<\/h2>\t\t\t\t<\/div>\n\t\t\t\t<\/div>\n\t\t\t\t<div class=\"elementor-element elementor-element-9c99298 elementor-widget elementor-widget-text-editor\" data-id=\"9c99298\" data-element_type=\"widget\" data-widget_type=\"text-editor.default\">\n\t\t\t\t<div class=\"elementor-widget-container\">\n\t\t\t\t\t\t\t\t\t<ul><li><a href=\"https:\/\/assets.boseprofessional.com\/m\/267a40c27c366a83\/original\/1F_Bose_BMSsafety_Reseller_FAQ_en.docx?_gl=1*1mxsol6*_gcl_au*MTIwNTcyNzEyMC4xNzIyNjIyMDg0*_ga*MTYxOTYwNDMyMy4xNzIyNjI1NTAz*_ga_NRTQ4DPXBJ*MTcyNDY5NDU3Ny42MS4xLjE3MjQ2OTUxMDAuNTkuMC4w\" target=\"_blank\" rel=\"noopener\">Para revendedores 1F<\/a><\/li><li><a href=\"https:\/\/assets.boseprofessional.com\/m\/259cea739c06447\/original\/2F_Bose_BMSsafety_End_User_FAQ_en.docx?_gl=1*1mxsol6*_gcl_au*MTIwNTcyNzEyMC4xNzIyNjIyMDg0*_ga*MTYxOTYwNDMyMy4xNzIyNjI1NTAz*_ga_NRTQ4DPXBJ*MTcyNDY5NDU3Ny42MS4xLjE3MjQ2OTUxMDAuNTkuMC4w\" target=\"_blank\" rel=\"noopener\">Para usuarios finales 2F<\/a><\/li><\/ul>\t\t\t\t\t\t\t\t<\/div>\n\t\t\t\t<\/div>\n\t\t\t\t\t<\/div>\n\t\t\t\t<\/div>\n\t\t<div data-particle_enable=\"false\" data-particle-mobile-disabled=\"false\" class=\"elementor-element elementor-element-5324a85 e-flex e-con-boxed e-con e-parent\" data-id=\"5324a85\" data-element_type=\"container\">\n\t\t\t\t\t<div class=\"e-con-inner\">\n\t\t\t\t<div class=\"elementor-element elementor-element-b1cd95b elementor-widget elementor-widget-heading\" data-id=\"b1cd95b\" data-element_type=\"widget\" data-widget_type=\"heading.default\">\n\t\t\t\t<div class=\"elementor-widget-container\">\n\t\t\t\t\t<h2 class=\"elementor-heading-title elementor-size-default\">Gu\u00edas<\/h2>\t\t\t\t<\/div>\n\t\t\t\t<\/div>\n\t\t\t\t<div class=\"elementor-element elementor-element-2fcf1b3 elementor-widget elementor-widget-text-editor\" data-id=\"2fcf1b3\" data-element_type=\"widget\" data-widget_type=\"text-editor.default\">\n\t\t\t\t<div class=\"elementor-widget-container\">\n\t\t\t\t\t\t\t\t\t<ul><li><a href=\"https:\/\/assets.boseprofessional.com\/m\/5a8b32eed68ec00e\/original\/ig_safetycable_5-5x8-5.pdf?_gl=1*vzgmwb*_gcl_au*MTIwNTcyNzEyMC4xNzIyNjIyMDg0*_ga*MTYxOTYwNDMyMy4xNzIyNjI1NTAz*_ga_NRTQ4DPXBJ*MTcyNDY5NDU3Ny42MS4xLjE3MjQ2OTUxMDAuNTkuMC4w\" target=\"_blank\" rel=\"noopener\">Gu\u00eda de instalaci\u00f3n del cable de seguridad<\/a><\/li><li><a href=\"https:\/\/assets.boseprofessional.com\/m\/6afa4528e7f2a010\/original\/uig_freespace_ds40f.pdf?_gl=1*vzgmwb*_gcl_au*MTIwNTcyNzEyMC4xNzIyNjIyMDg0*_ga*MTYxOTYwNDMyMy4xNzIyNjI1NTAz*_ga_NRTQ4DPXBJ*MTcyNDY5NDU3Ny42MS4xLjE3MjQ2OTUxMDAuNTkuMC4w\" target=\"_blank\" rel=\"noopener\">FreeSpace Gu\u00eda de desinstalaci\u00f3n de DS 40F<\/a><\/li><\/ul>\t\t\t\t\t\t\t\t<\/div>\n\t\t\t\t<\/div>\n\t\t\t\t\t<\/div>\n\t\t\t\t<\/div>\n\t\t<div data-particle_enable=\"false\" data-particle-mobile-disabled=\"false\" class=\"elementor-element elementor-element-b56840d e-flex e-con-boxed e-con e-parent\" data-id=\"b56840d\" data-element_type=\"container\">\n\t\t\t\t\t<div class=\"e-con-inner\">\n\t\t\t\t<div class=\"elementor-element elementor-element-8f97319 elementor-widget elementor-widget-heading\" data-id=\"8f97319\" data-element_type=\"widget\" data-widget_type=\"heading.default\">\n\t\t\t\t<div class=\"elementor-widget-container\">\n\t\t\t\t\t<h2 class=\"elementor-heading-title elementor-size-default\">Disposici\u00f3n del producto<\/h2>\t\t\t\t<\/div>\n\t\t\t\t<\/div>\n\t\t\t\t<div class=\"elementor-element elementor-element-727aaa6 elementor-widget elementor-widget-text-editor\" data-id=\"727aaa6\" data-element_type=\"widget\" data-widget_type=\"text-editor.default\">\n\t\t\t\t<div class=\"elementor-widget-container\">\n\t\t\t\t\t\t\t\t\t<ul><li><a href=\"https:\/\/assets.boseprofessional.com\/m\/6afa4528e7f2a010\/original\/uig_freespace_ds40f.pdf?_gl=1*rcji1i*_gcl_au*MTIwNTcyNzEyMC4xNzIyNjIyMDg0*_ga*MTYxOTYwNDMyMy4xNzIyNjI1NTAz*_ga_NRTQ4DPXBJ*MTcyNDY5NDU3Ny42MS4xLjE3MjQ2OTUzNDkuNjAuMC4w\" target=\"_blank\" rel=\"noopener\">Formulario de env\u00edo de devoluci\u00f3n 1T<\/a><\/li><li><a href=\"mailto:DS40.recall@boseprofessional.com\">DS40.recall@boseprofessional.com<\/a><\/li><\/ul>\t\t\t\t\t\t\t\t<\/div>\n\t\t\t\t<\/div>\n\t\t\t\t\t<\/div>\n\t\t\t\t<\/div>\n\t\t<div data-particle_enable=\"false\" data-particle-mobile-disabled=\"false\" class=\"elementor-element elementor-element-f499e95 e-flex e-con-boxed e-con e-parent\" data-id=\"f499e95\" data-element_type=\"container\">\n\t\t\t\t\t<div class=\"e-con-inner\">\n\t\t\t\t<div class=\"elementor-element elementor-element-0352d36 elementor-widget elementor-widget-heading\" data-id=\"0352d36\" data-element_type=\"widget\" data-widget_type=\"heading.default\">\n\t\t\t\t<div class=\"elementor-widget-container\">\n\t\t\t\t\t<h2 class=\"elementor-heading-title elementor-size-default\">Contacto<\/h2>\t\t\t\t<\/div>\n\t\t\t\t<\/div>\n\t\t\t\t<div class=\"elementor-element elementor-element-bbbfc4c elementor-widget elementor-widget-text-editor\" data-id=\"bbbfc4c\" data-element_type=\"widget\" data-widget_type=\"text-editor.default\">\n\t\t\t\t<div class=\"elementor-widget-container\">\n\t\t\t\t\t\t\t\t\t<p style=\"text-align: center;margin-bottom:0px;\"><strong>Contacte con un Bose Professional Representante de ventas<\/strong><\/p>\t\t\t\t\t\t\t\t<\/div>\n\t\t\t\t<\/div>\n\t\t\t\t<div class=\"elementor-element elementor-element-a68ebe3 elementor-align-center elementor-widget elementor-widget-button\" data-id=\"a68ebe3\" data-element_type=\"widget\" data-widget_type=\"button.default\">\n\t\t\t\t<div class=\"elementor-widget-container\">\n\t\t\t\t\t\t\t\t\t<div class=\"elementor-button-wrapper\">\n\t\t\t\t\t<a class=\"elementor-button elementor-button-link elementor-size-sm elementor-animation-shrink\" href=\"\/es\/global-sales-offices\/\">\n\t\t\t\t\t\t<span class=\"elementor-button-content-wrapper\">\n\t\t\t\t\t\t\t\t\t<span class=\"elementor-button-text\">Contacto<\/span>\n\t\t\t\t\t<\/span>\n\t\t\t\t\t<\/a>\n\t\t\t\t<\/div>\n\t\t\t\t\t\t\t\t<\/div>\n\t\t\t\t<\/div>\n\t\t\t\t\t<\/div>\n\t\t\t\t<\/div>\n\t\t\t\t<\/div>\n\t\t","protected":false},"excerpt":{"rendered":"<p>Descripci\u00f3n general de la instalaci\u00f3n del cable de seguridad y retirada del mercado de altavoces Bose Bose Professional est\u00e1 recordando todo FreeSpace\u202fAltavoces DS 40F para empotrar en el techo fabricados antes del 13 de agosto de 2018. Durante la instalaci\u00f3n y el uso, los anclajes de montaje de estos altavoces pueden romperse, lo que podr\u00eda provocar su ca\u00edda y lesiones graves. Hasta la fecha, hemos recibido avisos de 29 altavoces que se han ca\u00eddo de sus ubicaciones y [\u2026]<\/p>\n","protected":false},"author":33,"featured_media":0,"parent":1201,"menu_order":0,"comment_status":"closed","ping_status":"closed","template":"","meta":{"_acf_changed":false,"ep_exclude_from_search":false,"footnotes":""},"page-category":[],"class_list":["post-118803","page","type-page","status-publish","hentry"],"acf":[],"_links":{"self":[{"href":"https:\/\/boseprofessional.com\/es\/wp-json\/wp\/v2\/pages\/118803","targetHints":{"allow":["GET"]}}],"collection":[{"href":"https:\/\/boseprofessional.com\/es\/wp-json\/wp\/v2\/pages"}],"about":[{"href":"https:\/\/boseprofessional.com\/es\/wp-json\/wp\/v2\/types\/page"}],"author":[{"embeddable":true,"href":"https:\/\/boseprofessional.com\/es\/wp-json\/wp\/v2\/users\/33"}],"replies":[{"embeddable":true,"href":"https:\/\/boseprofessional.com\/es\/wp-json\/wp\/v2\/comments?post=118803"}],"version-history":[{"count":3,"href":"https:\/\/boseprofessional.com\/es\/wp-json\/wp\/v2\/pages\/118803\/revisions"}],"predecessor-version":[{"id":119341,"href":"https:\/\/boseprofessional.com\/es\/wp-json\/wp\/v2\/pages\/118803\/revisions\/119341"}],"up":[{"embeddable":true,"href":"https:\/\/boseprofessional.com\/es\/wp-json\/wp\/v2\/pages\/1201"}],"wp:attachment":[{"href":"https:\/\/boseprofessional.com\/es\/wp-json\/wp\/v2\/media?parent=118803"}],"wp:term":[{"taxonomy":"page-category","embeddable":true,"href":"https:\/\/boseprofessional.com\/es\/wp-json\/wp\/v2\/page-category?post=118803"}],"curies":[{"name":"wp","href":"https:\/\/api.w.org\/{rel}","templated":true}]}}