{"id":103936,"date":"2024-03-04T15:49:12","date_gmt":"2024-03-04T15:49:12","guid":{"rendered":"https:\/\/uatnew.boseprofessional.com\/?page_id=103936"},"modified":"2025-11-17T16:09:33","modified_gmt":"2025-11-17T16:09:33","slug":"audiopack-pro-systems","status":"publish","type":"page","link":"https:\/\/boseprofessional.com\/es\/solutions\/audiopack-pro-systems\/","title":{"rendered":"DIY with AudioPack Pro"},"content":{"rendered":"\t\t<div data-elementor-type=\"wp-page\" data-elementor-id=\"103936\" class=\"elementor elementor-103936\" data-elementor-post-type=\"page\">\n\t\t\t\t<div data-particle_enable=\"false\" data-particle-mobile-disabled=\"false\" class=\"elementor-element elementor-element-5b268b24 e-con-full e-flex e-con e-parent\" data-id=\"5b268b24\" data-element_type=\"container\" data-settings=\"{&quot;background_background&quot;:&quot;classic&quot;}\">\n\t\t<div data-particle_enable=\"false\" data-particle-mobile-disabled=\"false\" class=\"elementor-element elementor-element-7caacd99 e-flex e-con-boxed e-con e-child\" data-id=\"7caacd99\" data-element_type=\"container\">\n\t\t\t\t\t<div class=\"e-con-inner\">\n\t\t<div data-particle_enable=\"false\" data-particle-mobile-disabled=\"false\" class=\"elementor-element elementor-element-6af6d10f e-con-full e-flex e-con e-child\" data-id=\"6af6d10f\" data-element_type=\"container\">\n\t\t\t\t<\/div>\n\t\t\t\t\t<\/div>\n\t\t\t\t<\/div>\n\t\t\t\t<\/div>\n\t\t<div data-particle_enable=\"false\" data-particle-mobile-disabled=\"false\" class=\"elementor-element elementor-element-587f280e e-flex e-con-boxed e-con e-parent\" data-id=\"587f280e\" data-element_type=\"container\">\n\t\t\t\t\t<div class=\"e-con-inner\">\n\t\t\t\t<div class=\"elementor-element elementor-element-478e89e1 elementor-widget elementor-widget-heading\" data-id=\"478e89e1\" data-element_type=\"widget\" data-widget_type=\"heading.default\">\n\t\t\t\t<div class=\"elementor-widget-container\">\n\t\t\t\t\t<h1 class=\"elementor-heading-title elementor-size-default\"><span style=\"font-size: 44.8px\">AudioPack Pro Paquetes de sistemas de sonido<\/span><\/h1>\t\t\t\t<\/div>\n\t\t\t\t<\/div>\n\t\t\t\t<div class=\"elementor-element elementor-element-23ef08df elementor-widget elementor-widget-heading\" data-id=\"23ef08df\" data-element_type=\"widget\" data-widget_type=\"heading.default\">\n\t\t\t\t<div class=\"elementor-widget-container\">\n\t\t\t\t\t<h3 class=\"elementor-heading-title elementor-size-default\">Sonido premium para su negocio: en un paquete conveniente<\/h3>\t\t\t\t<\/div>\n\t\t\t\t<\/div>\n\t\t\t\t<div class=\"elementor-element elementor-element-febd64b elementor-widget elementor-widget-text-editor\" data-id=\"febd64b\" data-element_type=\"widget\" data-widget_type=\"text-editor.default\">\n\t\t\t\t<div class=\"elementor-widget-container\">\n\t\t\t\t\t\t\t\t\t<p>AudioPack Pro es una soluci\u00f3n de m\u00fasica de fondo y megafon\u00eda que aporta el sonido caracter\u00edstico de Bose Professional a su negocio, todo en un paquete pr\u00e1ctico y listo para instalar. Dentro de la caja hay un amplificador y FreeSpace Altavoces FS, perfectamente sincronizados y optimizados para mejorar la experiencia del cliente con audio premium. La combinaci\u00f3n ideal de rendimiento y valor, esta soluci\u00f3n ofrece una durabilidad excepcional, un dise\u00f1o limpio y una f\u00e1cil instalaci\u00f3n.<\/p>\t\t\t\t\t\t\t\t<\/div>\n\t\t\t\t<\/div>\n\t\t<div data-particle_enable=\"false\" data-particle-mobile-disabled=\"false\" class=\"elementor-element elementor-element-4bcb389d e-con-full e-flex e-con e-child\" data-id=\"4bcb389d\" data-element_type=\"container\" data-settings=\"{&quot;background_background&quot;:&quot;classic&quot;}\">\n\t\t\t\t<div class=\"elementor-element elementor-element-bf479a0 elementor-widget elementor-widget-text-editor\" data-id=\"bf479a0\" data-element_type=\"widget\" data-widget_type=\"text-editor.default\">\n\t\t\t\t<div class=\"elementor-widget-container\">\n\t\t\t\t\t\t\t\t\t<ul class=\"audiopack-list1\">\n \t<li><strong>Los altavoces FreeSpace FS<\/strong> ofrecen durabilidad y rendimiento, una est\u00e9tica agradable y facilidad de instalaci\u00f3n, con una tonalidad notablemente consistente.<\/li>\n \t<li><strong>El amplificador de zona integrado FreeSpace IZA 190-HZ<\/strong> ofrece un sonido de primera calidad, una configuraci\u00f3n sencilla, un funcionamiento diario f\u00e1cil y la flexibilidad de ampliarlo cuando se necesiten m\u00e1s altavoces.<\/li>\n \t<li><strong>Instrucciones sencillas disponibles a trav\u00e9s del c\u00f3digo QR en la caja<\/strong> que lo guiar\u00e1n a trav\u00e9s del proceso de instalaci\u00f3n, con soporte t\u00e9cnico profesional disponible si es necesario.<\/li>\n \t<li><strong>Tres paquetes de sistemas diferentes<\/strong> para mayor flexibilidad y satisfacer sus necesidades espec\u00edficas.<\/li>\n \t<li><strong>Escuche lo mejor de la m\u00fasica y la voz<\/strong> con transductores que ofrecen una reproducci\u00f3n de voz clara y una respuesta suave para la m\u00fasica de fondo.<\/li>\n \t<li><strong>Su est\u00e9tica moderna y sus caracter\u00edsticas pr\u00e1cticas<\/strong> se integran con diversos dise\u00f1os de habitaciones. Disponible en blanco y negro, incluye logotipos extra\u00edbles para una apariencia m\u00e1s limpia y discreta.<\/li>\n \t<li><strong>Apoyo a la seguridad p\u00fablica<\/strong> \u2014 todo FreeSpace Los modelos FS est\u00e1n certificados seg\u00fan UL 1480 ULC-S541 para su uso en sistemas de alarma y se\u00f1alizaci\u00f3n contra incendios en aplicaciones de seguridad humana.<\/li>\n<\/ul>\t\t\t\t\t\t\t\t<\/div>\n\t\t\t\t<\/div>\n\t\t\t\t<\/div>\n\t\t\t\t\t<\/div>\n\t\t\t\t<\/div>\n\t\t<div data-particle_enable=\"false\" data-particle-mobile-disabled=\"false\" class=\"elementor-element elementor-element-33281273 e-flex e-con-boxed e-con e-parent\" data-id=\"33281273\" data-element_type=\"container\">\n\t\t\t\t\t<div class=\"e-con-inner\">\n\t\t\t\t<div class=\"elementor-element elementor-element-2d1f2792 toc-heads-bar elementor-widget elementor-widget-heading\" data-id=\"2d1f2792\" data-element_type=\"widget\" data-widget_type=\"heading.default\">\n\t\t\t\t<div class=\"elementor-widget-container\">\n\t\t\t\t\t<h2 class=\"elementor-heading-title elementor-size-default\">L\u00ednea de productos<\/h2>\t\t\t\t<\/div>\n\t\t\t\t<\/div>\n\t\t\t\t<div class=\"elementor-element elementor-element-f101fb1 elementor-widget elementor-widget-heading\" data-id=\"f101fb1\" data-element_type=\"widget\" data-widget_type=\"heading.default\">\n\t\t\t\t<div class=\"elementor-widget-container\">\n\t\t\t\t\t<h3 class=\"elementor-heading-title elementor-size-default\">Elige tu paquete de sistema<\/h3>\t\t\t\t<\/div>\n\t\t\t\t<\/div>\n\t\t<div data-particle_enable=\"false\" data-particle-mobile-disabled=\"false\" class=\"elementor-element elementor-element-11d3c82 e-grid e-con-full e-con e-child\" data-id=\"11d3c82\" data-element_type=\"container\">\n\t\t<div data-particle_enable=\"false\" data-particle-mobile-disabled=\"false\" class=\"elementor-element elementor-element-00d64f0 e-con-full e-flex e-con e-child\" data-id=\"00d64f0\" data-element_type=\"container\">\n\t\t\t\t<div class=\"elementor-element elementor-element-e24b109 elementor-widget elementor-widget-image\" data-id=\"e24b109\" data-element_type=\"widget\" data-widget_type=\"image.default\">\n\t\t\t\t<div class=\"elementor-widget-container\">\n\t\t\t\t\t\t\t\t\t\t\t\t\t\t\t<img fetchpriority=\"high\" decoding=\"async\" width=\"842\" height=\"718\" src=\"https:\/\/assets.boseprofessional.com\/m\/3867640c17531c59\/original\/audiopack_C6_product_tile-png.png\" class=\"attachment-large size-large wp-image-45050\" alt=\"AudioPack Pro C6\" srcset=\"https:\/\/assets.boseprofessional.com\/m\/3867640c17531c59\/original\/audiopack_C6_product_tile-png.png 842w, https:\/\/assets.boseprofessional.com\/transform\/d0754d3d-5a23-4ee8-9a15-c0f5be6696a8\/audiopack_C6_product_tile-png?io=transform:scale,width:150,height:128 150w, https:\/\/assets.boseprofessional.com\/transform\/d0754d3d-5a23-4ee8-9a15-c0f5be6696a8\/audiopack_C6_product_tile-png?io=transform:scale,width:300,height:256 300w, https:\/\/assets.boseprofessional.com\/transform\/d0754d3d-5a23-4ee8-9a15-c0f5be6696a8\/audiopack_C6_product_tile-png?io=transform:scale,width:480,height:409 480w, https:\/\/assets.boseprofessional.com\/transform\/d0754d3d-5a23-4ee8-9a15-c0f5be6696a8\/audiopack_C6_product_tile-png?io=transform:scale,width:768,height:655 768w, https:\/\/assets.boseprofessional.com\/transform\/d0754d3d-5a23-4ee8-9a15-c0f5be6696a8\/audiopack_C6_product_tile-png?io=transform:scale,width:100,height:85 100w\" sizes=\"(max-width: 842px) 100vw, 842px\" \/>\t\t\t\t\t\t\t\t\t\t\t\t\t\t\t<\/div>\n\t\t\t\t<\/div>\n\t\t\t\t<div class=\"elementor-element elementor-element-11dece6 elementor-widget elementor-widget-text-editor\" data-id=\"11dece6\" data-element_type=\"widget\" data-widget_type=\"text-editor.default\">\n\t\t\t\t<div class=\"elementor-widget-container\">\n\t\t\t\t\t\t\t\t\t<p><strong>AudioPack Pro C6W<br \/><\/strong> Disponible solo en Am\u00e9rica del Norte<\/p><p><strong>Incluye 6 altavoces de montaje en techo, mezclador\/amplificador y puentes de mosaico.<\/strong><\/p>\t\t\t\t\t\t\t\t<\/div>\n\t\t\t\t<\/div>\n\t\t\t\t<div class=\"elementor-element elementor-element-4e4338ec elementor-align-center elementor-widget elementor-widget-button\" data-id=\"4e4338ec\" data-element_type=\"widget\" data-widget_type=\"button.default\">\n\t\t\t\t<div class=\"elementor-widget-container\">\n\t\t\t\t\t\t\t\t\t<div class=\"elementor-button-wrapper\">\n\t\t\t\t\t<a class=\"elementor-button elementor-button-link elementor-size-sm\" href=\"\/es\/products\/system-packs\/audiopack-pro\/audiopack-pro-c6w\/\" target=\"_blank\">\n\t\t\t\t\t\t<span class=\"elementor-button-content-wrapper\">\n\t\t\t\t\t\t\t\t\t<span class=\"elementor-button-text\">M\u00e1s informaci\u00f3n<\/span>\n\t\t\t\t\t<\/span>\n\t\t\t\t\t<\/a>\n\t\t\t\t<\/div>\n\t\t\t\t\t\t\t\t<\/div>\n\t\t\t\t<\/div>\n\t\t\t\t<\/div>\n\t\t<div data-particle_enable=\"false\" data-particle-mobile-disabled=\"false\" class=\"elementor-element elementor-element-2cd9eaf e-con-full e-flex e-con e-child\" data-id=\"2cd9eaf\" data-element_type=\"container\">\n\t\t\t\t<div class=\"elementor-element elementor-element-6e988e9 elementor-widget elementor-widget-image\" data-id=\"6e988e9\" data-element_type=\"widget\" data-widget_type=\"image.default\">\n\t\t\t\t<div class=\"elementor-widget-container\">\n\t\t\t\t\t\t\t\t\t\t\t\t\t\t\t<img decoding=\"async\" width=\"842\" height=\"718\" src=\"https:\/\/assets.boseprofessional.com\/m\/67552ad222f8140\/original\/audiopack_C4W_product_tile-png.png\" class=\"attachment-large size-large wp-image-53016\" alt=\"AudioPack Pro C4W\" srcset=\"https:\/\/assets.boseprofessional.com\/m\/67552ad222f8140\/original\/audiopack_C4W_product_tile-png.png 842w, https:\/\/assets.boseprofessional.com\/transform\/d495f09d-0322-43ae-9901-4737b3224327\/audiopack_C4W_product_tile-png?io=transform:scale,width:150,height:128 150w, https:\/\/assets.boseprofessional.com\/transform\/d495f09d-0322-43ae-9901-4737b3224327\/audiopack_C4W_product_tile-png?io=transform:scale,width:300,height:256 300w, https:\/\/assets.boseprofessional.com\/transform\/d495f09d-0322-43ae-9901-4737b3224327\/audiopack_C4W_product_tile-png?io=transform:scale,width:480,height:409 480w, https:\/\/assets.boseprofessional.com\/transform\/d495f09d-0322-43ae-9901-4737b3224327\/audiopack_C4W_product_tile-png?io=transform:scale,width:768,height:655 768w, https:\/\/assets.boseprofessional.com\/transform\/d495f09d-0322-43ae-9901-4737b3224327\/audiopack_C4W_product_tile-png?io=transform:scale,width:100,height:85 100w\" sizes=\"(max-width: 842px) 100vw, 842px\" \/>\t\t\t\t\t\t\t\t\t\t\t\t\t\t\t<\/div>\n\t\t\t\t<\/div>\n\t\t\t\t<div class=\"elementor-element elementor-element-3c79a6d elementor-widget elementor-widget-text-editor\" data-id=\"3c79a6d\" data-element_type=\"widget\" data-widget_type=\"text-editor.default\">\n\t\t\t\t<div class=\"elementor-widget-container\">\n\t\t\t\t\t\t\t\t\t<p><strong>AudioPack Pro C4W<br \/><\/strong> Disponible fuera de Am\u00e9rica del Norte<\/p><p><strong>Incluye 4 altavoces de techo y mezclador\/amplificador.<\/strong><\/p>\t\t\t\t\t\t\t\t<\/div>\n\t\t\t\t<\/div>\n\t\t\t\t<div class=\"elementor-element elementor-element-094bae9 elementor-align-center elementor-widget elementor-widget-button\" data-id=\"094bae9\" data-element_type=\"widget\" data-widget_type=\"button.default\">\n\t\t\t\t<div class=\"elementor-widget-container\">\n\t\t\t\t\t\t\t\t\t<div class=\"elementor-button-wrapper\">\n\t\t\t\t\t<a class=\"elementor-button elementor-button-link elementor-size-sm\" href=\"\/es\/products\/system-packs\/audiopack-pro\/audiopack-pro-c4w\/\" target=\"_blank\">\n\t\t\t\t\t\t<span class=\"elementor-button-content-wrapper\">\n\t\t\t\t\t\t\t\t\t<span class=\"elementor-button-text\">M\u00e1s informaci\u00f3n<\/span>\n\t\t\t\t\t<\/span>\n\t\t\t\t\t<\/a>\n\t\t\t\t<\/div>\n\t\t\t\t\t\t\t\t<\/div>\n\t\t\t\t<\/div>\n\t\t\t\t<\/div>\n\t\t<div data-particle_enable=\"false\" data-particle-mobile-disabled=\"false\" class=\"elementor-element elementor-element-ff826a5 e-con-full e-flex e-con e-child\" data-id=\"ff826a5\" data-element_type=\"container\">\n\t\t\t\t<div class=\"elementor-element elementor-element-cb7f789 elementor-widget elementor-widget-image\" data-id=\"cb7f789\" data-element_type=\"widget\" data-widget_type=\"image.default\">\n\t\t\t\t<div class=\"elementor-widget-container\">\n\t\t\t\t\t\t\t\t\t\t\t\t\t\t\t<img decoding=\"async\" width=\"842\" height=\"718\" src=\"https:\/\/assets.boseprofessional.com\/m\/2a0e134e8621daeb\/original\/AudioPack-S4W-Product-Tile_New-png.png\" class=\"attachment-large size-large wp-image-45052\" alt=\"Paquete de audio S4W\" srcset=\"https:\/\/assets.boseprofessional.com\/m\/2a0e134e8621daeb\/original\/AudioPack-S4W-Product-Tile_New-png.png 842w, https:\/\/assets.boseprofessional.com\/transform\/6a15cd35-be49-4e8a-aed4-1e41fae8691b\/AudioPack-S4W-Product-Tile_New-png?io=transform:scale,width:150,height:128 150w, https:\/\/assets.boseprofessional.com\/transform\/6a15cd35-be49-4e8a-aed4-1e41fae8691b\/AudioPack-S4W-Product-Tile_New-png?io=transform:scale,width:300,height:256 300w, https:\/\/assets.boseprofessional.com\/transform\/6a15cd35-be49-4e8a-aed4-1e41fae8691b\/AudioPack-S4W-Product-Tile_New-png?io=transform:scale,width:480,height:409 480w, https:\/\/assets.boseprofessional.com\/transform\/6a15cd35-be49-4e8a-aed4-1e41fae8691b\/AudioPack-S4W-Product-Tile_New-png?io=transform:scale,width:768,height:655 768w, https:\/\/assets.boseprofessional.com\/transform\/6a15cd35-be49-4e8a-aed4-1e41fae8691b\/AudioPack-S4W-Product-Tile_New-png?io=transform:scale,width:100,height:85 100w\" sizes=\"(max-width: 842px) 100vw, 842px\" \/>\t\t\t\t\t\t\t\t\t\t\t\t\t\t\t<\/div>\n\t\t\t\t<\/div>\n\t\t\t\t<div class=\"elementor-element elementor-element-8902097 elementor-widget elementor-widget-text-editor\" data-id=\"8902097\" data-element_type=\"widget\" data-widget_type=\"text-editor.default\">\n\t\t\t\t<div class=\"elementor-widget-container\">\n\t\t\t\t\t\t\t\t\t<p><strong>AudioPack Pro S4W<br \/><\/strong> Disponible en todos los pa\u00edses admitidos<\/p><p><strong>Incluye 4 altavoces de montaje en superficie y mezclador\/amplificador.<\/strong><\/p>\t\t\t\t\t\t\t\t<\/div>\n\t\t\t\t<\/div>\n\t\t\t\t<div class=\"elementor-element elementor-element-cc671d1 elementor-align-center elementor-widget elementor-widget-button\" data-id=\"cc671d1\" data-element_type=\"widget\" data-widget_type=\"button.default\">\n\t\t\t\t<div class=\"elementor-widget-container\">\n\t\t\t\t\t\t\t\t\t<div class=\"elementor-button-wrapper\">\n\t\t\t\t\t<a class=\"elementor-button elementor-button-link elementor-size-sm\" href=\"\/es\/products\/system-packs\/audiopack-pro\/audiopack-pro-s4w\/\" target=\"_blank\">\n\t\t\t\t\t\t<span class=\"elementor-button-content-wrapper\">\n\t\t\t\t\t\t\t\t\t<span class=\"elementor-button-text\">M\u00e1s informaci\u00f3n<\/span>\n\t\t\t\t\t<\/span>\n\t\t\t\t\t<\/a>\n\t\t\t\t<\/div>\n\t\t\t\t\t\t\t\t<\/div>\n\t\t\t\t<\/div>\n\t\t\t\t<\/div>\n\t\t<div data-particle_enable=\"false\" data-particle-mobile-disabled=\"false\" class=\"elementor-element elementor-element-d847975 e-con-full e-flex e-con e-child\" data-id=\"d847975\" data-element_type=\"container\">\n\t\t\t\t<div class=\"elementor-element elementor-element-2ac260e elementor-widget elementor-widget-image\" data-id=\"2ac260e\" data-element_type=\"widget\" data-widget_type=\"image.default\">\n\t\t\t\t<div class=\"elementor-widget-container\">\n\t\t\t\t\t\t\t\t\t\t\t\t\t\t\t<img loading=\"lazy\" decoding=\"async\" width=\"842\" height=\"718\" src=\"https:\/\/assets.boseprofessional.com\/m\/18d871d62e3b7271\/original\/AudioPack-S4B-Product-Tile-png.png\" class=\"attachment-large size-large wp-image-45051\" alt=\"Paquete de audio S4B\" srcset=\"https:\/\/assets.boseprofessional.com\/m\/18d871d62e3b7271\/original\/AudioPack-S4B-Product-Tile-png.png 842w, https:\/\/assets.boseprofessional.com\/transform\/0bb09905-dad5-4b64-84b6-3078a197a9b1\/AudioPack-S4B-Product-Tile-png?io=transform:scale,width:150,height:128 150w, https:\/\/assets.boseprofessional.com\/transform\/0bb09905-dad5-4b64-84b6-3078a197a9b1\/AudioPack-S4B-Product-Tile-png?io=transform:scale,width:300,height:256 300w, https:\/\/assets.boseprofessional.com\/transform\/0bb09905-dad5-4b64-84b6-3078a197a9b1\/AudioPack-S4B-Product-Tile-png?io=transform:scale,width:480,height:409 480w, https:\/\/assets.boseprofessional.com\/transform\/0bb09905-dad5-4b64-84b6-3078a197a9b1\/AudioPack-S4B-Product-Tile-png?io=transform:scale,width:768,height:655 768w, https:\/\/assets.boseprofessional.com\/transform\/0bb09905-dad5-4b64-84b6-3078a197a9b1\/AudioPack-S4B-Product-Tile-png?io=transform:scale,width:100,height:85 100w\" sizes=\"(max-width: 842px) 100vw, 842px\" \/>\t\t\t\t\t\t\t\t\t\t\t\t\t\t\t<\/div>\n\t\t\t\t<\/div>\n\t\t\t\t<div class=\"elementor-element elementor-element-2a2d49b elementor-widget elementor-widget-text-editor\" data-id=\"2a2d49b\" data-element_type=\"widget\" data-widget_type=\"text-editor.default\">\n\t\t\t\t<div class=\"elementor-widget-container\">\n\t\t\t\t\t\t\t\t\t<p><strong>AudioPack Pro S4B<br \/><\/strong> Disponible en todos los pa\u00edses admitidos<\/p><p><strong>Incluye 4 altavoces de montaje en superficie y mezclador\/amplificador.<\/strong><\/p>\t\t\t\t\t\t\t\t<\/div>\n\t\t\t\t<\/div>\n\t\t\t\t<div class=\"elementor-element elementor-element-026f1c0 elementor-align-center elementor-widget elementor-widget-button\" data-id=\"026f1c0\" data-element_type=\"widget\" data-widget_type=\"button.default\">\n\t\t\t\t<div class=\"elementor-widget-container\">\n\t\t\t\t\t\t\t\t\t<div class=\"elementor-button-wrapper\">\n\t\t\t\t\t<a class=\"elementor-button elementor-button-link elementor-size-sm\" href=\"\/es\/products\/system-packs\/audiopack-pro\/audiopack-pro-s4b\/\" target=\"_blank\">\n\t\t\t\t\t\t<span class=\"elementor-button-content-wrapper\">\n\t\t\t\t\t\t\t\t\t<span class=\"elementor-button-text\">M\u00e1s informaci\u00f3n<\/span>\n\t\t\t\t\t<\/span>\n\t\t\t\t\t<\/a>\n\t\t\t\t<\/div>\n\t\t\t\t\t\t\t\t<\/div>\n\t\t\t\t<\/div>\n\t\t\t\t<\/div>\n\t\t\t\t<\/div>\n\t\t\t\t\t<\/div>\n\t\t\t\t<\/div>\n\t\t<div data-particle_enable=\"false\" data-particle-mobile-disabled=\"false\" class=\"elementor-element elementor-element-1f60734b e-flex e-con-boxed e-con e-parent\" data-id=\"1f60734b\" data-element_type=\"container\" data-settings=\"{&quot;background_background&quot;:&quot;classic&quot;}\">\n\t\t\t\t\t<div class=\"e-con-inner\">\n\t\t\t\t<div class=\"elementor-element elementor-element-f374123 elementor-widget elementor-widget-heading\" data-id=\"f374123\" data-element_type=\"widget\" data-widget_type=\"heading.default\">\n\t\t\t\t<div class=\"elementor-widget-container\">\n\t\t\t\t\t<h3 class=\"elementor-heading-title elementor-size-default\">\u00bfNecesita ayuda o desea obtener m\u00e1s informaci\u00f3n sobre AudioPack Pro<\/h3>\t\t\t\t<\/div>\n\t\t\t\t<\/div>\n\t\t\t\t<div class=\"elementor-element elementor-element-6187e267 elementor-widget elementor-widget-text-editor\" data-id=\"6187e267\" data-element_type=\"widget\" data-widget_type=\"text-editor.default\">\n\t\t\t\t<div class=\"elementor-widget-container\">\n\t\t\t\t\t\t\t\t\t<p>Haz clic en el bot\u00f3n para contactarnos. Nuestro equipo de soporte global se pondr\u00e1 en contacto contigo para responder a tus preguntas.<\/p>\t\t\t\t\t\t\t\t<\/div>\n\t\t\t\t<\/div>\n\t\t\t\t<div class=\"elementor-element elementor-element-57780e68 elementor-align-center elementor-widget elementor-widget-button\" data-id=\"57780e68\" data-element_type=\"widget\" data-widget_type=\"button.default\">\n\t\t\t\t<div class=\"elementor-widget-container\">\n\t\t\t\t\t\t\t\t\t<div class=\"elementor-button-wrapper\">\n\t\t\t\t\t<a class=\"elementor-button elementor-button-link elementor-size-sm\" href=\"\/es\/contact-us\/\">\n\t\t\t\t\t\t<span class=\"elementor-button-content-wrapper\">\n\t\t\t\t\t\t\t\t\t<span class=\"elementor-button-text\">Comun\u00edcate con nosotros<\/span>\n\t\t\t\t\t<\/span>\n\t\t\t\t\t<\/a>\n\t\t\t\t<\/div>\n\t\t\t\t\t\t\t\t<\/div>\n\t\t\t\t<\/div>\n\t\t\t\t\t<\/div>\n\t\t\t\t<\/div>\n\t\t\t\t<\/div>\n\t\t","protected":false},"excerpt":{"rendered":"<p>Mejora el ambiente de su empresa con AudioPack Pro, la soluci\u00f3n todo en uno de Bose Professional para m\u00fasica ambiental y megafon\u00eda. Listo para instalar, ofrece un sonido exclusivo sin esfuerzo.<\/p>\n","protected":false},"author":33,"featured_media":108568,"parent":5319,"menu_order":6,"comment_status":"closed","ping_status":"closed","template":"","meta":{"_acf_changed":false,"ep_exclude_from_search":false,"footnotes":""},"page-category":[5170],"class_list":["post-103936","page","type-page","status-publish","has-post-thumbnail","hentry","page-category-solutions"],"acf":[],"_links":{"self":[{"href":"https:\/\/boseprofessional.com\/es\/wp-json\/wp\/v2\/pages\/103936","targetHints":{"allow":["GET"]}}],"collection":[{"href":"https:\/\/boseprofessional.com\/es\/wp-json\/wp\/v2\/pages"}],"about":[{"href":"https:\/\/boseprofessional.com\/es\/wp-json\/wp\/v2\/types\/page"}],"author":[{"embeddable":true,"href":"https:\/\/boseprofessional.com\/es\/wp-json\/wp\/v2\/users\/33"}],"replies":[{"embeddable":true,"href":"https:\/\/boseprofessional.com\/es\/wp-json\/wp\/v2\/comments?post=103936"}],"version-history":[{"count":3,"href":"https:\/\/boseprofessional.com\/es\/wp-json\/wp\/v2\/pages\/103936\/revisions"}],"predecessor-version":[{"id":151713,"href":"https:\/\/boseprofessional.com\/es\/wp-json\/wp\/v2\/pages\/103936\/revisions\/151713"}],"up":[{"embeddable":true,"href":"https:\/\/boseprofessional.com\/es\/wp-json\/wp\/v2\/pages\/5319"}],"wp:featuredmedia":[{"embeddable":true,"href":"https:\/\/boseprofessional.com\/es\/wp-json\/wp\/v2\/media\/108568"}],"wp:attachment":[{"href":"https:\/\/boseprofessional.com\/es\/wp-json\/wp\/v2\/media?parent=103936"}],"wp:term":[{"taxonomy":"page-category","embeddable":true,"href":"https:\/\/boseprofessional.com\/es\/wp-json\/wp\/v2\/page-category?post=103936"}],"curies":[{"name":"wp","href":"https:\/\/api.w.org\/{rel}","templated":true}]}}