{"id":102446,"date":"2024-02-26T13:48:45","date_gmt":"2024-02-26T13:48:45","guid":{"rendered":"https:\/\/uatnew.boseprofessional.com\/?page_id=102446"},"modified":"2025-02-10T14:28:54","modified_gmt":"2025-02-10T14:28:54","slug":"bose-professional-learning-center","status":"publish","type":"page","link":"https:\/\/boseprofessional.com\/es\/bose-professional-learning-center\/","title":{"rendered":"Bose Professional Learning Center"},"content":{"rendered":"<div class=\"mp_wrapper\">\n  <div class=\"mepr-unauthorized-message\">\n    <p>No est\u00e1 autorizado para ver esta p\u00e1gina.<\/p>\n<p>Si est\u00e1 intentando registrarse en el Centro Educativo, haga clic <a href=\"https:\/\/boseprofessional.com\/es\/lms-registration\/\">aqu\u00ed<\/a><\/p>\n<p>Para obtener ayuda con el centro educativo, env\u00ede un correo electr\u00f3nico <a href=\"mailto:boseproeducation@boseprofessional.com\">a boseproeducation@boseprofessional.com<\/a><\/p>\n<p>Si ya tiene una cuenta, ingrese sus credenciales a continuaci\u00f3n:<\/p>\n  <\/div>\n  <div class=\"mepr-login-form-wrap\">\n      <\/div>\n<\/div>\n","protected":false},"excerpt":{"rendered":"<p>No est\u00e1 autorizado para ver esta p\u00e1gina. Si intenta registrarse en el Centro Educativo, haga clic aqu\u00ed. Para obtener ayuda con el Centro Educativo, env\u00ede un correo electr\u00f3nico a boseproeducation@boseprofessional.com. Si ya tiene una cuenta, ingrese sus credenciales a continuaci\u00f3n:<\/p>\n","protected":false},"author":33,"featured_media":0,"parent":0,"menu_order":0,"comment_status":"closed","ping_status":"closed","template":"","meta":{"_acf_changed":false,"ep_exclude_from_search":false,"footnotes":""},"page-category":[],"class_list":["post-102446","page","type-page","status-publish","hentry"],"acf":[],"_links":{"self":[{"href":"https:\/\/boseprofessional.com\/es\/wp-json\/wp\/v2\/pages\/102446","targetHints":{"allow":["GET"]}}],"collection":[{"href":"https:\/\/boseprofessional.com\/es\/wp-json\/wp\/v2\/pages"}],"about":[{"href":"https:\/\/boseprofessional.com\/es\/wp-json\/wp\/v2\/types\/page"}],"author":[{"embeddable":true,"href":"https:\/\/boseprofessional.com\/es\/wp-json\/wp\/v2\/users\/33"}],"replies":[{"embeddable":true,"href":"https:\/\/boseprofessional.com\/es\/wp-json\/wp\/v2\/comments?post=102446"}],"version-history":[{"count":3,"href":"https:\/\/boseprofessional.com\/es\/wp-json\/wp\/v2\/pages\/102446\/revisions"}],"predecessor-version":[{"id":150084,"href":"https:\/\/boseprofessional.com\/es\/wp-json\/wp\/v2\/pages\/102446\/revisions\/150084"}],"wp:attachment":[{"href":"https:\/\/boseprofessional.com\/es\/wp-json\/wp\/v2\/media?parent=102446"}],"wp:term":[{"taxonomy":"page-category","embeddable":true,"href":"https:\/\/boseprofessional.com\/es\/wp-json\/wp\/v2\/page-category?post=102446"}],"curies":[{"name":"wp","href":"https:\/\/api.w.org\/{rel}","templated":true}]}}