{"id":101666,"date":"2024-02-23T15:16:12","date_gmt":"2024-02-23T15:16:12","guid":{"rendered":"https:\/\/uatnew.boseprofessional.com\/?page_id=101666"},"modified":"2025-07-02T17:03:17","modified_gmt":"2025-07-02T17:03:17","slug":"about-instructors","status":"publish","type":"page","link":"https:\/\/boseprofessional.com\/es\/about-instructors\/","title":{"rendered":"About Instructors"},"content":{"rendered":"\t\t<div data-elementor-type=\"wp-page\" data-elementor-id=\"101666\" class=\"elementor elementor-101666\" data-elementor-post-type=\"page\">\n\t\t\t\t<div data-particle_enable=\"false\" data-particle-mobile-disabled=\"false\" class=\"elementor-element elementor-element-676e2db e-flex e-con-boxed e-con e-parent\" data-id=\"676e2db\" data-element_type=\"container\" data-settings=\"{&quot;background_background&quot;:&quot;classic&quot;}\">\n\t\t\t\t\t<div class=\"e-con-inner\">\n\t\t<div data-particle_enable=\"false\" data-particle-mobile-disabled=\"false\" class=\"elementor-element elementor-element-635c143 e-con-full e-flex e-con e-child\" data-id=\"635c143\" data-element_type=\"container\">\n\t\t\t\t<div class=\"elementor-element elementor-element-855a6bb elementor-widget elementor-widget-heading\" data-id=\"855a6bb\" data-element_type=\"widget\" data-widget_type=\"heading.default\">\n\t\t\t\t<div class=\"elementor-widget-container\">\n\t\t\t\t\t<h2 class=\"elementor-heading-title elementor-size-default\">GERENTE DE CAPACITACI\u00d3N<\/h2>\t\t\t\t<\/div>\n\t\t\t\t<\/div>\n\t\t\t\t<div class=\"elementor-element elementor-element-da55f9c elementor-widget elementor-widget-text-editor\" data-id=\"da55f9c\" data-element_type=\"widget\" data-widget_type=\"text-editor.default\">\n\t\t\t\t<div class=\"elementor-widget-container\">\n\t\t\t\t\t\t\t\t\t<p>Me gusta vivir a la vanguardia de la tecnolog\u00eda. Ya sea con una nueva versi\u00f3n de c\u00f3digo abierto, probando la versi\u00f3n beta de un controlador MIDI secuenciador de \u00faltima generaci\u00f3n o dise\u00f1ando e imprimiendo en 3D un nuevo soporte o pieza para facilitarme la vida y la de los dem\u00e1s, creo que ese futuro est\u00e1 en nuestras manos. Esto es m\u00e1s cierto que nunca.<\/p>\n<p>Desde mis primeros a\u00f1os desmontando videograbadoras en el taller de mi padre, hasta construir cohetes y karts de propulsi\u00f3n gravitacional en mi adolescencia, aprender c\u00f3mo funcionaban las cosas fue lo que me impuls\u00f3 a seguir adelante. Necesitaba saber c\u00f3mo ese nuevo aparato hac\u00eda \"m\u00e1gicamente\" lo que se supon\u00eda que deb\u00eda hacer. Esto llev\u00f3 a que muchos nuevos regalos en mis primeros a\u00f1os se desmantelaran al instante sin tener ni idea de c\u00f3mo volver a armarlos, pero con cada nueva idea que descubr\u00eda y cada habilidad que adquir\u00eda, descubr\u00ed que el sonido me llamaba m\u00e1s la atenci\u00f3n que cualquier otro medio.<\/p>\n<p>Mi carrera me ha llevado desde la mezcla para grandes eventos en vivo hasta la integraci\u00f3n audiovisual corporativa y la creaci\u00f3n de contenido para capacitaciones. El motor que me ha impulsado siempre ha sido aprender un nuevo concepto o idea y poder desglosarlo para ayudar al resto del equipo a crecer, ganar confianza y ser m\u00e1s capaz.<\/p>\n<p>Por eso estoy tan emocionado de promover esa idea de aprendizaje, de ayudarle a descubrir c\u00f3mo funcionan nuestros productos aqu\u00ed en Bose Professional trabajar m\u00e1gicamente y ayudar a facilitar ese siguiente paso adelante en sus esfuerzos profesionales.<\/p>\n<p>En mi tiempo libre, me puedes encontrar disfrutando del aire libre en patineta el\u00e9ctrica, disfrutando de la pr\u00f3xima aventura llena de sintetizadores, buscando el sonido que tengo en la cabeza en los monitores de mi estudio o impartiendo una clase local de construcci\u00f3n de drones de carreras. \u00a1No dudes en contactarme y espero que disfrutes de nuestros cursos de capacitaci\u00f3n!<\/p>\t\t\t\t\t\t\t\t<\/div>\n\t\t\t\t<\/div>\n\t\t\t\t<\/div>\n\t\t<div data-particle_enable=\"false\" data-particle-mobile-disabled=\"false\" class=\"elementor-element elementor-element-13d8313 e-con-full e-flex e-con e-child\" data-id=\"13d8313\" data-element_type=\"container\">\n\t\t\t\t<div class=\"elementor-element elementor-element-1db258a elementor-widget elementor-widget-image\" data-id=\"1db258a\" data-element_type=\"widget\" data-widget_type=\"image.default\">\n\t\t\t\t<div class=\"elementor-widget-container\">\n\t\t\t\t\t\t\t\t\t\t\t\t\t\t\t<img fetchpriority=\"high\" decoding=\"async\" width=\"600\" height=\"577\" src=\"https:\/\/assets.boseprofessional.com\/transform\/4c8a455f-27de-4310-88a5-bc1d1e18b76f\/alex_instructor_v2\" class=\"attachment-large size-large wp-image-101673\" alt=\"\" srcset=\"https:\/\/assets.boseprofessional.com\/transform\/4c8a455f-27de-4310-88a5-bc1d1e18b76f\/alex_instructor_v2 600w, https:\/\/assets.boseprofessional.com\/transform\/4c8a455f-27de-4310-88a5-bc1d1e18b76f\/alex_instructor_v2?io=transform:scale,width:150,height:144 150w, https:\/\/assets.boseprofessional.com\/transform\/4c8a455f-27de-4310-88a5-bc1d1e18b76f\/alex_instructor_v2?io=transform:scale,width:300,height:289 300w, https:\/\/assets.boseprofessional.com\/transform\/4c8a455f-27de-4310-88a5-bc1d1e18b76f\/alex_instructor_v2?io=transform:scale,width:480,height:462 480w, https:\/\/assets.boseprofessional.com\/transform\/4c8a455f-27de-4310-88a5-bc1d1e18b76f\/alex_instructor_v2?io=transform:scale,width:416,height:400 416w, https:\/\/assets.boseprofessional.com\/transform\/4c8a455f-27de-4310-88a5-bc1d1e18b76f\/alex_instructor_v2?io=transform:scale,width:100,height:96 100w\" sizes=\"(max-width: 600px) 100vw, 600px\" \/>\t\t\t\t\t\t\t\t\t\t\t\t\t\t\t<\/div>\n\t\t\t\t<\/div>\n\t\t\t\t<\/div>\n\t\t\t\t\t<\/div>\n\t\t\t\t<\/div>\n\t\t<div data-particle_enable=\"false\" data-particle-mobile-disabled=\"false\" class=\"elementor-element elementor-element-a00b7a3 e-flex e-con-boxed e-con e-parent\" data-id=\"a00b7a3\" data-element_type=\"container\" data-settings=\"{&quot;background_background&quot;:&quot;classic&quot;}\">\n\t\t\t\t\t<div class=\"e-con-inner\">\n\t\t\t\t<div class=\"elementor-element elementor-element-447b71d elementor-widget-divider--view-line elementor-widget elementor-widget-divider\" data-id=\"447b71d\" data-element_type=\"widget\" data-widget_type=\"divider.default\">\n\t\t\t\t<div class=\"elementor-widget-container\">\n\t\t\t\t\t\t\t<div class=\"elementor-divider\">\n\t\t\t<span class=\"elementor-divider-separator\">\n\t\t\t\t\t\t<\/span>\n\t\t<\/div>\n\t\t\t\t\t\t<\/div>\n\t\t\t\t<\/div>\n\t\t\t\t\t<\/div>\n\t\t\t\t<\/div>\n\t\t<div data-particle_enable=\"false\" data-particle-mobile-disabled=\"false\" class=\"elementor-element elementor-element-e78bc65 e-flex e-con-boxed e-con e-parent\" data-id=\"e78bc65\" data-element_type=\"container\" data-settings=\"{&quot;background_background&quot;:&quot;classic&quot;}\">\n\t\t\t\t\t<div class=\"e-con-inner\">\n\t\t<div data-particle_enable=\"false\" data-particle-mobile-disabled=\"false\" class=\"elementor-element elementor-element-f7c0f4a e-con-full e-flex e-con e-child\" data-id=\"f7c0f4a\" data-element_type=\"container\">\n\t\t\t\t<div class=\"elementor-element elementor-element-6cc511c elementor-widget elementor-widget-image\" data-id=\"6cc511c\" data-element_type=\"widget\" data-widget_type=\"image.default\">\n\t\t\t\t<div class=\"elementor-widget-container\">\n\t\t\t\t\t\t\t\t\t\t\t\t\t\t\t<img decoding=\"async\" width=\"600\" height=\"577\" src=\"https:\/\/assets.boseprofessional.com\/transform\/5375f6df-9de7-4092-bc94-0e3becf08b9a\/josh_instructor_v2\" class=\"attachment-large size-large wp-image-101674\" alt=\"\" srcset=\"https:\/\/assets.boseprofessional.com\/transform\/5375f6df-9de7-4092-bc94-0e3becf08b9a\/josh_instructor_v2 600w, https:\/\/assets.boseprofessional.com\/transform\/5375f6df-9de7-4092-bc94-0e3becf08b9a\/josh_instructor_v2?io=transform:scale,width:150,height:144 150w, https:\/\/assets.boseprofessional.com\/transform\/5375f6df-9de7-4092-bc94-0e3becf08b9a\/josh_instructor_v2?io=transform:scale,width:300,height:289 300w, https:\/\/assets.boseprofessional.com\/transform\/5375f6df-9de7-4092-bc94-0e3becf08b9a\/josh_instructor_v2?io=transform:scale,width:480,height:462 480w, https:\/\/assets.boseprofessional.com\/transform\/5375f6df-9de7-4092-bc94-0e3becf08b9a\/josh_instructor_v2?io=transform:scale,width:416,height:400 416w, https:\/\/assets.boseprofessional.com\/transform\/5375f6df-9de7-4092-bc94-0e3becf08b9a\/josh_instructor_v2?io=transform:scale,width:100,height:96 100w\" sizes=\"(max-width: 600px) 100vw, 600px\" \/>\t\t\t\t\t\t\t\t\t\t\t\t\t\t\t<\/div>\n\t\t\t\t<\/div>\n\t\t\t\t<\/div>\n\t\t<div data-particle_enable=\"false\" data-particle-mobile-disabled=\"false\" class=\"elementor-element elementor-element-222d1ce e-con-full e-flex e-con e-child\" data-id=\"222d1ce\" data-element_type=\"container\">\n\t\t\t\t<div class=\"elementor-element elementor-element-dcdace3 elementor-widget elementor-widget-heading\" data-id=\"dcdace3\" data-element_type=\"widget\" data-widget_type=\"heading.default\">\n\t\t\t\t<div class=\"elementor-widget-container\">\n\t\t\t\t\t<h2 class=\"elementor-heading-title elementor-size-default\">DESARROLLADOR DE CONTENIDO DE EDUCACI\u00d3N T\u00c9CNICA<\/h2>\t\t\t\t<\/div>\n\t\t\t\t<\/div>\n\t\t\t\t<div class=\"elementor-element elementor-element-7d4e4d0 elementor-widget elementor-widget-text-editor\" data-id=\"7d4e4d0\" data-element_type=\"widget\" data-widget_type=\"text-editor.default\">\n\t\t\t\t<div class=\"elementor-widget-container\">\n\t\t\t\t\t\t\t\t\t<p>Me considero un estudiante de toda la vida y me impulsa el deseo y la pasi\u00f3n por aprender. Por eso agradezco la oportunidad de convertir creativamente lo que aprendo en recursos formativos interesantes para otros. Independientemente del m\u00e9todo, me encanta ayudar y ense\u00f1ar a los dem\u00e1s.<\/p>\n<p>Ser hijo de un exdirector de banda significaba que la cuesti\u00f3n no era si iba a aprender a tocar un instrumento musical, sino cu\u00e1ndo. No lo sab\u00eda en ese momento, pero esto finalmente despert\u00f3 mi amor por el sonido e influy\u00f3 enormemente en mis decisiones profesionales. Mi pasi\u00f3n por la m\u00fasica creci\u00f3 a medida que aprend\u00ed a tocar el saxof\u00f3n de joven. Pronto, tambi\u00e9n tocaba el piano y la guitarra, lo que me llev\u00f3 a formar mis propias bandas mientras segu\u00eda tocando el saxof\u00f3n en la escuela. Mi obsesi\u00f3n por la m\u00fasica se convirti\u00f3 en una obsesi\u00f3n por el sonido despu\u00e9s de tener la oportunidad de tocar en mi primera maqueta y quedar decepcionado con el resultado del ingeniero de grabaci\u00f3n.<\/p>\n<p>He pasado de gestionar tiendas de discos a apenas cubrir gastos como m\u00fasico de gira, a mezclar sonido en directo, a atender llamadas nocturnas para solucionar problemas con equipos audiovisuales defectuosos y, durante los \u00faltimos ocho a\u00f1os, a ense\u00f1ar y crear contenido en la industria audiovisual profesional. Todo esto ha estado ligado a mi pasi\u00f3n por el sonido.<\/p>\n<p>Estoy agradecido por la oportunidad de trabajar junto a tantas mentes talentosas en Bose Professional Y me entusiasma impulsar m\u00faltiples m\u00e9todos de capacitaci\u00f3n t\u00e9cnica. A medida que la tecnolog\u00eda avanza y cambia nuestra forma de aprender, me entusiasma seguir educ\u00e1ndolos sobre c\u00f3mo nuestros productos... Bose Professional trabajar.<\/p>\n<p>En mi tiempo libre, disfruto explorando el dise\u00f1o de sonido, escribiendo canciones, descubriendo un nuevo mundo en un libro o videojuego, y perfeccionando un plato en la cocina. Conf\u00edo en que nuestros cursos de formaci\u00f3n te ayudar\u00e1n a triunfar en tu pr\u00f3ximo trabajo, y no dudes en contactarme. Estoy aqu\u00ed para ayudarte.<\/p>\t\t\t\t\t\t\t\t<\/div>\n\t\t\t\t<\/div>\n\t\t\t\t<\/div>\n\t\t\t\t\t<\/div>\n\t\t\t\t<\/div>\n\t\t\t\t<\/div>\n\t\t","protected":false},"excerpt":{"rendered":"<p>GERENTE DE CAPACITACI\u00d3N Me gusta estar a la vanguardia de la tecnolog\u00eda. Ya sea con una nueva versi\u00f3n de c\u00f3digo abierto, probando la versi\u00f3n beta de un controlador MIDI secuenciador de \u00faltima generaci\u00f3n o dise\u00f1ando e imprimiendo en 3D un nuevo soporte o pieza para facilitarme la vida y la de los dem\u00e1s, creo que ese futuro est\u00e1 a la vuelta de la esquina. [\u2026]<\/p>\n","protected":false},"author":18,"featured_media":0,"parent":0,"menu_order":0,"comment_status":"closed","ping_status":"closed","template":"","meta":{"_acf_changed":false,"ep_exclude_from_search":false,"footnotes":""},"page-category":[],"class_list":["post-101666","page","type-page","status-publish","hentry"],"acf":[],"_links":{"self":[{"href":"https:\/\/boseprofessional.com\/es\/wp-json\/wp\/v2\/pages\/101666","targetHints":{"allow":["GET"]}}],"collection":[{"href":"https:\/\/boseprofessional.com\/es\/wp-json\/wp\/v2\/pages"}],"about":[{"href":"https:\/\/boseprofessional.com\/es\/wp-json\/wp\/v2\/types\/page"}],"author":[{"embeddable":true,"href":"https:\/\/boseprofessional.com\/es\/wp-json\/wp\/v2\/users\/18"}],"replies":[{"embeddable":true,"href":"https:\/\/boseprofessional.com\/es\/wp-json\/wp\/v2\/comments?post=101666"}],"version-history":[{"count":3,"href":"https:\/\/boseprofessional.com\/es\/wp-json\/wp\/v2\/pages\/101666\/revisions"}],"predecessor-version":[{"id":166365,"href":"https:\/\/boseprofessional.com\/es\/wp-json\/wp\/v2\/pages\/101666\/revisions\/166365"}],"wp:attachment":[{"href":"https:\/\/boseprofessional.com\/es\/wp-json\/wp\/v2\/media?parent=101666"}],"wp:term":[{"taxonomy":"page-category","embeddable":true,"href":"https:\/\/boseprofessional.com\/es\/wp-json\/wp\/v2\/page-category?post=101666"}],"curies":[{"name":"wp","href":"https:\/\/api.w.org\/{rel}","templated":true}]}}