{"id":17886,"date":"2023-12-07T17:59:23","date_gmt":"2023-12-07T17:59:23","guid":{"rendered":"https:\/\/uatnew.boseprofessional.com\/products\/uncategorized\/audiopack-pro-c4w"},"modified":"2024-11-14T16:53:14","modified_gmt":"2024-11-14T16:53:14","slug":"audiopack-pro-c4w","status":"publish","type":"product","link":"https:\/\/boseprofessional.com\/de\/products\/system-packs\/audiopack-pro\/audiopack-pro-c4w\/","title":{"rendered":"AudioPack Pro C4W"},"content":{"rendered":"\n<div id=\"installer-step-by-step{idadd}\" class=\"{gcl}\">\n<div class=\"div-ce75fa0 {gcl}\">\n<h2 class=\"heading-c7000b6 {gcl}\">Schritt-f\u00fcr-Schritt-Anleitung zur Installation<\/h2>\n<\/div>\n\n\n\n<div class=\"div-c479be0 {gcl}\">\n<div class=\"div-cb158b1 {gcl}\">\r\n            <div class=\"wistia_responsive_padding\" style=\"padding:56.25% 0 0 0;position:relative;\">\r\n                <div class=\"wistia_responsive_wrapper\" style=\"height:100%;left:0;position:absolute;top:0;width:100%;\">\r\n                    <div class=\"wistia_embed wistia_async_gpv0itubcc seo=true videoFoam=true\" style=\"height:100%;position:relative;width:100%\">\r\n                        <div class=\"wistia_swatch\" style=\"height:100%;left:0;opacity:0;overflow:hidden;position:absolute;top:0;transition:opacity 200ms;width:100%;\">\r\n                            <img decoding=\"async\" loading=\"lazy\" src=\"https:\/\/fast.wistia.com\/embed\/medias\/gpv0itubcc\/swatch\" style=\"filter:blur(5px);height:100%;object-fit:contain;width:100%;\" alt=\"\" aria-hidden=\"true\" onload=\"this.parentNode.style.opacity=1;\" \/>\r\n                        <\/div>\r\n                    <\/div>\r\n                <\/div>\r\n            <\/div>\r\n\r\n        \r\n        <script>\r\n        jQuery(window).load(function(){\r\n            let tag = document.createElement(\"script\");\r\n            tag.src = \"https:\/\/fast.wistia.com\/embed\/medias\/gpv0itubcc.jsonp\";\r\n            tag.setAttribute('defer', '');\r\n            document.getElementsByTagName(\"head\")[0].appendChild(tag);\r\n        })\r\n        <\/script>\r\n        \n\n\n<p class=\"paragraph-cfae1a6 {gcl}\"><strong>Video ansehen<\/strong><\/p>\n<\/div>\n\n\n\n<div class=\"div-c1a79cd {gcl}\">\n<p>Wenn Sie noch keine Erfahrung mit gewerblichen Beschallungsanlagen haben, haben Sie vielleicht Fragen zu Best Practices und wo Sie die ben\u00f6tigten Informationen finden. Um Ihnen zu helfen, haben wir eine benutzerfreundliche <strong>Online-Anleitung f\u00fcr Installateure erstellt.<\/strong> Sie bietet einen nahtlosen, schrittweisen Workflow f\u00fcr die Planung, Konfiguration und Installation Ihrer Anlage. AudioPack Pro System \u2013 alles an einem praktischen Ort.<\/p>\n\n\n\n<p>Die erstklassigen Online-Anleitungen sorgen f\u00fcr eine schnelle, effiziente Einrichtung und machen R\u00e4tselraten \u00fcberfl\u00fcssig.<\/p>\n\n\n\n<div class=\"{gcl}\">\n<a class=\"{gcl} cc-btn {currentpageclass=static=https:\/\/boseprofessional.com\/c4-step-by-step}\" href=\"https:\/\/boseprofessional.com\/de\/c4-step-by-step\/\" rel=\"noopener\" target=\"_blank\">gehe zu Seite<\/a>\n<\/div>\n<\/div>\n<\/div>\n<\/div>\n","protected":false},"excerpt":{"rendered":"","protected":false},"featured_media":53016,"template":"","meta":{"_acf_changed":false,"ep_exclude_from_search":false},"product_brand":[],"product_cat":[4632,4631],"product_tag":[],"class_list":{"0":"post-17886","1":"product","2":"type-product","3":"status-publish","4":"has-post-thumbnail","6":"product_cat-audiopack-pro","7":"product_cat-system-packs","8":"bose_series_name-audiopack-pro","10":"first","11":"outofstock","12":"shipping-taxable","13":"product-type-variable"},"acf":[],"_links":{"self":[{"href":"https:\/\/boseprofessional.com\/de\/wp-json\/wp\/v2\/product\/17886","targetHints":{"allow":["GET"]}}],"collection":[{"href":"https:\/\/boseprofessional.com\/de\/wp-json\/wp\/v2\/product"}],"about":[{"href":"https:\/\/boseprofessional.com\/de\/wp-json\/wp\/v2\/types\/product"}],"version-history":[{"count":1,"href":"https:\/\/boseprofessional.com\/de\/wp-json\/wp\/v2\/product\/17886\/revisions"}],"predecessor-version":[{"id":134410,"href":"https:\/\/boseprofessional.com\/de\/wp-json\/wp\/v2\/product\/17886\/revisions\/134410"}],"wp:featuredmedia":[{"embeddable":true,"href":"https:\/\/boseprofessional.com\/de\/wp-json\/wp\/v2\/media\/53016"}],"wp:attachment":[{"href":"https:\/\/boseprofessional.com\/de\/wp-json\/wp\/v2\/media?parent=17886"}],"wp:term":[{"taxonomy":"product_brand","embeddable":true,"href":"https:\/\/boseprofessional.com\/de\/wp-json\/wp\/v2\/product_brand?post=17886"},{"taxonomy":"product_cat","embeddable":true,"href":"https:\/\/boseprofessional.com\/de\/wp-json\/wp\/v2\/product_cat?post=17886"},{"taxonomy":"product_tag","embeddable":true,"href":"https:\/\/boseprofessional.com\/de\/wp-json\/wp\/v2\/product_tag?post=17886"}],"curies":[{"name":"wp","href":"https:\/\/api.w.org\/{rel}","templated":true}]}}