{"id":17775,"date":"2023-12-07T17:32:38","date_gmt":"2023-12-07T17:32:38","guid":{"rendered":"https:\/\/uatnew.boseprofessional.com\/products\/uncategorized\/arenamatch-utility-amu208-small-format-foreground-fill-loudspeaker"},"modified":"2025-07-02T16:17:31","modified_gmt":"2025-07-02T16:17:31","slug":"arenamatch-amu208-compact-high-performance-loudspeaker","status":"publish","type":"product","link":"https:\/\/boseprofessional.com\/de\/products\/loudspeakers\/surface-mount\/amu\/arenamatch-amu208-compact-high-performance-loudspeaker\/","title":{"rendered":"ArenaMatch AMU208 compact high-performance loudspeaker"},"content":{"rendered":"","protected":false},"excerpt":{"rendered":"<p>Konzipiert f\u00fcr fl\u00e4chendeckende Beschallung oder Musik mit hohem Schalldruckpegel im Vordergrund, Bose Professional ArenaMatch Utility-Lautsprecher weisen eine \u00e4hnliche Klangbalance auf wie ArenaMatch Array-Module, jedoch in kompakter Bauform. Sie verf\u00fcgen \u00fcber denselben EMB2S-Kompressionstreiber wie ArenaMatch Die Arrays gew\u00e4hrleisten einen gleichm\u00e4\u00dfigen Klang und die gleiche Schutzart IP55. Sie eignen sich ideal f\u00fcr die fl\u00e4chendeckende Beschallung von Sportstadien, Arenen, Open-Air-Veranstaltungszentren und mehr. Oder sie sorgen f\u00fcr klaren, hochwertigen Klang in jedem Au\u00dfenbereich \u2013 von kleinen Veranstaltungsorten wie Brauereien und Messegel\u00e4nden bis hin zu gr\u00f6\u00dferen Anlagen wie Resorts und Einkaufszentren.<\/p>\n<p>Der AMU208 ist ein Kleinformatger\u00e4t. ArenaMatch Dieses kompakte Lautsprechermodell eignet sich ideal f\u00fcr Au\u00dfenanwendungen, die exzellenten Klang erfordern. Es bietet eine breite und gleichm\u00e4\u00dfige Abdeckung dank eines 90\u00b0 \u00d7 60\u00b0 Hochtonhorns mit konstanter Richtwirkung, einem Frequenzgang von 70 Hz bis 16 kHz, einem maximalen Schalldruckpegel von 126 dB und unterst\u00fctzt die tiefsten Stimmfrequenzen mit zwei Treibern. Bose Professional LF8 8-Zoll-Tieft\u00f6ner.<\/p>\n","protected":false},"featured_media":138352,"template":"","meta":{"_acf_changed":false,"ep_exclude_from_search":false},"product_brand":[],"product_cat":[3088,3077,3081],"product_tag":[],"class_list":{"0":"post-17775","1":"product","2":"type-product","3":"status-publish","4":"has-post-thumbnail","6":"product_cat-amu","7":"product_cat-loudspeakers","8":"product_cat-surface-mount","9":"bose_series_name-arenamatch-utility","10":"bose_doc_category-compliance_documents","11":"bose_doc_category-loudspeaker-files","12":"bose_doc_category-cad_files","13":"bose_doc_category-product_images_zip","14":"bose_doc_category-technical-information","15":"bose_doc_category-user_documentation","17":"first","18":"instock","19":"shipping-taxable","20":"product-type-variable"},"acf":[],"_links":{"self":[{"href":"https:\/\/boseprofessional.com\/de\/wp-json\/wp\/v2\/product\/17775","targetHints":{"allow":["GET"]}}],"collection":[{"href":"https:\/\/boseprofessional.com\/de\/wp-json\/wp\/v2\/product"}],"about":[{"href":"https:\/\/boseprofessional.com\/de\/wp-json\/wp\/v2\/types\/product"}],"version-history":[{"count":2,"href":"https:\/\/boseprofessional.com\/de\/wp-json\/wp\/v2\/product\/17775\/revisions"}],"predecessor-version":[{"id":165868,"href":"https:\/\/boseprofessional.com\/de\/wp-json\/wp\/v2\/product\/17775\/revisions\/165868"}],"wp:featuredmedia":[{"embeddable":true,"href":"https:\/\/boseprofessional.com\/de\/wp-json\/wp\/v2\/media\/138352"}],"wp:attachment":[{"href":"https:\/\/boseprofessional.com\/de\/wp-json\/wp\/v2\/media?parent=17775"}],"wp:term":[{"taxonomy":"product_brand","embeddable":true,"href":"https:\/\/boseprofessional.com\/de\/wp-json\/wp\/v2\/product_brand?post=17775"},{"taxonomy":"product_cat","embeddable":true,"href":"https:\/\/boseprofessional.com\/de\/wp-json\/wp\/v2\/product_cat?post=17775"},{"taxonomy":"product_tag","embeddable":true,"href":"https:\/\/boseprofessional.com\/de\/wp-json\/wp\/v2\/product_tag?post=17775"}],"curies":[{"name":"wp","href":"https:\/\/api.w.org\/{rel}","templated":true}]}}