{"id":159318,"date":"2025-04-09T19:01:43","date_gmt":"2025-04-09T19:01:43","guid":{"rendered":"https:\/\/boseprofessional.com\/?post_type=product&#038;p=159318"},"modified":"2026-03-27T20:38:48","modified_gmt":"2026-03-27T20:38:48","slug":"veritas-2160bl","status":"publish","type":"product","link":"https:\/\/boseprofessional.com\/de\/products\/power-amplifiers\/mixer-amps\/veritas\/veritas-2160bl\/","title":{"rendered":"Veritas 2160BL"},"content":{"rendered":"","protected":false},"excerpt":{"rendered":"<p>F\u00fcr Anwendungen, die mehr Leistung in einem niederohmigen 4\/8-Ohm-System erfordern, liefert der 2160BL einen robusten Klang f\u00fcr gr\u00f6\u00dfere R\u00e4ume, Restaurants und Veranstaltungsorte.<\/p>\n","protected":false},"featured_media":159755,"template":"","meta":{"_acf_changed":false,"ep_exclude_from_search":false},"product_brand":[],"product_cat":[5288,3042,2782],"product_tag":[5473],"class_list":{"0":"post-159318","1":"product","2":"type-product","3":"status-publish","4":"has-post-thumbnail","6":"product_cat-veritas","7":"product_cat-mixer-amps","8":"product_cat-power-amplifiers","9":"product_tag-jp-only","10":"bose_series_name-veritas","11":"bose_doc_category-compliance_documents","12":"bose_doc_category-cad_files","13":"bose_doc_category-product_brochure","14":"bose_doc_category-product_images_zip","15":"bose_doc_category-technical-information","16":"bose_doc_category-user_documentation","18":"first","19":"outofstock","20":"shipping-taxable","21":"product-type-variable"},"acf":[],"_links":{"self":[{"href":"https:\/\/boseprofessional.com\/de\/wp-json\/wp\/v2\/product\/159318","targetHints":{"allow":["GET"]}}],"collection":[{"href":"https:\/\/boseprofessional.com\/de\/wp-json\/wp\/v2\/product"}],"about":[{"href":"https:\/\/boseprofessional.com\/de\/wp-json\/wp\/v2\/types\/product"}],"version-history":[{"count":2,"href":"https:\/\/boseprofessional.com\/de\/wp-json\/wp\/v2\/product\/159318\/revisions"}],"predecessor-version":[{"id":173385,"href":"https:\/\/boseprofessional.com\/de\/wp-json\/wp\/v2\/product\/159318\/revisions\/173385"}],"wp:featuredmedia":[{"embeddable":true,"href":"https:\/\/boseprofessional.com\/de\/wp-json\/wp\/v2\/media\/159755"}],"wp:attachment":[{"href":"https:\/\/boseprofessional.com\/de\/wp-json\/wp\/v2\/media?parent=159318"}],"wp:term":[{"taxonomy":"product_brand","embeddable":true,"href":"https:\/\/boseprofessional.com\/de\/wp-json\/wp\/v2\/product_brand?post=159318"},{"taxonomy":"product_cat","embeddable":true,"href":"https:\/\/boseprofessional.com\/de\/wp-json\/wp\/v2\/product_cat?post=159318"},{"taxonomy":"product_tag","embeddable":true,"href":"https:\/\/boseprofessional.com\/de\/wp-json\/wp\/v2\/product_tag?post=159318"}],"curies":[{"name":"wp","href":"https:\/\/api.w.org\/{rel}","templated":true}]}}