{"id":138593,"date":"2024-12-02T22:06:53","date_gmt":"2024-12-02T22:06:53","guid":{"rendered":"https:\/\/bosepro-dev-test.boseprofessional.com\/?post_type=product&#038;p=138593"},"modified":"2025-08-18T20:10:44","modified_gmt":"2025-08-18T20:10:44","slug":"402-series-v-installed-sound-reinforcement-loudspeaker","status":"publish","type":"product","link":"https:\/\/boseprofessional.com\/de\/products\/loudspeakers\/surface-mount\/802-402\/402-series-v-installed-sound-reinforcement-loudspeaker\/","title":{"rendered":"402 Series V installed sound reinforcement loudspeaker"},"content":{"rendered":"","protected":false},"excerpt":{"rendered":"<p>Die Legende lebt weiter. Einer der meistverkauften Beschallungslautsprecher ist zur\u00fcck. Die 402 Series V verf\u00fcgt \u00fcber acht 4,5-Zoll-Breitbandtreiber mit einem ausgewogenen Frequenzgang.<\/p>\n","protected":false},"featured_media":138594,"template":"","meta":{"_acf_changed":false,"ep_exclude_from_search":false},"product_brand":[],"product_cat":[5211,3077,3081],"product_tag":[5245],"class_list":{"0":"post-138593","1":"product","2":"type-product","3":"status-publish","4":"has-post-thumbnail","6":"product_cat-802-402","7":"product_cat-loudspeakers","8":"product_cat-surface-mount","9":"product_tag-asia-reg-1-only","10":"bose_series_name-series-v","11":"bose_doc_category-compliance_documents","12":"bose_doc_category-loudspeaker-files","13":"bose_doc_category-product_images_zip","14":"bose_doc_category-technical-information","15":"bose_doc_category-user_documentation","16":"geotargetlygeocontent1738081148430_content_1","18":"first","19":"outofstock","20":"shipping-taxable","21":"product-type-variable"},"acf":[],"_links":{"self":[{"href":"https:\/\/boseprofessional.com\/de\/wp-json\/wp\/v2\/product\/138593","targetHints":{"allow":["GET"]}}],"collection":[{"href":"https:\/\/boseprofessional.com\/de\/wp-json\/wp\/v2\/product"}],"about":[{"href":"https:\/\/boseprofessional.com\/de\/wp-json\/wp\/v2\/types\/product"}],"version-history":[{"count":3,"href":"https:\/\/boseprofessional.com\/de\/wp-json\/wp\/v2\/product\/138593\/revisions"}],"predecessor-version":[{"id":160951,"href":"https:\/\/boseprofessional.com\/de\/wp-json\/wp\/v2\/product\/138593\/revisions\/160951"}],"wp:featuredmedia":[{"embeddable":true,"href":"https:\/\/boseprofessional.com\/de\/wp-json\/wp\/v2\/media\/138594"}],"wp:attachment":[{"href":"https:\/\/boseprofessional.com\/de\/wp-json\/wp\/v2\/media?parent=138593"}],"wp:term":[{"taxonomy":"product_brand","embeddable":true,"href":"https:\/\/boseprofessional.com\/de\/wp-json\/wp\/v2\/product_brand?post=138593"},{"taxonomy":"product_cat","embeddable":true,"href":"https:\/\/boseprofessional.com\/de\/wp-json\/wp\/v2\/product_cat?post=138593"},{"taxonomy":"product_tag","embeddable":true,"href":"https:\/\/boseprofessional.com\/de\/wp-json\/wp\/v2\/product_tag?post=138593"}],"curies":[{"name":"wp","href":"https:\/\/api.w.org\/{rel}","templated":true}]}}