{"id":3794,"date":"2023-09-12T13:58:25","date_gmt":"2023-09-12T13:58:25","guid":{"rendered":"https:\/\/uatnew.boseprofessional.com\/?page_id=3794"},"modified":"2024-03-19T11:39:47","modified_gmt":"2024-03-19T11:39:47","slug":"es1-ceiling-audio-solution","status":"publish","type":"page","link":"https:\/\/boseprofessional.com\/de\/applications\/corporate\/es1-ceiling-audio-solution\/","title":{"rendered":"ES1 Ceiling Audio Solution"},"content":{"rendered":"\n<section class=\"bp_es1-section {gcl} cc-sct\">\n<div class=\"{gcl} cc-cntr\">\n<img decoding=\"async\" class=\"cc-img\" src=\"https:\/\/assets.boseprofessional.com\/transform\/6171efc6-cf07-430e-8401-904924603fea\/es1_header_1920x550_v2-jpeg\" srcset=\"{imageset=31291}\" sizes=\"{imagesizes=31291=false}\" width=\"{imagewidth=31291}\" height=\"{imageheight=31291}\" alt=\"{imagealt=31291}\"\/>\n<\/div>\n<\/section>\n\n\n\n<div id=\"bpStickyOnScrollNav{idadd}\" class=\"bp_sticky-scroll-nav-wrap\">\n<div class=\"bp_sticky-scroll-nav-container {gcl}\">\n<div class=\"bp_sticky-scroll-left\">\n<div class=\"{gcl}\">\n<p class=\"bp_sticky-nav-drop-selected-label\">W\u00e4hlen\u2026<\/p>\n\n\n\n<div class=\"bp_sticky-nav-drop-arrow {gcl}\"><\/div>\n<\/div>\n\n\n\n<div class=\"bp_sticky-nav-list\"><ul><li><a href=\"#overview\">\u00dcberblick<\/a><\/li><li><a href=\"#products\">Produkte<\/a><\/li><li><a href=\"#downloads\">Downloads<\/a><\/li><\/ul><\/div>\n<\/div>\n\n\n\n<div class=\"bp_sticky-scroll-right\">\n<a class=\"{gcl} cc-btn {currentpageclass=static=\/company\/technology-alliances}\" href=\"\/de\/company\/technology-alliances\/\">Partnernetzwerk<\/a> <a class=\"{gcl} cc-btn {currentpageclass=static=https:\/\/boseprofessional.com\/contact-a-dealer}\" href=\"https:\/\/boseprofessional.com\/de\/contact-a-dealer\/\">Kontaktieren Sie einen H\u00e4ndler<\/a>\n<\/div>\n<\/div>\n\n\n\n<script>\nvar inPageNavOffset, pageAnchorScrolled;\nvar fixedOffsetNav = jQuery(\"#bpStickyOnScrollNav\").offset().top;\nvar fixedOffsetHeader = jQuery('.bp_site-header').offset().top;\nfunction calculateScrollTop(element) {\n    var navElement = jQuery(\"#bpStickyOnScrollNav\");\n    var scrollTop = jQuery(element).offset().top;\t\n    if (navElement.offset().top > jQuery(window).scrollTop()) {\n\t\tif( navElement.hasClass(\"sticky\")){\n\t\t\tscrollTop = jQuery(element).offset().top - jQuery('.bp_site-header').outerHeight() ;\n\t\t}else{\n\t\t\tscrollTop = jQuery(element).offset().top - jQuery('.bp_site-header').outerHeight() - navElement.outerHeight();\n\t\t}       \n    }\n    \/\/scrollTop -= navElement.hasClass(\"sticky\") ? navElement.outerHeight() : 0;\n\tscrollTop -= ((jQuery(element).offset().top - navElement.outerHeight()) > fixedOffsetNav) ? navElement.outerHeight() : 0;\n    jQuery(\"html\").animate({ scrollTop: scrollTop }, 300);\n\tpageAnchorScrolled = true;\n    window.location.hash = element;\n}\nfunction updateInPageOffset() {\n    jQuery(\"#bpStickyOnScrollNav\").removeClass(\"sticky\");\n    inPageNavOffset = jQuery(\"#bpStickyOnScrollNav\").offset().top - jQuery(\".bp_site-header\").outerHeight();\n}\n\njQuery(window).on(\"resize\", function () {\n    updateInPageOffset();\n}),\n    jQuery(document).ready(function () {\n        updateInPageOffset(),\n            jQuery(window).bind(\"scroll\", function () {\n                jQuery(window).scrollTop() > inPageNavOffset ? jQuery(\"#bpStickyOnScrollNav\").addClass(\"sticky\") : jQuery(\"#bpStickyOnScrollNav\").removeClass(\"sticky\");\n            }),\n            jQuery(\".bp_sticky-nav-list ul li a\").on(\"click\", function (t) {\n                t.preventDefault(), calculateScrollTop(this.hash), jQuery(\".bp_sticky-nav-list ul li a\").removeClass(\"current-tab\"), jQuery(this).addClass(\"current-tab\");\n            }),\n            jQuery(window).scroll(function () {\n                var t = jQuery(window).scrollTop();\n\t\t\t\tif (!pageAnchorScrolled) {\n\t\t\t\t\tjQuery(\".bp_page-navigation-content\").each(function () {\n\t\t\t\t\t\tvar s = jQuery(this).offset().top;\n\t\t\t\t\t\tif (t >= s - 210 && t <= s + jQuery(this).height()) {\n\t\t\t\t\t\t\tvar i = jQuery(this).attr(\"id\");\n\t\t\t\t\t\t\tjQuery(\".bp_sticky-nav-list ul li a\").removeClass(\"current-tab\");\n\t\t\t\t\t\t\tif (getWidth() > 1023) {\n\t\t\t\t\t\t\t\tjQuery(`.bp_sticky-nav-list ul li a[href=\"#${i}\"]`).addClass(\"current-tab\");\t\n\t\t\t\t\t\t\t}\n\n\t\t\t\t\t\t}\n\t\t\t\t\t});\n\t\t\t\t}\n\t\t\t\tpageAnchorScrolled = false;\n            }),\n            jQuery(\".bp_sticky-nav-drop-menu-selector\").on(\"click\", function () {\n                jQuery(\".bp_sticky-nav-list\").hasClass(\"open\")\n                    ? (jQuery(\".bp_sticky-nav-list\").slideUp(), jQuery(\".bp_sticky-nav-list\").removeClass(\"open\"))\n                    : (jQuery(\".bp_sticky-nav-list\").slideDown(), jQuery(\".bp_sticky-nav-list\").addClass(\"open\")),\n                    jQuery(\".bp_sticky-nav-list\").hasClass(\"open\") &&\n                        jQuery(\".bp_sticky-nav-list ul li a\").on(\"click\", function () {\n                            jQuery(\".bp_sticky-nav-list\").slideUp(),\n                                jQuery(\".bp_sticky-nav-list\").removeClass(\"open\"),\n                                jQuery(\".bp_sticky-nav-list ul li a\").removeClass(\"selected-item\"),\n                                jQuery(this).addClass(\"selected-item\"),\n                                jQuery(\".bp_sticky-nav-drop-menu-selector p\").text(jQuery(this).text());\n                        });\n            }),\n            jQuery(window).bind(\"resize\", function () {\n                getWidth() >= 1024\n                    ? (jQuery(\".bp_sticky-nav-list ul li a\").off(\"click\"),\n                      jQuery(\".bp_sticky-nav-list\").show(),\n                      jQuery(\".bp_sticky-nav-list\").removeClass(\"open\"),\n                      jQuery(\".bp_sticky-nav-list ul li a\").removeClass(\"selected-item\"),\n                      jQuery(\".bp_sticky-nav-list ul li a\").on(\"click\", function (t) {\n                          t.preventDefault(), calculateScrollTop(this.hash), jQuery(\".bp_sticky-nav-list ul li a\").removeClass(\"current-tab\"), jQuery(this).addClass(\"current-tab\");\n                      }))\n                    : (jQuery(\".bp_sticky-nav-list ul li a\").removeClass(\"current-tab\"), jQuery(\".bp_sticky-nav-list\").slideUp());\n            }),\n            jQuery(document).on(\"click\", function (t) {\n                1024 > getWidth() && !jQuery(\".bp_sticky-nav-drop-menu-selector\")[0].contains(t.target) && (jQuery(\".bp_sticky-nav-list\").slideUp(), jQuery(\".bp_sticky-nav-list\").removeClass(\"open\"));\n            });\n    });\n\n\n<\/script>\n<\/div>\n\n\n\n<section id=\"overview{idadd}\" class=\"section-c7c814a {gcl} cc-sct\">\n<div class=\"{gcl} cc-cntr\">\n<div class=\"{gcl}\">\n<h2 class=\"{gcl}\">\u00dcBERBLICK<\/h2>\n<\/div>\n\n\n\n<h1 id=\"barco{idadd}\" class=\"heading-c365c6f {gcl}\">Bose Professional Decken-Audiol\u00f6sungen<\/h1>\n\n\n\n<p id=\"heading-c8258b8{idadd}\" class=\"heading-c36df90 {gcl}\">Mehr als vollst\u00e4ndig integriert. Wirklich integriert.<\/p>\n\n\n\n<img decoding=\"async\" class=\"image-ca25619 {gcl} cc-img\" src=\"https:\/\/assets.boseprofessional.com\/transform\/736fc456-1265-4383-8b66-3a0fe2f551b8\/microsoft_and_zoom_and_barco_logos-jpeg\" srcset=\"{imageset=31293}\" sizes=\"auto, {imagesizes=31293=false}\" width=\"{imagewidth=31293}\" height=\"{imageheight=31293}\" alt=\"Logos \u201eZertifiziert f\u00fcr Microsoft Teams\u201c, \u201eKompatibel mit Zoom\u201c und \u201eZertifiziert f\u00fcr ClickShare Conference\u201c\" loading=\"lazy\"\/>\n\n\n\n<p>Schaffen Sie Platz f\u00fcr bessere Zusammenarbeit. Als Teil der Produktfamilie \u201e <a href=\"https:\/\/boseprofessional.com\/de\/solutions\/work\/\" data-type=\"link\" data-id=\"https:\/\/boseprofessional.com\/solutions\/work\">The Sound of Work<\/a> \u201c Bose Professional Deckenbeschallungsl\u00f6sungen sind komplette Konferenzsysteme f\u00fcr vollintegrierte Besprechungsr\u00e4ume. Sie vereinen die Premium-Leistung von Bose Professional Lautsprecher und Sennheiser TeamConnect Ceiling 2 Mikrofon \u2013 zusammen mit einem Bose Professional Verst\u00e4rker und DSP \u2013 f\u00fcr ein reibungsloses Meeting-Erlebnis, das die Produktivit\u00e4t steigert. Es handelt sich um Komplettl\u00f6sungen f\u00fcr die Raumbeschallung, die sich durch schnelle Bereitstellung und Konfiguration der Elektronik auszeichnen und so die Installationszeit verk\u00fcrzen.<\/p>\n\n\n\n<p>Eine Deckenlautsprecherl\u00f6sung ist nicht nur vollst\u00e4ndig integriert \u2013 sie ist wirklich integriert. Sie st\u00f6rt \u00fcberhaupt nicht. Dank weniger Ger\u00e4te an W\u00e4nden und Tischen k\u00f6nnen sich die Teilnehmer frei im Raum bewegen, egal ob sie stehen, sitzen oder sich bewegen, und sich darauf verlassen, dass sie gut geh\u00f6rt und geh\u00f6rt werden.<\/p>\n\n\n\n<p>Mit einer Decken-Audiol\u00f6sung k\u00f6nnen sich Teams leichter auf Ideen konzentrieren, Projekte voranbringen und besser zusammenarbeiten.<\/p>\n\n\n\n<div class=\"div-cc1ff6f {gcl}\">\n<div class=\"div-cbf91f4 {gcl}\">\n<img decoding=\"async\" class=\"image-cc7ba55 cc-img\" src=\"https:\/\/assets.boseprofessional.com\/transform\/42529378-bb88-4885-8d62-5f48406c4f09\/ds4_montage-png?io=transform:fill,width:600&amp;format=webp&amp;quality=85\" srcset=\"{imageset=31296}\" sizes=\"auto, {imagesizes=31296=false}\" width=\"{imagewidth=31296}\" height=\"{imageheight=31296}\" alt=\"DS4-Bundle\" loading=\"lazy\"\/>\n<\/div>\n\n\n\n<div class=\"div-c25c929 {gcl}\">\n<p><strong>Zertifiziert f\u00fcr die Verwendung mit Avaya\u00ae- und Cisco\u00ae-VoIP-Systemen\u00a0<\/strong><\/p>\n\n\n\n<p><strong>Bieten Sie eine wirklich integrierte Premium-Konferenzl\u00f6sung an<\/strong> , die Folgendes kombiniert: Bose Professional Lautsprecher, Sennheiser TeamConnect Deckenmikrofon 2, ControlSpace EX-440C-Prozessor und PowerSpace P2600A Verst\u00e4rker<\/p>\n\n\n\n<p><strong>W\u00e4hlen Sie aus zwei Systemen \u2013<\/strong> dem innovativen ES1-System mit einem EdgeMax EM180 Lautsprecher oder das herk\u00f6mmlichere DS4-System mit vier DesignMax DM2C-LP Lautsprecher<\/p>\n\n\n\n<p><strong>Sorgen Sie f\u00fcr ein \u00fcbersichtlicheres Konferenzerlebnis<\/strong> mit weniger Ger\u00e4ten an W\u00e4nden oder auf Tischen. So k\u00f6nnen sich die Teilnehmer besser auf ihre Arbeit konzentrieren, flexibel im Raum sitzen oder stehen und sich darauf verlassen, klar und deutlich geh\u00f6rt zu werden.<\/p>\n\n\n\n<p><strong>Sorgen Sie mit \u00fcberlegener Echounterdr\u00fcckungstechnologie f\u00fcr Klarheit und Verst\u00e4ndlichkeit in gro\u00dfen Besprechungsr\u00e4umen<\/strong> , sodass sich die Teilnehmer aus der Ferne frei unterhalten und das Gef\u00fchl haben k\u00f6nnen, im selben Raum zu sein.<\/p>\n\n\n\n<p><strong>Schnelle Bereitstellung mit Referenzkonfigurationen<\/strong> , die dazu beitragen, die Installationszeit zu verk\u00fcrzen<\/p>\n\n\n\n<p><strong>Kombinieren Sie es mit g\u00e4ngigen Unified-Communications-Plattformen<\/strong> wie Microsoft Teams, Zoom, Google Meet und anderen, um eine verbesserte Audioleistung in vollst\u00e4ndig integrierten Besprechungsr\u00e4umen zu erzielen.<\/p>\n\n\n\n<p><strong>Schaffen Sie Vertrauen bei Endnutzern<\/strong> , indem Sie eine integrierte Konferenzl\u00f6sung von weltweit angesehenen Audio-Unternehmen anbieten, die diese bereits kennen und als Premiummarken anerkennen.<\/p>\n<\/div>\n<\/div>\n<\/div>\n<\/section>\n\n\n\n<section id=\"products{idadd}\" class=\"{gcl} cc-sct\">\n<div class=\"{gcl} cc-cntr\">\n<div class=\"{gcl}\">\n<h2 class=\"heading-cde4025 {gcl}\">PRODUKTE<\/h2>\n<\/div>\n\n\n\n<div class=\"div-c0f21b2 {gcl}\">\n<div class=\"div-c8d8221 {gcl}\">\n<img decoding=\"async\" class=\"image-ca5811d cc-img\" src=\"https:\/\/assets.boseprofessional.com\/transform\/beba6ac5-7690-426f-acd8-dfba7f5d3fe2\/tcc2_front_1920x1080-png?io=transform:fill,width:600&amp;format=webp&amp;quality=85\" srcset=\"{imageset=31297}\" sizes=\"auto, {imagesizes=31297=false}\" width=\"{imagewidth=31297}\" height=\"{imageheight=31297}\" alt=\"Kein Bild\" loading=\"lazy\"\/>\n\n\n\n<a class=\"button-cf03bee {gcl} cc-btn {currentpageclass=static=https:\/\/en-us.sennheiser.com\/tcc2} cc-ovrl\" href=\"https:\/\/en-us.sennheiser.com\/tcc2\" rel=\"noopener\" target=\"_blank\">PRODUKTDETAILS<\/a>\n<\/div>\n\n\n\n<div class=\"div-c0a626b {gcl}\">\n<p class=\"heading-cb92ffa {gcl}\">Sennheiser TeamConnect Deckenmikrofon 2<\/p>\n\n\n\n<p class=\"bp_mar-btm-0\">Das TeamConnect Ceiling 2 Mikrofon l\u00e4sst sich schnell und einfach installieren und verf\u00fcgt \u00fcber eine patentierte automatische Beamforming-Technologie mit einem einzigen Richtstrahl. Dadurch passt sich das Mikrofon ohne Neukonfiguration an die Raumbedingungen an. Unabh\u00e4ngig von der Raumaufteilung oder den individuellen Bed\u00fcrfnissen der Teilnehmer bietet das TeamConnect Ceiling 2 Mikrofon mehr Flexibilit\u00e4t und volle Redefreiheit.<\/p>\n<\/div>\n<\/div>\n\n\n\n<div class=\"div-c35973b {gcl}\">\n<div class=\"div-ce69e4a {gcl}\">\n<img decoding=\"async\" class=\"image-c0d479e cc-img\" src=\"https:\/\/assets.boseprofessional.com\/transform\/40367270-8c9e-4abf-b34a-98ea8939d1ad\/EdgeMax_PG180_Ortho_Top_Grille_Off-png?io=transform:fill,width:600&amp;format=webp&amp;quality=85\" srcset=\"{imageset=31299}\" sizes=\"auto, {imagesizes=31299=false}\" width=\"{imagewidth=31299}\" height=\"{imageheight=31299}\" alt=\"EdgeMax EM180\" loading=\"lazy\"\/>\n\n\n\n<a class=\"{gcl} cc-btn {currentpageclass=static=\/products\/loudspeakers\/ceiling-mount\/edgemax\/edgemax-em180-loudspeaker} cc-ovrl\" href=\"\/de\/products\/loudspeakers\/ceiling-mount\/edgemax\/edgemax-em180-loudspeaker\/\">PRODUKTDETAILS<\/a>\n<\/div>\n\n\n\n<div class=\"div-cab8d9b {gcl}\">\n<p class=\"heading-c4148d4 {gcl}\">EdgeMax EM180 Lautsprecher<\/p>\n\n\n\n<p class=\"bp_mar-btm-0\">Der Bose Professional EdgeMax EM180 Der Deckeneinbaulautsprecher verf\u00fcgt \u00fcber die patentierte PhaseGuide-Technologie. Dieses einzigartige Lautsprecherdesign vereint die raumf\u00fcllende Klangwiedergabe gr\u00f6\u00dferer Aufbaulautsprecher mit der von Architekten bevorzugten \u00c4sthetik von Deckeneinbaulautsprechern. Er ist f\u00fcr die Montage an der Vorderseite des Besprechungsraums oberhalb des Bildschirms vorgesehen. EdgeMax Lautsprecher lenken die Aufmerksamkeit auf den Bildschirm und sorgen so f\u00fcr ein nat\u00fcrlicheres und weniger erm\u00fcdendes Konferenzerlebnis.<\/p>\n<\/div>\n<\/div>\n\n\n\n<div class=\"div-cee2e4a {gcl}\">\n<div class=\"div-c90c72d {gcl}\">\n<img decoding=\"async\" class=\"image-c7beb2e cc-img\" src=\"https:\/\/assets.boseprofessional.com\/transform\/3609c99f-c590-4b03-849d-cab27fa796ec\/i_DesignMax_DM2C-LP_Flush_Group_1200x1022-png?io=transform:fill,width:1080\" srcset=\"{imageset=70247}\" sizes=\"auto, {imagesizes=70247=false}\" width=\"{imagewidth=70247}\" height=\"{imageheight=70247}\" alt=\"DesignMax DM2C-LP \" loading=\"lazy\"\/>\n\n\n\n<a class=\"button-c3c9633 {gcl} cc-btn {currentpageclass=static=\/products\/loudspeakers\/ceiling-mount\/designmax\/designmax-dm2c-lp-1-pair} cc-ovrl\" href=\"\/de\/products\/loudspeakers\/ceiling-mount\/designmax\/designmax-dm2c-lp-1-pair\/\">PRODUKTDETAILS<\/a>\n<\/div>\n\n\n\n<div class=\"div-c995d15 {gcl}\">\n<p class=\"heading-c2b3ef6 {gcl}\">DesignMax DM2C-LP Lautsprecher<\/p>\n\n\n\n<p class=\"bp_mar-btm-0\">Die 16-Watt DesignMax Der DM2C-LP verf\u00fcgt \u00fcber einen 2,25-Zoll-Wandler und einen Frequenzbereich von 80 Hz bis 19 kHz. Dank seiner geringen H\u00f6he von nur 10 Zentimetern (3,9 Zoll) und des flachen Geh\u00e4uses l\u00e4sst sich der DM2C-LP mithilfe der QuickHold-Montagearme problemlos an nahezu jeder Decke montieren.<\/p>\n<\/div>\n<\/div>\n\n\n\n<div class=\"div-c62afa9 {gcl}\">\n<div class=\"div-c593390 {gcl}\">\n<div data-block-name=\"woocommerce\/single-product\" data-product-id=\"17861\" data-wp-context=\"{&quot;originalProductData&quot;:{&quot;price_html&quot;:null},&quot;productData&quot;:[]}\" data-wp-interactive=\"woocommerce\/single-product\" class=\"wp-block-woocommerce-single-product\"><div data-block-name=\"woocommerce\/product-image\" data-is-descendent-of-single-product-block=\"true\" data-show-product-link=\"false\" data-show-sale-badge=\"false\" class=\"wc-block-components-product-image wc-block-grid__product-image wp-block-woocommerce-product-image\"><a href=\"#\" onclick=\"return false;\" style=\"pointer-events: none; cursor: default;\" ><img fetchpriority=\"high\" decoding=\"async\" width=\"1200\" height=\"1022\" src=\"https:\/\/assets.boseprofessional.com\/m\/5df33a55e631316\/original\/i_ControlSpace_EX-440C_Right-Facing_1200x1022-jpeg.jpeg\" class=\"attachment-woocommerce_single size-woocommerce_single\" alt=\"ControlSpace EX 440C Rechtsseitig\" data-testid=\"product-image\" data-image-id=\"20896\" style=\"max-width:none;object-fit:cover;\" title=\"i_ControlSpace_EX-440C_Right-Facing_1200x1022.jpeg\" srcset=\"https:\/\/assets.boseprofessional.com\/m\/5df33a55e631316\/original\/i_ControlSpace_EX-440C_Right-Facing_1200x1022-jpeg.jpeg 1200w, https:\/\/assets.boseprofessional.com\/transform\/98a8a158-7732-46d3-9f55-7d2db1f20042\/i_ControlSpace_EX-440C_Right-Facing_1200x1022-jpeg?io=transform:scale,width:150,height:128 150w, https:\/\/assets.boseprofessional.com\/transform\/98a8a158-7732-46d3-9f55-7d2db1f20042\/i_ControlSpace_EX-440C_Right-Facing_1200x1022-jpeg?io=transform:scale,width:300,height:256 300w, https:\/\/assets.boseprofessional.com\/transform\/98a8a158-7732-46d3-9f55-7d2db1f20042\/i_ControlSpace_EX-440C_Right-Facing_1200x1022-jpeg?io=transform:scale,width:1024,height:872 1024w, https:\/\/assets.boseprofessional.com\/transform\/98a8a158-7732-46d3-9f55-7d2db1f20042\/i_ControlSpace_EX-440C_Right-Facing_1200x1022-jpeg?io=transform:scale,width:480,height:409 480w, https:\/\/assets.boseprofessional.com\/transform\/98a8a158-7732-46d3-9f55-7d2db1f20042\/i_ControlSpace_EX-440C_Right-Facing_1200x1022-jpeg?io=transform:scale,width:768,height:654 768w, https:\/\/assets.boseprofessional.com\/transform\/98a8a158-7732-46d3-9f55-7d2db1f20042\/i_ControlSpace_EX-440C_Right-Facing_1200x1022-jpeg?io=transform:scale,width:100,height:85 100w\" sizes=\"(max-width: 1200px) 100vw, 1200px\" \/><div class=\"wc-block-components-product-image__inner-container\"><\/div><\/a><\/div><\/div>\n\n\n\n<a class=\"button-cd493b8 {gcl} cc-btn {currentpageclass=static=\/products\/processors\/open-architecture-for-conferencing\/ex-440\/controlspace-ex-440c-conferencing-signal-processor} cc-ovrl\" href=\"\/de\/products\/processors\/open-architecture-for-conferencing\/ex-440\/controlspace-ex-440c-conferencing-signal-processor\/\">PRODUKTDETAILS<\/a>\n<\/div>\n\n\n\n<div class=\"div-c71fa8c {gcl}\">\n<p class=\"heading-c0fde15 {gcl}\">ControlSpace EX-440C Prozessor<\/p>\n\n\n\n<p class=\"bp_mar-btm-0\">Mit einer offenen Architektur und einem All-in-One-Design, ControlSpace Der Konferenzprozessor EX-440C erm\u00f6glicht die hochwertige Mikrofonintegration und Audioverarbeitung f\u00fcr kleine bis mittelgro\u00dfe Konferenzr\u00e4ume. Verschiedene Ein- und Ausg\u00e4nge erlauben eine flexible Konfiguration: vier analoge Mikrofon-\/Line-Eing\u00e4nge, vier analoge Ausg\u00e4nge, integriertes VoIP, PSTN, USB, AmpLink-Ausgang, 8-Kanal-AEC (akustische Echounterdr\u00fcckung) und 16 x 16 Dante\u00ae-Konnektivit\u00e4t. ControlSpace Die Designer-Software vereinfacht den Einrichtungsprozess durch Drag-and-Drop-Programmierung und macht die Konfiguration schnell und einfach.<\/p>\n<\/div>\n<\/div>\n\n\n\n<div class=\"div-cf6121c {gcl}\">\n<div class=\"div-c30c9b2 {gcl}\">\n<img decoding=\"async\" class=\"image-cfbd29a cc-img\" src=\"https:\/\/assets.boseprofessional.com\/transform\/e2ea86e1-77a9-49e0-8ef3-48ab67868ff8\/PowerSpace_P2600A_Right-Facing_1200x1022-png?io=transform:fill,width:600&amp;format=webp&amp;quality=85\" srcset=\"{imageset=31306}\" sizes=\"auto, {imagesizes=31306=false}\" width=\"{imagewidth=31306}\" height=\"{imageheight=31306}\" alt=\"PowerSpace P2600A Verst\u00e4rker\" loading=\"lazy\"\/>\n\n\n\n<a class=\"button-cbe5bcc {gcl} cc-btn {currentpageclass=static=\/products\/power-amplifiers\/non-dsp\/powerspace-non-dsp\/powerspace-p2600} cc-ovrl\" href=\"\/de\/products\/power-amplifiers\/non-dsp\/powerspace-non-dsp\/powerspace-p2600\/\">PRODUKTDETAILS<\/a>\n<\/div>\n\n\n\n<div class=\"div-cf322ce {gcl}\">\n<p class=\"heading-cd331f2 {gcl}\">PowerSpace P2600A Verst\u00e4rker<\/p>\n\n\n\n<p class=\"bp_mar-btm-0\">PowerSpace Verst\u00e4rker werten jeden Konferenzraum mit sauberer, zuverl\u00e4ssiger Stromversorgung und digitaler Konnektivit\u00e4t auf. PowerSpace Der P2600A liefert 600 Watt pro Kanal, und ein AmpLink-Eingang erm\u00f6glicht die \u00dcbertragung mehrerer Kan\u00e4le unkomprimierter, latenzarmer digitaler Audiosignale von DSPs \u00fcber ein einziges Cat-5-Kabel.<\/p>\n<\/div>\n<\/div>\n<\/div>\n<\/section>\n\n\n\n<section id=\"downloads{idadd}\" class=\"{gcl} cc-sct\">\n<div class=\"{gcl} cc-cntr\">\n<div class=\"{gcl}\">\n<h2 class=\"heading-cc7ad0b {gcl}\">DOWNLOADS<\/h2>\n<\/div>\n\n\n\n<p class=\"paragraph-c787137\">Technische Informationen:<\/p>\n\n\n\n<div class=\"div-c541d9e\">\n<div class=\"div-c2d7f8c {gcl}\"><\/div>\n\n\n\n<a class=\"bp_no-underline {gcl} cc-btn {currentpageclass=static=https:\/\/assets.boseprofessional.com\/m\/50536bdaefd63d0d\/original\/ae_es1_en.docx}\" href=\"https:\/\/assets.boseprofessional.com\/m\/50536bdaefd63d0d\/original\/ae_es1_en.docx\">Technische Spezifikationen f\u00fcr Architekten und Ingenieure<\/a>\n<\/div>\n\n\n\n<div class=\"div-cdd0f36\">\n<div class=\"div-cbed8d8 {gcl}\"><\/div>\n\n\n\n<a class=\"button-c88fb90 {gcl} cc-btn {currentpageclass=static=https:\/\/assets.boseprofessional.com\/m\/424b1d29e8c182b3\/original\/ES1_Teams_Certified_Configuration_LTR_US.zip}\" href=\"https:\/\/assets.boseprofessional.com\/m\/424b1d29e8c182b3\/original\/ES1_Teams_Certified_Configuration_LTR_US.zip\">ES1 Teams Certified-Konfiguration<\/a>\n<\/div>\n\n\n\n<div class=\"div-c5e99cb\">\n<div class=\"div-cb5e361 {gcl}\"><\/div>\n\n\n\n<a class=\"button-c67d527 {gcl} cc-btn {currentpageclass=static=https:\/\/assets.boseprofessional.com\/m\/61f7d5f00a0ab386\/original\/ae_DS4_EN.zip}\" href=\"https:\/\/assets.boseprofessional.com\/m\/61f7d5f00a0ab386\/original\/ae_DS4_EN.zip\">DS4 Architekten- und Ingenieurspezifikationen<\/a>\n<\/div>\n<\/div>\n<\/section>\n\n\n\n<div class=\"{gcl}\"><\/div>\n","protected":false},"excerpt":{"rendered":"","protected":false},"author":21,"featured_media":0,"parent":1792,"menu_order":0,"comment_status":"closed","ping_status":"closed","template":"","meta":{"_acf_changed":false,"ep_exclude_from_search":false,"footnotes":""},"page-category":[],"class_list":["post-3794","page","type-page","status-publish","hentry"],"acf":[],"_links":{"self":[{"href":"https:\/\/boseprofessional.com\/de\/wp-json\/wp\/v2\/pages\/3794","targetHints":{"allow":["GET"]}}],"collection":[{"href":"https:\/\/boseprofessional.com\/de\/wp-json\/wp\/v2\/pages"}],"about":[{"href":"https:\/\/boseprofessional.com\/de\/wp-json\/wp\/v2\/types\/page"}],"author":[{"embeddable":true,"href":"https:\/\/boseprofessional.com\/de\/wp-json\/wp\/v2\/users\/21"}],"replies":[{"embeddable":true,"href":"https:\/\/boseprofessional.com\/de\/wp-json\/wp\/v2\/comments?post=3794"}],"version-history":[{"count":3,"href":"https:\/\/boseprofessional.com\/de\/wp-json\/wp\/v2\/pages\/3794\/revisions"}],"predecessor-version":[{"id":105852,"href":"https:\/\/boseprofessional.com\/de\/wp-json\/wp\/v2\/pages\/3794\/revisions\/105852"}],"up":[{"embeddable":true,"href":"https:\/\/boseprofessional.com\/de\/wp-json\/wp\/v2\/pages\/1792"}],"wp:attachment":[{"href":"https:\/\/boseprofessional.com\/de\/wp-json\/wp\/v2\/media?parent=3794"}],"wp:term":[{"taxonomy":"page-category","embeddable":true,"href":"https:\/\/boseprofessional.com\/de\/wp-json\/wp\/v2\/page-category?post=3794"}],"curies":[{"name":"wp","href":"https:\/\/api.w.org\/{rel}","templated":true}]}}