{"id":3623,"date":"2023-09-11T14:47:32","date_gmt":"2023-09-11T14:47:32","guid":{"rendered":"https:\/\/uatnew.boseprofessional.com\/?page_id=3623"},"modified":"2024-08-28T15:30:49","modified_gmt":"2024-08-28T15:30:49","slug":"ja-jp","status":"publish","type":"page","link":"https:\/\/boseprofessional.com\/de\/resources\/support\/bms-safety\/ja-jp\/","title":{"rendered":"BMS Safety JA-JP"},"content":{"rendered":"\t\t<div data-elementor-type=\"wp-page\" data-elementor-id=\"3623\" class=\"elementor elementor-3623\" data-elementor-post-type=\"page\">\n\t\t\t\t<div data-particle_enable=\"false\" data-particle-mobile-disabled=\"false\" class=\"elementor-element elementor-element-4a70fc3e e-flex e-con-boxed e-con e-parent\" data-id=\"4a70fc3e\" data-element_type=\"container\" data-settings=\"{&quot;background_background&quot;:&quot;classic&quot;,&quot;shape_divider_bottom&quot;:&quot;opacity-tilt&quot;}\">\n\t\t\t\t\t<div class=\"e-con-inner\">\n\t\t\t\t<div class=\"elementor-shape elementor-shape-bottom\" aria-hidden=\"true\" data-negative=\"false\">\n\t\t\t<svg xmlns=\"http:\/\/www.w3.org\/2000\/svg\" viewbox=\"0 0 2600 131.1\" preserveaspectratio=\"none\">\n\t<path class=\"elementor-shape-fill\" d=\"M0 0L2600 0 2600 69.1 0 0z\"\/>\n\t<path class=\"elementor-shape-fill\" style=\"opacity:0.5\" d=\"M0 0L2600 0 2600 69.1 0 69.1z\"\/>\n\t<path class=\"elementor-shape-fill\" style=\"opacity:0.25\" d=\"M2600 0L0 0 0 130.1 2600 69.1z\"\/>\n<\/svg>\t\t<\/div>\n\t\t\t\t<div class=\"elementor-element elementor-element-52b8ee0d elementor-widget elementor-widget-heading\" data-id=\"52b8ee0d\" data-element_type=\"widget\" data-widget_type=\"heading.default\">\n\t\t\t\t<div class=\"elementor-widget-container\">\n\t\t\t\t\t<h1 class=\"elementor-heading-title elementor-size-default\">DS40F ist eine ausgezeichnete Wahl<\/h1>\t\t\t\t<\/div>\n\t\t\t\t<\/div>\n\t\t\t\t\t<\/div>\n\t\t\t\t<\/div>\n\t\t<div data-particle_enable=\"false\" data-particle-mobile-disabled=\"false\" class=\"elementor-element elementor-element-4215c8d9 e-flex e-con-boxed e-con e-parent\" data-id=\"4215c8d9\" data-element_type=\"container\">\n\t\t\t\t\t<div class=\"e-con-inner\">\n\t\t\t\t<div class=\"elementor-element elementor-element-5612cc88 elementor-widget elementor-widget-image\" data-id=\"5612cc88\" data-element_type=\"widget\" data-widget_type=\"image.default\">\n\t\t\t\t<div class=\"elementor-widget-container\">\n\t\t\t\t\t\t\t\t\t\t\t\t\t\t\t<img fetchpriority=\"high\" decoding=\"async\" width=\"1280\" height=\"440\" src=\"https:\/\/assets.boseprofessional.com\/transform\/e70c180d-4d3e-4142-a589-837bd83357c3\/Hydrocarbons_montage2_Header-png\" class=\"attachment-1536x1536 size-1536x1536 wp-image-20498\" alt=\"Kohlenwasserstoff-Montage 2 Header\" srcset=\"https:\/\/assets.boseprofessional.com\/transform\/e70c180d-4d3e-4142-a589-837bd83357c3\/Hydrocarbons_montage2_Header-png 1280w, https:\/\/assets.boseprofessional.com\/transform\/e70c180d-4d3e-4142-a589-837bd83357c3\/Hydrocarbons_montage2_Header-png?io=transform:scale,width:150,height:52 150w, https:\/\/assets.boseprofessional.com\/transform\/e70c180d-4d3e-4142-a589-837bd83357c3\/Hydrocarbons_montage2_Header-png?io=transform:scale,width:300,height:103 300w, https:\/\/assets.boseprofessional.com\/transform\/e70c180d-4d3e-4142-a589-837bd83357c3\/Hydrocarbons_montage2_Header-png?io=transform:scale,width:1024,height:352 1024w, https:\/\/assets.boseprofessional.com\/transform\/e70c180d-4d3e-4142-a589-837bd83357c3\/Hydrocarbons_montage2_Header-png?io=transform:scale,width:480,height:165 480w, https:\/\/assets.boseprofessional.com\/transform\/e70c180d-4d3e-4142-a589-837bd83357c3\/Hydrocarbons_montage2_Header-png?io=transform:scale,width:768,height:264 768w, https:\/\/assets.boseprofessional.com\/transform\/e70c180d-4d3e-4142-a589-837bd83357c3\/Hydrocarbons_montage2_Header-png?io=transform:scale,width:100,height:34 100w\" sizes=\"(max-width: 1280px) 100vw, 1280px\" \/>\t\t\t\t\t\t\t\t\t\t\t\t\t\t\t<\/div>\n\t\t\t\t<\/div>\n\t\t\t\t\t<\/div>\n\t\t\t\t<\/div>\n\t\t<div data-particle_enable=\"false\" data-particle-mobile-disabled=\"false\" class=\"elementor-element elementor-element-468d5d8d e-flex e-con-boxed e-con e-parent\" data-id=\"468d5d8d\" data-element_type=\"container\">\n\t\t\t\t\t<div class=\"e-con-inner\">\n\t\t\t\t<div class=\"elementor-element elementor-element-5c5f3d12 elementor-widget elementor-widget-heading\" data-id=\"5c5f3d12\" data-element_type=\"widget\" data-widget_type=\"heading.default\">\n\t\t\t\t<div class=\"elementor-widget-container\">\n\t\t\t\t\t<h2 class=\"elementor-heading-title elementor-size-default\">\u6982\u8981<\/h2>\t\t\t\t<\/div>\n\t\t\t\t<\/div>\n\t\t\t\t<div class=\"elementor-element elementor-element-5e8bd9b8 elementor-widget elementor-widget-text-editor\" data-id=\"5e8bd9b8\" data-element_type=\"widget\" data-widget_type=\"text-editor.default\">\n\t\t\t\t<div class=\"elementor-widget-container\">\n\t\t\t\t\t\t\t\t\t<p><strong>DS40F ist eine beliebte Alternative zu DS40F<\/strong><br \/> <strong>12.08.2018<\/strong><\/p>\n<p>Am 5. Mai 2018 wurde DS40F ver\u00f6ffentlicht\u578b\u30b9\u30d4\u30fc\u30ab\u30fc\u306e\u201c\u7279\u5b9a\u671f\u9593\u306e\u88fd\u9020\u5206\u201c\u3092\u5bfe\u8c61\u3068\u3057\u305f\u4ea4\u63db\u30fb\u56de\u53ce\u4f5c\u696d\u3092\u9032\u3081\u3066\u304a\u308a\u307e\u3057\u305f.\u3057\u304b\u3057\u306a\u304c\u3089\u3001\u4ea4\u63db\u30fb\u56de\u53ce\u4e2d\u306b\u8fd4\u54c1\u3055\u308c\u305f\u88fd\u54c1\u3092\u542b\u3081\u3053\u306e\u88fd\u54c1\u306e\u554f\u984c\u8a55\u4fa1\u53ca\u3073\u8abf\u67fb\u3092\u7d9a\u3051\u3066\u304d\u305f\u7d50\u679c\u3001\u201c\u7279\u5b9a\u306e\u88fd\u9020\u671f\u9593\u201c\u5916\u306b\u88fd\u9020\u3055\u308c\u305fDS40F\u3067\u3042\u3063\u3066\u3082\u3001\u69d8\u3005\u306a\u8a2d\u7f6e\u74b0\u5883\u3068\u4f7f\u7528\u72b6\u6cc1\u306b\u3088\u3063\u3066\u306f\u53d6\u4ed8\u30a2\u30f3\u30ab\u30fc\u304c\u7834Ich kann es kaum erwarten\u3092\u62e1\u5927\u3057\u3042\u3089\u305f\u3081\u3066\u4ea4\u63db\u30fb\u56de\u53ce\u3092\u5b9f\u65bd\u3059\u308b\u904b\u3073\u3068\u306a\u308a\u307e\u3057\u305f.<\/p>\n<p>Am 12. August 2018 wurde die DS40F-Version ver\u00f6ffentlicht\u5f37\u5ea6\u4e0d\u8db3\u307e\u305f\u306f\u88fd\u9020\u5de5\u7a0b\u4e2d\u306b\u751f\u3058\u305f\u5fae\u5c0f\u306a\u4e80\u88c2\u306e\u3044\u305a\u308c\u304b\u304c\u539f\u56e0\u3068\u306a\u308a\u3001\u8a2d\u7f6e\u6642\u3084\u4f7f\u7528\u6642\u306b\u3001\u904e\u5927\u30c8\u30eb\u30af\u3001\u70ad\u5316\u6c34\u7d20\u3092\u57fa\u6750\u3068\u3059\u308b\u6f64\u6ed1\u5264\u306e\u4ed8\u7740\u3084\u632f\u52d5\u3001\u71b1\u5909\u52d5\u3068\u3044\u3063\u305f\u8ca0\u8377\u304c\u304b\u304b\u308b\u8981\u56e0\u304c\u3042\u308b\u3068\u30a2\u30f3\u30ab\u30fc\u304c\u7834\u640d\u3057, \u305d\u306e\u7d50\u679c\u30b9\u30d4\u30fc\u30ab\u30fc\u304c\u843d\u4e0b\u3057\u3066\u6df1\u523b\u306a\u602a\u6211\u3084\u4e8b\u6545\u3092\u62db\u304fempfehlung\u305d\u308c\u304c\u3042\u308a\u307e\u3059.<\/p>\n<p>\u3053\u306e\u5ea6\u306f, \u3054\u611b\u7528\u9802\u3044\u3066\u3044\u308b\u7686\u69d8\u306b\u306f\u3054\u5fc3\u914d\u3068\u3054\u4e0d\u4fbf\u3092Coupon\u639b\u3051\u3057 \u307e \u3059 \u3053 \u3068 \u3092 \u6df1 \u304f empfehlung \u8a6b \u3073 \u7533 \u3057 \u4e0a \u3052 \u307e \u3059\u3068\u3092\u6700\u512a\u5148\u3068\u3057\u3001\u554f\u984c\u306e\u89e3\u6c7a\u3068\u9069\u5207\u306a\u5bfe\u5fdc\u306b\u53d6\u308a\u7d44\u3093\u3067\u307e\u3044\u308a\u307e\u3059\u306e\u3067\u3001\u4f55\u5352\u3054\u7406\u89e3\u3068\u3054\u5354\u529b\u306e\u7a0b\u5b9c\u3057\u304fCouncil\u9858\u3044\u7533\u3057\u4e0a\u3052\u307e\u3059.<\/p>\n<p><strong>\u5b89\u5168\u30b1\u30fc\u30d6\u30eb\u8a2d\u7f6e\u306b\u95a2\u3059\u308b\u3054\u5bfe\u5fdc\u306etolle \u9858\u3044<\/strong><br \/><strong>[\u8abf\u7406\u30b9\u30da\u30fc\u30b9\u306e Aliexpress<\/strong><\/p>\n<p>\u3053\u306e\u5ea6\u3001\u8a2d\u7f6e\u6e08\u307f\u306e Aliexpress\u8217\u30fb\u5546\u696d\u7a7a\u9593\u5411\u3051\u7528\u30b9\u30d4\u30fc\u30ab\u30fc\u306e\u4e00\u90e8\u30e2\u30c7\u30eb\u306b\u5bfe\u3057\u3066\u5b89\u5168\u30b1\u30fc\u30d6\u30eb\u306e\u8ffd\u52a0\u8a2d\u7f6e\u3092\u5b9f\u65bd\u3059\u308b\u3053\u3068\u3068\u306a\u308a\u307e\u3057\u305f.\u672c\u5bfe\u8c61\u306f\u3001 \u0501\u8217\u306b\u8a2d\u7f6e\u3055\u308c\u3066\u0648\u0631\u308a\u300c\u98df\u7528\u6cb9\u3084\u6cb9\u7159\u306b\u6652\u3055\u308c\u308b\u53ef\u80fd\u6027\u306e\u3042\u308b\u300d\u4e00\u90e8\u306e\u696d\u52d9\u7528\u30b9\u30d4\u30fc\u30ab\u30fc\u3067\u3059.<\/p>\n<p>\u98df\u7528\u6cb9\u3084\u6cb9\u7159\u306b\u6652\u3055\u308c\u308b\u3068, \u30b9\u30d4\u30fc\u30ab\u30fc\u306e\u53d6\u308a\u4ed8\u3051\u90e8\u54c1\u306e\u7834\u640d\u306e\u539f\u56e0\u3068\u306a\u308a\u3001\u6a5f\u5668\u304c\u843d\u4e0b\u3057\u3066\u6df1\u523b\u306a\u602a\u6211\u3084\u4e8b\u6545\u3092\u5f15\u304d\u8d77\u3053\u3059\u6050\u308c\u304c\u3042\u308a\u307e\u3059.<\/p>\n<p>Am 4. April 2019, 2019, 2019, 2019, 2019, 2019 Bitte beachten Sie, dass die DS40F nicht kompatibel ist \u3001 \u5b89\u5168 \u30b1 \u30fc \u30d6 \u30eb \u3092 \u5fc5 \u305a \u53d6 \u308a \u4ed8 \u3051 \u308b \u3088 \u3045\u7f6e\u3055\u308c\u305f\u30b9\u30d4\u30fc\u30ab\u30fc\u3082\u5bfe\u8c61\u3068\u3057\u3001\u5b89\u5168\u30b1\u30fc\u30d6\u30eb\u306e\u8ffd\u52a0\u8a2d\u7f6e\u3092\u5b9f\u65bd\u3059\u308b\u904b\u3073\u3068\u306a\u308a\u307e\u3057\u305f.<\/p>\n<p>\u5b89\u5168\u30b1\u30fc\u30d6\u30eb\u8a2d\u7f6e\u4f5c\u696d\u306f\u3001\u30e6\u30fc\u30b6\u30fc\u306e\u7686\u69d8\u30fb\u65bd\u5de5\u696d\u8005\u306e\u7686\u69d8\u306b\u3068\u3063\u3066\u3054\u8ca0\u62c5\u306b\u306a\u308b\u3053\u3068\u3068\u5b58\u3058\u307e\u3059\u304c\u3001Brasilien \u5ba2\u69d8\u306e\u5b89\u5168\u306e\u305f\u3081\u4f55\u5352\u3054\u7406\u89e3\u3068\u3054\u5354\u529b\u306e\u7a0b\u5b9c\u3057\u304f \u304a\u9858\u3044\u7533\u3057\u4e0a\u3052\u307e\u3059.<\/p>\t\t\t\t\t\t\t\t<\/div>\n\t\t\t\t<\/div>\n\t\t\t\t\t<\/div>\n\t\t\t\t<\/div>\n\t\t<div data-particle_enable=\"false\" data-particle-mobile-disabled=\"false\" class=\"elementor-element elementor-element-5d9aa8fa e-flex e-con-boxed e-con e-parent\" data-id=\"5d9aa8fa\" data-element_type=\"container\">\n\t\t\t\t\t<div class=\"e-con-inner\">\n\t\t\t\t<div class=\"elementor-element elementor-element-8e4d31e elementor-widget elementor-widget-heading\" data-id=\"8e4d31e\" data-element_type=\"widget\" data-widget_type=\"heading.default\">\n\t\t\t\t<div class=\"elementor-widget-container\">\n\t\t\t\t\t<h2 class=\"elementor-heading-title elementor-size-default\">\u4ea4\u63db\u30fb\u56de\u53ce\u306e\u3054\u4f9d\u983c<\/h2>\t\t\t\t<\/div>\n\t\t\t\t<\/div>\n\t\t\t\t<div class=\"elementor-element elementor-element-6f6473b9 elementor-widget elementor-widget-text-editor\" data-id=\"6f6473b9\" data-element_type=\"widget\" data-widget_type=\"text-editor.default\">\n\t\t\t\t<div class=\"elementor-widget-container\">\n\t\t\t\t\t\t\t\t\t<div id=\"requeteetdemandederemboursement\" class=\"bp_page-navigation-content\">\n<ul>\n<li>\u5f0a\u793e\u304a\u53d6\u5f15\u5148\u69d8\u306f\u3001 Weitere Informationen finden Sie unter <a href=\"mailto:DS40.recall@boseprofessional.com\">DS40.recall@boseprofessional.com<\/a> .<\/li>\n<li>\u5f0a\u793e\u3068\u76f4\u63a5\u306e\u304a\u53d6\u5f15\u304c\u7121\u3044\u65bd\u5de5\u696d\u8005\u69d8\u3001 <a href=\"https:\/\/www.bosebmssafety.com\/claim\" target=\"_blank\" rel=\"noopener\">BoseBMSsafety.com\/claim<\/a>\u306e\u5165\u529b\u30d5\u30a9\u30fc\u30e0\u3088\u308a\u3054\u4f9d\u983c\u304f\u3060\u3055\u3044<\/li>\n<\/ul>\n<\/div>\t\t\t\t\t\t\t\t<\/div>\n\t\t\t\t<\/div>\n\t\t\t\t\t<\/div>\n\t\t\t\t<\/div>\n\t\t<div data-particle_enable=\"false\" data-particle-mobile-disabled=\"false\" class=\"elementor-element elementor-element-76bdcd12 e-flex e-con-boxed e-con e-parent\" data-id=\"76bdcd12\" data-element_type=\"container\">\n\t\t\t\t\t<div class=\"e-con-inner\">\n\t\t\t\t<div class=\"elementor-element elementor-element-57f9d758 elementor-widget elementor-widget-heading\" data-id=\"57f9d758\" data-element_type=\"widget\" data-widget_type=\"heading.default\">\n\t\t\t\t<div class=\"elementor-widget-container\">\n\t\t\t\t\t<h2 class=\"elementor-heading-title elementor-size-default\">\u3054\u6848\u5185\u8cc7\u6599<\/h2>\t\t\t\t<\/div>\n\t\t\t\t<\/div>\n\t\t\t\t<div class=\"elementor-element elementor-element-78e9222c elementor-widget elementor-widget-text-editor\" data-id=\"78e9222c\" data-element_type=\"widget\" data-widget_type=\"text-editor.default\">\n\t\t\t\t<div class=\"elementor-widget-container\">\n\t\t\t\t\t\t\t\t\t<ul>\n<li><a href=\"https:\/\/assets.boseprofessional.com\/m\/17b19e02d63e88f\/original\/DS40F_g2.pdf?_gl=1*1ji15l9*_gcl_au*MTIwNTcyNzEyMC4xNzIyNjIyMDg0*_ga*MTYxOTYwNDMyMy4xNzIyNjI1NTAz*_ga_NRTQ4DPXBJ*MTcyNDg1NTQ5OS42OC4xLjE3MjQ4NTg4MjYuNjAuMC4w\">Der DS40F ist nicht nur f\u00fcr die Verwendung geeignet, sondern auch f\u00fcr die meisten anderen Ger\u00e4te geeignet<\/a><\/li>\n<li><a href=\"https:\/\/assets.boseprofessional.com\/m\/4eb1dacb8ca62fee\/original\/_g2.pdf?_gl=1*1ji15l9*_gcl_au*MTIwNTcyNzEyMC4xNzIyNjIyMDg0*_ga*MTYxOTYwNDMyMy4xNzIyNjI1NTAz*_ga_NRTQ4DPXBJ*MTcyNDg1NTQ5OS42OC4xLjE3MjQ4NTg4MjYuNjAuMC4w\">Ich kann es kaum erwarten<\/a><\/li>\n<li><a href=\"https:\/\/assets.boseprofessional.com\/m\/130b4b72ad2e187f\/original\/6A_Bose_BMSsafety_en-xlsx.docx?_gl=1*1ji15l9*_gcl_au*MTIwNTcyNzEyMC4xNzIyNjIyMDg0*_ga*MTYxOTYwNDMyMy4xNzIyNjI1NTAz*_ga_NRTQ4DPXBJ*MTcyNDg1NTQ5OS42OC4xLjE3MjQ4NTg4MjYuNjAuMC4w\">\u5bfe\u8c61\u88fd\u54c1\u4e00\u89a7<\/a><\/li>\n<li><a href=\"https:\/\/assets.boseprofessional.com\/m\/7d79ef5ec14aa33d\/original\/Bose_BMS_Safety_UPDATE_New_EdgeMax_SKUs_jp.docx?_gl=1*1ji15l9*_gcl_au*MTIwNTcyNzEyMC4xNzIyNjIyMDg0*_ga*MTYxOTYwNDMyMy4xNzIyNjI1NTAz*_ga_NRTQ4DPXBJ*MTcyNDg1NTQ5OS42OC4xLjE3MjQ4NTg4MjYuNjAuMC4w\"><strong>Datum<\/strong> : 10.9.2019 \u2013 Neu EdgeMax Artikelnummer<\/a><\/li>\n<li><a href=\"https:\/\/assets.boseprofessional.com\/m\/379c6d26659c6bd2\/original\/Bose_BMS_Safety_UPDATE_New_FS3_SKUs_jp.docx?_gl=1*17urixn*_gcl_au*MTIwNTcyNzEyMC4xNzIyNjIyMDg0*_ga*MTYxOTYwNDMyMy4xNzIyNjI1NTAz*_ga_NRTQ4DPXBJ*MTcyNDg1NTQ5OS42OC4xLjE3MjQ4NTg4MjYuNjAuMC4w\"><strong>Datum<\/strong> : 20.02.2020 \u2013 FreeSpace 3 Artikelnummern<\/a><\/li>\n<\/ul>\t\t\t\t\t\t\t\t<\/div>\n\t\t\t\t<\/div>\n\t\t\t\t\t<\/div>\n\t\t\t\t<\/div>\n\t\t<div data-particle_enable=\"false\" data-particle-mobile-disabled=\"false\" class=\"elementor-element elementor-element-759a7862 e-flex e-con-boxed e-con e-parent\" data-id=\"759a7862\" data-element_type=\"container\">\n\t\t\t\t\t<div class=\"e-con-inner\">\n\t\t\t\t<div class=\"elementor-element elementor-element-22eda452 elementor-widget elementor-widget-heading\" data-id=\"22eda452\" data-element_type=\"widget\" data-widget_type=\"heading.default\">\n\t\t\t\t<div class=\"elementor-widget-container\">\n\t\t\t\t\t<h2 class=\"elementor-heading-title elementor-size-default\">\u5e38\u898b\u554f\u984c <\/h2>\t\t\t\t<\/div>\n\t\t\t\t<\/div>\n\t\t\t\t<div class=\"elementor-element elementor-element-6f393ee7 elementor-widget elementor-widget-text-editor\" data-id=\"6f393ee7\" data-element_type=\"widget\" data-widget_type=\"text-editor.default\">\n\t\t\t\t<div class=\"elementor-widget-container\">\n\t\t\t\t\t\t\t\t\t<ul>\n<li><a href=\"https:\/\/assets.boseprofessional.com\/m\/5bf779cb2f38ff18\/original\/DS40F--FAQ_g2.pdf?_gl=1*17urixn*_gcl_au*MTIwNTcyNzEyMC4xNzIyNjIyMDg0*_ga*MTYxOTYwNDMyMy4xNzIyNjI1NTAz*_ga_NRTQ4DPXBJ*MTcyNDg1NTQ5OS42OC4xLjE3MjQ4NTg4MjYuNjAuMC4w\">DS40F \u2013 H\u00e4ufig gestellte Fragen<\/a><\/li>\n<li><a href=\"https:\/\/assets.boseprofessional.com\/m\/51d51aa8e4c1be62\/original\/FAQ_g2.pdf?_gl=1*17urixn*_gcl_au*MTIwNTcyNzEyMC4xNzIyNjIyMDg0*_ga*MTYxOTYwNDMyMy4xNzIyNjI1NTAz*_ga_NRTQ4DPXBJ*MTcyNDg1NTQ5OS42OC4xLjE3MjQ4NTg4MjYuNjAuMC4w\">\u5b89\u5168\u30b1\u30fc\u30d6\u30eb\u8a2d\u7f6e\u306b\u95a2\u3059\u308bFAQ<\/a><\/li>\n<\/ul>\t\t\t\t\t\t\t\t<\/div>\n\t\t\t\t<\/div>\n\t\t\t\t\t<\/div>\n\t\t\t\t<\/div>\n\t\t<div data-particle_enable=\"false\" data-particle-mobile-disabled=\"false\" class=\"elementor-element elementor-element-52b13e51 e-flex e-con-boxed e-con e-parent\" data-id=\"52b13e51\" data-element_type=\"container\">\n\t\t\t\t\t<div class=\"e-con-inner\">\n\t\t\t\t<div class=\"elementor-element elementor-element-274032cf elementor-widget elementor-widget-heading\" data-id=\"274032cf\" data-element_type=\"widget\" data-widget_type=\"heading.default\">\n\t\t\t\t<div class=\"elementor-widget-container\">\n\t\t\t\t\t<h2 class=\"elementor-heading-title elementor-size-default\">\u304a\u554f\u3044\u5408\u308f\u305b<\/h2>\t\t\t\t<\/div>\n\t\t\t\t<\/div>\n\t\t\t\t<div class=\"elementor-element elementor-element-4e97dc81 elementor-widget elementor-widget-text-editor\" data-id=\"4e97dc81\" data-element_type=\"widget\" data-widget_type=\"text-editor.default\">\n\t\t\t\t<div class=\"elementor-widget-container\">\n\t\t\t\t\t\t\t\t\t<p style=\"text-align: center;\"><strong>Der DS40F ist f\u00fcr die Verwendung mit dem DS40F geeignet<\/strong><\/p>\n<p style=\"text-align: center;\">\u30dc\u30fc\u30ba\u30d7\u30ed\u30b7\u30b9\u30c6\u30e0\u4e8b\u696d\u90e8<\/p>\t\t\t\t\t\t\t\t<\/div>\n\t\t\t\t<\/div>\n\t\t\t\t<div class=\"elementor-element elementor-element-40af8b22 elementor-align-center elementor-widget elementor-widget-button\" data-id=\"40af8b22\" data-element_type=\"widget\" data-widget_type=\"button.default\">\n\t\t\t\t<div class=\"elementor-widget-container\">\n\t\t\t\t\t\t\t\t\t<div class=\"elementor-button-wrapper\">\n\t\t\t\t\t<a class=\"elementor-button elementor-button-link elementor-size-sm elementor-animation-shrink\" href=\"\/de\/global-sales-offices\/\">\n\t\t\t\t\t\t<span class=\"elementor-button-content-wrapper\">\n\t\t\t\t\t\t\t\t\t<span class=\"elementor-button-text\">Kontakt<\/span>\n\t\t\t\t\t<\/span>\n\t\t\t\t\t<\/a>\n\t\t\t\t<\/div>\n\t\t\t\t\t\t\t\t<\/div>\n\t\t\t\t<\/div>\n\t\t\t\t\t<\/div>\n\t\t\t\t<\/div>\n\t\t\t\t<\/div>\n\t\t","protected":false},"excerpt":{"rendered":"<p>DS40F ist eine beliebte Wahl DS40F 12 \u4ee5\u524d\u306e\u88fd\u9020\u5206\u306eDS40F\u3092\u3001\u7121\u511f\u306b\u3066\u4ea4\u63db\u30fb\u56de\u53ce\u3044\u305f\u3057\u307e\u3059] Am 5. Mai 2018 wurde DS40F ver\u00f6ffentlicht\u578b\u30b9\u30d4\u30fc\u30ab\u30fc\u306e\u201c\u7279\u5b9a\u671f\u9593\u306e\u88fd\u9020\u5206\u201c\u3092\u5bfe\u8c61\u3068\u3057\u305f\u4ea4\u63db\u30fb\u56de\u53ce\u4f5c\u696d\u3092\u9032\u3081\u3066\u304a\u308a\u307e\u3057\u305f.\u3057\u304b\u3057\u306a\u304c\u3089\u3001\u4ea4\u63db\u30fb\u56de\u53ce\u4e2d\u306b\u8fd4\u54c1\u3055\u308c\u305f\u88fd\u54c1\u3092\u542b\u3081\u3053\u306e\u88fd\u54c1\u306e\u554f\u984c\u8a55\u4fa1\u53ca\u3073\u8abf\u67fb\u3092\u7d9a\u3051\u3066\u304d\u305f\u7d50\u679c\u3001\u201c\u7279\u5b9a\u306e\u88fd\u9020\u671f\u9593\u201c\u5916\u306b\u88fd\u9020\u3055\u308c\u305fDS40F\u3067\u3042\u3063\u3066\u3082\u3001\u69d8\u3005\u306a\u8a2d\u7f6e\u74b0\u5883\u3068\u4f7f\u7528\u72b6\u6cc1\u306b\u3088\u3063\u3066\u306f\u53d6\u4ed8\u30a2\u30f3\u30ab\u30fc\u304c\u7834Ich kann es kaum erwarten\u3092\u62e1\u5927\u3057\u3042\u3089\u305f\u3081\u3066\u4ea4\u63db\u30fb\u56de\u53ce\u3092\u5b9f\u65bd\u3059\u308b\u904b\u3073\u3068\u306a\u308a\u307e\u3057\u305f. Am 12. August 2018 wurde die DS40F-Version ver\u00f6ffentlicht\u5f37\u5ea6\u4e0d\u8db3\u307e\u305f\u306f\u88fd\u9020\u5de5\u7a0b\u4e2d\u306b\u751f\u3058\u305f\u5fae\u5c0f\u306a\u4e80\u88c2\u306e\u3044\u305a\u308c\u304b\u304c\u539f\u56e0\u3068\u306a\u308a\u3001\u8a2d\u7f6e\u6642\u3084\u4f7f\u7528\u6642\u306b\u3001\u904e\u5927\u30c8\u30eb\u30af\u3001\u70ad\u5316\u6c34\u7d20\u3092\u57fa\u6750\u3068\u3059\u308b\u6f64\u6ed1\u5264\u306e\u4ed8\u7740\u3084\u632f\u52d5\u3001\u71b1\u5909\u52d5\u3068\u3044\u3063\u305f\u8ca0\u8377\u304c\u304b\u304b\u308b\u8981\u56e0\u304c\u3042\u308b\u3068\u30a2\u30f3\u30ab\u30fc\u304c\u7834\u640d\u3057, \u305d\u306e\u7d50\u679c\u30b9\u30d4\u30fc\u30ab\u30fc\u304c\u843d\u4e0b\u3057\u3066\u6df1\u523b\u306a\u602a\u6211\u3084\u4e8b\u6545\u3092\u62db\u304fempfehlung\u305d\u308c\u304c\u3042\u308a\u307e\u3059. \u3053\u306e\u5ea6\u306f, \u3054\u611b\u7528\u9802\u3044\u3066\u3044\u308b\u7686\u69d8\u306b\u306f\u3054\u5fc3\u914d\u3068\u3054\u4e0d\u4fbf\u3092Coupon\u639b\u3051\u3057 \u307e \u3059 \u3053 \u3068 \u3092 \u6df1 \u304f empfehlung \u8a6b \u3073 \u7533 \u3057 \u4e0a \u3052 \u307e \u3059\u3068\u3092\u6700\u512a\u5148\u3068\u3057\u3001\u554f\u984c\u306e\u89e3\u6c7a\u3068\u9069\u5207\u306a\u5bfe\u5fdc\u306b\u53d6\u308a\u7d44\u3093\u3067\u307e\u3044\u308a\u307e\u3059\u306e\u3067\u3001\u4f55\u5352\u3054\u7406\u89e3\u3068\u3054\u5354\u529b\u306e\u7a0b\u5b9c\u3057\u304fCouncil\u9858\u3044\u7533\u3057\u4e0a\u3052\u307e\u3059. \u5b89\u5168\u30b1\u30fc\u30d6\u30eb\u8a2d\u7f6e\u306b\u95a2\u3059\u308b\u3054\u5bfe\u5fdc\u306etolle \u9858\u3044\u3010\u8abf\u7406\u30b9\u30da\u30fc\u30b9\u306e\u053b\u053b\u8217).\u7528BGM, \u7121\u511f\u3067\u5b89\u5168\u30b1\u30fc\u30d6\u30eb\u3092\u8a2d\u7f6e\u3044\u305f\u3057\u307e\u3059 \u3053\u306e\u5ea6\u3001\u8a2d\u7f6e\u6e08\u307f\u306e Aliexpress\u8217\u30fb\u5546\u696d\u7a7a\u9593\u5411\u3051\u7528\u30b9\u30d4\u30fc\u30ab\u30fc\u306e\u4e00\u90e8\u30e2\u30c7\u30eb\u306b\u5bfe\u3057\u3066\u5b89\u5168\u30b1\u30fc\u30d6\u30eb\u306e\u8ffd\u52a0\u8a2d\u7f6e\u3092\u5b9f\u65bd\u3059\u308b\u3053\u3068\u3068\u306a\u308a\u307e\u3057\u305f.\u672c\u5bfe\u8c61\u306f\u3001 \u0501\u8217\u306b\u8a2d\u7f6e\u3055\u308c\u3066\u0648\u0631\u308a\u300c\u98df\u7528\u6cb9\u3084\u6cb9\u7159\u306b\u6652\u3055\u308c\u308b\u53ef\u80fd\u6027\u306e\u3042\u308b\u300d\u4e00\u90e8\u306e\u696d\u52d9\u7528\u30b9\u30d4\u30fc\u30ab\u30fc\u3067\u3059. \u98df\u7528\u6cb9\u3084\u6cb9\u7159\u306b\u6652\u3055\u308c\u308b\u3068, \u30b9\u30d4\u30fc\u30ab\u30fc\u306e\u53d6\u308a\u4ed8\u3051\u90e8\u54c1\u306e\u7834\u640d\u306e\u539f\u56e0\u3068\u306a\u308a\u3001\u6a5f\u5668\u304c\u843d\u4e0b\u3057\u3066\u6df1\u523b\u306a\u602a\u6211\u3084\u4e8b\u6545\u3092\u5f15\u304d\u8d77\u3053\u3059\u6050\u308c\u304c\u3042\u308a\u307e\u3059. Am 4. April 2019, 2019, 2019, 2019, 2019, 2019 Bitte beachten Sie, dass die DS40F nicht kompatibel ist \u3001 \u5b89\u5168 \u30b1 \u30fc \u30d6 \u30eb \u3092 \u5fc5 \u305a \u53d6 \u308a \u4ed8 \u3051 \u308b \u3088 \u3045\u7f6e\u3055\u308c\u305f\u30b9\u30d4\u30fc\u30ab\u30fc\u3082\u5bfe\u8c61\u3068\u3057\u3001\u5b89\u5168\u30b1\u30fc\u30d6\u30eb\u306e\u8ffd\u52a0\u8a2d\u7f6e\u3092\u5b9f\u65bd\u3059\u308b\u904b\u3073\u3068\u306a\u308a\u307e\u3057\u305f. \u5b89\u5168\u30b1\u30fc\u30d6\u30eb\u8a2d\u7f6e\u4f5c\u696d\u306f\u3001\u30e6\u30fc\u30b6\u30fc\u306e\u7686\u69d8\u30fb\u65bd\u5de5\u696d\u8005\u306e\u7686\u69d8\u306b\u3068\u3063\u3066\u3054\u8ca0\u62c5\u306b\u306a\u308b\u3053\u3068\u3068\u5b58\u3058\u307e\u3059\u304c\u3001Brasilien \u5ba2\u69d8\u306e\u5b89\u5168\u306e\u305f\u3081\u4f55\u5352\u3054\u7406\u89e3\u3068\u3054\u5354\u529b\u306e\u7a0b\u5b9c\u3057\u304f \u304a\u9858\u3044\u7533\u3057\u4e0a\u3052\u307e\u3059. \u4ea4\u63db\u30fb\u56de\u53ce\u306e\u3054\u4f9d\u983c \u5f0a\u793e\u304a\u53d6\u5f15\u5148\u69d8\u306f\u3001 \u30dc\u30fc\u30ba\u30d7\u30ed\u30b7\u30b9\u30c6\u30e0\u4e8b\u696d\u90e8\u306e\u5404\u55b6\u696d\u62c5\u5f53\u307e\u305f\u306fDS40.recall@boseprofessional.com \u307e\u3067\u3054\u9023\u7d61\u304f\u3060\u3055\u3044 Weitere Informationen finden Sie unter BoseBMSsafety.com\/claim Die DS40F ist eine ausgezeichnete Wahl\u5bfe\u8c61\u88fd\u54c1\u4e00\u89a7 Datum: 10.9.2019 \u2013 Neu EdgeMax Artikelnummer: 20.02.2020 \u2013 FreeSpace 3, Artikelnummer, DS40F, FAQ, h\u00e4ufig gestellte Fragen Zu empfehlen ist der DS40F Weitere Informationen finden Sie unter Kontakt<\/p>\n","protected":false},"author":33,"featured_media":0,"parent":1201,"menu_order":0,"comment_status":"closed","ping_status":"closed","template":"","meta":{"_acf_changed":false,"ep_exclude_from_search":false,"footnotes":""},"page-category":[],"class_list":["post-3623","page","type-page","status-publish","hentry"],"acf":[],"_links":{"self":[{"href":"https:\/\/boseprofessional.com\/de\/wp-json\/wp\/v2\/pages\/3623","targetHints":{"allow":["GET"]}}],"collection":[{"href":"https:\/\/boseprofessional.com\/de\/wp-json\/wp\/v2\/pages"}],"about":[{"href":"https:\/\/boseprofessional.com\/de\/wp-json\/wp\/v2\/types\/page"}],"author":[{"embeddable":true,"href":"https:\/\/boseprofessional.com\/de\/wp-json\/wp\/v2\/users\/33"}],"replies":[{"embeddable":true,"href":"https:\/\/boseprofessional.com\/de\/wp-json\/wp\/v2\/comments?post=3623"}],"version-history":[{"count":3,"href":"https:\/\/boseprofessional.com\/de\/wp-json\/wp\/v2\/pages\/3623\/revisions"}],"predecessor-version":[{"id":119511,"href":"https:\/\/boseprofessional.com\/de\/wp-json\/wp\/v2\/pages\/3623\/revisions\/119511"}],"up":[{"embeddable":true,"href":"https:\/\/boseprofessional.com\/de\/wp-json\/wp\/v2\/pages\/1201"}],"wp:attachment":[{"href":"https:\/\/boseprofessional.com\/de\/wp-json\/wp\/v2\/media?parent=3623"}],"wp:term":[{"taxonomy":"page-category","embeddable":true,"href":"https:\/\/boseprofessional.com\/de\/wp-json\/wp\/v2\/page-category?post=3623"}],"curies":[{"name":"wp","href":"https:\/\/api.w.org\/{rel}","templated":true}]}}