{"id":3339,"date":"2024-07-18T07:01:39","date_gmt":"2024-07-18T07:01:39","guid":{"rendered":"https:\/\/uatnew.boseprofessional.com\/?page_id=3339"},"modified":"2025-09-25T20:24:18","modified_gmt":"2025-09-25T20:24:18","slug":"trademarks","status":"publish","type":"page","link":"https:\/\/boseprofessional.com\/de\/legal\/trademarks\/","title":{"rendered":"Trademarks"},"content":{"rendered":"\t\t<div data-elementor-type=\"wp-page\" data-elementor-id=\"3339\" class=\"elementor elementor-3339\" data-elementor-post-type=\"page\">\n\t\t\t\t<div data-particle_enable=\"false\" data-particle-mobile-disabled=\"false\" class=\"elementor-element elementor-element-2636e46f simple-text-container-rs e-flex e-con-boxed e-con e-parent\" data-id=\"2636e46f\" data-element_type=\"container\">\n\t\t\t\t\t<div class=\"e-con-inner\">\n\t\t\t\t<div class=\"elementor-element elementor-element-40952479 elementor-widget elementor-widget-button\" data-id=\"40952479\" data-element_type=\"widget\" data-widget_type=\"button.default\">\n\t\t\t\t<div class=\"elementor-widget-container\">\n\t\t\t\t\t\t\t\t\t<div class=\"elementor-button-wrapper\">\n\t\t\t\t\t<a class=\"elementor-button elementor-button-link elementor-size-sm elementor-animation-shrink\" href=\"https:\/\/boseprofessional.com\/de\/legal\/\">\n\t\t\t\t\t\t<span class=\"elementor-button-content-wrapper\">\n\t\t\t\t\t\t<span class=\"elementor-button-icon\">\n\t\t\t\t<svg aria-hidden=\"true\" class=\"e-font-icon-svg e-fas-step-backward\" viewbox=\"0 0 448 512\" xmlns=\"http:\/\/www.w3.org\/2000\/svg\"><path d=\"M64 468V44c0-6.6 5.4-12 12-12h48c6.6 0 12 5.4 12 12v176.4l195.5-181C352.1 22.3 384 36.6 384 64v384c0 27.4-31.9 41.7-52.5 24.6L136 292.7V468c0 6.6-5.4 12-12 12H76c-6.6 0-12-5.4-12-12z\"><\/path><\/svg>\t\t\t<\/span>\n\t\t\t\t\t\t\t\t\t<span class=\"elementor-button-text\">Zur\u00fcck zu \u201eAlle rechtlichen Hinweise\u201c<\/span>\n\t\t\t\t\t<\/span>\n\t\t\t\t\t<\/a>\n\t\t\t\t<\/div>\n\t\t\t\t\t\t\t\t<\/div>\n\t\t\t\t<\/div>\n\t\t\t\t<div class=\"elementor-element elementor-element-5b4a58fa elementor-widget elementor-widget-heading\" data-id=\"5b4a58fa\" data-element_type=\"widget\" data-widget_type=\"heading.default\">\n\t\t\t\t<div class=\"elementor-widget-container\">\n\t\t\t\t\t<h1 class=\"elementor-heading-title elementor-size-default\">Bose Professional - Marken<\/h1>\t\t\t\t<\/div>\n\t\t\t\t<\/div>\n\t\t\t\t<div class=\"elementor-element elementor-element-4ee4bd45 elementor-widget elementor-widget-post-info\" data-id=\"4ee4bd45\" data-element_type=\"widget\" data-widget_type=\"post-info.default\">\n\t\t\t\t<div class=\"elementor-widget-container\">\n\t\t\t\t\t\t\t<ul class=\"elementor-inline-items elementor-icon-list-items elementor-post-info\">\n\t\t\t\t\t\t\t\t<li class=\"elementor-icon-list-item elementor-repeater-item-8d2c38a elementor-inline-item\" itemprop=\"datePublished\">\n\t\t\t\t\t\t\t\t\t\t<span class=\"elementor-icon-list-icon\">\n\t\t\t\t\t\t\t\t<svg aria-hidden=\"true\" class=\"e-font-icon-svg e-fas-calendar\" viewbox=\"0 0 448 512\" xmlns=\"http:\/\/www.w3.org\/2000\/svg\"><path d=\"M12 192h424c6.6 0 12 5.4 12 12v260c0 26.5-21.5 48-48 48H48c-26.5 0-48-21.5-48-48V204c0-6.6 5.4-12 12-12zm436-44v-36c0-26.5-21.5-48-48-48h-48V12c0-6.6-5.4-12-12-12h-40c-6.6 0-12 5.4-12 12v52H160V12c0-6.6-5.4-12-12-12h-40c-6.6 0-12 5.4-12 12v52H48C21.5 64 0 85.5 0 112v36c0 6.6 5.4 12 12 12h424c6.6 0 12-5.4 12-12z\"><\/path><\/svg>\t\t\t\t\t\t\t<\/span>\n\t\t\t\t\t\t\t\t\t<span class=\"elementor-icon-list-text elementor-post-info__item elementor-post-info__item--type-date\">\n\t\t\t\t\t\t\t\t\t\t<time>18. Juli 2024<\/time>\t\t\t\t\t<\/span>\n\t\t\t\t\t\t\t\t<\/li>\n\t\t\t\t<\/ul>\n\t\t\t\t\t\t<\/div>\n\t\t\t\t<\/div>\n\t\t\t\t\t<\/div>\n\t\t\t\t<\/div>\n\t\t<div data-particle_enable=\"false\" data-particle-mobile-disabled=\"false\" class=\"elementor-element elementor-element-2a485f71 simple-text-container-rs e-flex e-con-boxed e-con e-parent\" data-id=\"2a485f71\" data-element_type=\"container\">\n\t\t\t\t\t<div class=\"e-con-inner\">\n\t\t<div data-particle_enable=\"false\" data-particle-mobile-disabled=\"false\" class=\"elementor-element elementor-element-4bf29a1e e-grid e-con-boxed e-con e-child\" data-id=\"4bf29a1e\" data-element_type=\"container\">\n\t\t\t\t\t<div class=\"e-con-inner\">\n\t\t\t\t<div class=\"elementor-element elementor-element-a6b9844 elementor-widget elementor-widget-text-editor\" data-id=\"a6b9844\" data-element_type=\"widget\" data-widget_type=\"text-editor.default\">\n\t\t\t\t<div class=\"elementor-widget-container\">\n\t\t\t\t\t\t\t\t\t<p>Design ( Bose Professional arbeiten)<\/p><p><img decoding=\"async\" class=\"alignnone size-medium\" src=\"https:\/\/assets.boseprofessional.com\/transform\/abca26c8-2ff0-45eb-b3f9-5d8aa34f9752\/bose_work_icon_2-png\" width=\"60\" height=\"60\" \/><\/p><p>3202<br \/> 402<br \/> 4402<br \/> 502<br \/> 502A Lautsprecherdesign<br \/> 802<br \/> 9702<\/p><p>ArenaMatch<br \/> Auditioner (Computersoftware) <br \/>Bose Professional Arbeiten<\/p><p>ControlSpace<\/p><p>DeltaQ<br \/> Design \u2013 802<br \/> Design ( Freespace )<br \/> Design-802 III <br \/>DesignMax<br \/>DesignMax Luna<\/p><p>EdgeMax<\/p><p>FeVac <br \/>FreeSpace<br \/>Forum<\/p>\t\t\t\t\t\t\t\t<\/div>\n\t\t\t\t<\/div>\n\t\t\t\t<div class=\"elementor-element elementor-element-130b09fb elementor-widget elementor-widget-text-editor\" data-id=\"130b09fb\" data-element_type=\"widget\" data-widget_type=\"text-editor.default\">\n\t\t\t\t<div class=\"elementor-widget-container\">\n\t\t\t\t\t\t\t\t\t<p>\u00a0<\/p><p>Modeler<br \/>Modeler Logo<\/p><p>Opti-Source<br \/> Opti-Voice<\/p><p>PowerMatch<br \/>PowerSpace<\/p><p>QuickHold<\/p><p>Ringanordnung <br \/>RoomMatch<\/p><p>ShowMatch<br \/> ShowRack <br \/>ShowTime<br \/> SlideConnect<br \/> SmartBass<\/p><p>Veritas Intelligenter Mixer-Verst\u00e4rker<br \/> Videobar<\/p><p>ZIIPROOM<br \/> ZIIPROOM Logo<\/p>\t\t\t\t\t\t\t\t<\/div>\n\t\t\t\t<\/div>\n\t\t\t\t\t<\/div>\n\t\t\t\t<\/div>\n\t\t\t\t<div class=\"elementor-element elementor-element-4cb84eb5 elementor-widget-divider--view-line elementor-widget elementor-widget-divider\" data-id=\"4cb84eb5\" data-element_type=\"widget\" data-widget_type=\"divider.default\">\n\t\t\t\t<div class=\"elementor-widget-container\">\n\t\t\t\t\t\t\t<div class=\"elementor-divider\">\n\t\t\t<span class=\"elementor-divider-separator\">\n\t\t\t\t\t\t<\/span>\n\t\t<\/div>\n\t\t\t\t\t\t<\/div>\n\t\t\t\t<\/div>\n\t\t\t\t\t<\/div>\n\t\t\t\t<\/div>\n\t\t<div data-particle_enable=\"false\" data-particle-mobile-disabled=\"false\" class=\"elementor-element elementor-element-4d841c53 simple-text-container-rs e-flex e-con-boxed e-con e-parent\" data-id=\"4d841c53\" data-element_type=\"container\">\n\t\t\t\t\t<div class=\"e-con-inner\">\n\t\t\t\t<div class=\"elementor-element elementor-element-61ce967f elementor-widget elementor-widget-text-editor\" data-id=\"61ce967f\" data-element_type=\"widget\" data-widget_type=\"text-editor.default\">\n\t\t\t\t<div class=\"elementor-widget-container\">\n\t\t\t\t\t\t\t\t\t<h2>Lizenzierte Markenrechte Dritter<\/h2>\n<p>Apple und das Apple-Logo sind in den USA und anderen L\u00e4ndern eingetragene Marken der Apple Inc. App Store ist eine Dienstleistungsmarke der Apple Inc. Die Kennzeichnungen \u201eMade for Apple\u201c und \u201eWorks with Apple\u201c bedeuten, dass ein Zubeh\u00f6rteil speziell f\u00fcr die Verbindung mit den im \u201eMade for Apple\u201c-Siegel aufgef\u00fchrten Apple-Produkten und die Verwendung mit der im \u201eWorks with Apple\u201c-Siegel aufgef\u00fchrten Technologie entwickelt wurde und vom Entwickler gem\u00e4\u00df den Apple-Leistungsstandards zertifiziert wurde. Apple ist nicht f\u00fcr den Betrieb dieses Ger\u00e4ts oder dessen Einhaltung von Sicherheits- und Zulassungsstandards verantwortlich.<\/p>\n<p>Die Bluetooth\u00ae Wortmarke und Logos sind eingetragene Marken der Bluetooth SIG, Inc. Jegliche Nutzung dieser Marken durch die Bose Professional Corporation erfolgt unter Lizenz.<\/p>\n<p>DisplayLink XR\u00ae ist eine eingetragene Marke der DisplayLink Corp. in der EU, den USA und anderen L\u00e4ndern.<\/p>\n<p>Google, Android, Google Play und andere zugeh\u00f6rige Marken sind Warenzeichen von Google LLC. Der Android-Roboter wurde von Google erstellt und geteilt und gem\u00e4\u00df den Bedingungen der Creative Commons Attribution 3.0 Lizenz reproduziert oder modifiziert.<\/p>\n<p>Die Begriffe HDMI und HDMI High\u2010Definition Multimedia Interface sowie das HDMI-Logo sind Marken oder eingetragene Marken von HDMI Licensing Administrator, Inc. in den Vereinigten Staaten und anderen L\u00e4ndern.<\/p>\n<p>Dieses Produkt ist durch bestimmte geistige Eigentumsrechte von Microsoft gesch\u00fctzt. Die Nutzung oder Verbreitung dieser Technologie au\u00dferhalb dieses Produkts ist ohne Lizenz von Microsoft untersagt.<\/p>\n<p>USB Type-C\u00ae und USB-C\u00ae sind eingetragene Marken von USB Implementers Forum Die<\/p>\n<p>Wi\u2010Fi ist eine eingetragene Marke der Wi\u2010Fi Alliance\u00ae.<\/p>\t\t\t\t\t\t\t\t<\/div>\n\t\t\t\t<\/div>\n\t\t\t\t\t<\/div>\n\t\t\t\t<\/div>\n\t\t\t\t<\/div>\n\t\t","protected":false},"excerpt":{"rendered":"<p>Hier finden Sie eine Liste aller Bose Professional Eingetragene Marken, darunter Produktnamen, Technologien und unverwechselbare Designs. Von 3202 \u00fcber Videobar und das ZIIPROOM-Logo bis hin zu allem, was dazwischen liegt.<\/p>\n","protected":false},"author":33,"featured_media":116527,"parent":806,"menu_order":0,"comment_status":"closed","ping_status":"closed","template":"","meta":{"_acf_changed":false,"ep_exclude_from_search":false,"footnotes":""},"page-category":[],"class_list":["post-3339","page","type-page","status-publish","has-post-thumbnail","hentry"],"acf":[],"_links":{"self":[{"href":"https:\/\/boseprofessional.com\/de\/wp-json\/wp\/v2\/pages\/3339","targetHints":{"allow":["GET"]}}],"collection":[{"href":"https:\/\/boseprofessional.com\/de\/wp-json\/wp\/v2\/pages"}],"about":[{"href":"https:\/\/boseprofessional.com\/de\/wp-json\/wp\/v2\/types\/page"}],"author":[{"embeddable":true,"href":"https:\/\/boseprofessional.com\/de\/wp-json\/wp\/v2\/users\/33"}],"replies":[{"embeddable":true,"href":"https:\/\/boseprofessional.com\/de\/wp-json\/wp\/v2\/comments?post=3339"}],"version-history":[{"count":3,"href":"https:\/\/boseprofessional.com\/de\/wp-json\/wp\/v2\/pages\/3339\/revisions"}],"predecessor-version":[{"id":170831,"href":"https:\/\/boseprofessional.com\/de\/wp-json\/wp\/v2\/pages\/3339\/revisions\/170831"}],"up":[{"embeddable":true,"href":"https:\/\/boseprofessional.com\/de\/wp-json\/wp\/v2\/pages\/806"}],"wp:featuredmedia":[{"embeddable":true,"href":"https:\/\/boseprofessional.com\/de\/wp-json\/wp\/v2\/media\/116527"}],"wp:attachment":[{"href":"https:\/\/boseprofessional.com\/de\/wp-json\/wp\/v2\/media?parent=3339"}],"wp:term":[{"taxonomy":"page-category","embeddable":true,"href":"https:\/\/boseprofessional.com\/de\/wp-json\/wp\/v2\/page-category?post=3339"}],"curies":[{"name":"wp","href":"https:\/\/api.w.org\/{rel}","templated":true}]}}