{"id":3298,"date":"2023-09-08T04:20:40","date_gmt":"2023-09-08T04:20:40","guid":{"rendered":"https:\/\/uatnew.boseprofessional.com\/?page_id=3298"},"modified":"2024-08-26T20:34:52","modified_gmt":"2024-08-26T20:34:52","slug":"es-pr","status":"publish","type":"page","link":"https:\/\/boseprofessional.com\/de\/resources\/support\/bms-safety\/es-pr\/","title":{"rendered":"BMS Safety ES-PR"},"content":{"rendered":"\t\t<div data-elementor-type=\"wp-page\" data-elementor-id=\"3298\" class=\"elementor elementor-3298\" data-elementor-post-type=\"page\">\n\t\t\t\t<div data-particle_enable=\"false\" data-particle-mobile-disabled=\"false\" class=\"elementor-element elementor-element-27899a21 e-flex e-con-boxed e-con e-parent\" data-id=\"27899a21\" data-element_type=\"container\" data-settings=\"{&quot;background_background&quot;:&quot;classic&quot;,&quot;shape_divider_bottom&quot;:&quot;opacity-tilt&quot;}\">\n\t\t\t\t\t<div class=\"e-con-inner\">\n\t\t\t\t<div class=\"elementor-shape elementor-shape-bottom\" aria-hidden=\"true\" data-negative=\"false\">\n\t\t\t<svg xmlns=\"http:\/\/www.w3.org\/2000\/svg\" viewbox=\"0 0 2600 131.1\" preserveaspectratio=\"none\">\n\t<path class=\"elementor-shape-fill\" d=\"M0 0L2600 0 2600 69.1 0 0z\"\/>\n\t<path class=\"elementor-shape-fill\" style=\"opacity:0.5\" d=\"M0 0L2600 0 2600 69.1 0 69.1z\"\/>\n\t<path class=\"elementor-shape-fill\" style=\"opacity:0.25\" d=\"M2600 0L0 0 0 130.1 2600 69.1z\"\/>\n<\/svg>\t\t<\/div>\n\t\t\t\t<div class=\"elementor-element elementor-element-118e6a24 elementor-widget elementor-widget-heading\" data-id=\"118e6a24\" data-element_type=\"widget\" data-widget_type=\"heading.default\">\n\t\t\t\t<div class=\"elementor-widget-container\">\n\t\t\t\t\t<h1 class=\"elementor-heading-title elementor-size-default\">Bose Altavoces-Netz und Sicherheitskabelinstallation<\/h1>\t\t\t\t<\/div>\n\t\t\t\t<\/div>\n\t\t\t\t\t<\/div>\n\t\t\t\t<\/div>\n\t\t<div data-particle_enable=\"false\" data-particle-mobile-disabled=\"false\" class=\"elementor-element elementor-element-1c63e064 e-flex e-con-boxed e-con e-parent\" data-id=\"1c63e064\" data-element_type=\"container\">\n\t\t\t\t\t<div class=\"e-con-inner\">\n\t\t\t\t<div class=\"elementor-element elementor-element-785cefb elementor-widget elementor-widget-image\" data-id=\"785cefb\" data-element_type=\"widget\" data-widget_type=\"image.default\">\n\t\t\t\t<div class=\"elementor-widget-container\">\n\t\t\t\t\t\t\t\t\t\t\t\t\t\t\t<img fetchpriority=\"high\" decoding=\"async\" width=\"1280\" height=\"440\" src=\"https:\/\/assets.boseprofessional.com\/transform\/e70c180d-4d3e-4142-a589-837bd83357c3\/Hydrocarbons_montage2_Header-png\" class=\"attachment-1536x1536 size-1536x1536 wp-image-20498\" alt=\"Kohlenwasserstoff-Montage 2 Header\" srcset=\"https:\/\/assets.boseprofessional.com\/transform\/e70c180d-4d3e-4142-a589-837bd83357c3\/Hydrocarbons_montage2_Header-png 1280w, https:\/\/assets.boseprofessional.com\/transform\/e70c180d-4d3e-4142-a589-837bd83357c3\/Hydrocarbons_montage2_Header-png?io=transform:scale,width:150,height:52 150w, https:\/\/assets.boseprofessional.com\/transform\/e70c180d-4d3e-4142-a589-837bd83357c3\/Hydrocarbons_montage2_Header-png?io=transform:scale,width:300,height:103 300w, https:\/\/assets.boseprofessional.com\/transform\/e70c180d-4d3e-4142-a589-837bd83357c3\/Hydrocarbons_montage2_Header-png?io=transform:scale,width:1024,height:352 1024w, https:\/\/assets.boseprofessional.com\/transform\/e70c180d-4d3e-4142-a589-837bd83357c3\/Hydrocarbons_montage2_Header-png?io=transform:scale,width:480,height:165 480w, https:\/\/assets.boseprofessional.com\/transform\/e70c180d-4d3e-4142-a589-837bd83357c3\/Hydrocarbons_montage2_Header-png?io=transform:scale,width:768,height:264 768w, https:\/\/assets.boseprofessional.com\/transform\/e70c180d-4d3e-4142-a589-837bd83357c3\/Hydrocarbons_montage2_Header-png?io=transform:scale,width:100,height:34 100w\" sizes=\"(max-width: 1280px) 100vw, 1280px\" \/>\t\t\t\t\t\t\t\t\t\t\t\t\t\t\t<\/div>\n\t\t\t\t<\/div>\n\t\t\t\t\t<\/div>\n\t\t\t\t<\/div>\n\t\t<div data-particle_enable=\"false\" data-particle-mobile-disabled=\"false\" class=\"elementor-element elementor-element-71f681a e-flex e-con-boxed e-con e-parent\" data-id=\"71f681a\" data-element_type=\"container\">\n\t\t\t\t\t<div class=\"e-con-inner\">\n\t\t\t\t<div class=\"elementor-element elementor-element-3819aca elementor-widget elementor-widget-heading\" data-id=\"3819aca\" data-element_type=\"widget\" data-widget_type=\"heading.default\">\n\t\t\t\t<div class=\"elementor-widget-container\">\n\t\t\t\t\t<h2 class=\"elementor-heading-title elementor-size-default\">Allgemeine Beschreibung<\/h2>\t\t\t\t<\/div>\n\t\t\t\t<\/div>\n\t\t\t\t<div class=\"elementor-element elementor-element-144e3477 elementor-widget elementor-widget-text-editor\" data-id=\"144e3477\" data-element_type=\"widget\" data-widget_type=\"text-editor.default\">\n\t\t\t\t<div class=\"elementor-widget-container\">\n\t\t\t\t\t\t\t\t\t<p><strong>Bose hat alle Technik-\/Montageger\u00e4te f\u00fcr den FreeSpace DS 40F vor dem 13. August 2018 zur\u00fcckgezogen. W\u00e4hrend der Installation und des Gebrauchs k\u00f6nnen die Ger\u00e4teteile dieser Altavoces verwendet werden, was dazu f\u00fchren kann, dass die Ger\u00e4te nicht mehr funktionieren provoquen L\u00e4sionen Gr\u00e4ber<\/strong> . Hasta la fecha, er empfing die Benachrichtigung von 29 Altavoces, die ihre Installationsstandorte erreichten, und er wurde \u00fcber 1 Verletzung informiert.<\/p>\n<p><strong>Bose erfordert auch die Installation von Sicherheitskabeln in den oberen Etagen von Bose, einschlie\u00dflich des DS 40F, die in kommerziellen K\u00fcchen installiert werden m\u00fcssen. Dies sind auch die zuvor installierten Altavoces<\/strong> . Sobald Sie ein Kochsalz oder Dampf aus dieser Speise\u00f6l-Sp\u00fclung aussto\u00dfen, k\u00f6nnen die Bestandteile des Bergwerks dieser Altavoces romperse sein, da dies dazu f\u00fchren k\u00f6nnte, dass die Altavoces aufgefunden werden und L\u00e4sionen in Gr\u00e4bern hervorrufen. Hasta la fecha, er empfing die Benachrichtigung von 5 Altavoces, die von seinen Installationsstandorten kamen und uns \u00fcber 1 Verletzung informiert hatten.<\/p>\n<p>Wenn Sie ein direkter Bose-H\u00e4ndler sind, erfahren Sie, welche Auswahl Sie aus den folgenden Optionen treffen. Wenn Sie sich nicht direkt an Bose wenden, wenden Sie sich bitte an Ihren H\u00e4ndler, um weitere Informationen zu erhalten.<\/p>\t\t\t\t\t\t\t\t<\/div>\n\t\t\t\t<\/div>\n\t\t\t\t\t<\/div>\n\t\t\t\t<\/div>\n\t\t<div data-particle_enable=\"false\" data-particle-mobile-disabled=\"false\" class=\"elementor-element elementor-element-e9f1057 e-flex e-con-boxed e-con e-parent\" data-id=\"e9f1057\" data-element_type=\"container\">\n\t\t\t\t\t<div class=\"e-con-inner\">\n\t\t\t\t<div class=\"elementor-element elementor-element-46fc3147 elementor-widget elementor-widget-heading\" data-id=\"46fc3147\" data-element_type=\"widget\" data-widget_type=\"heading.default\">\n\t\t\t\t<div class=\"elementor-widget-container\">\n\t\t\t\t\t<h2 class=\"elementor-heading-title elementor-size-default\">Solicitudes y reclamaciones<\/h2>\t\t\t\t<\/div>\n\t\t\t\t<\/div>\n\t\t\t\t<div class=\"elementor-element elementor-element-51c7a079 elementor-widget elementor-widget-text-editor\" data-id=\"51c7a079\" data-element_type=\"widget\" data-widget_type=\"text-editor.default\">\n\t\t\t\t<div class=\"elementor-widget-container\">\n\t\t\t\t\t\t\t\t\t<div id=\"requeteetdemandederemboursement\" class=\"bp_page-navigation-content\">\n<p class=\"bp_bms-content-text-mt-mar bp_bms-content-text\">Produktanfragen, Sicherheitskabel oder Entsch\u00e4digung: <a href=\"https:\/\/www.bosebmssafety.com\/claim\" target=\"_blank\" rel=\"noopener\">BoseBMSsafety.com\/claim<\/a><\/p>\n<\/div>\t\t\t\t\t\t\t\t<\/div>\n\t\t\t\t<\/div>\n\t\t\t\t\t<\/div>\n\t\t\t\t<\/div>\n\t\t<div data-particle_enable=\"false\" data-particle-mobile-disabled=\"false\" class=\"elementor-element elementor-element-4111984 e-flex e-con-boxed e-con e-parent\" data-id=\"4111984\" data-element_type=\"container\">\n\t\t\t\t\t<div class=\"e-con-inner\">\n\t\t\t\t<div class=\"elementor-element elementor-element-600e3eb7 elementor-widget elementor-widget-heading\" data-id=\"600e3eb7\" data-element_type=\"widget\" data-widget_type=\"heading.default\">\n\t\t\t\t<div class=\"elementor-widget-container\">\n\t\t\t\t\t<h2 class=\"elementor-heading-title elementor-size-default\">Kommunikationen<\/h2>\t\t\t\t<\/div>\n\t\t\t\t<\/div>\n\t\t\t\t<div class=\"elementor-element elementor-element-5aad130d elementor-widget elementor-widget-text-editor\" data-id=\"5aad130d\" data-element_type=\"widget\" data-widget_type=\"text-editor.default\">\n\t\t\t\t<div class=\"elementor-widget-container\">\n\t\t\t\t\t\t\t\t\t<ul>\n<li><a href=\"https:\/\/assets.boseprofessional.com\/m\/69f972a976b00ff9\/original\/1L_Bose_BMSsafety_Direct_Reseller_esmx.docx?_gl=1*1xngt0h*_gcl_au*MTIwNTcyNzEyMC4xNzIyNjIyMDg0*_ga*MTYxOTYwNDMyMy4xNzIyNjI1NTAz*_ga_NRTQ4DPXBJ*MTcyNDcwMjM3MS42Mi4xLjE3MjQ3MDQxMjQuNjAuMC4w\">Direktvertriebskarte (Pa\u00eds de la filial) 1L<\/a><\/li>\n<li><a href=\"https:\/\/assets.boseprofessional.com\/m\/5e48f5fbcd962d72\/original\/3L_Bose_BMSsafety_Indirect_Reseller_esmx.docx?_gl=1*1xngt0h*_gcl_au*MTIwNTcyNzEyMC4xNzIyNjIyMDg0*_ga*MTYxOTYwNDMyMy4xNzIyNjI1NTAz*_ga_NRTQ4DPXBJ*MTcyNDcwMjM3MS42Mi4xLjE3MjQ3MDQxMjQuNjAuMC4w\">Indirekte\/Nivellier-2-3-Liter-Verteilerkarte<\/a><\/li>\n<li><a href=\"https:\/\/assets.boseprofessional.com\/m\/12ce4ce83c83ee33\/original\/4L_Bose_BMSsafety_End_User_esmx.docx?_gl=1*1xngt0h*_gcl_au*MTIwNTcyNzEyMC4xNzIyNjIyMDg0*_ga*MTYxOTYwNDMyMy4xNzIyNjI1NTAz*_ga_NRTQ4DPXBJ*MTcyNDcwMjM3MS42Mi4xLjE3MjQ3MDQxMjQuNjAuMC4w\">Carta del usuario final 4L<\/a><\/li>\n<li><a href=\"https:\/\/assets.boseprofessional.com\/m\/130b4b72ad2e187f\/original\/6A_Bose_BMSsafety_en-xlsx.docx?_gl=1*1xngt0h*_gcl_au*MTIwNTcyNzEyMC4xNzIyNjIyMDg0*_ga*MTYxOTYwNDMyMy4xNzIyNjI1NTAz*_ga_NRTQ4DPXBJ*MTcyNDcwMjM3MS42Mi4xLjE3MjQ3MDQxMjQuNjAuMC4w\">Liste der SKUs der betroffenen Produkte<\/a><\/li>\n<li><a href=\"https:\/\/assets.boseprofessional.com\/m\/389a1a61561a0280\/original\/Bose_BMS_Safety_UPDATE_New_EdgeMax_SKUs_es-mx.docx?_gl=1*1xngt0h*_gcl_au*MTIwNTcyNzEyMC4xNzIyNjIyMDg0*_ga*MTYxOTYwNDMyMy4xNzIyNjI1NTAz*_ga_NRTQ4DPXBJ*MTcyNDcwMjM3MS42Mi4xLjE3MjQ3MDQxMjQuNjAuMC4w\"><strong>AKTUALISIERT<\/strong> : 10. Oktober 2019: neue SKU von EdgeMax<\/a><\/li>\n<li><a href=\"https:\/\/assets.boseprofessional.com\/m\/5286ec5192403011\/original\/Bose_BMS_Safety_UPDATE_New_FS3_SKUs_esmx.docx?_gl=1*pkm0ds*_gcl_au*MTIwNTcyNzEyMC4xNzIyNjIyMDg0*_ga*MTYxOTYwNDMyMy4xNzIyNjI1NTAz*_ga_NRTQ4DPXBJ*MTcyNDcwMjM3MS42Mi4xLjE3MjQ3MDQxMjQuNjAuMC4w\"><strong>AKTUALISIERT<\/strong> : 20. Februar 2020: Neue SKU von FreeSpace\u00a03<\/a><\/li>\n<\/ul>\t\t\t\t\t\t\t\t<\/div>\n\t\t\t\t<\/div>\n\t\t\t\t\t<\/div>\n\t\t\t\t<\/div>\n\t\t<div data-particle_enable=\"false\" data-particle-mobile-disabled=\"false\" class=\"elementor-element elementor-element-78184658 e-flex e-con-boxed e-con e-parent\" data-id=\"78184658\" data-element_type=\"container\">\n\t\t\t\t\t<div class=\"e-con-inner\">\n\t\t\t\t<div class=\"elementor-element elementor-element-61dd3998 elementor-widget elementor-widget-heading\" data-id=\"61dd3998\" data-element_type=\"widget\" data-widget_type=\"heading.default\">\n\t\t\t\t<div class=\"elementor-widget-container\">\n\t\t\t\t\t<h2 class=\"elementor-heading-title elementor-size-default\">Preguntas frecuentes<\/h2>\t\t\t\t<\/div>\n\t\t\t\t<\/div>\n\t\t\t\t<div class=\"elementor-element elementor-element-60cfa6ba elementor-widget elementor-widget-text-editor\" data-id=\"60cfa6ba\" data-element_type=\"widget\" data-widget_type=\"text-editor.default\">\n\t\t\t\t<div class=\"elementor-widget-container\">\n\t\t\t\t\t\t\t\t\t<ul>\n<li><a href=\"https:\/\/assets.boseprofessional.com\/m\/7b7fe39dcf2398a1\/original\/1F_Bose_BMSsafety_Reseller_FAQ_esmx.docx?_gl=1*pkm0ds*_gcl_au*MTIwNTcyNzEyMC4xNzIyNjIyMDg0*_ga*MTYxOTYwNDMyMy4xNzIyNjI1NTAz*_ga_NRTQ4DPXBJ*MTcyNDcwMjM3MS42Mi4xLjE3MjQ3MDQxMjQuNjAuMC4w\">F\u00fcr Vertriebspartner 1F<\/a><\/li>\n<li><a href=\"https:\/\/assets.boseprofessional.com\/m\/65a9b4a45cae1563\/original\/2F_Bose_BMSsafety_End_User_FAQ_esmx.docx?_gl=1*pkm0ds*_gcl_au*MTIwNTcyNzEyMC4xNzIyNjIyMDg0*_ga*MTYxOTYwNDMyMy4xNzIyNjI1NTAz*_ga_NRTQ4DPXBJ*MTcyNDcwMjM3MS42Mi4xLjE3MjQ3MDQxMjQuNjAuMC4w\">Para usuarios finales 2F<\/a><\/li>\n<\/ul>\t\t\t\t\t\t\t\t<\/div>\n\t\t\t\t<\/div>\n\t\t\t\t\t<\/div>\n\t\t\t\t<\/div>\n\t\t<div data-particle_enable=\"false\" data-particle-mobile-disabled=\"false\" class=\"elementor-element elementor-element-1e28afc0 e-flex e-con-boxed e-con e-parent\" data-id=\"1e28afc0\" data-element_type=\"container\">\n\t\t\t\t\t<div class=\"e-con-inner\">\n\t\t\t\t<div class=\"elementor-element elementor-element-11d18902 elementor-widget elementor-widget-heading\" data-id=\"11d18902\" data-element_type=\"widget\" data-widget_type=\"heading.default\">\n\t\t\t\t<div class=\"elementor-widget-container\">\n\t\t\t\t\t<h2 class=\"elementor-heading-title elementor-size-default\">Gu\u00edas<\/h2>\t\t\t\t<\/div>\n\t\t\t\t<\/div>\n\t\t\t\t<div class=\"elementor-element elementor-element-218136a4 elementor-widget elementor-widget-text-editor\" data-id=\"218136a4\" data-element_type=\"widget\" data-widget_type=\"text-editor.default\">\n\t\t\t\t<div class=\"elementor-widget-container\">\n\t\t\t\t\t\t\t\t\t<ul>\n<li><a href=\"https:\/\/assets.boseprofessional.com\/m\/5a8b32eed68ec00e\/original\/ig_safetycable_5-5x8-5.pdf?_gl=1*jzfm20*_gcl_au*MTIwNTcyNzEyMC4xNzIyNjIyMDg0*_ga*MTYxOTYwNDMyMy4xNzIyNjI1NTAz*_ga_NRTQ4DPXBJ*MTcyNDcwMjM3MS42Mi4xLjE3MjQ3MDQzODEuNjAuMC4w\">Anleitung zur Installation des Sicherungskabels<\/a><\/li>\n<li><a href=\"https:\/\/assets.boseprofessional.com\/m\/6afa4528e7f2a010\/original\/uig_freespace_ds40f.pdf?_gl=1*jzfm20*_gcl_au*MTIwNTcyNzEyMC4xNzIyNjIyMDg0*_ga*MTYxOTYwNDMyMy4xNzIyNjI1NTAz*_ga_NRTQ4DPXBJ*MTcyNDcwMjM3MS42Mi4xLjE3MjQ3MDQzODEuNjAuMC4w\">Gu\u00eda de desinstalaci\u00f3n de FreeSpace DS 40F<\/a><\/li>\n<\/ul>\t\t\t\t\t\t\t\t<\/div>\n\t\t\t\t<\/div>\n\t\t\t\t\t<\/div>\n\t\t\t\t<\/div>\n\t\t<div data-particle_enable=\"false\" data-particle-mobile-disabled=\"false\" class=\"elementor-element elementor-element-2762450f e-flex e-con-boxed e-con e-parent\" data-id=\"2762450f\" data-element_type=\"container\">\n\t\t\t\t\t<div class=\"e-con-inner\">\n\t\t\t\t<div class=\"elementor-element elementor-element-6cf76743 elementor-widget elementor-widget-heading\" data-id=\"6cf76743\" data-element_type=\"widget\" data-widget_type=\"heading.default\">\n\t\t\t\t<div class=\"elementor-widget-container\">\n\t\t\t\t\t<h2 class=\"elementor-heading-title elementor-size-default\">Formulare zur Produktdisposition<\/h2>\t\t\t\t<\/div>\n\t\t\t\t<\/div>\n\t\t\t\t<div class=\"elementor-element elementor-element-6e8283a0 elementor-widget elementor-widget-text-editor\" data-id=\"6e8283a0\" data-element_type=\"widget\" data-widget_type=\"text-editor.default\">\n\t\t\t\t<div class=\"elementor-widget-container\">\n\t\t\t\t\t\t\t\t\t<ul>\n<li><a href=\"https:\/\/assets.boseprofessional.com\/m\/254474a7dfec927f\/original\/2T_Local_Destruction_Form_esmx.xlsx?_gl=1*jzfm20*_gcl_au*MTIwNTcyNzEyMC4xNzIyNjIyMDg0*_ga*MTYxOTYwNDMyMy4xNzIyNjI1NTAz*_ga_NRTQ4DPXBJ*MTcyNDcwMjM3MS42Mi4xLjE3MjQ3MDQzODEuNjAuMC4w\">Lokales Zerst\u00f6rungsformular<\/a><\/li>\n<li><a href=\"https:\/\/assets.boseprofessional.com\/m\/7280c15252f08b79\/original\/2R_-Local_Destruction_Instructions_esmx.docx?_gl=1*1h7nmv8*_gcl_au*MTIwNTcyNzEyMC4xNzIyNjIyMDg0*_ga*MTYxOTYwNDMyMy4xNzIyNjI1NTAz*_ga_NRTQ4DPXBJ*MTcyNDcwMjM3MS42Mi4xLjE3MjQ3MDQzODEuNjAuMC4w\">Anweisungen zur lokalen Zerst\u00f6rung<\/a><\/li>\n<li><a href=\"mailto:DS40.recall@boseprofessional.com\">DS40.recall@boseprofessional.com<\/a><\/li>\n<\/ul>\t\t\t\t\t\t\t\t<\/div>\n\t\t\t\t<\/div>\n\t\t\t\t\t<\/div>\n\t\t\t\t<\/div>\n\t\t<div data-particle_enable=\"false\" data-particle-mobile-disabled=\"false\" class=\"elementor-element elementor-element-df40665 e-flex e-con-boxed e-con e-parent\" data-id=\"df40665\" data-element_type=\"container\">\n\t\t\t\t\t<div class=\"e-con-inner\">\n\t\t\t\t<div class=\"elementor-element elementor-element-3c85219a elementor-widget elementor-widget-heading\" data-id=\"3c85219a\" data-element_type=\"widget\" data-widget_type=\"heading.default\">\n\t\t\t\t<div class=\"elementor-widget-container\">\n\t\t\t\t\t<h2 class=\"elementor-heading-title elementor-size-default\">Kontakt<\/h2>\t\t\t\t<\/div>\n\t\t\t\t<\/div>\n\t\t\t\t<div class=\"elementor-element elementor-element-10e6f350 elementor-widget elementor-widget-text-editor\" data-id=\"10e6f350\" data-element_type=\"widget\" data-widget_type=\"text-editor.default\">\n\t\t\t\t<div class=\"elementor-widget-container\">\n\t\t\t\t\t\t\t\t\t<p style=\"text-align: center;\"><strong>Kontaktieren Sie einen Verkaufsvertreter von Bose Pro<\/strong><\/p>\t\t\t\t\t\t\t\t<\/div>\n\t\t\t\t<\/div>\n\t\t\t\t<div class=\"elementor-element elementor-element-55eba75 elementor-align-center elementor-widget elementor-widget-button\" data-id=\"55eba75\" data-element_type=\"widget\" data-widget_type=\"button.default\">\n\t\t\t\t<div class=\"elementor-widget-container\">\n\t\t\t\t\t\t\t\t\t<div class=\"elementor-button-wrapper\">\n\t\t\t\t\t<a class=\"elementor-button elementor-button-link elementor-size-sm elementor-animation-shrink\" href=\"\/de\/global-sales-offices\/\">\n\t\t\t\t\t\t<span class=\"elementor-button-content-wrapper\">\n\t\t\t\t\t\t\t\t\t<span class=\"elementor-button-text\">Kontakt<\/span>\n\t\t\t\t\t<\/span>\n\t\t\t\t\t<\/a>\n\t\t\t\t<\/div>\n\t\t\t\t\t\t\t\t<\/div>\n\t\t\t\t<\/div>\n\t\t\t\t\t<\/div>\n\t\t\t\t<\/div>\n\t\t\t\t<\/div>\n\t\t","protected":false},"excerpt":{"rendered":"<p>Bose-Hochleistungsger\u00e4te vom Markt und Installation des Sicherheitskabels. Allgemeine Beschreibung: Bose wird alle technischen\/technischen Hochger\u00e4te in der N\u00e4he zur\u00fcckziehen FreeSpace DS 40F wurde vor dem 13. August 2018 hergestellt. W\u00e4hrend der Installation und des Gebrauchs konnten die Anbauger\u00e4te dieser Altavoces besch\u00e4digt werden, was dazu f\u00fchren konnte, dass [\u2026]<\/p>\n","protected":false},"author":33,"featured_media":0,"parent":1201,"menu_order":0,"comment_status":"closed","ping_status":"closed","template":"","meta":{"_acf_changed":false,"ep_exclude_from_search":false,"footnotes":""},"page-category":[],"class_list":["post-3298","page","type-page","status-publish","hentry"],"acf":[],"_links":{"self":[{"href":"https:\/\/boseprofessional.com\/de\/wp-json\/wp\/v2\/pages\/3298","targetHints":{"allow":["GET"]}}],"collection":[{"href":"https:\/\/boseprofessional.com\/de\/wp-json\/wp\/v2\/pages"}],"about":[{"href":"https:\/\/boseprofessional.com\/de\/wp-json\/wp\/v2\/types\/page"}],"author":[{"embeddable":true,"href":"https:\/\/boseprofessional.com\/de\/wp-json\/wp\/v2\/users\/33"}],"replies":[{"embeddable":true,"href":"https:\/\/boseprofessional.com\/de\/wp-json\/wp\/v2\/comments?post=3298"}],"version-history":[{"count":3,"href":"https:\/\/boseprofessional.com\/de\/wp-json\/wp\/v2\/pages\/3298\/revisions"}],"predecessor-version":[{"id":119293,"href":"https:\/\/boseprofessional.com\/de\/wp-json\/wp\/v2\/pages\/3298\/revisions\/119293"}],"up":[{"embeddable":true,"href":"https:\/\/boseprofessional.com\/de\/wp-json\/wp\/v2\/pages\/1201"}],"wp:attachment":[{"href":"https:\/\/boseprofessional.com\/de\/wp-json\/wp\/v2\/media?parent=3298"}],"wp:term":[{"taxonomy":"page-category","embeddable":true,"href":"https:\/\/boseprofessional.com\/de\/wp-json\/wp\/v2\/page-category?post=3298"}],"curies":[{"name":"wp","href":"https:\/\/api.w.org\/{rel}","templated":true}]}}