{"id":2665,"date":"2023-09-06T09:16:22","date_gmt":"2023-09-06T09:16:22","guid":{"rendered":"https:\/\/uatnew.boseprofessional.com\/?page_id=2665"},"modified":"2024-08-23T16:59:41","modified_gmt":"2024-08-23T16:59:41","slug":"en-ca","status":"publish","type":"page","link":"https:\/\/boseprofessional.com\/de\/resources\/support\/bms-safety\/en-ca\/","title":{"rendered":"BMS Safety EN-CA"},"content":{"rendered":"\t\t<div data-elementor-type=\"wp-page\" data-elementor-id=\"2665\" class=\"elementor elementor-2665\" data-elementor-post-type=\"page\">\n\t\t\t\t<div data-particle_enable=\"false\" data-particle-mobile-disabled=\"false\" class=\"elementor-element elementor-element-28ea3505 e-flex e-con-boxed e-con e-parent\" data-id=\"28ea3505\" data-element_type=\"container\" data-settings=\"{&quot;background_background&quot;:&quot;classic&quot;,&quot;shape_divider_bottom&quot;:&quot;opacity-tilt&quot;}\">\n\t\t\t\t\t<div class=\"e-con-inner\">\n\t\t\t\t<div class=\"elementor-shape elementor-shape-bottom\" aria-hidden=\"true\" data-negative=\"false\">\n\t\t\t<svg xmlns=\"http:\/\/www.w3.org\/2000\/svg\" viewbox=\"0 0 2600 131.1\" preserveaspectratio=\"none\">\n\t<path class=\"elementor-shape-fill\" d=\"M0 0L2600 0 2600 69.1 0 0z\"\/>\n\t<path class=\"elementor-shape-fill\" style=\"opacity:0.5\" d=\"M0 0L2600 0 2600 69.1 0 69.1z\"\/>\n\t<path class=\"elementor-shape-fill\" style=\"opacity:0.25\" d=\"M2600 0L0 0 0 130.1 2600 69.1z\"\/>\n<\/svg>\t\t<\/div>\n\t\t\t\t<div class=\"elementor-element elementor-element-61e096fe elementor-widget elementor-widget-heading\" data-id=\"61e096fe\" data-element_type=\"widget\" data-widget_type=\"heading.default\">\n\t\t\t\t<div class=\"elementor-widget-container\">\n\t\t\t\t\t<h1 class=\"elementor-heading-title elementor-size-default\">R\u00fcckrufaktion f\u00fcr Bose-Lautsprecher und Installation des Sicherheitskabels<\/h1>\t\t\t\t<\/div>\n\t\t\t\t<\/div>\n\t\t\t\t\t<\/div>\n\t\t\t\t<\/div>\n\t\t<div data-particle_enable=\"false\" data-particle-mobile-disabled=\"false\" class=\"elementor-element elementor-element-2e3d44f7 e-flex e-con-boxed e-con e-parent\" data-id=\"2e3d44f7\" data-element_type=\"container\">\n\t\t\t\t\t<div class=\"e-con-inner\">\n\t\t\t\t<div class=\"elementor-element elementor-element-dde6a75 elementor-widget elementor-widget-image\" data-id=\"dde6a75\" data-element_type=\"widget\" data-widget_type=\"image.default\">\n\t\t\t\t<div class=\"elementor-widget-container\">\n\t\t\t\t\t\t\t\t\t\t\t\t\t\t\t<img fetchpriority=\"high\" decoding=\"async\" width=\"1280\" height=\"440\" src=\"https:\/\/assets.boseprofessional.com\/transform\/e70c180d-4d3e-4142-a589-837bd83357c3\/Hydrocarbons_montage2_Header-png\" class=\"attachment-1536x1536 size-1536x1536 wp-image-20498\" alt=\"Kohlenwasserstoff-Montage 2 Header\" srcset=\"https:\/\/assets.boseprofessional.com\/transform\/e70c180d-4d3e-4142-a589-837bd83357c3\/Hydrocarbons_montage2_Header-png 1280w, https:\/\/assets.boseprofessional.com\/transform\/e70c180d-4d3e-4142-a589-837bd83357c3\/Hydrocarbons_montage2_Header-png?io=transform:scale,width:150,height:52 150w, https:\/\/assets.boseprofessional.com\/transform\/e70c180d-4d3e-4142-a589-837bd83357c3\/Hydrocarbons_montage2_Header-png?io=transform:scale,width:300,height:103 300w, https:\/\/assets.boseprofessional.com\/transform\/e70c180d-4d3e-4142-a589-837bd83357c3\/Hydrocarbons_montage2_Header-png?io=transform:scale,width:1024,height:352 1024w, https:\/\/assets.boseprofessional.com\/transform\/e70c180d-4d3e-4142-a589-837bd83357c3\/Hydrocarbons_montage2_Header-png?io=transform:scale,width:480,height:165 480w, https:\/\/assets.boseprofessional.com\/transform\/e70c180d-4d3e-4142-a589-837bd83357c3\/Hydrocarbons_montage2_Header-png?io=transform:scale,width:768,height:264 768w, https:\/\/assets.boseprofessional.com\/transform\/e70c180d-4d3e-4142-a589-837bd83357c3\/Hydrocarbons_montage2_Header-png?io=transform:scale,width:100,height:34 100w\" sizes=\"(max-width: 1280px) 100vw, 1280px\" \/>\t\t\t\t\t\t\t\t\t\t\t\t\t\t\t<\/div>\n\t\t\t\t<\/div>\n\t\t\t\t\t<\/div>\n\t\t\t\t<\/div>\n\t\t<div data-particle_enable=\"false\" data-particle-mobile-disabled=\"false\" class=\"elementor-element elementor-element-35fe8a1d e-flex e-con-boxed e-con e-parent\" data-id=\"35fe8a1d\" data-element_type=\"container\">\n\t\t\t\t\t<div class=\"e-con-inner\">\n\t\t\t\t<div class=\"elementor-element elementor-element-2e46a353 elementor-widget elementor-widget-heading\" data-id=\"2e46a353\" data-element_type=\"widget\" data-widget_type=\"heading.default\">\n\t\t\t\t<div class=\"elementor-widget-container\">\n\t\t\t\t\t<h2 class=\"elementor-heading-title elementor-size-default\">\u00dcberblick<\/h2>\t\t\t\t<\/div>\n\t\t\t\t<\/div>\n\t\t\t\t<div class=\"elementor-element elementor-element-51099735 elementor-widget elementor-widget-text-editor\" data-id=\"51099735\" data-element_type=\"widget\" data-widget_type=\"text-editor.default\">\n\t\t\t\t<div class=\"elementor-widget-container\">\n\t\t\t\t\t\t\t\t\t<p><strong>Bose ruft alle FreeSpace DS 40F Einbaulautsprecher zur\u00fcck, die vor dem 13. August 2018 hergestellt wurden<\/strong> . Bei der Installation und im Betrieb k\u00f6nnen die Befestigungsanker dieser Lautsprecher brechen, wodurch die Lautsprecher herunterfallen und schwere Verletzungen verursachen k\u00f6nnen. Bisher wurden uns 29 F\u00e4lle gemeldet, in denen Lautsprecher von ihren Einbauorten gefallen sind, sowie ein Fall mit einer Verletzung.<\/p>\n<p><strong>Bose schreibt die Installation von Sicherheitsseilen f\u00fcr bestimmte Bose-Lautsprecher, darunter den DS 40F, in gewerblichen K\u00fcchen vor. Dies gilt nun auch f\u00fcr bereits installierte Lautsprecher<\/strong> . Bei Kontakt mit Speise\u00f6l oder -d\u00e4mpfen k\u00f6nnen die Befestigungselemente dieser Lautsprecher brechen, wodurch die Lautsprecher herunterfallen und schwere Verletzungen verursachen k\u00f6nnen. Bisher wurden uns f\u00fcnf F\u00e4lle von heruntergefallenen Lautsprechern und ein Fall von Verletzung gemeldet.<\/p>\n<p>Wenn Sie ein direkter Bose-H\u00e4ndler oder -Vertriebspartner sind, w\u00e4hlen Sie bitte eine der unten stehenden Optionen aus. Falls Sie Ihre Lautsprecher nicht direkt von Bose beziehen, wenden Sie sich bitte an Ihren Bose-H\u00e4ndler, um weitere Informationen zu erhalten.<\/p>\t\t\t\t\t\t\t\t<\/div>\n\t\t\t\t<\/div>\n\t\t\t\t\t<\/div>\n\t\t\t\t<\/div>\n\t\t<div data-particle_enable=\"false\" data-particle-mobile-disabled=\"false\" class=\"elementor-element elementor-element-6e284d3b e-flex e-con-boxed e-con e-parent\" data-id=\"6e284d3b\" data-element_type=\"container\">\n\t\t\t\t\t<div class=\"e-con-inner\">\n\t\t\t\t<div class=\"elementor-element elementor-element-fd026b7 elementor-widget elementor-widget-heading\" data-id=\"fd026b7\" data-element_type=\"widget\" data-widget_type=\"heading.default\">\n\t\t\t\t<div class=\"elementor-widget-container\">\n\t\t\t\t\t<h2 class=\"elementor-heading-title elementor-size-default\">Anfragen &amp; Anspr\u00fcche<\/h2>\t\t\t\t<\/div>\n\t\t\t\t<\/div>\n\t\t\t\t<div class=\"elementor-element elementor-element-52acd4d elementor-widget elementor-widget-text-editor\" data-id=\"52acd4d\" data-element_type=\"widget\" data-widget_type=\"text-editor.default\">\n\t\t\t\t<div class=\"elementor-widget-container\">\n\t\t\t\t\t\t\t\t\t<p>Anfragen zu Ersatzprodukten, Sicherheitskabeln oder Entsch\u00e4digung: <a href=\"https:\/\/www.bosebmssafety.com\/claim\" target=\"_blank\" rel=\"noopener\">BoseBMSsafety.com\/claim<\/a><\/p>\t\t\t\t\t\t\t\t<\/div>\n\t\t\t\t<\/div>\n\t\t\t\t\t<\/div>\n\t\t\t\t<\/div>\n\t\t<div data-particle_enable=\"false\" data-particle-mobile-disabled=\"false\" class=\"elementor-element elementor-element-b381201 e-flex e-con-boxed e-con e-parent\" data-id=\"b381201\" data-element_type=\"container\">\n\t\t\t\t\t<div class=\"e-con-inner\">\n\t\t\t\t<div class=\"elementor-element elementor-element-77b166df elementor-widget elementor-widget-heading\" data-id=\"77b166df\" data-element_type=\"widget\" data-widget_type=\"heading.default\">\n\t\t\t\t<div class=\"elementor-widget-container\">\n\t\t\t\t\t<h2 class=\"elementor-heading-title elementor-size-default\">Kommunikation<\/h2>\t\t\t\t<\/div>\n\t\t\t\t<\/div>\n\t\t\t\t<div class=\"elementor-element elementor-element-782e24f9 elementor-widget elementor-widget-text-editor\" data-id=\"782e24f9\" data-element_type=\"widget\" data-widget_type=\"text-editor.default\">\n\t\t\t\t<div class=\"elementor-widget-container\">\n\t\t\t\t\t\t\t\t\t<ul><li><a href=\"https:\/\/assets.boseprofessional.com\/m\/590c4df1426918f0\/original\/1L_Bose_BMSsafety_Direct_Reseller_en.docx?_gl=1*12bmjyl*_gcl_au*MTIwNTcyNzEyMC4xNzIyNjIyMDg0*_ga*MTYxOTYwNDMyMy4xNzIyNjI1NTAz*_ga_NRTQ4DPXBJ*MTcyNDQzMDUzMS41NC4xLjE3MjQ0MzIwMTAuNjAuMC4w\">Direktvertriebspartner (Niederlassungsland) Schreiben 1L<\/a><\/li><li><a href=\"https:\/\/assets.boseprofessional.com\/m\/50790113a2a47c6d\/original\/3L_Bose_BMSsafety_Indirect_Reseller_en.docx?_gl=1*12bmjyl*_gcl_au*MTIwNTcyNzEyMC4xNzIyNjIyMDg0*_ga*MTYxOTYwNDMyMy4xNzIyNjI1NTAz*_ga_NRTQ4DPXBJ*MTcyNDQzMDUzMS41NC4xLjE3MjQ0MzIwMTAuNjAuMC4w\">Indirektes\/Tier-2-Wiederverk\u00e4uferschreiben 3L<\/a><\/li><li><a href=\"https:\/\/assets.boseprofessional.com\/m\/35b9bf7543e29d6b\/original\/4L_Bose_BMSsafety_End_User_en.docx?_gl=1*1sn6a6a*_gcl_au*MTIwNTcyNzEyMC4xNzIyNjIyMDg0*_ga*MTYxOTYwNDMyMy4xNzIyNjI1NTAz*_ga_NRTQ4DPXBJ*MTcyNDQzMDUzMS41NC4xLjE3MjQ0MzIwMTAuNjAuMC4w\">Endbenutzerbrief 4L<\/a><\/li><li><a href=\"https:\/\/assets.boseprofessional.com\/m\/130b4b72ad2e187f\/original\/6A_Bose_BMSsafety_en-xlsx.docx?_gl=1*1sn6a6a*_gcl_au*MTIwNTcyNzEyMC4xNzIyNjIyMDg0*_ga*MTYxOTYwNDMyMy4xNzIyNjI1NTAz*_ga_NRTQ4DPXBJ*MTcyNDQzMDUzMS41NC4xLjE3MjQ0MzIwMTAuNjAuMC4w\">Liste der betroffenen Produkt-SKUs 6A<\/a><\/li><li><a href=\"https:\/\/assets.boseprofessional.com\/m\/426108e0ebd9135f\/original\/Bose_BMS_Safety_UPDATE_New_EdgeMax_SKUs_en.docx?_gl=1*1sn6a6a*_gcl_au*MTIwNTcyNzEyMC4xNzIyNjIyMDg0*_ga*MTYxOTYwNDMyMy4xNzIyNjI1NTAz*_ga_NRTQ4DPXBJ*MTcyNDQzMDUzMS41NC4xLjE3MjQ0MzIwMTAuNjAuMC4w\"><strong>Aktualisierung<\/strong> : 10. Oktober 2019 \u2013 Neu EdgeMax Artikelnummern<\/a><\/li><li><a href=\"https:\/\/assets.boseprofessional.com\/m\/5ffc8a81b56ef0b8\/original\/Bose_BMS_Safety_UPDATE_New_FS3_SKUs_en.docx?_gl=1*1sn6a6a*_gcl_au*MTIwNTcyNzEyMC4xNzIyNjIyMDg0*_ga*MTYxOTYwNDMyMy4xNzIyNjI1NTAz*_ga_NRTQ4DPXBJ*MTcyNDQzMDUzMS41NC4xLjE3MjQ0MzIwMTAuNjAuMC4w\"><strong>Aktualisierung<\/strong> : 20. Februar 2020 \u2013 Neu FreeSpace\u00a03 Artikelnummern<\/a><\/li><\/ul>\t\t\t\t\t\t\t\t<\/div>\n\t\t\t\t<\/div>\n\t\t\t\t\t<\/div>\n\t\t\t\t<\/div>\n\t\t<div data-particle_enable=\"false\" data-particle-mobile-disabled=\"false\" class=\"elementor-element elementor-element-2c3ee3d4 e-flex e-con-boxed e-con e-parent\" data-id=\"2c3ee3d4\" data-element_type=\"container\">\n\t\t\t\t\t<div class=\"e-con-inner\">\n\t\t\t\t<div class=\"elementor-element elementor-element-72cb1ee9 elementor-widget elementor-widget-heading\" data-id=\"72cb1ee9\" data-element_type=\"widget\" data-widget_type=\"heading.default\">\n\t\t\t\t<div class=\"elementor-widget-container\">\n\t\t\t\t\t<h2 class=\"elementor-heading-title elementor-size-default\">H\u00e4ufig gestellte Fragen<\/h2>\t\t\t\t<\/div>\n\t\t\t\t<\/div>\n\t\t\t\t<div class=\"elementor-element elementor-element-10ba7170 elementor-widget elementor-widget-text-editor\" data-id=\"10ba7170\" data-element_type=\"widget\" data-widget_type=\"text-editor.default\">\n\t\t\t\t<div class=\"elementor-widget-container\">\n\t\t\t\t\t\t\t\t\t<ul><li><a href=\"https:\/\/assets.boseprofessional.com\/m\/267a40c27c366a83\/original\/1F_Bose_BMSsafety_Reseller_FAQ_en.docx?_gl=1*1gzczkk*_gcl_au*MTIwNTcyNzEyMC4xNzIyNjIyMDg0*_ga*MTYxOTYwNDMyMy4xNzIyNjI1NTAz*_ga_NRTQ4DPXBJ*MTcyNDQzMDUzMS41NC4xLjE3MjQ0MzIwMTAuNjAuMC4w\">F\u00fcr Wiederverk\u00e4ufer 1F<\/a><\/li><li><a href=\"https:\/\/assets.boseprofessional.com\/m\/259cea739c06447\/original\/2F_Bose_BMSsafety_End_User_FAQ_en.docx?_gl=1*1gzczkk*_gcl_au*MTIwNTcyNzEyMC4xNzIyNjIyMDg0*_ga*MTYxOTYwNDMyMy4xNzIyNjI1NTAz*_ga_NRTQ4DPXBJ*MTcyNDQzMDUzMS41NC4xLjE3MjQ0MzIwMTAuNjAuMC4w\">F\u00fcr Endbenutzer 2F<\/a><\/li><\/ul>\t\t\t\t\t\t\t\t<\/div>\n\t\t\t\t<\/div>\n\t\t\t\t\t<\/div>\n\t\t\t\t<\/div>\n\t\t<div data-particle_enable=\"false\" data-particle-mobile-disabled=\"false\" class=\"elementor-element elementor-element-3af9dcf6 e-flex e-con-boxed e-con e-parent\" data-id=\"3af9dcf6\" data-element_type=\"container\">\n\t\t\t\t\t<div class=\"e-con-inner\">\n\t\t\t\t<div class=\"elementor-element elementor-element-10232a60 elementor-widget elementor-widget-heading\" data-id=\"10232a60\" data-element_type=\"widget\" data-widget_type=\"heading.default\">\n\t\t\t\t<div class=\"elementor-widget-container\">\n\t\t\t\t\t<h2 class=\"elementor-heading-title elementor-size-default\">Leitf\u00e4den<\/h2>\t\t\t\t<\/div>\n\t\t\t\t<\/div>\n\t\t\t\t<div class=\"elementor-element elementor-element-53876b77 elementor-widget elementor-widget-text-editor\" data-id=\"53876b77\" data-element_type=\"widget\" data-widget_type=\"text-editor.default\">\n\t\t\t\t<div class=\"elementor-widget-container\">\n\t\t\t\t\t\t\t\t\t<ul><li><a href=\"https:\/\/assets.boseprofessional.com\/m\/5a8b32eed68ec00e\/original\/ig_safetycable_5-5x8-5.pdf?_gl=1*1gzczkk*_gcl_au*MTIwNTcyNzEyMC4xNzIyNjIyMDg0*_ga*MTYxOTYwNDMyMy4xNzIyNjI1NTAz*_ga_NRTQ4DPXBJ*MTcyNDQzMDUzMS41NC4xLjE3MjQ0MzIwMTAuNjAuMC4w\">Installationsanleitung f\u00fcr Sicherheitskabel<\/a><\/li><li><a href=\"https:\/\/assets.boseprofessional.com\/m\/6afa4528e7f2a010\/original\/uig_freespace_ds40f.pdf?_gl=1*1gzczkk*_gcl_au*MTIwNTcyNzEyMC4xNzIyNjIyMDg0*_ga*MTYxOTYwNDMyMy4xNzIyNjI1NTAz*_ga_NRTQ4DPXBJ*MTcyNDQzMDUzMS41NC4xLjE3MjQ0MzIwMTAuNjAuMC4w\">FreeSpace DS 40F Deinstallationsanleitung<\/a><\/li><\/ul>\t\t\t\t\t\t\t\t<\/div>\n\t\t\t\t<\/div>\n\t\t\t\t\t<\/div>\n\t\t\t\t<\/div>\n\t\t<div data-particle_enable=\"false\" data-particle-mobile-disabled=\"false\" class=\"elementor-element elementor-element-7b129329 e-flex e-con-boxed e-con e-parent\" data-id=\"7b129329\" data-element_type=\"container\">\n\t\t\t\t\t<div class=\"e-con-inner\">\n\t\t\t\t<div class=\"elementor-element elementor-element-75ba6af2 elementor-widget elementor-widget-heading\" data-id=\"75ba6af2\" data-element_type=\"widget\" data-widget_type=\"heading.default\">\n\t\t\t\t<div class=\"elementor-widget-container\">\n\t\t\t\t\t<h2 class=\"elementor-heading-title elementor-size-default\">Produktentsorgungsformulare<\/h2>\t\t\t\t<\/div>\n\t\t\t\t<\/div>\n\t\t\t\t<div class=\"elementor-element elementor-element-2b1e0b53 elementor-widget elementor-widget-text-editor\" data-id=\"2b1e0b53\" data-element_type=\"widget\" data-widget_type=\"text-editor.default\">\n\t\t\t\t<div class=\"elementor-widget-container\">\n\t\t\t\t\t\t\t\t\t<p>Wenn Sie weniger als 10 Lautsprecher zur\u00fccksenden m\u00f6chten, <a href=\"https:\/\/row.ups.com\/\" target=\"_blank\" rel=\"noopener\">nutzen Sie bitte diesen Link f\u00fcr die R\u00fccksendung per UPS<\/a> .<\/p><p><strong>Firmenalias<\/strong> : boseprorecal<br \/> <strong>Anmelde-ID<\/strong> : DS40<br \/> <strong>Passwort<\/strong> : DS40<\/p><p>Bitte vermerken Sie unbedingt Ihre Bestellnummer auf jedem zur\u00fcckgesendeten Karton.<\/p><hr \/><p>Wenn Sie 10 oder mehr Lautsprecher zur\u00fccksenden, f\u00fcllen Sie bitte den untenstehenden Frachtbrief aus und rufen Sie unter 1-800-GO-FEDEX an, um die Abholung zu vereinbaren. Bei der Vorbereitung Ihrer FedEx-Frachtsendung,<\/p><ol><li>F\u00fcr diese Versandart m\u00fcssen Sie Ihre Sendung palettieren und mit Schrumpffolie umwickeln. Falls Sie Ihre Sendung nicht palettieren und mit Schrumpffolie umwickeln k\u00f6nnen, m\u00fcssen Sie die oben beschriebene UPS-Methode verwenden. Bitte notieren Sie Ihre Bestellnummer auf einem nach au\u00dfen gerichteten Karton auf der Palette.<\/li><li>Bitte f\u00fcllen Sie unbedingt die gelb markierten Abschnitte <a href=\"https:\/\/assets.boseprofessional.com\/m\/40bfc5988cec8638\/original\/Bose_US_BOL.pdf?_gl=1*sarg3a*_gcl_au*MTIwNTcyNzEyMC4xNzIyNjIyMDg0*_ga*MTYxOTYwNDMyMy4xNzIyNjI1NTAz*_ga_NRTQ4DPXBJ*MTcyNDQzMDUzMS41NC4xLjE3MjQ0MzIzNDQuNjAuMC4w\">des Frachtbriefs<\/a> aus.<\/li><li>Bitte geben Sie Ihre Bestellnummer im Feld \u201eBestellung\u201c auf dem Frachtbrief ein.<\/li><li>F\u00fcr die USA und Kanada w\u00e4hlen Sie bitte 1-800-GO-FEDEX, f\u00fcr Mexiko 01-800-00-333-39, um Ihre Abholung zu vereinbaren.<br \/><ol style=\"list-style-type: lower-alpha;\"><li>W\u00e4hlen Sie \u201eAbholung planen\u201c, wenn Sie dazu aufgefordert werden.<\/li><li>Bitte pr\u00fcfen Sie, ob die Sendung \u00fcber 150 Pfund wiegt.<\/li><li>Gesamtgewicht der Sendung<\/li><li>W\u00e4hlen Sie den \u201eLTL\u201c-Service.<\/li><li>Teilen Sie dem FedEx-Agenten Ihre gew\u00fcnschte Abholzeit mit.<\/li><\/ol><\/li><\/ol>\t\t\t\t\t\t\t\t<\/div>\n\t\t\t\t<\/div>\n\t\t\t\t\t<\/div>\n\t\t\t\t<\/div>\n\t\t<div data-particle_enable=\"false\" data-particle-mobile-disabled=\"false\" class=\"elementor-element elementor-element-5d5e9347 e-flex e-con-boxed e-con e-parent\" data-id=\"5d5e9347\" data-element_type=\"container\">\n\t\t\t\t\t<div class=\"e-con-inner\">\n\t\t\t\t<div class=\"elementor-element elementor-element-56003dab elementor-widget elementor-widget-heading\" data-id=\"56003dab\" data-element_type=\"widget\" data-widget_type=\"heading.default\">\n\t\t\t\t<div class=\"elementor-widget-container\">\n\t\t\t\t\t<h2 class=\"elementor-heading-title elementor-size-default\">Kontakt<\/h2>\t\t\t\t<\/div>\n\t\t\t\t<\/div>\n\t\t\t\t<div class=\"elementor-element elementor-element-534bb334 elementor-widget elementor-widget-text-editor\" data-id=\"534bb334\" data-element_type=\"widget\" data-widget_type=\"text-editor.default\">\n\t\t\t\t<div class=\"elementor-widget-container\">\n\t\t\t\t\t\t\t\t\t<p style=\"text-align: center; margin-bottom: 0px;\"><strong>Kontaktieren Sie einen Bose Pro Vertriebsmitarbeiter<\/strong><\/p>\t\t\t\t\t\t\t\t<\/div>\n\t\t\t\t<\/div>\n\t\t\t\t<div class=\"elementor-element elementor-element-6ab9c236 elementor-align-center elementor-widget elementor-widget-button\" data-id=\"6ab9c236\" data-element_type=\"widget\" data-widget_type=\"button.default\">\n\t\t\t\t<div class=\"elementor-widget-container\">\n\t\t\t\t\t\t\t\t\t<div class=\"elementor-button-wrapper\">\n\t\t\t\t\t<a class=\"elementor-button elementor-button-link elementor-size-sm elementor-animation-shrink\" href=\"\/de\/global-sales-offices\/\">\n\t\t\t\t\t\t<span class=\"elementor-button-content-wrapper\">\n\t\t\t\t\t\t\t\t\t<span class=\"elementor-button-text\">Kontakt<\/span>\n\t\t\t\t\t<\/span>\n\t\t\t\t\t<\/a>\n\t\t\t\t<\/div>\n\t\t\t\t\t\t\t\t<\/div>\n\t\t\t\t<\/div>\n\t\t\t\t\t<\/div>\n\t\t\t\t<\/div>\n\t\t\t\t<\/div>\n\t\t","protected":false},"excerpt":{"rendered":"<p>Bose-Lautsprecherr\u00fcckruf &amp; \u00dcbersicht zur Installation des Sicherheitskabels: Bose ruft alle FreeSpace\u202fDS 40F Deckeneinbaulautsprecher, hergestellt vor dem 13. August 2018. Bei der Installation und im Betrieb k\u00f6nnen die Befestigungsanker dieser Lautsprecher brechen, wodurch die Lautsprecher herunterfallen und schwere Verletzungen verursachen k\u00f6nnen. Bisher wurden uns 29 F\u00e4lle gemeldet, in denen Lautsprecher von ihren Befestigungspunkten gefallen sind.<\/p>\n","protected":false},"author":33,"featured_media":0,"parent":1201,"menu_order":0,"comment_status":"closed","ping_status":"closed","template":"","meta":{"_acf_changed":false,"ep_exclude_from_search":false,"footnotes":""},"page-category":[],"class_list":["post-2665","page","type-page","status-publish","hentry"],"acf":[],"_links":{"self":[{"href":"https:\/\/boseprofessional.com\/de\/wp-json\/wp\/v2\/pages\/2665","targetHints":{"allow":["GET"]}}],"collection":[{"href":"https:\/\/boseprofessional.com\/de\/wp-json\/wp\/v2\/pages"}],"about":[{"href":"https:\/\/boseprofessional.com\/de\/wp-json\/wp\/v2\/types\/page"}],"author":[{"embeddable":true,"href":"https:\/\/boseprofessional.com\/de\/wp-json\/wp\/v2\/users\/33"}],"replies":[{"embeddable":true,"href":"https:\/\/boseprofessional.com\/de\/wp-json\/wp\/v2\/comments?post=2665"}],"version-history":[{"count":4,"href":"https:\/\/boseprofessional.com\/de\/wp-json\/wp\/v2\/pages\/2665\/revisions"}],"predecessor-version":[{"id":119283,"href":"https:\/\/boseprofessional.com\/de\/wp-json\/wp\/v2\/pages\/2665\/revisions\/119283"}],"up":[{"embeddable":true,"href":"https:\/\/boseprofessional.com\/de\/wp-json\/wp\/v2\/pages\/1201"}],"wp:attachment":[{"href":"https:\/\/boseprofessional.com\/de\/wp-json\/wp\/v2\/media?parent=2665"}],"wp:term":[{"taxonomy":"page-category","embeddable":true,"href":"https:\/\/boseprofessional.com\/de\/wp-json\/wp\/v2\/page-category?post=2665"}],"curies":[{"name":"wp","href":"https:\/\/api.w.org\/{rel}","templated":true}]}}