{"id":2633,"date":"2023-09-06T08:26:22","date_gmt":"2023-09-06T08:26:22","guid":{"rendered":"https:\/\/uatnew.boseprofessional.com\/?page_id=2633"},"modified":"2024-08-26T20:43:09","modified_gmt":"2024-08-26T20:43:09","slug":"fr-be","status":"publish","type":"page","link":"https:\/\/boseprofessional.com\/de\/resources\/support\/bms-safety\/fr-be\/","title":{"rendered":"BMS Safety FR-BE"},"content":{"rendered":"\t\t<div data-elementor-type=\"wp-page\" data-elementor-id=\"2633\" class=\"elementor elementor-2633\" data-elementor-post-type=\"page\">\n\t\t\t\t<div data-particle_enable=\"false\" data-particle-mobile-disabled=\"false\" class=\"elementor-element elementor-element-5eed0de7 e-flex e-con-boxed e-con e-parent\" data-id=\"5eed0de7\" data-element_type=\"container\" data-settings=\"{&quot;background_background&quot;:&quot;classic&quot;,&quot;shape_divider_bottom&quot;:&quot;opacity-tilt&quot;}\">\n\t\t\t\t\t<div class=\"e-con-inner\">\n\t\t\t\t<div class=\"elementor-shape elementor-shape-bottom\" aria-hidden=\"true\" data-negative=\"false\">\n\t\t\t<svg xmlns=\"http:\/\/www.w3.org\/2000\/svg\" viewbox=\"0 0 2600 131.1\" preserveaspectratio=\"none\">\n\t<path class=\"elementor-shape-fill\" d=\"M0 0L2600 0 2600 69.1 0 0z\"\/>\n\t<path class=\"elementor-shape-fill\" style=\"opacity:0.5\" d=\"M0 0L2600 0 2600 69.1 0 69.1z\"\/>\n\t<path class=\"elementor-shape-fill\" style=\"opacity:0.25\" d=\"M2600 0L0 0 0 130.1 2600 69.1z\"\/>\n<\/svg>\t\t<\/div>\n\t\t\t\t<div class=\"elementor-element elementor-element-31492b54 elementor-widget elementor-widget-heading\" data-id=\"31492b54\" data-element_type=\"widget\" data-widget_type=\"heading.default\">\n\t\t\t\t<div class=\"elementor-widget-container\">\n\t\t\t\t\t<h1 class=\"elementor-heading-title elementor-size-default\">Abseilen und Installation des Sicherheitskabels<\/h1>\t\t\t\t<\/div>\n\t\t\t\t<\/div>\n\t\t\t\t\t<\/div>\n\t\t\t\t<\/div>\n\t\t<div data-particle_enable=\"false\" data-particle-mobile-disabled=\"false\" class=\"elementor-element elementor-element-1e07081b e-flex e-con-boxed e-con e-parent\" data-id=\"1e07081b\" data-element_type=\"container\">\n\t\t\t\t\t<div class=\"e-con-inner\">\n\t\t\t\t<div class=\"elementor-element elementor-element-6261d996 elementor-widget elementor-widget-image\" data-id=\"6261d996\" data-element_type=\"widget\" data-widget_type=\"image.default\">\n\t\t\t\t<div class=\"elementor-widget-container\">\n\t\t\t\t\t\t\t\t\t\t\t\t\t\t\t<img fetchpriority=\"high\" decoding=\"async\" width=\"1280\" height=\"440\" src=\"https:\/\/assets.boseprofessional.com\/transform\/e70c180d-4d3e-4142-a589-837bd83357c3\/Hydrocarbons_montage2_Header-png\" class=\"attachment-1536x1536 size-1536x1536 wp-image-20498\" alt=\"Kohlenwasserstoff-Montage 2 Header\" srcset=\"https:\/\/assets.boseprofessional.com\/transform\/e70c180d-4d3e-4142-a589-837bd83357c3\/Hydrocarbons_montage2_Header-png 1280w, https:\/\/assets.boseprofessional.com\/transform\/e70c180d-4d3e-4142-a589-837bd83357c3\/Hydrocarbons_montage2_Header-png?io=transform:scale,width:150,height:52 150w, https:\/\/assets.boseprofessional.com\/transform\/e70c180d-4d3e-4142-a589-837bd83357c3\/Hydrocarbons_montage2_Header-png?io=transform:scale,width:300,height:103 300w, https:\/\/assets.boseprofessional.com\/transform\/e70c180d-4d3e-4142-a589-837bd83357c3\/Hydrocarbons_montage2_Header-png?io=transform:scale,width:1024,height:352 1024w, https:\/\/assets.boseprofessional.com\/transform\/e70c180d-4d3e-4142-a589-837bd83357c3\/Hydrocarbons_montage2_Header-png?io=transform:scale,width:480,height:165 480w, https:\/\/assets.boseprofessional.com\/transform\/e70c180d-4d3e-4142-a589-837bd83357c3\/Hydrocarbons_montage2_Header-png?io=transform:scale,width:768,height:264 768w, https:\/\/assets.boseprofessional.com\/transform\/e70c180d-4d3e-4142-a589-837bd83357c3\/Hydrocarbons_montage2_Header-png?io=transform:scale,width:100,height:34 100w\" sizes=\"(max-width: 1280px) 100vw, 1280px\" \/>\t\t\t\t\t\t\t\t\t\t\t\t\t\t\t<\/div>\n\t\t\t\t<\/div>\n\t\t\t\t\t<\/div>\n\t\t\t\t<\/div>\n\t\t<div data-particle_enable=\"false\" data-particle-mobile-disabled=\"false\" class=\"elementor-element elementor-element-62a8f9a8 e-flex e-con-boxed e-con e-parent\" data-id=\"62a8f9a8\" data-element_type=\"container\">\n\t\t\t\t\t<div class=\"e-con-inner\">\n\t\t\t\t<div class=\"elementor-element elementor-element-4e6c2125 elementor-widget elementor-widget-heading\" data-id=\"4e6c2125\" data-element_type=\"widget\" data-widget_type=\"heading.default\">\n\t\t\t\t<div class=\"elementor-widget-container\">\n\t\t\t\t\t<h2 class=\"elementor-heading-title elementor-size-default\">G\u00e9n\u00e9ralit\u00e9s<\/h2>\t\t\t\t<\/div>\n\t\t\t\t<\/div>\n\t\t\t\t<div class=\"elementor-element elementor-element-47f01f97 elementor-widget elementor-widget-text-editor\" data-id=\"47f01f97\" data-element_type=\"widget\" data-widget_type=\"text-editor.default\">\n\t\t\t\t<div class=\"elementor-widget-container\">\n\t\t\t\t\t\t\t\t\t<p><strong>Bose Rappelle verkauft vor dem 13. August 2018 hergestellte Decken- und Deckenleuchten FreeSpace DS 40F<\/strong> . Wenn Sie die Installation w\u00e4hrend der Nutzung durchf\u00fchren, kann die Installation dieser Zaunanlagen zu gef\u00e4hrlichen Zwecken f\u00fchren, da die Zaunschranken zu Grabe getragen werden und Gr\u00e4bersegnungen hervorrufen. Die Berichte, die wir in diesem Tag erhalten haben, sind 29 Grabst\u00e4tten, in denen sie installiert und gesegnet wurde.<\/p><p><strong>Dar\u00fcber hinaus verlangte Bose die Installation von Sicherheitskabeln auf bestimmten Ger\u00e4ten, einschlie\u00dflich DS 40F, die in der K\u00fcche in einer professionellen Umgebung installiert werden m\u00fcssen<\/strong> . Zu dieser Verpflichtung geh\u00f6ren auch die vorab installierten Schutzeinrichtungen. Sie werden in den K\u00fcchen\u00f6fen oder in den E-Zigaretten-Dampfger\u00e4ten ausgestellt, die Elemente der Montage dieser Feuer\u00f6fen k\u00f6nnen gef\u00e4hrlich sein, auch wenn die Feuer\u00f6fen zu Grabe getragen werden und Gr\u00e4bersegnungen hervorrufen. Die Berichte, die wir in diesem Tag erhalten haben, sind f\u00fcnfzehn Gr\u00e4ber von ihrer Installations- und Segensstelle.<\/p><p>Wenn Sie einen Bose-H\u00e4ndler oder einen direkten Verk\u00e4ufer haben, w\u00e4hlen Sie eine der entsprechenden Optionen aus. Wenn Sie nicht in der Lage sind, sich direkt an Bose zu wenden, wenden Sie sich bitte an Ihren Bose-Verk\u00e4ufer, um mehr zu erfahren.<\/p>\t\t\t\t\t\t\t\t<\/div>\n\t\t\t\t<\/div>\n\t\t\t\t\t<\/div>\n\t\t\t\t<\/div>\n\t\t<div data-particle_enable=\"false\" data-particle-mobile-disabled=\"false\" class=\"elementor-element elementor-element-47f38cd4 e-flex e-con-boxed e-con e-parent\" data-id=\"47f38cd4\" data-element_type=\"container\">\n\t\t\t\t\t<div class=\"e-con-inner\">\n\t\t\t\t<div class=\"elementor-element elementor-element-4027c37a elementor-widget elementor-widget-heading\" data-id=\"4027c37a\" data-element_type=\"widget\" data-widget_type=\"heading.default\">\n\t\t\t\t<div class=\"elementor-widget-container\">\n\t\t\t\t\t<h2 class=\"elementor-heading-title elementor-size-default\">Ersuchen und verlangen eine R\u00fcckerstattung<\/h2>\t\t\t\t<\/div>\n\t\t\t\t<\/div>\n\t\t\t\t<div class=\"elementor-element elementor-element-6cd10c39 elementor-widget elementor-widget-text-editor\" data-id=\"6cd10c39\" data-element_type=\"widget\" data-widget_type=\"text-editor.default\">\n\t\t\t\t<div class=\"elementor-widget-container\">\n\t\t\t\t\t\t\t\t\t<div id=\"requeteetdemandederemboursement\" class=\"bp_page-navigation-content\"><p class=\"bp_bms-content-text-mt-mar bp_bms-content-text\">Anforderungen f\u00fcr Ersatzprodukte, Sicherheitskabel oder Entsch\u00e4digung: <a href=\"https:\/\/www.bosebmssafety.com\/claim\" target=\"_blank\" rel=\"noreferrer noopener\">BoseBMSsafety.com\/claim<\/a><\/p><\/div><div id=\"communications\" class=\"bp_bms-section-wrap bp_page-navigation-content\"><div class=\"bp_bms-section-header-wrap\">\u00a0<\/div><\/div>\t\t\t\t\t\t\t\t<\/div>\n\t\t\t\t<\/div>\n\t\t\t\t\t<\/div>\n\t\t\t\t<\/div>\n\t\t<div data-particle_enable=\"false\" data-particle-mobile-disabled=\"false\" class=\"elementor-element elementor-element-335d018a e-flex e-con-boxed e-con e-parent\" data-id=\"335d018a\" data-element_type=\"container\">\n\t\t\t\t\t<div class=\"e-con-inner\">\n\t\t\t\t<div class=\"elementor-element elementor-element-5163c30c elementor-widget elementor-widget-heading\" data-id=\"5163c30c\" data-element_type=\"widget\" data-widget_type=\"heading.default\">\n\t\t\t\t<div class=\"elementor-widget-container\">\n\t\t\t\t\t<h2 class=\"elementor-heading-title elementor-size-default\">Kommunikation<\/h2>\t\t\t\t<\/div>\n\t\t\t\t<\/div>\n\t\t\t\t<div class=\"elementor-element elementor-element-1c7cefe9 elementor-widget elementor-widget-text-editor\" data-id=\"1c7cefe9\" data-element_type=\"widget\" data-widget_type=\"text-editor.default\">\n\t\t\t\t<div class=\"elementor-widget-container\">\n\t\t\t\t\t\t\t\t\t<ul>\n<li><a href=\"https:\/\/assets.boseprofessional.com\/m\/228922d1093ad033\/original\/1L_Bose_BMSsafety_Direct_Reseller_fr.docx?_gl=1*x1opur*_gcl_au*MTIwNTcyNzEyMC4xNzIyNjIyMDg0*_ga*MTYxOTYwNDMyMy4xNzIyNjI1NTAz*_ga_NRTQ4DPXBJ*MTcyNDcwMjM3MS42Mi4xLjE3MjQ3MDQ3NjQuNjAuMC4w\">Lettre aux revendeurs directs (pays de la filiale) 1L<\/a><\/li>\n<li><a href=\"https:\/\/assets.boseprofessional.com\/m\/6da7b9958a2445e8\/original\/3L_Bose_BMSsafety_Indirect_Reseller_fr.docx?_gl=1*x1opur*_gcl_au*MTIwNTcyNzEyMC4xNzIyNjIyMDg0*_ga*MTYxOTYwNDMyMy4xNzIyNjI1NTAz*_ga_NRTQ4DPXBJ*MTcyNDcwMjM3MS42Mi4xLjE3MjQ3MDQ3NjQuNjAuMC4w\">Lettre aux revendeurs indirects\/de niveau 2 3L<\/a><\/li>\n<li><a href=\"https:\/\/assets.boseprofessional.com\/m\/6545ce9b08477b96\/original\/4L_Bose_BMSsafety_End_User_fr.docx?_gl=1*x1opur*_gcl_au*MTIwNTcyNzEyMC4xNzIyNjIyMDg0*_ga*MTYxOTYwNDMyMy4xNzIyNjI1NTAz*_ga_NRTQ4DPXBJ*MTcyNDcwMjM3MS42Mi4xLjE3MjQ3MDQ3NjQuNjAuMC4w\">Lettre aux utilisateurs finaux 4L<\/a><\/li>\n<li><a href=\"https:\/\/assets.boseprofessional.com\/m\/130b4b72ad2e187f\/original\/6A_Bose_BMSsafety_en-xlsx.docx?_gl=1*x1opur*_gcl_au*MTIwNTcyNzEyMC4xNzIyNjIyMDg0*_ga*MTYxOTYwNDMyMy4xNzIyNjI1NTAz*_ga_NRTQ4DPXBJ*MTcyNDcwMjM3MS42Mi4xLjE3MjQ3MDQ3NjQuNjAuMC4w\">Liste der SKU-Nummern der betroffenen Produkte 6A<\/a><\/li>\n<li><a href=\"https:\/\/assets.boseprofessional.com\/m\/2b8829f0db1ddfde\/original\/Bose_BMS_Safety_UPDATE_New_EdgeMax_SKUs_fr.docx?_gl=1*hyl1gl*_gcl_au*MTIwNTcyNzEyMC4xNzIyNjIyMDg0*_ga*MTYxOTYwNDMyMy4xNzIyNjI1NTAz*_ga_NRTQ4DPXBJ*MTcyNDcwMjM3MS42Mi4xLjE3MjQ3MDQ3NjQuNjAuMC4w\"><strong>MISE \u00c0 JOUR<\/strong> : 10. Oktober 2019 \u2013 Neue Modelle EdgeMax<\/a><\/li>\n<li><a href=\"https:\/\/assets.boseprofessional.com\/m\/176728fbca2f023\/original\/Bose_BMS_Safety_UPDATE_New_FS3_SKUs_fr.docx?_gl=1*hyl1gl*_gcl_au*MTIwNTcyNzEyMC4xNzIyNjIyMDg0*_ga*MTYxOTYwNDMyMy4xNzIyNjI1NTAz*_ga_NRTQ4DPXBJ*MTcyNDcwMjM3MS42Mi4xLjE3MjQ3MDQ3NjQuNjAuMC4w\"><strong>MISE \u00c0 JOUR<\/strong> : 20. Februar 2020 \u2013 Neue Produkte FreeSpace\u00a03<\/a><\/li>\n<\/ul>\t\t\t\t\t\t\t\t<\/div>\n\t\t\t\t<\/div>\n\t\t\t\t\t<\/div>\n\t\t\t\t<\/div>\n\t\t<div data-particle_enable=\"false\" data-particle-mobile-disabled=\"false\" class=\"elementor-element elementor-element-5e5e49d2 e-flex e-con-boxed e-con e-parent\" data-id=\"5e5e49d2\" data-element_type=\"container\">\n\t\t\t\t\t<div class=\"e-con-inner\">\n\t\t\t\t<div class=\"elementor-element elementor-element-467ed201 elementor-widget elementor-widget-heading\" data-id=\"467ed201\" data-element_type=\"widget\" data-widget_type=\"heading.default\">\n\t\t\t\t<div class=\"elementor-widget-container\">\n\t\t\t\t\t<h2 class=\"elementor-heading-title elementor-size-default\">Pour les utilisateurs finaux<\/h2>\t\t\t\t<\/div>\n\t\t\t\t<\/div>\n\t\t\t\t<div class=\"elementor-element elementor-element-39315f4 elementor-widget elementor-widget-text-editor\" data-id=\"39315f4\" data-element_type=\"widget\" data-widget_type=\"text-editor.default\">\n\t\t\t\t<div class=\"elementor-widget-container\">\n\t\t\t\t\t\t\t\t\t<ul>\n<li><a href=\"https:\/\/assets.boseprofessional.com\/m\/74296ee65b47a078\/original\/1F_Bose_BMSsafety_Reseller_FAQ_fr.docx?_gl=1*hyl1gl*_gcl_au*MTIwNTcyNzEyMC4xNzIyNjIyMDg0*_ga*MTYxOTYwNDMyMy4xNzIyNjI1NTAz*_ga_NRTQ4DPXBJ*MTcyNDcwMjM3MS42Mi4xLjE3MjQ3MDQ3NjQuNjAuMC4w\">Pour les revendeurs 1F<\/a><\/li>\n<li><a href=\"https:\/\/assets.boseprofessional.com\/m\/2a2c483c2ee9ae20\/original\/2F_Bose_BMSsafety_End_User_FAQ_fr.docx?_gl=1*hyl1gl*_gcl_au*MTIwNTcyNzEyMC4xNzIyNjIyMDg0*_ga*MTYxOTYwNDMyMy4xNzIyNjI1NTAz*_ga_NRTQ4DPXBJ*MTcyNDcwMjM3MS42Mi4xLjE3MjQ3MDQ3NjQuNjAuMC4w\">F\u00fcr Endverbraucher 2F<\/a><\/li>\n<\/ul>\t\t\t\t\t\t\t\t<\/div>\n\t\t\t\t<\/div>\n\t\t\t\t\t<\/div>\n\t\t\t\t<\/div>\n\t\t<div data-particle_enable=\"false\" data-particle-mobile-disabled=\"false\" class=\"elementor-element elementor-element-284e6d92 e-flex e-con-boxed e-con e-parent\" data-id=\"284e6d92\" data-element_type=\"container\">\n\t\t\t\t\t<div class=\"e-con-inner\">\n\t\t\t\t<div class=\"elementor-element elementor-element-393c882a elementor-widget elementor-widget-heading\" data-id=\"393c882a\" data-element_type=\"widget\" data-widget_type=\"heading.default\">\n\t\t\t\t<div class=\"elementor-widget-container\">\n\t\t\t\t\t<h2 class=\"elementor-heading-title elementor-size-default\">Leitf\u00e4den<\/h2>\t\t\t\t<\/div>\n\t\t\t\t<\/div>\n\t\t\t\t<div class=\"elementor-element elementor-element-22d9e566 elementor-widget elementor-widget-text-editor\" data-id=\"22d9e566\" data-element_type=\"widget\" data-widget_type=\"text-editor.default\">\n\t\t\t\t<div class=\"elementor-widget-container\">\n\t\t\t\t\t\t\t\t\t<ul>\n<li><a href=\"https:\/\/assets.boseprofessional.com\/m\/5a8b32eed68ec00e\/original\/ig_safetycable_5-5x8-5.pdf?_gl=1*9jcvfu*_gcl_au*MTIwNTcyNzEyMC4xNzIyNjIyMDg0*_ga*MTYxOTYwNDMyMy4xNzIyNjI1NTAz*_ga_NRTQ4DPXBJ*MTcyNDcwMjM3MS42Mi4xLjE3MjQ3MDQ3NjQuNjAuMC4w\">Installationshandbuch f\u00fcr Sicherheitskabel<\/a><\/li>\n<li><a href=\"https:\/\/assets.boseprofessional.com\/m\/6afa4528e7f2a010\/original\/uig_freespace_ds40f.pdf?_gl=1*9jcvfu*_gcl_au*MTIwNTcyNzEyMC4xNzIyNjIyMDg0*_ga*MTYxOTYwNDMyMy4xNzIyNjI1NTAz*_ga_NRTQ4DPXBJ*MTcyNDcwMjM3MS42Mi4xLjE3MjQ3MDQ3NjQuNjAuMC4w\">Anleitung zur Deinstallation des Ger\u00e4ts FreeSpace DS 40F<\/a><\/li>\n<\/ul>\t\t\t\t\t\t\t\t<\/div>\n\t\t\t\t<\/div>\n\t\t\t\t\t<\/div>\n\t\t\t\t<\/div>\n\t\t<div data-particle_enable=\"false\" data-particle-mobile-disabled=\"false\" class=\"elementor-element elementor-element-3eac9a45 e-flex e-con-boxed e-con e-parent\" data-id=\"3eac9a45\" data-element_type=\"container\">\n\t\t\t\t\t<div class=\"e-con-inner\">\n\t\t\t\t<div class=\"elementor-element elementor-element-69bc7a9b elementor-widget elementor-widget-heading\" data-id=\"69bc7a9b\" data-element_type=\"widget\" data-widget_type=\"heading.default\">\n\t\t\t\t<div class=\"elementor-widget-container\">\n\t\t\t\t\t<h2 class=\"elementor-heading-title elementor-size-default\">Formulare zur Produktvernichtung<\/h2>\t\t\t\t<\/div>\n\t\t\t\t<\/div>\n\t\t\t\t<div class=\"elementor-element elementor-element-229b4311 elementor-widget elementor-widget-text-editor\" data-id=\"229b4311\" data-element_type=\"widget\" data-widget_type=\"text-editor.default\">\n\t\t\t\t<div class=\"elementor-widget-container\">\n\t\t\t\t\t\t\t\t\t<ul>\n<li><a href=\"https:\/\/assets.boseprofessional.com\/m\/6758b046a5cc4f57\/original\/1T_Return_Shipping_Form_fr.xlsx?_gl=1*9jcvfu*_gcl_au*MTIwNTcyNzEyMC4xNzIyNjIyMDg0*_ga*MTYxOTYwNDMyMy4xNzIyNjI1NTAz*_ga_NRTQ4DPXBJ*MTcyNDcwMjM3MS42Mi4xLjE3MjQ3MDQ3NjQuNjAuMC4w\">R\u00fccksendeformular<\/a><\/li>\n<li><a href=\"mailto:DS40.recall@boseprofessional.com\">DS40.recall@boseprofessional.com<\/a><\/li>\n<\/ul>\t\t\t\t\t\t\t\t<\/div>\n\t\t\t\t<\/div>\n\t\t\t\t\t<\/div>\n\t\t\t\t<\/div>\n\t\t<div data-particle_enable=\"false\" data-particle-mobile-disabled=\"false\" class=\"elementor-element elementor-element-437ab5f4 e-flex e-con-boxed e-con e-parent\" data-id=\"437ab5f4\" data-element_type=\"container\">\n\t\t\t\t\t<div class=\"e-con-inner\">\n\t\t\t\t<div class=\"elementor-element elementor-element-30b3d82f elementor-widget elementor-widget-heading\" data-id=\"30b3d82f\" data-element_type=\"widget\" data-widget_type=\"heading.default\">\n\t\t\t\t<div class=\"elementor-widget-container\">\n\t\t\t\t\t<h2 class=\"elementor-heading-title elementor-size-default\">Kontakt<\/h2>\t\t\t\t<\/div>\n\t\t\t\t<\/div>\n\t\t\t\t<div class=\"elementor-element elementor-element-3fbbdd96 elementor-widget elementor-widget-text-editor\" data-id=\"3fbbdd96\" data-element_type=\"widget\" data-widget_type=\"text-editor.default\">\n\t\t\t\t<div class=\"elementor-widget-container\">\n\t\t\t\t\t\t\t\t\t<p style=\"text-align: center;\"><strong>Kontaktieren Sie einen kommerziellen Vertreter von Bose Pro<\/strong><\/p>\t\t\t\t\t\t\t\t<\/div>\n\t\t\t\t<\/div>\n\t\t\t\t<div class=\"elementor-element elementor-element-72591213 elementor-align-center elementor-widget elementor-widget-button\" data-id=\"72591213\" data-element_type=\"widget\" data-widget_type=\"button.default\">\n\t\t\t\t<div class=\"elementor-widget-container\">\n\t\t\t\t\t\t\t\t\t<div class=\"elementor-button-wrapper\">\n\t\t\t\t\t<a class=\"elementor-button elementor-button-link elementor-size-sm elementor-animation-shrink\" href=\"\/de\/global-sales-offices\/\">\n\t\t\t\t\t\t<span class=\"elementor-button-content-wrapper\">\n\t\t\t\t\t\t\t\t\t<span class=\"elementor-button-text\">Kontakt<\/span>\n\t\t\t\t\t<\/span>\n\t\t\t\t\t<\/a>\n\t\t\t\t<\/div>\n\t\t\t\t\t\t\t\t<\/div>\n\t\t\t\t<\/div>\n\t\t\t\t\t<\/div>\n\t\t\t\t<\/div>\n\t\t\t\t<\/div>\n\t\t","protected":false},"excerpt":{"rendered":"<p>Abseilen von der Wand und Installation des Sicherheitskabels. Allgemeine Bose-Abseilvorrichtungen f\u00fcr Wand- und Deckenz\u00e4une FreeSpace DS 40F wurde vor dem 13. August 2018 hergestellt. Wenn Sie die Installation w\u00e4hrend des Betriebs durchf\u00fchren, kann die Montage dieser Z\u00e4une gef\u00e4hrlich sein, da die Z\u00e4une m\u00f6glicherweise zu Tode kommen und Gr\u00e4bersegnungen hervorrufen. Die Beziehungen, die uns zur Verf\u00fcgung standen, [\u2026]<\/p>\n","protected":false},"author":33,"featured_media":0,"parent":1201,"menu_order":0,"comment_status":"closed","ping_status":"closed","template":"","meta":{"_acf_changed":false,"ep_exclude_from_search":false,"footnotes":""},"page-category":[],"class_list":["post-2633","page","type-page","status-publish","hentry"],"acf":[],"_links":{"self":[{"href":"https:\/\/boseprofessional.com\/de\/wp-json\/wp\/v2\/pages\/2633","targetHints":{"allow":["GET"]}}],"collection":[{"href":"https:\/\/boseprofessional.com\/de\/wp-json\/wp\/v2\/pages"}],"about":[{"href":"https:\/\/boseprofessional.com\/de\/wp-json\/wp\/v2\/types\/page"}],"author":[{"embeddable":true,"href":"https:\/\/boseprofessional.com\/de\/wp-json\/wp\/v2\/users\/33"}],"replies":[{"embeddable":true,"href":"https:\/\/boseprofessional.com\/de\/wp-json\/wp\/v2\/comments?post=2633"}],"version-history":[{"count":3,"href":"https:\/\/boseprofessional.com\/de\/wp-json\/wp\/v2\/pages\/2633\/revisions"}],"predecessor-version":[{"id":119297,"href":"https:\/\/boseprofessional.com\/de\/wp-json\/wp\/v2\/pages\/2633\/revisions\/119297"}],"up":[{"embeddable":true,"href":"https:\/\/boseprofessional.com\/de\/wp-json\/wp\/v2\/pages\/1201"}],"wp:attachment":[{"href":"https:\/\/boseprofessional.com\/de\/wp-json\/wp\/v2\/media?parent=2633"}],"wp:term":[{"taxonomy":"page-category","embeddable":true,"href":"https:\/\/boseprofessional.com\/de\/wp-json\/wp\/v2\/page-category?post=2633"}],"curies":[{"name":"wp","href":"https:\/\/api.w.org\/{rel}","templated":true}]}}