{"id":16396,"date":"2023-11-29T03:21:08","date_gmt":"2023-11-29T03:21:08","guid":{"rendered":"https:\/\/uatnew.boseprofessional.com\/?page_id=16396"},"modified":"2024-02-23T12:03:15","modified_gmt":"2024-02-23T12:03:15","slug":"installed-sound-expansion","status":"publish","type":"page","link":"https:\/\/boseprofessional.com\/de\/company\/about-us\/installed-sound-expansion\/","title":{"rendered":"Installed Sound Expansion"},"content":{"rendered":"\n<section class=\"{gcl} cc-sct\">\n<div class=\"{gcl} cc-cntr\">\n<div class=\"bp_installed-hero-content {gcl}\"><\/div>\n<\/div>\n<\/section>\n\n\n\n<div id=\"bpStickyOnScrollNav{idadd}\" class=\"bp_sticky-scroll-nav-wrap\">\n<div class=\"bp_sticky-scroll-nav-container {gcl}\">\n<div class=\"bp_sticky-scroll-left\">\n<div class=\"{gcl}\">\n<p class=\"bp_sticky-nav-drop-selected-label\">W\u00e4hlen\u2026<\/p>\n\n\n\n<div class=\"bp_sticky-nav-drop-arrow {gcl}\"><\/div>\n<\/div>\n\n\n\n<div class=\"bp_sticky-nav-list\"><ul><li><a href=\"#products\">Produkte <\/a><\/li><li><a href=\"#spaces\">R\u00e4ume<\/a><\/li><li><a href=\"#sound\">Klang<\/a><\/li><li><a href=\"#downloads\">Downloads<\/a><\/li><li><\/li><\/ul><\/div>\n<\/div>\n\n\n\n<div class=\"bp_sticky-scroll-right {gcl}\">\n<a class=\"{gcl} cc-btn {currentpageclass=static=\/contact-us}\" href=\"\/de\/contact-us\/\">Kontaktieren Sie Bose Professional<\/a> <a class=\"{gcl} cc-btn {currentpageclass=static=\/why-bose-professional}\" href=\"\/de\/why-bose-professional\/\">Warum Bose Professional<\/a>\n<\/div>\n<\/div>\n\n\n\n<script>\nvar inPageNavOffset, pageAnchorScrolled;\nvar fixedOffsetNav = jQuery(\"#bpStickyOnScrollNav\").offset().top;\nvar fixedOffsetHeader = jQuery('.bp_site-header').offset().top;\nfunction calculateScrollTop(element) {\n    var navElement = jQuery(\"#bpStickyOnScrollNav\");\n    var scrollTop = jQuery(element).offset().top;\t\n    if (navElement.offset().top > jQuery(window).scrollTop()) {\n\t\tif( navElement.hasClass(\"sticky\")){\n\t\t\tscrollTop = jQuery(element).offset().top - jQuery('.bp_site-header').outerHeight() ;\n\t\t}else{\n\t\t\tscrollTop = jQuery(element).offset().top - jQuery('.bp_site-header').outerHeight() - navElement.outerHeight();\n\t\t}       \n    }\n    \/\/scrollTop -= navElement.hasClass(\"sticky\") ? navElement.outerHeight() : 0;\n\tscrollTop -= ((jQuery(element).offset().top - navElement.outerHeight()) > fixedOffsetNav) ? navElement.outerHeight() : 0;\n    jQuery(\"html\").animate({ scrollTop: scrollTop }, 300);\n\tpageAnchorScrolled = true;\n    window.location.hash = element;\n}\nfunction updateInPageOffset() {\n    jQuery(\"#bpStickyOnScrollNav\").removeClass(\"sticky\");\n    inPageNavOffset = jQuery(\"#bpStickyOnScrollNav\").offset().top - jQuery(\".bp_site-header\").outerHeight();\n}\n\njQuery(window).on(\"resize\", function () {\n    updateInPageOffset();\n}),\n    jQuery(document).ready(function () {\n        updateInPageOffset(),\n            jQuery(window).bind(\"scroll\", function () {\n                jQuery(window).scrollTop() > inPageNavOffset ? jQuery(\"#bpStickyOnScrollNav\").addClass(\"sticky\") : jQuery(\"#bpStickyOnScrollNav\").removeClass(\"sticky\");\n            }),\n            jQuery(\".bp_sticky-nav-list ul li a\").on(\"click\", function (t) {\n                t.preventDefault(), calculateScrollTop(this.hash), jQuery(\".bp_sticky-nav-list ul li a\").removeClass(\"current-tab\"), jQuery(this).addClass(\"current-tab\");\n            }),\n            jQuery(window).scroll(function () {\n                var t = jQuery(window).scrollTop();\n\t\t\t\tif (!pageAnchorScrolled) {\n\t\t\t\t\tjQuery(\".bp_page-navigation-content\").each(function () {\n\t\t\t\t\t\tvar s = jQuery(this).offset().top;\n\t\t\t\t\t\tif (t >= s - 210 && t <= s + jQuery(this).height()) {\n\t\t\t\t\t\t\tvar i = jQuery(this).attr(\"id\");\n\t\t\t\t\t\t\tjQuery(\".bp_sticky-nav-list ul li a\").removeClass(\"current-tab\");\n\t\t\t\t\t\t\tif (getWidth() > 1023) {\n\t\t\t\t\t\t\t\tjQuery(`.bp_sticky-nav-list ul li a[href=\"#${i}\"]`).addClass(\"current-tab\");\t\n\t\t\t\t\t\t\t}\n\n\t\t\t\t\t\t}\n\t\t\t\t\t});\n\t\t\t\t}\n\t\t\t\tpageAnchorScrolled = false;\n            }),\n            jQuery(\".bp_sticky-nav-drop-menu-selector\").on(\"click\", function () {\n                jQuery(\".bp_sticky-nav-list\").hasClass(\"open\")\n                    ? (jQuery(\".bp_sticky-nav-list\").slideUp(), jQuery(\".bp_sticky-nav-list\").removeClass(\"open\"))\n                    : (jQuery(\".bp_sticky-nav-list\").slideDown(), jQuery(\".bp_sticky-nav-list\").addClass(\"open\")),\n                    jQuery(\".bp_sticky-nav-list\").hasClass(\"open\") &&\n                        jQuery(\".bp_sticky-nav-list ul li a\").on(\"click\", function () {\n                            jQuery(\".bp_sticky-nav-list\").slideUp(),\n                                jQuery(\".bp_sticky-nav-list\").removeClass(\"open\"),\n                                jQuery(\".bp_sticky-nav-list ul li a\").removeClass(\"selected-item\"),\n                                jQuery(this).addClass(\"selected-item\"),\n                                jQuery(\".bp_sticky-nav-drop-menu-selector p\").text(jQuery(this).text());\n                        });\n            }),\n            jQuery(window).bind(\"resize\", function () {\n                getWidth() >= 1024\n                    ? (jQuery(\".bp_sticky-nav-list ul li a\").off(\"click\"),\n                      jQuery(\".bp_sticky-nav-list\").show(),\n                      jQuery(\".bp_sticky-nav-list\").removeClass(\"open\"),\n                      jQuery(\".bp_sticky-nav-list ul li a\").removeClass(\"selected-item\"),\n                      jQuery(\".bp_sticky-nav-list ul li a\").on(\"click\", function (t) {\n                          t.preventDefault(), calculateScrollTop(this.hash), jQuery(\".bp_sticky-nav-list ul li a\").removeClass(\"current-tab\"), jQuery(this).addClass(\"current-tab\");\n                      }))\n                    : (jQuery(\".bp_sticky-nav-list ul li a\").removeClass(\"current-tab\"), jQuery(\".bp_sticky-nav-list\").slideUp());\n            }),\n            jQuery(document).on(\"click\", function (t) {\n                1024 > getWidth() && !jQuery(\".bp_sticky-nav-drop-menu-selector\")[0].contains(t.target) && (jQuery(\".bp_sticky-nav-list\").slideUp(), jQuery(\".bp_sticky-nav-list\").removeClass(\"open\"));\n            });\n    });\n\n\n<\/script>\n<\/div>\n\n\n\n<section class=\"section-cbb35e5 {gcl} cc-sct\">\n<div class=\"{gcl} cc-cntr\">\n<div class=\"{gcl}\">\n<h2 class=\"{gcl}\">\u00dcberblick<\/h2>\n<\/div>\n\n\n\n<p class=\"paragraph-c1648b4\">Mit unserer Erweiterung f\u00fcr installierte Beschallungssysteme haben wir unser Produktsortiment erweitert, damit Systemdesigner und Installateure liefern k\u00f6nnen. Bose Professional Soundsysteme finden sich in mehr R\u00e4umen als je zuvor. Das bedeutet mehr Auswahl \u2013 mehr Lautsprecher, Verst\u00e4rker und Prozessoren stehen zur Verf\u00fcgung. Und mehr Flexibilit\u00e4t: Berater und Systemintegratoren k\u00f6nnen nun verschiedene Systeme kombinieren. Bose Professional Produkte zur Entwicklung ma\u00dfgeschneiderter Soundsysteme f\u00fcr unterschiedlichste R\u00e4umlichkeiten. Unsere bew\u00e4hrten Produkte bleiben erhalten, und wir haben unser Sortiment um neue Produktfamilien erweitert. Und es kommt noch mehr. Denn die Erweiterung von Installed Sound verfolgt ein Ziel: Beratern und Systemintegratoren die Komponenten bereitzustellen, die sie f\u00fcr die Realisierung kompletter Systeme ben\u00f6tigen \u2013 von einfachen, wiederholbaren Hintergrundmusiksystemen \u00fcber Beschallungsanlagen bis hin zu komplexen, vernetzten und verteilten L\u00f6sungen.<\/p>\n\n\n\n<div class=\"div-c9424af\">\n<p class=\"paragraph-c307405\"><strong>Installieren Sie komplette Bose Professional Soundsysteme in mehr R\u00e4umen<\/strong> mit einer erweiterten Auswahl an Produkten, die f\u00fcr die Zusammenarbeit und optimale Leistung als zusammenh\u00e4ngendes System entwickelt wurden.<\/p>\n\n\n\n<p class=\"paragraph-c3b8342\"><strong>W\u00e4hlen Sie aus einer gr\u00f6\u00dferen Vielfalt<\/strong> an Lautsprechern, Verst\u00e4rkern und Prozessoren \u2013 sowohl etablierten Produktlinien als auch neuesten Innovationen \u2013 die hervorragenden Klang, verbesserte \u00c4sthetik und einfachere Installation bieten.<\/p>\n\n\n\n<p class=\"paragraph-c0fbdaf\"><strong>Gewinnen Sie mehr Kunden<\/strong> , indem Sie benutzerfreundliche L\u00f6sungen eines weltweit angesehenen Audiounternehmens anbieten, das Ihre Kunden bereits kennen und dem sie vertrauen \u2013 und das ihre G\u00e4ste als Premiummarke erkennen.<\/p>\n\n\n\n<p class=\"paragraph-cf98d43\"><strong>Bieten Sie bessere Audioerlebnisse<\/strong> in Hotels, Hochschulgel\u00e4nden, Einzelhandelsfl\u00e4chen, Unterhaltungsst\u00e4tten, Gottesh\u00e4usern, Innen- und Au\u00dfenbereichen und mehr.<\/p>\n<\/div>\n\n\n\n<p class=\"paragraph-c32518e\">Um unsere Produkte kennenzulernen <a href=\"https:\/\/boseprofessional.com\/de\/global-sales-offices\/\" data-type=\"page\" data-id=\"18588\">, wenden Sie sich bitte an Ihren Bose Professional Vertreter<\/a> .<\/p>\n<\/div>\n<\/section>\n\n\n\n<section id=\"products{idadd}\" class=\"{gcl} cc-sct\">\n<div class=\"{gcl} cc-cntr\">\n<div class=\"{gcl}\">\n<h2 class=\"heading-c96ceae {gcl}\">PRODUKTE<\/h2>\n<\/div>\n\n\n\n<h1 class=\"heading-c6127a7 {gcl}\">Produkte<\/h1>\n\n\n\n<p class=\"{gcl}\">Mehr Produktreihen, mehr Optionen<\/p>\n\n\n\n<div class=\"bp_ise-products-block {gcl}\">\n<div class=\"bp_ise-product bp_display-none {gcl}\">\n<div class=\"{gcl}\">\n<img decoding=\"async\" class=\"cc-img\" src=\"https:\/\/assets.boseprofessional.com\/transform\/3609c99f-c590-4b03-849d-cab27fa796ec\/i_DesignMax_DM2C-LP_Flush_Group_1200x1022-png?io=transform:fill,width:600&amp;format=webp&amp;quality=85\" srcset=\"{imageset=31302}\" sizes=\"{imagesizes=31302=false}\" width=\"{imagewidth=31302}\" height=\"{imageheight=31302}\" alt=\"{imagealt=31302}\"\/>\n<\/div>\n\n\n\n<a><strong>FreeSpace<\/strong><\/a>\n<\/div>\n\n\n\n<div class=\"bp_display-none bp_ise-product {gcl}\">\n<div class=\"{gcl}\">\n<img decoding=\"async\" class=\"cc-img\" src=\"https:\/\/assets.boseprofessional.com\/transform\/3609c99f-c590-4b03-849d-cab27fa796ec\/i_DesignMax_DM2C-LP_Flush_Group_1200x1022-png?io=transform:fill,width:600&amp;format=webp&amp;quality=85\" alt=\"\"\/>\n<\/div>\n\n\n\n<a><strong>DesignMax<\/strong><\/a>\n<\/div>\n\n\n\n<div class=\"bp_ise-product {gcl}\">\n<div class=\"{gcl}\">\n<img decoding=\"async\" class=\"cc-img\" src=\"https:\/\/assets.boseprofessional.com\/transform\/40367270-8c9e-4abf-b34a-98ea8939d1ad\/EdgeMax_PG180_Ortho_Top_Grille_Off-png?io=transform:fill,width:600&amp;format=webp&amp;quality=85\" srcset=\"{imageset=31299}\" sizes=\"{imagesizes=31299=false}\" width=\"{imagewidth=31299}\" height=\"{imageheight=31299}\" alt=\"{imagealt=31299}\"\/>\n<\/div>\n\n\n\n<a class=\"{currentpageclass=static=\/product-category\/loudspeakers\/ceiling-mount\/edgemax}\" href=\"\/de\/product-category\/loudspeakers\/ceiling-mount\/edgemax\/\"><strong>EdgeMax<\/strong><\/a>\n<\/div>\n\n\n\n<div class=\"bp_ise-product {gcl}\">\n<div class=\"{gcl}\">\n<img decoding=\"async\" class=\"cc-img\" src=\"https:\/\/assets.boseprofessional.com\/m\/6341872a8071c5b3\/original\/Betacon_CSP-1248_Right-Facing-png.png\" srcset=\"{imageset=20913}\" sizes=\"{imagesizes=20913=false}\" width=\"{imagewidth=20913}\" height=\"{imageheight=20913}\" alt=\"{imagealt=20913}\"\/>\n<\/div>\n\n\n\n<a class=\"{currentpageclass=static=\/product-category\/processors\/fixed-architecture}\" href=\"\/de\/product-category\/processors\/fixed-architecture\/\"><strong>Sound-Prozessoren f\u00fcr gewerbliche Anwendungen<\/strong><\/a>\n<\/div>\n\n\n\n<div class=\"bp_ise-product {gcl}\">\n<div class=\"{gcl}\">\n<img decoding=\"async\" class=\"cc-img\" src=\"https:\/\/assets.boseprofessional.com\/m\/577f74fd07dfa22\/original\/i_ControlSpace_ESP-880A_Right-Facing_3-png.png\" srcset=\"{imageset=20183}\" sizes=\"{imagesizes=20183=false}\" width=\"{imagewidth=20183}\" height=\"{imageheight=20183}\" alt=\"{imagealt=20183}\"\/>\n<\/div>\n\n\n\n<a class=\"{currentpageclass=static=https:\/\/boseprofessional.com\/product-category\/controllers}\" href=\"https:\/\/boseprofessional.com\/de\/product-category\/controllers\/\"><strong>ControlSpace ESP<\/strong><\/a>\n<\/div>\n\n\n\n<div class=\"bp_ise-product {gcl}\">\n<div class=\"{gcl}\">\n<img decoding=\"async\" class=\"cc-img\" src=\"https:\/\/assets.boseprofessional.com\/m\/3cd85dec221fc18d\/original\/IZA2120_LZ_EC_00-png.png\" srcset=\"{imageset=21364}\" sizes=\"{imagesizes=21364=false}\" width=\"{imagewidth=21364}\" height=\"{imageheight=21364}\" alt=\"{imagealt=21364}\"\/>\n<\/div>\n\n\n\n<a class=\"{currentpageclass=static=\/product-category\/power-amplifiers\/mixer-amps}\" href=\"\/de\/product-category\/power-amplifiers\/mixer-amps\/\"><strong>FreeSpace<\/strong><\/a>\n<\/div>\n\n\n\n<div class=\"bp_ise-product {gcl}\">\n<div class=\"{gcl}\">\n<img decoding=\"async\" class=\"cc-img\" src=\"https:\/\/assets.boseprofessional.com\/m\/4f4e844b49a0331b\/original\/PowerSpace_P2600A_Right-Facing_1200x1022-png.png\" srcset=\"{imageset=21091}\" sizes=\"{imagesizes=21091=false}\" width=\"{imagewidth=21091}\" height=\"{imageheight=21091}\" alt=\"{imagealt=21091}\"\/>\n<\/div>\n\n\n\n<a class=\"{currentpageclass=static=\/product-category\/power-amplifiers\/non-dsp\/powerspace-non-dsp}\" href=\"\/de\/product-category\/power-amplifiers\/non-dsp\/powerspace-non-dsp\/\"><strong>PowerSpace<\/strong><\/a>\n<\/div>\n\n\n\n<div class=\"bp_ise-product {gcl}\">\n<div class=\"{gcl}\">\n<img decoding=\"async\" class=\"cc-img\" src=\"https:\/\/assets.boseprofessional.com\/m\/55b85237b0be58e7\/original\/i_PowerShareDante_PS604D_Right_Facing_1200-png.png\" srcset=\"{imageset=21064}\" sizes=\"{imagesizes=21064=false}\" width=\"{imagewidth=21064}\" height=\"{imageheight=21064}\" alt=\"{imagealt=21064}\"\/>\n<\/div>\n\n\n\n<a class=\"{currentpageclass=static=\/product-category\/power-amplifiers\/multichannel-dsp\/powershare}\" href=\"\/de\/product-category\/power-amplifiers\/multichannel-dsp\/powershare\/\"><strong>PowerShare<\/strong><\/a>\n<\/div>\n\n\n\n<div class=\"bp_ise-product {gcl}\">\n<div class=\"{gcl}\">\n<img decoding=\"async\" class=\"cc-img\" src=\"https:\/\/assets.boseprofessional.com\/m\/24eb794c6aadbf98\/original\/Powermatch_8250_EC_00-png.png\" srcset=\"{imageset=21006}\" sizes=\"{imagesizes=21006=false}\" width=\"{imagewidth=21006}\" height=\"{imageheight=21006}\" alt=\"{imagealt=21006}\"\/>\n<\/div>\n\n\n\n<a class=\"{currentpageclass=static=\/product-category\/power-amplifiers\/multichannel-dsp\/powermatch}\" href=\"\/de\/product-category\/power-amplifiers\/multichannel-dsp\/powermatch\/\"><strong>PowerMatch<\/strong><\/a>\n<\/div>\n\n\n\n<div class=\"bp_ise-product {gcl}\">\n<div class=\"{gcl}\">\n<img decoding=\"async\" class=\"cc-img\" src=\"https:\/\/assets.boseprofessional.com\/m\/5f51142091509fb1\/original\/CC-1D_2D_3D-png.png\" srcset=\"{imageset=20012}\" sizes=\"{imagesizes=20012=false}\" width=\"{imagewidth=20012}\" height=\"{imageheight=20012}\" alt=\"{imagealt=20012}\"\/>\n<\/div>\n\n\n\n<a class=\"{currentpageclass=static=\/products\/controllers\/digital\/ccs\/controlcenter-digital-zone-controllers}\" href=\"\/de\/products\/controllers\/digital\/ccs\/controlcenter-digital-zone-controllers\/\"><strong>ControlCenter Digital Zone Controller<\/strong><\/a>\n<\/div>\n\n\n\n<div class=\"bp_ise-product {gcl}\">\n<div class=\"{gcl}\">\n<img decoding=\"async\" class=\"cc-img\" src=\"https:\/\/assets.boseprofessional.com\/m\/6b8a1b090d567444\/original\/i_ControlSpace_remote_iconApp-jpeg.jpeg\" srcset=\"{imageset=50813}\" sizes=\"{imagesizes=50813=false}\" width=\"{imagewidth=50813}\" height=\"{imageheight=50813}\" alt=\"{imagealt=50813}\"\/>\n<\/div>\n\n\n\n<a class=\"{currentpageclass=static=\/products\/software\/system-design\/controlspace-remote-software}\" href=\"\/de\/products\/software\/system-design\/controlspace-remote-software\/\"><strong>ControlSpace Remote<\/strong><\/a>\n<\/div>\n<\/div>\n\n\n\n<div class=\"{gcl}\"><\/div>\n<\/div>\n<\/section>\n\n\n\n<section id=\"spaces{idadd}\" class=\"{gcl} cc-sct\">\n<div class=\"{gcl} cc-cntr\">\n<div class=\"{gcl}\">\n<h2 class=\"heading-c7242b5 {gcl}\">R\u00e4ume<\/h2>\n<\/div>\n<\/div>\n<\/section>\n\n\n\n<div class=\"bp_more-flex-wrapper\">\n<div class=\"bp_more-flexibility\"><\/div>\n\n\n\n<div class=\"bp_more-flex-content\">\n<p class=\"paragraph-c8b3559 {gcl}\">Mehr Flexibilit\u00e4t<\/p>\n\n\n\n<p class=\"{gcl}\">Komplette Systeme zur Installation an noch mehr Orten<\/p>\n\n\n\n<a class=\"{gcl} cc-btn {currentpageclass=static=https:\/\/boseprofessional.com\/spaces}\" href=\"https:\/\/boseprofessional.com\/de\/spaces\/\">Mehr erfahren<\/a>\n<\/div>\n<\/div>\n\n\n\n<section id=\"sound{idadd}\" class=\"{gcl} cc-sct\">\n<div class=\"{gcl} cc-cntr\">\n<div class=\"{gcl}\">\n<h2 class=\"heading-cc59556 {gcl}\">KLANG<\/h2>\n<\/div>\n\n\n\n<p class=\"paragraph-c7dc477 {gcl}\">Optimal auf ihren Einsatzort zugeschnittene Soundsysteme<\/p>\n\n\n\n<p class=\"paragraph-c7820de {gcl}\">F\u00fcr bessere Klangerlebnisse<\/p>\n\n\n\n<div class=\"div-c479be0 {gcl}\">\n<div class=\"div-cb158b1 {gcl}\"><\/div>\n\n\n\n<div class=\"div-c1a79cd {gcl}\">\n<p>Das Dispersion Alignment-System, <a href=\"https:\/\/boseprofessional.com\/de\/products\/designmax\/\" data-type=\"link\" data-id=\"https:\/\/boseprofessional.com\/products\/designmax\">das in den meisten DesignMax Modellen zum Einsatz kommt<\/a> , sorgt f\u00fcr ein gleichm\u00e4\u00dfiges H\u00f6rerlebnis im gesamten Raum, indem es die Abstrahlcharakteristik des Tieft\u00f6ners an die breitere Abstrahlcharakteristik des Hocht\u00f6ners anpasst. Tieft\u00f6ner und Hocht\u00f6ner arbeiten zusammen, um eine gleichm\u00e4\u00dfige und breite Abdeckung im gesamten H\u00f6rbereich zu gew\u00e4hrleisten.<\/p>\n<\/div>\n<\/div>\n\n\n\n<div class=\"div-c0dcc19 {gcl}\">\n<div class=\"div-c4c176c {gcl}\"><\/div>\n\n\n\n<div class=\"div-c667a5f {gcl}\">\n<p>Patentierte QuickHold-Befestigungsmechanismen an jedem DesignMax Lautsprecher erleichtern die Arbeit, reduzieren Anstrengung und Aufwand \u2013 und sparen viel Zeit. Anstatt den Lautsprecher in der einen und ein Werkzeug in der anderen Hand zu halten, haben Sie nun beide H\u00e4nde frei.<\/p>\n<\/div>\n<\/div>\n\n\n\n<div class=\"div-cf13d0d {gcl}\">\n<div class=\"div-ca33fa6 {gcl}\"><\/div>\n\n\n\n<div class=\"div-c16cbbe {gcl}\">\n<p><a href=\"\/de\/product-category\/loudspeakers\/ceiling-mount\/edgemax\/\">EdgeMax<\/a> PhaseGuide-Technologie vereint die raumf\u00fcllende Klangverteilung gr\u00f6\u00dferer Aufbaulautsprecher mit der von Architekten bevorzugten \u00c4sthetik von Deckeneinbaulautsprechern. Zudem bietet die PhaseGuide-Technologie ein einzigartiges asymmetrisches vertikales Abstrahlverhalten f\u00fcr eine optimale Raumf\u00fcllung bei der Montage nahe der Wand-Decken-Grenze.<\/p>\n<\/div>\n<\/div>\n<\/div>\n<\/section>\n\n\n\n<section id=\"downloads{idadd}\" class=\"{gcl} cc-sct\">\n<div class=\"{gcl} cc-cntr\">\n<div class=\"{gcl}\">\n<h2 class=\"heading-c06d68f {gcl}\">DOWNLOADS<\/h2>\n<\/div>\n\n\n\n<div class=\"bp_registration-download-cont-item\">\n<div class=\"{gcl}\"><\/div>\n\n\n\n<p class=\"bp_download-item-text-title\"><a href=\"https:\/\/assets.boseprofessional.com\/m\/2cc3502a5bce8f5a\/original\/ise_product_matrix_en.pdf\" data-type=\"link\" data-id=\"https:\/\/assets.boseprofessional.com\/m\/2cc3502a5bce8f5a\/original\/ise_product_matrix_en.pdf\">Produkte f\u00fcr die Festinstallation\u00a0\u2013 Auswahl-Matrix<\/a><\/p>\n<\/div>\n<\/div>\n<\/section>\n\n\n\n<div class=\"{gcl}\"><\/div>\n","protected":false},"excerpt":{"rendered":"","protected":false},"author":21,"featured_media":20620,"parent":4356,"menu_order":0,"comment_status":"closed","ping_status":"closed","template":"","meta":{"_acf_changed":false,"ep_exclude_from_search":false,"footnotes":""},"page-category":[],"class_list":["post-16396","page","type-page","status-publish","has-post-thumbnail","hentry"],"acf":[],"_links":{"self":[{"href":"https:\/\/boseprofessional.com\/de\/wp-json\/wp\/v2\/pages\/16396","targetHints":{"allow":["GET"]}}],"collection":[{"href":"https:\/\/boseprofessional.com\/de\/wp-json\/wp\/v2\/pages"}],"about":[{"href":"https:\/\/boseprofessional.com\/de\/wp-json\/wp\/v2\/types\/page"}],"author":[{"embeddable":true,"href":"https:\/\/boseprofessional.com\/de\/wp-json\/wp\/v2\/users\/21"}],"replies":[{"embeddable":true,"href":"https:\/\/boseprofessional.com\/de\/wp-json\/wp\/v2\/comments?post=16396"}],"version-history":[{"count":3,"href":"https:\/\/boseprofessional.com\/de\/wp-json\/wp\/v2\/pages\/16396\/revisions"}],"predecessor-version":[{"id":101529,"href":"https:\/\/boseprofessional.com\/de\/wp-json\/wp\/v2\/pages\/16396\/revisions\/101529"}],"up":[{"embeddable":true,"href":"https:\/\/boseprofessional.com\/de\/wp-json\/wp\/v2\/pages\/4356"}],"wp:featuredmedia":[{"embeddable":true,"href":"https:\/\/boseprofessional.com\/de\/wp-json\/wp\/v2\/media\/20620"}],"wp:attachment":[{"href":"https:\/\/boseprofessional.com\/de\/wp-json\/wp\/v2\/media?parent=16396"}],"wp:term":[{"taxonomy":"page-category","embeddable":true,"href":"https:\/\/boseprofessional.com\/de\/wp-json\/wp\/v2\/page-category?post=16396"}],"curies":[{"name":"wp","href":"https:\/\/api.w.org\/{rel}","templated":true}]}}