{"id":16385,"date":"2023-11-29T02:00:06","date_gmt":"2023-11-29T02:00:06","guid":{"rendered":"https:\/\/uatnew.boseprofessional.com\/?page_id=16385"},"modified":"2024-08-13T13:17:40","modified_gmt":"2024-08-13T13:17:40","slug":"other","status":"publish","type":"page","link":"https:\/\/boseprofessional.com\/de\/resources\/discontinued-products\/amplifiers\/other\/","title":{"rendered":"Discontinued Miscellaneous Amplifiers"},"content":{"rendered":"\t\t<div data-elementor-type=\"wp-page\" data-elementor-id=\"16385\" class=\"elementor elementor-16385\" data-elementor-post-type=\"page\">\n\t\t\t\t<div data-particle_enable=\"false\" data-particle-mobile-disabled=\"false\" class=\"elementor-element elementor-element-00e14fc e-con-full e-flex e-con e-parent\" data-id=\"00e14fc\" data-element_type=\"container\">\n\t\t\t\t<div class=\"elementor-element elementor-element-e86a98c discontinued-tittle elementor-widget elementor-widget-heading\" data-id=\"e86a98c\" data-element_type=\"widget\" data-widget_type=\"heading.default\">\n\t\t\t\t<div class=\"elementor-widget-container\">\n\t\t\t\t\t<h1 class=\"elementor-heading-title elementor-size-default\">Ausgelaufene Verst\u00e4rker (Sonstige)<\/h1>\t\t\t\t<\/div>\n\t\t\t\t<\/div>\n\t\t\t\t<\/div>\n\t\t<div data-particle_enable=\"false\" data-particle-mobile-disabled=\"false\" class=\"elementor-element elementor-element-36d0a8d e-con-full banner-bottom-tittle e-flex e-con e-parent\" data-id=\"36d0a8d\" data-element_type=\"container\" data-settings=\"{&quot;background_background&quot;:&quot;classic&quot;}\">\n\t\t\t\t<div class=\"elementor-element elementor-element-e81b14d elementor-widget elementor-widget-text-editor\" data-id=\"e81b14d\" data-element_type=\"widget\" data-widget_type=\"text-editor.default\">\n\t\t\t\t<div class=\"elementor-widget-container\">\n\t\t\t\t\t\t\t\t\t<p class=\"paragraph-cef87e0 bp_mar-btm-0 bp_text-white bp_text-trans-upper\"><a class=\"back-res-btn\" href=\"\/de\/resources\/discontinued-products\/amplifiers\/\"><i class=\"fa fa-angle-left\" aria-hidden=\"true\"><\/i> ZUR\u00dcCK ZU Nicht mehr erh\u00e4ltlichen Verst\u00e4rkern<\/a><\/p>\t\t\t\t\t\t\t\t<\/div>\n\t\t\t\t<\/div>\n\t\t\t\t<\/div>\n\t\t<div data-particle_enable=\"false\" data-particle-mobile-disabled=\"false\" class=\"elementor-element elementor-element-097cfd1 e-flex e-con-boxed e-con e-parent\" data-id=\"097cfd1\" data-element_type=\"container\">\n\t\t\t\t\t<div class=\"e-con-inner\">\n\t\t\t\t<div class=\"elementor-element elementor-element-c044dd4 elementor-widget elementor-widget-shortcode\" data-id=\"c044dd4\" data-element_type=\"widget\" data-widget_type=\"shortcode.default\">\n\t\t\t\t<div class=\"elementor-widget-container\">\n\t\t\t\t\t\t\t<div class=\"elementor-shortcode\">\t\n\t\n<div class=\"discontinued-product-row\">\n   <div class=\"left-section\">\n      <p class=\"discontinued-product-title\">Bose Professional\u00ae M2150 Gewerblicher Leistungsverst\u00e4rker<\/p>\n   <\/div>\n\t  \n   <div class=\"right-section\">\n\t\t  \t\n\t\t\n      <div class=\"download-category-row\">\n         <p class=\"download-category-name\">Technische Informationen<\/p>\n         <ul>\n\t\t\t             <li><span class=\"bp_press-download-icon bp_disc-prod-icon bp_site-icons\"><\/span><a target=\"_blank\" href=\"https:\/\/assets.boseprofessional.com\/m\/7045d77f2acc05ae\/original\/tds_m2150_EN.pdf\">Technisches Datenblatt<\/a><\/li>\n\t\t\t            <\/ul>\n\t\t\t \n      <\/div>\n  \n\t\t\t\n\t\t\n      <div class=\"download-category-row\">\n         <p class=\"download-category-name\">Handb\u00fccher<\/p>\n         <ul>\n\t\t\t             <li><span class=\"bp_press-download-icon bp_disc-prod-icon bp_site-icons\"><\/span><a target=\"_blank\" href=\"https:\/\/assets.boseprofessional.com\/m\/705a78cc1c289ed3\/original\/ig_m2150_EN.pdf\">Installationsanleitung<\/a><\/li>\n\t\t\t            <\/ul>\n\t\t\t \n      <\/div>\n  \n\t\t\t\n\t\t\n      <div class=\"download-category-row\">\n         <p class=\"download-category-name\">Mechanische Feilen<\/p>\n         <ul>\n\t\t\t             <li><span class=\"bp_press-download-icon bp_disc-prod-icon bp_site-icons\"><\/span><a target=\"_blank\" href=\"https:\/\/assets.boseprofessional.com\/m\/5ad4eafc3841cf67\/original\/cad_fs_m2150.zip\">Abmessungen<\/a><\/li>\n\t\t\t            <\/ul>\n\t\t\t \n      <\/div>\n  \n\t\t\t  \n   <\/div>\n\t \n\t\t  \n<\/div>\t\n\n\t\n\t\n\t\n<div class=\"discontinued-product-row\">\n   <div class=\"left-section\">\n      <p class=\"discontinued-product-title\">Verst\u00e4rker Modell 1600-VI<\/p>\n   <\/div>\n\t  \n   <div class=\"right-section\">\n\t\t  \t\n\t\t\n      <div class=\"download-category-row\">\n         <p class=\"download-category-name\">Technische Informationen<\/p>\n         <ul>\n\t\t\t             <li><span class=\"bp_press-download-icon bp_disc-prod-icon bp_site-icons\"><\/span><a target=\"_blank\" href=\"https:\/\/assets.boseprofessional.com\/m\/2f4c4a63a682b5e9\/original\/tds_model1600_EN.pdf\">Technisches Datenblatt<\/a><\/li>\n\t\t\t            <\/ul>\n\t\t\t \n      <\/div>\n  \n\t\t\t\n\t\t\n      <div class=\"download-category-row\">\n         <p class=\"download-category-name\">Handb\u00fccher<\/p>\n         <ul>\n\t\t\t             <li><span class=\"bp_press-download-icon bp_disc-prod-icon bp_site-icons\"><\/span><a target=\"_blank\" href=\"https:\/\/assets.boseprofessional.com\/m\/28bfb54d753be1b7\/original\/og_model1800-1600_EN.pdf\">Bedienungsanleitung<\/a><\/li>\n\t\t\t            <\/ul>\n\t\t\t \n      <\/div>\n  \n\t\t\t  \n   <\/div>\n\t \n\t\t  \n<\/div>\t\n\n\t\n\t\n\t\n<div class=\"discontinued-product-row\">\n   <div class=\"left-section\">\n      <p class=\"discontinued-product-title\">Verst\u00e4rker Modell 1800-VI<\/p>\n   <\/div>\n\t  \n   <div class=\"right-section\">\n\t\t  \t\n\t\t\n      <div class=\"download-category-row\">\n         <p class=\"download-category-name\">Technische Informationen<\/p>\n         <ul>\n\t\t\t             <li><span class=\"bp_press-download-icon bp_disc-prod-icon bp_site-icons\"><\/span><a target=\"_blank\" href=\"https:\/\/assets.boseprofessional.com\/m\/7fc1008837c2a4f8\/original\/tds_model1800_EN.pdf\">Technisches Datenblatt<\/a><\/li>\n\t\t\t            <\/ul>\n\t\t\t \n      <\/div>\n  \n\t\t\t\n\t\t\n      <div class=\"download-category-row\">\n         <p class=\"download-category-name\">Handb\u00fccher<\/p>\n         <ul>\n\t\t\t             <li><span class=\"bp_press-download-icon bp_disc-prod-icon bp_site-icons\"><\/span><a target=\"_blank\" href=\"https:\/\/assets.boseprofessional.com\/m\/28bfb54d753be1b7\/original\/og_model1800-1600_EN.pdf\">Bedienungsanleitung<\/a><\/li>\n\t\t\t            <\/ul>\n\t\t\t \n      <\/div>\n  \n\t\t\t  \n   <\/div>\n\t \n\t\t  \n<\/div>\t\n\n\t\n\t\t<style>\n\n\/* \ndiscontinued-products-page *\/\n\n.elementor-element-7ff6c5c .e-con-inner{\n    align-items: stretch;\n    row-gap: 60px!important;\n    -moz-column-gap: 20px;\n    column-gap: 20px!important;\n    display: flex;\n    flex-direction: row;\n    flex-wrap: wrap;\n}\n\n@media only screen and (max-width: 767px) {\n\t.elementor-element-7ff6c5c .e-con-inner{\n\t\tmargin-right: auto;\n        margin-left: auto;\n        row-gap: 40px!important;\n        -moz-column-gap: 40px;\n        column-gap: 40px!important;\n        display: flex;\n        flex-wrap: wrap;\n        max-width: 800px;\n\t}\n}\n.paragraph-cef87e0.bp_mar-btm-0.bp_text-white.bp_text-trans-upper {\n\tmargin-top: 3px;\n\tmargin-bottom: 3px !important;\n}\n.back-res-btn {\n\tcolor: #fff;\n\ttext-transform: uppercase;\n}\t\t\t\n.discontinued-product-row{ \t\t  \nfont-family: Montserrat,Verdana,sans-serif;\n  font-weight: 400;\n  font-size: 16px;\n  line-height: 1.6em;\t\n}\t\n.discontinued-product-row {\n\tdisplay: flex;\n\tpadding: 20px 0;\n\/* \tborder-bottom: 1px solid; *\/\n}\t\n\t.download-category-name {\n\tmargin-left: 39px;\n}\n.discontinued-product-row .left-section, .discontinued-product-row .right-section {\n\twidth: 50%;\n\tpadding-left: 40px;\n\tpadding-top: 40px;\n}\n\t.discontinued-product-title {\n\tfont-size: 32px;\n\tline-height: 32px;\n\tcolor:#000000;\n}\n\tp {\n\tmargin-bottom: 16px;\n}\n\t.discontinued-product-row .left-section, .discontinued-product-row .right-section {\n\twidth: 50%;\n\tpadding-left: 40px;\n\tpadding-top: 40px;\n}\n\t.download-category-name {\n\tfont-weight: bold;\n\tcolor:#000000;\n}\n\t.download-category-row ul {\n\tlist-style: none;\n\tmargin-bottom: 12px;\n}\n\t.download-category-row ul li {\n\tdisplay: flex;\n\talign-items: center;\n\tpadding-bottom: 10px;\n}\n\t.download-category-row ul {\n\tlist-style: none;\n}\n\t.bp_disc-prod-icon {\n\tmin-width: 22px;\n}\n\t.bp_press-download-icon {\n\tfont-size: 11px;\n\tmargin-right: 16px;\n}\n\t.bp_site-icons {\n\tbackground-image: url(https:\/\/assets.boseprofessional.com\/m\/22f5447299fad34e\/original\/GD_iconset.svg);\n\tbackground-size: 105em 125em;\n\tbackground-repeat: no-repeat;\n\tfont-size: 10px;\n\tdisplay: inline-block;\n\theight: 2em;\n\twidth: 2em;\n}\n.bp_press-download-icon {\n\tbackground-position: -42em -62em;\n}\n.download-category-row ul li a, .discontinued-product-replacement a {\n\tcolor: #0066a1;\n\ttext-decoration: underline;\n\tborder-bottom: 1px solid transparent;\n\tline-height: 19px;\n}\n\t\t\t\n\n@media only screen and (max-width: 767px) {\n  .discontinued-product-row {\n    flex-wrap: wrap;\n  }\n}\n@media only screen and (max-width: 767px) {\n  .discontinued-product-row .left-section, .discontinued-product-row .right-section {\n    width: 100%;\n    padding-left: 20px;\n    padding-right: 20px;\n    padding-top: 5px;\n  }\n\t.discontinued-product-title {\n\tfont-size: 18px;\n\tline-height: 22px;\n}\n\t.download-category-name {\n\tmargin-left: 0;\n}\n\t.download-category-row ul li {\n\tdisplay: flex;\n\talign-items: center;\n\tpadding-bottom: 10px;\n\tmargin-left: -44px;\n\tdisplay: block;\n\tfloat: ;\n}\n}\n@media only screen and (max-width: 767px) {\n  .discontinued-product-row .left-section, .discontinued-product-row .right-section {\n    width: 100%;\n    padding-left: 20px;\n    padding-right: 20px;\n    padding-top: 5px;\n  }\n}\n<\/style>\t\n<\/div>\n\t\t\t\t\t\t<\/div>\n\t\t\t\t<\/div>\n\t\t\t\t\t<\/div>\n\t\t\t\t<\/div>\n\t\t\t\t<\/div>\n\t\t","protected":false},"excerpt":{"rendered":"<p>Nicht mehr erh\u00e4ltliche Verst\u00e4rker (Sonstige) ZUR\u00dcCK ZU Nicht mehr erh\u00e4ltlichen Verst\u00e4rkern<\/p>\n","protected":false},"author":21,"featured_media":0,"parent":7778,"menu_order":0,"comment_status":"closed","ping_status":"closed","template":"","meta":{"_acf_changed":false,"ep_exclude_from_search":false,"footnotes":""},"page-category":[],"class_list":["post-16385","page","type-page","status-publish","hentry"],"acf":[],"_links":{"self":[{"href":"https:\/\/boseprofessional.com\/de\/wp-json\/wp\/v2\/pages\/16385","targetHints":{"allow":["GET"]}}],"collection":[{"href":"https:\/\/boseprofessional.com\/de\/wp-json\/wp\/v2\/pages"}],"about":[{"href":"https:\/\/boseprofessional.com\/de\/wp-json\/wp\/v2\/types\/page"}],"author":[{"embeddable":true,"href":"https:\/\/boseprofessional.com\/de\/wp-json\/wp\/v2\/users\/21"}],"replies":[{"embeddable":true,"href":"https:\/\/boseprofessional.com\/de\/wp-json\/wp\/v2\/comments?post=16385"}],"version-history":[{"count":3,"href":"https:\/\/boseprofessional.com\/de\/wp-json\/wp\/v2\/pages\/16385\/revisions"}],"predecessor-version":[{"id":118103,"href":"https:\/\/boseprofessional.com\/de\/wp-json\/wp\/v2\/pages\/16385\/revisions\/118103"}],"up":[{"embeddable":true,"href":"https:\/\/boseprofessional.com\/de\/wp-json\/wp\/v2\/pages\/7778"}],"wp:attachment":[{"href":"https:\/\/boseprofessional.com\/de\/wp-json\/wp\/v2\/media?parent=16385"}],"wp:term":[{"taxonomy":"page-category","embeddable":true,"href":"https:\/\/boseprofessional.com\/de\/wp-json\/wp\/v2\/page-category?post=16385"}],"curies":[{"name":"wp","href":"https:\/\/api.w.org\/{rel}","templated":true}]}}