{"id":16302,"date":"2023-11-28T07:43:55","date_gmt":"2023-11-28T07:43:55","guid":{"rendered":"https:\/\/uatnew.boseprofessional.com\/?page_id=16302"},"modified":"2024-07-27T10:07:05","modified_gmt":"2024-07-27T10:07:05","slug":"showmatch","status":"publish","type":"page","link":"https:\/\/boseprofessional.com\/de\/resources\/discontinued-products\/accessories\/showmatch\/","title":{"rendered":"Discontinued ShowMatch Accessories"},"content":{"rendered":"\t\t<div data-elementor-type=\"wp-page\" data-elementor-id=\"16302\" class=\"elementor elementor-16302\" data-elementor-post-type=\"page\">\n\t\t\t\t<div data-particle_enable=\"false\" data-particle-mobile-disabled=\"false\" class=\"elementor-element elementor-element-36aa5f9 e-con-full e-flex e-con e-parent\" data-id=\"36aa5f9\" data-element_type=\"container\" data-settings=\"{&quot;background_background&quot;:&quot;classic&quot;}\">\n\t\t\t\t<div class=\"elementor-element elementor-element-e5ba651 elementor-widget elementor-widget-heading\" data-id=\"e5ba651\" data-element_type=\"widget\" data-widget_type=\"heading.default\">\n\t\t\t\t<div class=\"elementor-widget-container\">\n\t\t\t\t\t<h2 class=\"elementor-heading-title elementor-size-default\">Nicht mehr erh\u00e4ltlich ShowMatch Zubeh\u00f6r\n<\/h2>\t\t\t\t<\/div>\n\t\t\t\t<\/div>\n\t\t\t\t<\/div>\n\t\t<div data-particle_enable=\"false\" data-particle-mobile-disabled=\"false\" class=\"elementor-element elementor-element-468db37 e-con-full e-flex e-con e-parent\" data-id=\"468db37\" data-element_type=\"container\" data-settings=\"{&quot;background_background&quot;:&quot;classic&quot;}\">\n\t\t\t\t<div class=\"elementor-element elementor-element-9cca395 elementor-widget elementor-widget-text-editor\" data-id=\"9cca395\" data-element_type=\"widget\" data-widget_type=\"text-editor.default\">\n\t\t\t\t<div class=\"elementor-widget-container\">\n\t\t\t\t\t\t\t\t\t<p class=\"paragraph-cef87e0 bp_mar-btm-0 bp_text-white bp_text-trans-upper\"><a class=\"back-res-btn\" href=\"\/de\/resources\/discontinued-products\/accessories\/\"><i class=\"fa fa-angle-left\" aria-hidden=\"true\"><\/i> ZUR\u00dcCK ZU Ausgelaufenen Zubeh\u00f6rteilen<\/a><\/p>\t\t\t\t\t\t\t\t<\/div>\n\t\t\t\t<\/div>\n\t\t\t\t<\/div>\n\t\t<div data-particle_enable=\"false\" data-particle-mobile-disabled=\"false\" class=\"elementor-element elementor-element-b8dce2b e-flex e-con-boxed e-con e-parent\" data-id=\"b8dce2b\" data-element_type=\"container\">\n\t\t\t\t\t<div class=\"e-con-inner\">\n\t\t\t\t<div class=\"elementor-element elementor-element-1aa1274 elementor-widget elementor-widget-shortcode\" data-id=\"1aa1274\" data-element_type=\"widget\" data-widget_type=\"shortcode.default\">\n\t\t\t\t<div class=\"elementor-widget-container\">\n\t\t\t\t\t\t\t<div class=\"elementor-shortcode\">\t\n\t\n<div class=\"discontinued-product-row\">\n   <div class=\"left-section\">\n      <p class=\"discontinued-product-title\">ShowMatch 3x SM5-Modul-Transportkoffer<\/p>\n   <\/div>\n\t  \n   <div class=\"right-section\">\n\t\t  \t\n\t\t\n      <div class=\"download-category-row\">\n         <p class=\"download-category-name\">Technische Informationen<\/p>\n         <ul>\n\t\t\t             <li><span class=\"bp_press-download-icon bp_disc-prod-icon bp_site-icons\"><\/span><a target=\"_blank\" href=\"https:\/\/assets.boseprofessional.com\/m\/467ba64d9cd1ad0d\/original\/TDS_SM_3xSM5_Module_Case_en.pdf\">Technisches Datenblatt<\/a><\/li>\n\t\t\t            <\/ul>\n\t\t\t \n      <\/div>\n  \n\t\t\t\n\t\t\n      <div class=\"download-category-row\">\n         <p class=\"download-category-name\">Mechanische Feilen<\/p>\n         <ul>\n\t\t\t             <li><span class=\"bp_press-download-icon bp_disc-prod-icon bp_site-icons\"><\/span><a target=\"_blank\" href=\"https:\/\/assets.boseprofessional.com\/m\/3b8bdb9e6a562e34\/original\/cad_showmatch_3xSM5_module_transport_case.zip\">CAD Dateien<\/a><\/li>\n\t\t\t            <\/ul>\n\t\t\t \n      <\/div>\n  \n\t\t\t  \n   <\/div>\n\t \n\t\t  \n<\/div>\t\n\n\t\n\t\n\t\n<div class=\"discontinued-product-row\">\n   <div class=\"left-section\">\n      <p class=\"discontinued-product-title\">ShowMatch Transportkoffer f\u00fcr Array-Rahmen<\/p>\n   <\/div>\n\t  \n   <div class=\"right-section\">\n\t\t  \t\n\t\t\n      <div class=\"download-category-row\">\n         <p class=\"download-category-name\">Technische Informationen<\/p>\n         <ul>\n\t\t\t             <li><span class=\"bp_press-download-icon bp_disc-prod-icon bp_site-icons\"><\/span><a target=\"_blank\" href=\"https:\/\/assets.boseprofessional.com\/m\/4d30cf500251f899\/original\/TDS_SM_Array_Frame_Case_en.pdf\">Technisches Datenblatt<\/a><\/li>\n\t\t\t            <\/ul>\n\t\t\t \n      <\/div>\n  \n\t\t\t\n\t\t\n      <div class=\"download-category-row\">\n         <p class=\"download-category-name\">Mechanische Feilen<\/p>\n         <ul>\n\t\t\t             <li><span class=\"bp_press-download-icon bp_disc-prod-icon bp_site-icons\"><\/span><a target=\"_blank\" href=\"https:\/\/assets.boseprofessional.com\/m\/52c6ebecd147db65\/original\/cad_showmatch_array_frame_transport_cart.zip\">CAD Dateien<\/a><\/li>\n\t\t\t            <\/ul>\n\t\t\t \n      <\/div>\n  \n\t\t\t  \n   <\/div>\n\t \n\t\t  \n<\/div>\t\n\n\t\n\t\n\t\n<div class=\"discontinued-product-row\">\n   <div class=\"left-section\">\n      <p class=\"discontinued-product-title\">ShowMatch Bodenhalterung<\/p>\n   <\/div>\n\t  \n   <div class=\"right-section\">\n\t\t  \t\n\t\t\n      <div class=\"download-category-row\">\n         <p class=\"download-category-name\">Handb\u00fccher<\/p>\n         <ul>\n\t\t\t             <li><span class=\"bp_press-download-icon bp_disc-prod-icon bp_site-icons\"><\/span><a target=\"_blank\" href=\"https:\/\/assets.boseprofessional.com\/m\/58ec6898f27f099f\/original\/ig_sm_ground-stack-brkt_ML.pdf\">Bedienungsanleitung<\/a><\/li>\n\t\t\t            <\/ul>\n\t\t\t \n      <\/div>\n  \n\t\t\t\n\t\t\n      <div class=\"download-category-row\">\n         <p class=\"download-category-name\">Mechanische Feilen<\/p>\n         <ul>\n\t\t\t             <li><span class=\"bp_press-download-icon bp_disc-prod-icon bp_site-icons\"><\/span><a target=\"_blank\" href=\"https:\/\/assets.boseprofessional.com\/m\/69b17f76bd07f7d0\/original\/cad_showmatch_groundstack_bracket.zip\">CAD Dateien<\/a><\/li>\n\t\t\t            <\/ul>\n\t\t\t \n      <\/div>\n  \n\t\t\t  \n   <\/div>\n\t \n\t\t  \n<\/div>\t\n\n\t\n\t\n\t\n<div class=\"discontinued-product-row\">\n   <div class=\"left-section\">\n      <p class=\"discontinued-product-title\">ShowMatch Modultransportwagenabdeckung<\/p>\n   <\/div>\n\t  \n   <div class=\"right-section\">\n\t\t  \t\n\t\t\n      <div class=\"download-category-row\">\n         <p class=\"download-category-name\">Handb\u00fccher<\/p>\n         <ul>\n\t\t\t             <li><span class=\"bp_press-download-icon bp_disc-prod-icon bp_site-icons\"><\/span><a target=\"_blank\" href=\"https:\/\/assets.boseprofessional.com\/m\/17fa68d3da2d151e\/original\/og_sm_module_transport_cart_cover_acc_ml.pdf\">Bedienungsanleitung<\/a><\/li>\n\t\t\t            <\/ul>\n\t\t\t \n      <\/div>\n  \n\t\t\t  \n   <\/div>\n\t \n\t\t  \n<\/div>\t\n\n\t\n\t\n\t\n<div class=\"discontinued-product-row\">\n   <div class=\"left-section\">\n      <p class=\"discontinued-product-title\">ShowMatch SMS118 Transportabdeckungen<\/p>\n   <\/div>\n\t  \n   <div class=\"right-section\">\n\t\t  \t\n\t\t\n      <div class=\"download-category-row\">\n         <p class=\"download-category-name\">Handb\u00fccher<\/p>\n         <ul>\n\t\t\t             <li><span class=\"bp_press-download-icon bp_disc-prod-icon bp_site-icons\"><\/span><a target=\"_blank\" href=\"https:\/\/assets.boseprofessional.com\/m\/1df3c1bd3e7d656f\/original\/og_showmatch_smstransportcovers.pdf\">Bedienungsanleitung<\/a><\/li>\n\t\t\t            <\/ul>\n\t\t\t \n      <\/div>\n  \n\t\t\t  \n   <\/div>\n\t \n\t\t  \n<\/div>\t\n\n\t\n\t\n\t\n<div class=\"discontinued-product-row\">\n   <div class=\"left-section\">\n      <p class=\"discontinued-product-title\">ShowMatch SMS118 Transportwagen<\/p>\n   <\/div>\n\t  \n   <div class=\"right-section\">\n\t\t  \t\n\t\t\n      <div class=\"download-category-row\">\n         <p class=\"download-category-name\">Technische Informationen<\/p>\n         <ul>\n\t\t\t             <li><span class=\"bp_press-download-icon bp_disc-prod-icon bp_site-icons\"><\/span><a target=\"_blank\" href=\"https:\/\/assets.boseprofessional.com\/m\/20af00c1a736b017\/original\/TDS_SM_SMS118_Dolly.pdf\">Technisches Datenblatt<\/a><\/li>\n\t\t\t            <\/ul>\n\t\t\t \n      <\/div>\n  \n\t\t\t  \n   <\/div>\n\t \n\t\t  \n<\/div>\t\n\n\t\n\t\n\t\n<div class=\"discontinued-product-row\">\n   <div class=\"left-section\">\n      <p class=\"discontinued-product-title\">ShowMatch Transportwagen<\/p>\n   <\/div>\n\t  \n   <div class=\"right-section\">\n\t\t  \t\n\t\t\n      <div class=\"download-category-row\">\n         <p class=\"download-category-name\">Technische Informationen<\/p>\n         <ul>\n\t\t\t             <li><span class=\"bp_press-download-icon bp_disc-prod-icon bp_site-icons\"><\/span><a target=\"_blank\" href=\"https:\/\/assets.boseprofessional.com\/m\/1a79d79092344d90\/original\/TDS_SM_Expandable_Cart.pdf\">Technisches Datenblatt<\/a><\/li>\n\t\t\t            <\/ul>\n\t\t\t \n      <\/div>\n  \n\t\t\t\n\t\t\n      <div class=\"download-category-row\">\n         <p class=\"download-category-name\">Mechanische Feilen<\/p>\n         <ul>\n\t\t\t             <li><span class=\"bp_press-download-icon bp_disc-prod-icon bp_site-icons\"><\/span><a target=\"_blank\" href=\"https:\/\/assets.boseprofessional.com\/m\/5eccefc18fe848e4\/original\/cad_showmatch_4xSM5_transport_cart.zip\">CAD Dateien<\/a><\/li>\n\t\t\t            <\/ul>\n\t\t\t \n      <\/div>\n  \n\t\t\t  \n   <\/div>\n\t \n\t\t  \n<\/div>\t\n\n\t\n\t\n\t\n<div class=\"discontinued-product-row\">\n   <div class=\"left-section\">\n      <p class=\"discontinued-product-title\">ShowMatch Tour Rack<\/p>\n   <\/div>\n\t  \n   <div class=\"right-section\">\n\t\t  \t\n\t\t\n      <div class=\"download-category-row\">\n         <p class=\"download-category-name\">Technische Informationen<\/p>\n         <ul>\n\t\t\t             <li><span class=\"bp_press-download-icon bp_disc-prod-icon bp_site-icons\"><\/span><a target=\"_blank\" href=\"https:\/\/assets.boseprofessional.com\/m\/2d4f845c404d3e7d\/original\/TDS_SM_Tour_Rack.pdf\">Technisches Datenblatt<\/a><\/li>\n\t\t\t            <\/ul>\n\t\t\t \n      <\/div>\n  \n\t\t\t\n\t\t\n      <div class=\"download-category-row\">\n         <p class=\"download-category-name\">Mechanische Feilen<\/p>\n         <ul>\n\t\t\t             <li><span class=\"bp_press-download-icon bp_disc-prod-icon bp_site-icons\"><\/span><a target=\"_blank\" href=\"https:\/\/assets.boseprofessional.com\/m\/460ee3618e42dd31\/original\/USA_CAD.zip\">CAD Dateien<\/a><\/li>\n\t\t\t            <\/ul>\n\t\t\t \n      <\/div>\n  \n\t\t\t  \n   <\/div>\n\t \n\t\t  \n<\/div>\t\n\n\t\n\t\t<style>\n\n\/* \ndiscontinued-products-page *\/\n\n.elementor-element-7ff6c5c .e-con-inner{\n    align-items: stretch;\n    row-gap: 60px!important;\n    -moz-column-gap: 20px;\n    column-gap: 20px!important;\n    display: flex;\n    flex-direction: row;\n    flex-wrap: wrap;\n}\n\n@media only screen and (max-width: 767px) {\n\t.elementor-element-7ff6c5c .e-con-inner{\n\t\tmargin-right: auto;\n        margin-left: auto;\n        row-gap: 40px!important;\n        -moz-column-gap: 40px;\n        column-gap: 40px!important;\n        display: flex;\n        flex-wrap: wrap;\n        max-width: 800px;\n\t}\n}\n.paragraph-cef87e0.bp_mar-btm-0.bp_text-white.bp_text-trans-upper {\n\tmargin-top: 3px;\n\tmargin-bottom: 3px !important;\n}\n.back-res-btn {\n\tcolor: #fff;\n\ttext-transform: uppercase;\n}\t\t\t\n.discontinued-product-row{ \t\t  \nfont-family: Montserrat,Verdana,sans-serif;\n  font-weight: 400;\n  font-size: 16px;\n  line-height: 1.6em;\t\n}\t\n.discontinued-product-row {\n\tdisplay: flex;\n\tpadding: 20px 0;\n\/* \tborder-bottom: 1px solid; *\/\n}\t\n\t.download-category-name {\n\tmargin-left: 39px;\n}\n.discontinued-product-row .left-section, .discontinued-product-row .right-section {\n\twidth: 50%;\n\tpadding-left: 40px;\n\tpadding-top: 40px;\n}\n\t.discontinued-product-title {\n\tfont-size: 32px;\n\tline-height: 32px;\n\tcolor:#000000;\n}\n\tp {\n\tmargin-bottom: 16px;\n}\n\t.discontinued-product-row .left-section, .discontinued-product-row .right-section {\n\twidth: 50%;\n\tpadding-left: 40px;\n\tpadding-top: 40px;\n}\n\t.download-category-name {\n\tfont-weight: bold;\n\tcolor:#000000;\n}\n\t.download-category-row ul {\n\tlist-style: none;\n\tmargin-bottom: 12px;\n}\n\t.download-category-row ul li {\n\tdisplay: flex;\n\talign-items: center;\n\tpadding-bottom: 10px;\n}\n\t.download-category-row ul {\n\tlist-style: none;\n}\n\t.bp_disc-prod-icon {\n\tmin-width: 22px;\n}\n\t.bp_press-download-icon {\n\tfont-size: 11px;\n\tmargin-right: 16px;\n}\n\t.bp_site-icons {\n\tbackground-image: url(https:\/\/assets.boseprofessional.com\/m\/22f5447299fad34e\/original\/GD_iconset.svg);\n\tbackground-size: 105em 125em;\n\tbackground-repeat: no-repeat;\n\tfont-size: 10px;\n\tdisplay: inline-block;\n\theight: 2em;\n\twidth: 2em;\n}\n.bp_press-download-icon {\n\tbackground-position: -42em -62em;\n}\n.download-category-row ul li a, .discontinued-product-replacement a {\n\tcolor: #0066a1;\n\ttext-decoration: underline;\n\tborder-bottom: 1px solid transparent;\n\tline-height: 19px;\n}\n\t\t\t\n\n@media only screen and (max-width: 767px) {\n  .discontinued-product-row {\n    flex-wrap: wrap;\n  }\n}\n@media only screen and (max-width: 767px) {\n  .discontinued-product-row .left-section, .discontinued-product-row .right-section {\n    width: 100%;\n    padding-left: 20px;\n    padding-right: 20px;\n    padding-top: 5px;\n  }\n\t.discontinued-product-title {\n\tfont-size: 18px;\n\tline-height: 22px;\n}\n\t.download-category-name {\n\tmargin-left: 0;\n}\n\t.download-category-row ul li {\n\tdisplay: flex;\n\talign-items: center;\n\tpadding-bottom: 10px;\n\tmargin-left: -44px;\n\tdisplay: block;\n\tfloat: ;\n}\n}\n@media only screen and (max-width: 767px) {\n  .discontinued-product-row .left-section, .discontinued-product-row .right-section {\n    width: 100%;\n    padding-left: 20px;\n    padding-right: 20px;\n    padding-top: 5px;\n  }\n}\n<\/style>\t\n<\/div>\n\t\t\t\t\t\t<\/div>\n\t\t\t\t<\/div>\n\t\t\t\t\t<\/div>\n\t\t\t\t<\/div>\n\t\t\t\t<\/div>\n\t\t","protected":false},"excerpt":{"rendered":"<p>Nicht mehr erh\u00e4ltlich ShowMatch Zubeh\u00f6r ZUR\u00dcCK ZU Ausgelaufenem Zubeh\u00f6r<\/p>\n","protected":false},"author":21,"featured_media":0,"parent":7822,"menu_order":0,"comment_status":"closed","ping_status":"closed","template":"","meta":{"_acf_changed":false,"ep_exclude_from_search":false,"footnotes":""},"page-category":[],"class_list":["post-16302","page","type-page","status-publish","hentry"],"acf":[],"_links":{"self":[{"href":"https:\/\/boseprofessional.com\/de\/wp-json\/wp\/v2\/pages\/16302","targetHints":{"allow":["GET"]}}],"collection":[{"href":"https:\/\/boseprofessional.com\/de\/wp-json\/wp\/v2\/pages"}],"about":[{"href":"https:\/\/boseprofessional.com\/de\/wp-json\/wp\/v2\/types\/page"}],"author":[{"embeddable":true,"href":"https:\/\/boseprofessional.com\/de\/wp-json\/wp\/v2\/users\/21"}],"replies":[{"embeddable":true,"href":"https:\/\/boseprofessional.com\/de\/wp-json\/wp\/v2\/comments?post=16302"}],"version-history":[{"count":3,"href":"https:\/\/boseprofessional.com\/de\/wp-json\/wp\/v2\/pages\/16302\/revisions"}],"predecessor-version":[{"id":116242,"href":"https:\/\/boseprofessional.com\/de\/wp-json\/wp\/v2\/pages\/16302\/revisions\/116242"}],"up":[{"embeddable":true,"href":"https:\/\/boseprofessional.com\/de\/wp-json\/wp\/v2\/pages\/7822"}],"wp:attachment":[{"href":"https:\/\/boseprofessional.com\/de\/wp-json\/wp\/v2\/media?parent=16302"}],"wp:term":[{"taxonomy":"page-category","embeddable":true,"href":"https:\/\/boseprofessional.com\/de\/wp-json\/wp\/v2\/page-category?post=16302"}],"curies":[{"name":"wp","href":"https:\/\/api.w.org\/{rel}","templated":true}]}}