{"id":15535,"date":"2023-11-14T03:27:48","date_gmt":"2023-11-14T03:27:48","guid":{"rendered":"https:\/\/uatnew.boseprofessional.com\/?page_id=15535"},"modified":"2025-02-03T18:58:13","modified_gmt":"2025-02-03T18:58:13","slug":"careers","status":"publish","type":"page","link":"https:\/\/boseprofessional.com\/de\/company\/careers\/","title":{"rendered":"Careers"},"content":{"rendered":"\t\t<div data-elementor-type=\"wp-page\" data-elementor-id=\"15535\" class=\"elementor elementor-15535\" data-elementor-post-type=\"page\">\n\t\t\t\t<div data-particle_enable=\"false\" data-particle-mobile-disabled=\"false\" class=\"elementor-element elementor-element-9545ce3 e-con-full bp_designmax-banner e-flex e-con e-parent\" data-id=\"9545ce3\" data-element_type=\"container\" data-settings=\"{&quot;background_background&quot;:&quot;classic&quot;}\">\n\t\t<div data-particle_enable=\"false\" data-particle-mobile-disabled=\"false\" class=\"elementor-element elementor-element-31faa9d e-con-full cc-separator-bottom-self e-flex e-con e-child\" data-id=\"31faa9d\" data-element_type=\"container\">\n\t\t\t\t<div class=\"elementor-element elementor-element-62b960f elementor-widget elementor-widget-text-editor\" data-id=\"62b960f\" data-element_type=\"widget\" data-widget_type=\"text-editor.default\">\n\t\t\t\t<div class=\"elementor-widget-container\">\n\t\t\t\t\t\t\t\t\t<svg xmlns=\"http:\/\/www.w3.org\/2000\/svg\" viewbox=\"0 0 1000 100\" preserveaspectratio=\"none\"> <path d=\"M0,6V0h1000v100L0,6z\"><\/path><\/svg>\t\t\t\t\t\t\t\t<\/div>\n\t\t\t\t<\/div>\n\t\t\t\t<\/div>\n\t\t<div data-particle_enable=\"false\" data-particle-mobile-disabled=\"false\" class=\"elementor-element elementor-element-d9e06bc bp_hero-title-wrap e-flex e-con-boxed e-con e-child\" data-id=\"d9e06bc\" data-element_type=\"container\">\n\t\t\t\t\t<div class=\"e-con-inner\">\n\t\t\t\t<div class=\"elementor-element elementor-element-d4138a0 elementor-widget elementor-widget-heading\" data-id=\"d4138a0\" data-element_type=\"widget\" data-widget_type=\"heading.default\">\n\t\t\t\t<div class=\"elementor-widget-container\">\n\t\t\t\t\t<h1 class=\"elementor-heading-title elementor-size-default\">KARRIERE<\/h1>\t\t\t\t<\/div>\n\t\t\t\t<\/div>\n\t\t\t\t\t<\/div>\n\t\t\t\t<\/div>\n\t\t\t\t<\/div>\n\t\t<div data-particle_enable=\"false\" data-particle-mobile-disabled=\"false\" class=\"elementor-element elementor-element-903f757 e-flex e-con-boxed e-con e-parent\" data-id=\"903f757\" data-element_type=\"container\">\n\t\t\t\t\t<div class=\"e-con-inner\">\n\t\t<div data-particle_enable=\"false\" data-particle-mobile-disabled=\"false\" class=\"elementor-element elementor-element-564fa07 e-con-full e-flex e-con e-child\" data-id=\"564fa07\" data-element_type=\"container\">\n\t\t\t\t<div class=\"elementor-element elementor-element-5c7a5d2 elementor-widget elementor-widget-heading\" data-id=\"5c7a5d2\" data-element_type=\"widget\" data-widget_type=\"heading.default\">\n\t\t\t\t<div class=\"elementor-widget-container\">\n\t\t\t\t\t<h2 class=\"elementor-heading-title elementor-size-default\">Bereit, die Zukunft zu erforschen?<\/h2>\t\t\t\t<\/div>\n\t\t\t\t<\/div>\n\t\t\t\t<div class=\"elementor-element elementor-element-5717b32 elementor-widget elementor-widget-text-editor\" data-id=\"5717b32\" data-element_type=\"widget\" data-widget_type=\"text-editor.default\">\n\t\t\t\t<div class=\"elementor-widget-container\">\n\t\t\t\t\t\t\t\t\t<p>Innovation beginnt mit Forschung. Basierend auf dieser \u00dcberzeugung verfolgt Bose\u00a0Professional seit mehr als 50\u00a0Jahren das Ziel, auf einfachstem Weg f\u00fcr herausragenden Klang zu sorgen.<\/p>\n<p>Unser Erfindergeist konzentriert sich auf die Entwicklung von Systemen, die einfach zu entwerfen, zu installieren und zu bedienen sind\u00a0\u2013 ob an Auff\u00fchrungsorten, in gewerblichen oder Konferenzanwendungen.<\/p>\n<p>Als global agierendes Unternehmen entwickeln, vermarkten und vertreiben wir professionelle Audioger\u00e4te f\u00fcr Restaurants, Einzelh\u00e4ndler, Hotels, Kirchen, Sportarenen, Theater, Universit\u00e4ten und Unternehmen. Wir sind weltweit t\u00e4tig, pflegen aber gleichzeitig einen pers\u00f6nlichen Kontakt zu unseren Kunden vor Ort und sorgen so f\u00fcr einen reibungslosen Ablauf und exzellenten Klang.<\/p>\n<p>Wenn das Ihr Interesse geweckt hat, melden Sie sich bitte bei uns. Wir sind stets auf der Suche nach talentierten Menschen \u2013 nach solchen, die Dinge mit anderen Augen sehen und Chancen als Chance begreifen, ohne dabei den Spa\u00df zu verlieren.<\/p>\t\t\t\t\t\t\t\t<\/div>\n\t\t\t\t<\/div>\n\t\t\t\t<\/div>\n\t\t<div data-particle_enable=\"false\" data-particle-mobile-disabled=\"false\" class=\"elementor-element elementor-element-f807380 e-con-full e-flex e-con e-child\" data-id=\"f807380\" data-element_type=\"container\">\n\t\t\t\t<div class=\"elementor-element elementor-element-2607f58 e-transform elementor-widget elementor-widget-image\" data-id=\"2607f58\" data-element_type=\"widget\" data-settings=\"{&quot;_transform_scale_effect_hover&quot;:{&quot;unit&quot;:&quot;px&quot;,&quot;size&quot;:1.05,&quot;sizes&quot;:[]},&quot;_transform_scale_effect_hover_tablet&quot;:{&quot;unit&quot;:&quot;px&quot;,&quot;size&quot;:&quot;&quot;,&quot;sizes&quot;:[]},&quot;_transform_scale_effect_hover_mobile&quot;:{&quot;unit&quot;:&quot;px&quot;,&quot;size&quot;:&quot;&quot;,&quot;sizes&quot;:[]}}\" data-widget_type=\"image.default\">\n\t\t\t\t<div class=\"elementor-widget-container\">\n\t\t\t\t\t\t\t\t\t\t\t\t\t\t\t\t<a href=\"https:\/\/builtin.com\/awards\/boston\/2025\/best-places-to-work\" target=\"_blank\" rel=\"noopener\">\n\t\t\t\t\t\t\t<img fetchpriority=\"high\" decoding=\"async\" width=\"490\" height=\"490\" src=\"https:\/\/assets.boseprofessional.com\/transform\/faee8212-87c4-4247-9bd2-d6d1fd861d62\/2025_Best_Places_to_Work-bose-professional\" class=\"attachment-large size-large wp-image-145495\" alt=\"Eingebaute Auszeichnungen Bose Professional mit der Auszeichnung \u201eBester Arbeitgeber 2025\u201c\" srcset=\"https:\/\/assets.boseprofessional.com\/transform\/faee8212-87c4-4247-9bd2-d6d1fd861d62\/2025_Best_Places_to_Work-bose-professional 490w, https:\/\/assets.boseprofessional.com\/transform\/faee8212-87c4-4247-9bd2-d6d1fd861d62\/2025_Best_Places_to_Work-bose-professional?io=transform:scale,width:150,height:150 150w, https:\/\/assets.boseprofessional.com\/transform\/faee8212-87c4-4247-9bd2-d6d1fd861d62\/2025_Best_Places_to_Work-bose-professional?io=transform:scale,width:300,height:300 300w, https:\/\/assets.boseprofessional.com\/transform\/faee8212-87c4-4247-9bd2-d6d1fd861d62\/2025_Best_Places_to_Work-bose-professional?io=transform:scale,width:480,height:480 480w, https:\/\/assets.boseprofessional.com\/transform\/faee8212-87c4-4247-9bd2-d6d1fd861d62\/2025_Best_Places_to_Work-bose-professional?io=transform:scale,width:400,height:400 400w, https:\/\/assets.boseprofessional.com\/transform\/faee8212-87c4-4247-9bd2-d6d1fd861d62\/2025_Best_Places_to_Work-bose-professional?io=transform:scale,width:100,height:100 100w\" sizes=\"(max-width: 490px) 100vw, 490px\" \/>\t\t\t\t\t\t\t\t<\/a>\n\t\t\t\t\t\t\t\t\t\t\t\t\t\t\t<\/div>\n\t\t\t\t<\/div>\n\t\t\t\t<div class=\"elementor-element elementor-element-6781efe elementor-align-center elementor-widget elementor-widget-button\" data-id=\"6781efe\" data-element_type=\"widget\" data-widget_type=\"button.default\">\n\t\t\t\t<div class=\"elementor-widget-container\">\n\t\t\t\t\t\t\t\t\t<div class=\"elementor-button-wrapper\">\n\t\t\t\t\t<a class=\"elementor-button elementor-button-link elementor-size-sm\" href=\"https:\/\/builtin.com\/awards\/boston\/2025\/best-places-to-work\" target=\"_blank\" rel=\"noopener\">\n\t\t\t\t\t\t<span class=\"elementor-button-content-wrapper\">\n\t\t\t\t\t\t\t\t\t<span class=\"elementor-button-text\">Mehr erfahren<\/span>\n\t\t\t\t\t<\/span>\n\t\t\t\t\t<\/a>\n\t\t\t\t<\/div>\n\t\t\t\t\t\t\t\t<\/div>\n\t\t\t\t<\/div>\n\t\t\t\t<\/div>\n\t\t\t\t\t<\/div>\n\t\t\t\t<\/div>\n\t\t<div data-particle_enable=\"false\" data-particle-mobile-disabled=\"false\" class=\"elementor-element elementor-element-96ce783 e-con-full e-flex e-con e-parent\" data-id=\"96ce783\" data-element_type=\"container\" data-settings=\"{&quot;background_background&quot;:&quot;classic&quot;}\">\n\t\t<div data-particle_enable=\"false\" data-particle-mobile-disabled=\"false\" class=\"elementor-element elementor-element-abcdcad e-flex e-con-boxed e-con e-child\" data-id=\"abcdcad\" data-element_type=\"container\">\n\t\t\t\t\t<div class=\"e-con-inner\">\n\t\t\t\t<div class=\"elementor-element elementor-element-56d783b elementor-widget elementor-widget-heading\" data-id=\"56d783b\" data-element_type=\"widget\" data-widget_type=\"heading.default\">\n\t\t\t\t<div class=\"elementor-widget-container\">\n\t\t\t\t\t<h2 class=\"elementor-heading-title elementor-size-default\">Sehen Sie sich unsere aktuellen Angebote an<\/h2>\t\t\t\t<\/div>\n\t\t\t\t<\/div>\n\t\t<div data-particle_enable=\"false\" data-particle-mobile-disabled=\"false\" class=\"elementor-element elementor-element-f317137 e-con-full e-flex e-con e-child\" data-id=\"f317137\" data-element_type=\"container\" data-settings=\"{&quot;background_background&quot;:&quot;classic&quot;}\">\n\t\t\t\t<div class=\"elementor-element elementor-element-b5b5bd2 elementor-widget elementor-widget-html\" data-id=\"b5b5bd2\" data-element_type=\"widget\" data-widget_type=\"html.default\">\n\t\t\t\t<div class=\"elementor-widget-container\">\n\t\t\t\t\t<iframe width=\"100%\" height=\"800px\" src=\"https:\/\/boseprofessional.applytojob.com\/apply\/jobs\/\"><\/iframe>\t\t\t\t<\/div>\n\t\t\t\t<\/div>\n\t\t\t\t<\/div>\n\t\t\t\t\t<\/div>\n\t\t\t\t<\/div>\n\t\t\t\t<\/div>\n\t\t<div data-particle_enable=\"false\" data-particle-mobile-disabled=\"false\" class=\"elementor-element elementor-element-7e31d15 e-con-full e-flex e-con e-parent\" data-id=\"7e31d15\" data-element_type=\"container\" data-settings=\"{&quot;background_background&quot;:&quot;classic&quot;}\">\n\t\t<div data-particle_enable=\"false\" data-particle-mobile-disabled=\"false\" class=\"elementor-element elementor-element-e198346 e-flex e-con-boxed e-con e-child\" data-id=\"e198346\" data-element_type=\"container\">\n\t\t\t\t\t<div class=\"e-con-inner\">\n\t\t<div data-particle_enable=\"false\" data-particle-mobile-disabled=\"false\" class=\"elementor-element elementor-element-2b32cdf e-con-full e-flex e-con e-child\" data-id=\"2b32cdf\" data-element_type=\"container\" data-settings=\"{&quot;background_background&quot;:&quot;classic&quot;}\">\n\t\t\t\t<div class=\"elementor-element elementor-element-ae0ba16 elementor-widget elementor-widget-html\" data-id=\"ae0ba16\" data-element_type=\"widget\" data-widget_type=\"html.default\">\n\t\t\t\t<div class=\"elementor-widget-container\">\n\t\t\t\t\t<iframe src=\"https:\/\/widget.tagembed.com\/2149216\" style=\"width:100%;height:600px;border:none;\"><\/iframe>\t\t\t\t<\/div>\n\t\t\t\t<\/div>\n\t\t\t\t<\/div>\n\t\t\t\t\t<\/div>\n\t\t\t\t<\/div>\n\t\t\t\t<\/div>\n\t\t\t\t<\/div>\n\t\t","protected":false},"excerpt":{"rendered":"<p>Auf unserer Karriereseite finden Sie unsere offenen Stellen weltweit. Wir suchen stets nach Menschen, die Dinge etwas anders betrachten und Chancen als Startpunkt f\u00fcr eine neue Reise sehen.<\/p>\n","protected":false},"author":21,"featured_media":88359,"parent":103357,"menu_order":0,"comment_status":"closed","ping_status":"closed","template":"","meta":{"_acf_changed":false,"ep_exclude_from_search":false,"footnotes":""},"page-category":[],"class_list":["post-15535","page","type-page","status-publish","has-post-thumbnail","hentry"],"acf":[],"_links":{"self":[{"href":"https:\/\/boseprofessional.com\/de\/wp-json\/wp\/v2\/pages\/15535","targetHints":{"allow":["GET"]}}],"collection":[{"href":"https:\/\/boseprofessional.com\/de\/wp-json\/wp\/v2\/pages"}],"about":[{"href":"https:\/\/boseprofessional.com\/de\/wp-json\/wp\/v2\/types\/page"}],"author":[{"embeddable":true,"href":"https:\/\/boseprofessional.com\/de\/wp-json\/wp\/v2\/users\/21"}],"replies":[{"embeddable":true,"href":"https:\/\/boseprofessional.com\/de\/wp-json\/wp\/v2\/comments?post=15535"}],"version-history":[{"count":5,"href":"https:\/\/boseprofessional.com\/de\/wp-json\/wp\/v2\/pages\/15535\/revisions"}],"predecessor-version":[{"id":162635,"href":"https:\/\/boseprofessional.com\/de\/wp-json\/wp\/v2\/pages\/15535\/revisions\/162635"}],"up":[{"embeddable":true,"href":"https:\/\/boseprofessional.com\/de\/wp-json\/wp\/v2\/pages\/103357"}],"wp:featuredmedia":[{"embeddable":true,"href":"https:\/\/boseprofessional.com\/de\/wp-json\/wp\/v2\/media\/88359"}],"wp:attachment":[{"href":"https:\/\/boseprofessional.com\/de\/wp-json\/wp\/v2\/media?parent=15535"}],"wp:term":[{"taxonomy":"page-category","embeddable":true,"href":"https:\/\/boseprofessional.com\/de\/wp-json\/wp\/v2\/page-category?post=15535"}],"curies":[{"name":"wp","href":"https:\/\/api.w.org\/{rel}","templated":true}]}}