{"id":143682,"date":"2024-12-09T17:58:28","date_gmt":"2024-12-09T17:58:28","guid":{"rendered":"https:\/\/bosepro-dev-test.boseprofessional.com\/?page_id=143682"},"modified":"2024-12-10T21:06:11","modified_gmt":"2024-12-10T21:06:11","slug":"uk-weee-page","status":"publish","type":"page","link":"https:\/\/boseprofessional.com\/de\/resources\/support\/product-recycling-europe\/uk-weee-page\/","title":{"rendered":"UK WEEE"},"content":{"rendered":"\t\t<div data-elementor-type=\"wp-page\" data-elementor-id=\"143682\" class=\"elementor elementor-143682\" data-elementor-post-type=\"page\">\n\t\t\t\t<div data-particle_enable=\"false\" data-particle-mobile-disabled=\"false\" class=\"elementor-element elementor-element-decadfb e-con-full e-flex e-con e-parent\" data-id=\"decadfb\" data-element_type=\"container\" data-settings=\"{&quot;background_background&quot;:&quot;classic&quot;}\">\n\t\t\t\t<\/div>\n\t\t<div data-particle_enable=\"false\" data-particle-mobile-disabled=\"false\" class=\"elementor-element elementor-element-a388121 e-con-full e-flex e-con e-parent\" data-id=\"a388121\" data-element_type=\"container\">\n\t\t\t\t<div class=\"elementor-element elementor-element-4196f11 elementor-widget elementor-widget-heading\" data-id=\"4196f11\" data-element_type=\"widget\" data-widget_type=\"heading.default\">\n\t\t\t\t<div class=\"elementor-widget-container\">\n\t\t\t\t\t<h2 class=\"elementor-heading-title elementor-size-default\">Vereinigtes K\u00f6nigreich<\/h2>\t\t\t\t<\/div>\n\t\t\t\t<\/div>\n\t\t\t\t<div class=\"elementor-element elementor-element-1e641fe elementor-widget elementor-widget-text-editor\" data-id=\"1e641fe\" data-element_type=\"widget\" data-widget_type=\"text-editor.default\">\n\t\t\t\t<div class=\"elementor-widget-container\">\n\t\t\t\t\t\t\t\t\t<p>Gem\u00e4\u00df den britischen WEEE-Vorschriften gilt f\u00fcr Produkte, die Sie kaufen von Bose Professional die das Symbol der durchgestrichenen M\u00fclltonne tragen, Bose Professional sieht Regelungen f\u00fcr die Sammlung, Behandlung, das Recycling und die R\u00fcckgewinnung dieser Produkte vor, wenn sie das Ende ihrer Lebensdauer erreicht haben.<\/p><p>Dar\u00fcber hinaus gilt dies auch f\u00fcr alle \u00e4lteren Produkte, die vor dem <sup>13.<\/sup> August 2005 gekauft wurden und deren Kauf bei uns eingegangen ist. Bose Professional wird eins zu eins und gleichartig ersetzt, Bose Professional sieht Vorkehrungen f\u00fcr die Sammlung, Behandlung, das Recycling und die R\u00fcckgewinnung des zu ersetzenden Altprodukts vor.<\/p><p>Bose Professional Wir nehmen unsere Verantwortung f\u00fcr die Umwelt ernst, um einen qualitativ hochwertigen Recyclingprozess f\u00fcr unsere Produkte sicherzustellen, wenn diese das Ende ihrer Lebensdauer erreichen. Bose Professional hat mit dem European Advanced Recycling Network (EARN Elektroaltger\u00e4te Service GmbH) eine Recyclingvereinbarung abgeschlossen, um die ordnungsgem\u00e4\u00dfe Behandlung, das Recycling und die Verwertung von Elektro- und Elektronikaltger\u00e4ten sicherzustellen. Bose Professional ist verantwortlich.<\/p><p>Im Rahmen dieser Vereinbarung:<\/p><ul><li>Bose Professional wird die Kosten f\u00fcr die Behandlung, das Recycling und die Verwertung von Elektro- und Elektronikaltger\u00e4ten \u00fcbernehmen, f\u00fcr die Bose Professional ist verantwortlich<\/li><li>Im Gegenzug Bose Professional Erfordert, dass der Endkunde die Transportkosten f\u00fcr die Elektroaltger\u00e4te zum EARN-Recyclingunternehmen in Gro\u00dfbritannien organisiert und bezahlt.<\/li><\/ul><p>Um den Transport kleiner Mengen von Elektro- und Elektronikaltger\u00e4ten zu organisieren, f\u00fcr die Bose Professional Wenn Sie verantwortlich sind, nutzen Sie bitte den unten stehenden Link, um das Online-Formular auszuf\u00fcllen:<\/p><p><a href=\"https:\/\/b2btool.earn-service.com\/bose-professional-shipment\" target=\"_blank\" rel=\"noopener\">https:\/\/b2btool.earn-service.com\/bose-professional-shipment<\/a><\/p><p>Nachdem Sie das Formular ausgef\u00fcllt haben, k\u00f6nnen Sie die Elektroaltger\u00e4te gem\u00e4\u00df den bereitgestellten Online-Anweisungen f\u00fcr den Transport zum EARN-Recyclingunternehmen vorbereiten.<\/p><p>F\u00fcr gr\u00f6\u00dfere Mengen oder sperrige Elektroaltger\u00e4te nutzen Sie bitte den unten stehenden Link, um Abholung und Transport anzufordern:<\/p><p><a href=\"https:\/\/b2btool.earn-service.com\/bose-professional\" target=\"_blank\" rel=\"noopener\">https:\/\/b2btool.earn-service.com\/bose-professional<\/a><\/p>\t\t\t\t\t\t\t\t<\/div>\n\t\t\t\t<\/div>\n\t\t\t\t<\/div>\n\t\t\t\t<\/div>\n\t\t","protected":false},"excerpt":{"rendered":"<p>Im Vereinigten K\u00f6nigreich gelten die britischen WEEE-Vorschriften f\u00fcr Produkte, die Sie kaufen von Bose Professional die das Symbol der durchgestrichenen M\u00fclltonne tragen, Bose Professional Bose bietet Vorkehrungen f\u00fcr die Sammlung, Behandlung, das Recycling und die Verwertung dieser Produkte, sobald sie das Ende ihrer Lebensdauer erreicht haben. Dar\u00fcber hinaus gilt f\u00fcr alle Altprodukte, die vor dem 13. August 2005 bei Bose gekauft wurden [\u2026]<\/p>\n","protected":false},"author":15,"featured_media":143832,"parent":143645,"menu_order":0,"comment_status":"closed","ping_status":"closed","template":"","meta":{"_acf_changed":false,"ep_exclude_from_search":false,"footnotes":""},"page-category":[],"class_list":["post-143682","page","type-page","status-publish","has-post-thumbnail","hentry"],"acf":[],"_links":{"self":[{"href":"https:\/\/boseprofessional.com\/de\/wp-json\/wp\/v2\/pages\/143682","targetHints":{"allow":["GET"]}}],"collection":[{"href":"https:\/\/boseprofessional.com\/de\/wp-json\/wp\/v2\/pages"}],"about":[{"href":"https:\/\/boseprofessional.com\/de\/wp-json\/wp\/v2\/types\/page"}],"author":[{"embeddable":true,"href":"https:\/\/boseprofessional.com\/de\/wp-json\/wp\/v2\/users\/15"}],"replies":[{"embeddable":true,"href":"https:\/\/boseprofessional.com\/de\/wp-json\/wp\/v2\/comments?post=143682"}],"version-history":[{"count":3,"href":"https:\/\/boseprofessional.com\/de\/wp-json\/wp\/v2\/pages\/143682\/revisions"}],"predecessor-version":[{"id":144188,"href":"https:\/\/boseprofessional.com\/de\/wp-json\/wp\/v2\/pages\/143682\/revisions\/144188"}],"up":[{"embeddable":true,"href":"https:\/\/boseprofessional.com\/de\/wp-json\/wp\/v2\/pages\/143645"}],"wp:featuredmedia":[{"embeddable":true,"href":"https:\/\/boseprofessional.com\/de\/wp-json\/wp\/v2\/media\/143832"}],"wp:attachment":[{"href":"https:\/\/boseprofessional.com\/de\/wp-json\/wp\/v2\/media?parent=143682"}],"wp:term":[{"taxonomy":"page-category","embeddable":true,"href":"https:\/\/boseprofessional.com\/de\/wp-json\/wp\/v2\/page-category?post=143682"}],"curies":[{"name":"wp","href":"https:\/\/api.w.org\/{rel}","templated":true}]}}