{"id":143674,"date":"2024-12-09T17:38:37","date_gmt":"2024-12-09T17:38:37","guid":{"rendered":"https:\/\/bosepro-dev-test.boseprofessional.com\/?page_id=143674"},"modified":"2024-12-10T21:06:53","modified_gmt":"2024-12-10T21:06:53","slug":"germany-weee-page","status":"publish","type":"page","link":"https:\/\/boseprofessional.com\/de\/resources\/support\/product-recycling-europe\/germany-weee-page\/","title":{"rendered":"Germany WEEE"},"content":{"rendered":"\t\t<div data-elementor-type=\"wp-page\" data-elementor-id=\"143674\" class=\"elementor elementor-143674\" data-elementor-post-type=\"page\">\n\t\t\t\t<div data-particle_enable=\"false\" data-particle-mobile-disabled=\"false\" class=\"elementor-element elementor-element-e52b97b e-con-full e-flex e-con e-parent\" data-id=\"e52b97b\" data-element_type=\"container\" data-settings=\"{&quot;background_background&quot;:&quot;classic&quot;}\">\n\t\t\t\t<\/div>\n\t\t<div data-particle_enable=\"false\" data-particle-mobile-disabled=\"false\" class=\"elementor-element elementor-element-14e6a80 e-flex e-con-boxed e-con e-parent\" data-id=\"14e6a80\" data-element_type=\"container\">\n\t\t\t\t\t<div class=\"e-con-inner\">\n\t\t\t\t<div class=\"elementor-element elementor-element-1dd73b1 elementor-widget elementor-widget-heading\" data-id=\"1dd73b1\" data-element_type=\"widget\" data-widget_type=\"heading.default\">\n\t\t\t\t<div class=\"elementor-widget-container\">\n\t\t\t\t\t<h2 class=\"elementor-heading-title elementor-size-default\">Deutschland<\/h2>\t\t\t\t<\/div>\n\t\t\t\t<\/div>\n\t\t\t\t<div class=\"elementor-element elementor-element-2fce284 elementor-widget elementor-widget-text-editor\" data-id=\"2fce284\" data-element_type=\"widget\" data-widget_type=\"text-editor.default\">\n\t\t\t\t<div class=\"elementor-widget-container\">\n\t\t\t\t\t\t\t\t\t<p>Nach dem deutschen Elektroger\u00e4tegesetz (ElektroG) gelten f\u00fcr Produkte, die Sie kaufen, folgende Bestimmungen: Bose Professional die das Symbol der durchgestrichenen M\u00fclltonne tragen, Bose Professional sieht Regelungen f\u00fcr die Sammlung, Behandlung, das Recycling und die R\u00fcckgewinnung dieser Produkte vor, wenn sie das Ende ihrer Lebensdauer erreicht haben.<\/p><p>Bose Professional Wir nehmen unsere Verantwortung f\u00fcr die Umwelt ernst, um einen qualitativ hochwertigen Recyclingprozess f\u00fcr unsere Produkte sicherzustellen, wenn diese das Ende ihrer Lebensdauer erreichen. Bose Professional hat eine Recyclingvereinbarung mit dem European Advanced Recycling Network (EARN Elektroaltger\u00e4te Service GmbH) abgeschlossen, um die ordnungsgem\u00e4\u00dfe Behandlung, das Recycling und die Verwertung von Elektro- und Elektronikaltger\u00e4ten sicherzustellen. Bose Professional ist verantwortlich.<\/p><p>Im Rahmen dieser Vereinbarung:<\/p><ul><li>Bose Professional wird die Kosten f\u00fcr die Behandlung, das Recycling und die Verwertung von Elektro- und Elektronikaltger\u00e4ten \u00fcbernehmen, f\u00fcr die Bose Professional ist verantwortlich<\/li><li>Im Gegenzug Bose Professional setzt voraus, dass der Endkunde den Transport der Elektroaltger\u00e4te zum EARN-Recyclingbetrieb in Deutschland organisiert und die Kosten daf\u00fcr tr\u00e4gt.<\/li><\/ul><p>Um den Transport kleiner Mengen von Elektro- und Elektronikaltger\u00e4ten zu organisieren, f\u00fcr die Bose Professional Wenn Sie verantwortlich sind, nutzen Sie bitte den unten stehenden Link, um das Online-Formular auszuf\u00fcllen:<\/p><p><a href=\"https:\/\/b2btool.earn-service.com\/bose-professional-shipment\" target=\"_blank\" rel=\"noopener\">https:\/\/b2btool.earn-service.com\/bose-professional-shipment<\/a><\/p><p>Nachdem Sie das Formular ausgef\u00fcllt haben, k\u00f6nnen Sie die Elektroaltger\u00e4te gem\u00e4\u00df den bereitgestellten Online-Anweisungen f\u00fcr den Transport zum EARN-Recyclingunternehmen vorbereiten.<\/p><p>F\u00fcr gr\u00f6\u00dfere Mengen oder sperrige Elektroaltger\u00e4te nutzen Sie bitte den unten stehenden Link, um Abholung und Transport anzufordern:<\/p><p><a href=\"https:\/\/b2btool.earn-service.com\/bose-professional\" target=\"_blank\" rel=\"noopener\">https:\/\/b2btool.earn-service.com\/bose-professional<\/a><\/p><p><br \/><br \/><\/p>\t\t\t\t\t\t\t\t<\/div>\n\t\t\t\t<\/div>\n\t\t\t\t\t<\/div>\n\t\t\t\t<\/div>\n\t\t\t\t<\/div>\n\t\t","protected":false},"excerpt":{"rendered":"<p>Deutschland Gem\u00e4\u00df dem deutschen Elektroger\u00e4tegesetz (ElektroG) gelten f\u00fcr Produkte, die Sie kaufen, folgende Bestimmungen: Bose Professional die das Symbol der durchgestrichenen M\u00fclltonne tragen, Bose Professional sieht Regelungen f\u00fcr die Sammlung, Behandlung, das Recycling und die R\u00fcckgewinnung dieser Produkte vor, wenn sie das Ende ihrer Lebensdauer erreicht haben. Bose Professional nimmt seine Umweltverantwortung ernst, um sicherzustellen, dass [\u2026]<\/p>\n","protected":false},"author":15,"featured_media":143832,"parent":143645,"menu_order":0,"comment_status":"closed","ping_status":"closed","template":"","meta":{"_acf_changed":false,"ep_exclude_from_search":false,"footnotes":""},"page-category":[],"class_list":["post-143674","page","type-page","status-publish","has-post-thumbnail","hentry"],"acf":[],"_links":{"self":[{"href":"https:\/\/boseprofessional.com\/de\/wp-json\/wp\/v2\/pages\/143674","targetHints":{"allow":["GET"]}}],"collection":[{"href":"https:\/\/boseprofessional.com\/de\/wp-json\/wp\/v2\/pages"}],"about":[{"href":"https:\/\/boseprofessional.com\/de\/wp-json\/wp\/v2\/types\/page"}],"author":[{"embeddable":true,"href":"https:\/\/boseprofessional.com\/de\/wp-json\/wp\/v2\/users\/15"}],"replies":[{"embeddable":true,"href":"https:\/\/boseprofessional.com\/de\/wp-json\/wp\/v2\/comments?post=143674"}],"version-history":[{"count":3,"href":"https:\/\/boseprofessional.com\/de\/wp-json\/wp\/v2\/pages\/143674\/revisions"}],"predecessor-version":[{"id":144192,"href":"https:\/\/boseprofessional.com\/de\/wp-json\/wp\/v2\/pages\/143674\/revisions\/144192"}],"up":[{"embeddable":true,"href":"https:\/\/boseprofessional.com\/de\/wp-json\/wp\/v2\/pages\/143645"}],"wp:featuredmedia":[{"embeddable":true,"href":"https:\/\/boseprofessional.com\/de\/wp-json\/wp\/v2\/media\/143832"}],"wp:attachment":[{"href":"https:\/\/boseprofessional.com\/de\/wp-json\/wp\/v2\/media?parent=143674"}],"wp:term":[{"taxonomy":"page-category","embeddable":true,"href":"https:\/\/boseprofessional.com\/de\/wp-json\/wp\/v2\/page-category?post=143674"}],"curies":[{"name":"wp","href":"https:\/\/api.w.org\/{rel}","templated":true}]}}