{"id":143667,"date":"2024-12-09T17:37:44","date_gmt":"2024-12-09T17:37:44","guid":{"rendered":"https:\/\/bosepro-dev-test.boseprofessional.com\/?page_id=143667"},"modified":"2024-12-10T21:07:24","modified_gmt":"2024-12-10T21:07:24","slug":"austria-weee-page","status":"publish","type":"page","link":"https:\/\/boseprofessional.com\/de\/resources\/support\/product-recycling-europe\/austria-weee-page\/","title":{"rendered":"Austria WEEE"},"content":{"rendered":"\t\t<div data-elementor-type=\"wp-page\" data-elementor-id=\"143667\" class=\"elementor elementor-143667\" data-elementor-post-type=\"page\">\n\t\t\t\t<div data-particle_enable=\"false\" data-particle-mobile-disabled=\"false\" class=\"elementor-element elementor-element-1ed7322 e-con-full e-flex e-con e-parent\" data-id=\"1ed7322\" data-element_type=\"container\" data-settings=\"{&quot;background_background&quot;:&quot;classic&quot;}\">\n\t\t\t\t<\/div>\n\t\t<div data-particle_enable=\"false\" data-particle-mobile-disabled=\"false\" class=\"elementor-element elementor-element-491bc0d e-flex e-con-boxed e-con e-parent\" data-id=\"491bc0d\" data-element_type=\"container\">\n\t\t\t\t\t<div class=\"e-con-inner\">\n\t\t\t\t<div class=\"elementor-element elementor-element-392a9c2 elementor-widget elementor-widget-heading\" data-id=\"392a9c2\" data-element_type=\"widget\" data-widget_type=\"heading.default\">\n\t\t\t\t<div class=\"elementor-widget-container\">\n\t\t\t\t\t<h2 class=\"elementor-heading-title elementor-size-default\">\u00d6sterreich<\/h2>\t\t\t\t<\/div>\n\t\t\t\t<\/div>\n\t\t\t\t<div class=\"elementor-element elementor-element-9dba3fe elementor-widget elementor-widget-text-editor\" data-id=\"9dba3fe\" data-element_type=\"widget\" data-widget_type=\"text-editor.default\">\n\t\t\t\t<div class=\"elementor-widget-container\">\n\t\t\t\t\t\t\t\t\t<p>Gem\u00e4\u00df der \u00f6sterreichischen Verordnung zur Abfallvermeidung, Sammlung und Behandlung von Elektro- und Elektronikaltger\u00e4ten (EAG-VO) gilt f\u00fcr Produkte, die Sie kaufen von Bose Professional die das Symbol der durchgestrichenen M\u00fclltonne tragen, Bose Professional sieht Regelungen f\u00fcr die Sammlung, Behandlung, das Recycling und die R\u00fcckgewinnung dieser Produkte vor, wenn sie das Ende ihrer Lebensdauer erreicht haben.<\/p><p>Dar\u00fcber hinaus gilt dies auch f\u00fcr alle \u00e4lteren Produkte, die vor dem <sup>13.<\/sup> August 2005 gekauft wurden und deren Kauf bei uns eingegangen ist. Bose Professional wird eins zu eins und gleichartig ersetzt, Bose Professional sieht Vorkehrungen f\u00fcr die Sammlung, Behandlung, das Recycling und die R\u00fcckgewinnung des zu ersetzenden Altprodukts vor.<\/p><p>Bose Professional Wir nehmen unsere Verantwortung f\u00fcr die Umwelt ernst, um einen qualitativ hochwertigen Recyclingprozess f\u00fcr unsere Produkte sicherzustellen, wenn diese das Ende ihrer Lebensdauer erreichen. Bose Professional hat eine Recyclingvereinbarung mit dem European Advanced Recycling Network (EARN Elektroaltger\u00e4te Service GmbH) abgeschlossen, um die ordnungsgem\u00e4\u00dfe Behandlung, das Recycling und die Verwertung von Elektro- und Elektronikaltger\u00e4ten sicherzustellen. Bose Professional ist verantwortlich.<\/p><p>Im Rahmen dieser Vereinbarung:<\/p><ul><li>Bose Professional wird die Kosten f\u00fcr die Behandlung, das Recycling und die Verwertung von Elektro- und Elektronikaltger\u00e4ten \u00fcbernehmen, f\u00fcr die Bose Professional ist verantwortlich<\/li><li>Im Gegenzug Bose Professional setzt voraus, dass der Endkunde den Transport der Elektroaltger\u00e4te zum EARN-Recyclingbetrieb in \u00d6sterreich organisiert und die Kosten daf\u00fcr tr\u00e4gt.<\/li><\/ul><p>Um den Transport kleiner Mengen von Elektro- und Elektronikaltger\u00e4ten zu organisieren, f\u00fcr die Bose Professional Wenn Sie verantwortlich sind, nutzen Sie bitte den unten stehenden Link, um das Online-Formular auszuf\u00fcllen:<\/p><p><a href=\"https:\/\/b2btool.earn-service.com\/bose-professional-shipment\" target=\"_blank\" rel=\"noopener\">https:\/\/b2btool.earn-service.com\/bose-professional-shipment<\/a><\/p><p>Nachdem Sie das Formular ausgef\u00fcllt haben, k\u00f6nnen Sie die Elektroaltger\u00e4te gem\u00e4\u00df den bereitgestellten Online-Anweisungen f\u00fcr den Transport zum EARN-Recyclingunternehmen vorbereiten.<\/p><p>F\u00fcr gr\u00f6\u00dfere Mengen oder sperrige Elektroaltger\u00e4te nutzen Sie bitte den unten stehenden Link, um Abholung und Transport anzufordern:<\/p><p><a href=\"https:\/\/b2btool.earn-service.com\/bose-professional\" target=\"_blank\" rel=\"noopener\">https:\/\/b2btool.earn-service.com\/bose-professional<\/a><\/p>\t\t\t\t\t\t\t\t<\/div>\n\t\t\t\t<\/div>\n\t\t\t\t\t<\/div>\n\t\t\t\t<\/div>\n\t\t\t\t<\/div>\n\t\t","protected":false},"excerpt":{"rendered":"<p>\u00d6sterreich, gem\u00e4\u00df der \u00f6sterreichischen Verordnung zur Abfallvermeidung, Sammlung und Behandlung von Elektro- und Elektronikaltger\u00e4ten (EAG-VO), gilt f\u00fcr Produkte, die Sie kaufen von Bose Professional die das Symbol der durchgestrichenen M\u00fclltonne tragen, Bose Professional sieht Vorkehrungen f\u00fcr die Sammlung, Behandlung, das Recycling und die Verwertung dieser Produkte am Ende ihrer Nutzungsdauer vor. Dar\u00fcber hinaus gilt f\u00fcr alle [\u2026]<\/p>\n","protected":false},"author":15,"featured_media":143832,"parent":143645,"menu_order":0,"comment_status":"closed","ping_status":"closed","template":"","meta":{"_acf_changed":false,"ep_exclude_from_search":false,"footnotes":""},"page-category":[],"class_list":["post-143667","page","type-page","status-publish","has-post-thumbnail","hentry"],"acf":[],"_links":{"self":[{"href":"https:\/\/boseprofessional.com\/de\/wp-json\/wp\/v2\/pages\/143667","targetHints":{"allow":["GET"]}}],"collection":[{"href":"https:\/\/boseprofessional.com\/de\/wp-json\/wp\/v2\/pages"}],"about":[{"href":"https:\/\/boseprofessional.com\/de\/wp-json\/wp\/v2\/types\/page"}],"author":[{"embeddable":true,"href":"https:\/\/boseprofessional.com\/de\/wp-json\/wp\/v2\/users\/15"}],"replies":[{"embeddable":true,"href":"https:\/\/boseprofessional.com\/de\/wp-json\/wp\/v2\/comments?post=143667"}],"version-history":[{"count":3,"href":"https:\/\/boseprofessional.com\/de\/wp-json\/wp\/v2\/pages\/143667\/revisions"}],"predecessor-version":[{"id":144195,"href":"https:\/\/boseprofessional.com\/de\/wp-json\/wp\/v2\/pages\/143667\/revisions\/144195"}],"up":[{"embeddable":true,"href":"https:\/\/boseprofessional.com\/de\/wp-json\/wp\/v2\/pages\/143645"}],"wp:featuredmedia":[{"embeddable":true,"href":"https:\/\/boseprofessional.com\/de\/wp-json\/wp\/v2\/media\/143832"}],"wp:attachment":[{"href":"https:\/\/boseprofessional.com\/de\/wp-json\/wp\/v2\/media?parent=143667"}],"wp:term":[{"taxonomy":"page-category","embeddable":true,"href":"https:\/\/boseprofessional.com\/de\/wp-json\/wp\/v2\/page-category?post=143667"}],"curies":[{"name":"wp","href":"https:\/\/api.w.org\/{rel}","templated":true}]}}