{"id":143645,"date":"2024-12-09T17:12:36","date_gmt":"2024-12-09T17:12:36","guid":{"rendered":"https:\/\/bosepro-dev-test.boseprofessional.com\/?page_id=143645"},"modified":"2025-02-25T20:11:53","modified_gmt":"2025-02-25T20:11:53","slug":"product-recycling-europe","status":"publish","type":"page","link":"https:\/\/boseprofessional.com\/de\/resources\/support\/product-recycling-europe\/","title":{"rendered":"Product Recycling Europe"},"content":{"rendered":"\t\t<div data-elementor-type=\"wp-page\" data-elementor-id=\"143645\" class=\"elementor elementor-143645\" data-elementor-post-type=\"page\">\n\t\t\t\t<div data-particle_enable=\"false\" data-particle-mobile-disabled=\"false\" class=\"elementor-element elementor-element-16d036f e-con-full e-flex e-con e-parent\" data-id=\"16d036f\" data-element_type=\"container\" data-settings=\"{&quot;background_background&quot;:&quot;classic&quot;}\">\n\t\t\t\t<\/div>\n\t\t<div data-particle_enable=\"false\" data-particle-mobile-disabled=\"false\" class=\"elementor-element elementor-element-7c5a11e e-flex e-con-boxed e-con e-parent\" data-id=\"7c5a11e\" data-element_type=\"container\">\n\t\t\t\t\t<div class=\"e-con-inner\">\n\t\t\t\t<div class=\"elementor-element elementor-element-7c49034 elementor-widget elementor-widget-heading\" data-id=\"7c49034\" data-element_type=\"widget\" data-widget_type=\"heading.default\">\n\t\t\t\t<div class=\"elementor-widget-container\">\n\t\t\t\t\t<h2 class=\"elementor-heading-title elementor-size-default\">Produktrecycling Europa<\/h2>\t\t\t\t<\/div>\n\t\t\t\t<\/div>\n\t\t\t\t<div class=\"elementor-element elementor-element-71bed84 elementor-widget elementor-widget-text-editor\" data-id=\"71bed84\" data-element_type=\"widget\" data-widget_type=\"text-editor.default\">\n\t\t\t\t<div class=\"elementor-widget-container\">\n\t\t\t\t\t\t\t\t\t<p>Die EU-Richtlinie 2002\/96\/EG des Europ\u00e4ischen Parlaments und des Rates der EU \u00fcber Elektro- und Elektronik-Altger\u00e4te (bekannt als WEEE-Richtlinie) trat am 13. August 2005 in allen EU-Mitgliedstaaten in Kraft. Die WEEE-Richtlinie wurde durch die EU-Richtlinie 2012\/19\/EU \u00fcber Elektro- und Elektronik-Altger\u00e4te (bekannt als WEEE-Recact-Richtlinie) weiter aktualisiert, die sp\u00e4ter am 24. Juli 2012 in Kraft trat.<\/p><p>Ziel der WEEE-Richtlinie ist es, die Auswirkungen der unkontrollierten Entsorgung von Elektro- und Elektronikger\u00e4ten nach deren Nutzungsende zu minimieren, indem Hersteller wie beispielsweise \u2026 verpflichtet werden. Bose Professional Vorkehrungen f\u00fcr die Sammlung, Behandlung, das Recycling und andere Formen der Verwertung der Produkte zu treffen, die sie in Europa verkaufen, wenn diese zu Abfall werden.\u00a0<\/p><p><img fetchpriority=\"high\" decoding=\"async\" class=\"alignleft wp-image-143854 size-medium\" src=\"https:\/\/assets.boseprofessional.com\/transform\/7cff1823-3434-47c1-b435-d1a8d3d4820f\/WEEE-Trashcan-Image?io=transform:scale,width:293,height:300\" alt=\"\" width=\"293\" height=\"300\" srcset=\"https:\/\/assets.boseprofessional.com\/transform\/7cff1823-3434-47c1-b435-d1a8d3d4820f\/WEEE-Trashcan-Image 506w, https:\/\/assets.boseprofessional.com\/transform\/7cff1823-3434-47c1-b435-d1a8d3d4820f\/WEEE-Trashcan-Image?io=transform:scale,width:147,height:150 147w, https:\/\/assets.boseprofessional.com\/transform\/7cff1823-3434-47c1-b435-d1a8d3d4820f\/WEEE-Trashcan-Image?io=transform:scale,width:293,height:300 293w, https:\/\/assets.boseprofessional.com\/transform\/7cff1823-3434-47c1-b435-d1a8d3d4820f\/WEEE-Trashcan-Image?io=transform:scale,width:469,height:480 469w, https:\/\/assets.boseprofessional.com\/transform\/7cff1823-3434-47c1-b435-d1a8d3d4820f\/WEEE-Trashcan-Image?io=transform:scale,width:391,height:400 391w, https:\/\/assets.boseprofessional.com\/transform\/7cff1823-3434-47c1-b435-d1a8d3d4820f\/WEEE-Trashcan-Image?io=transform:scale,width:98,height:100 98w\" sizes=\"(max-width: 293px) 100vw, 293px\" \/><\/p><p style=\"letter-spacing: 0.32px;\">Alle Produkte, die unter die WEEE-Richtlinie fallen, m\u00fcssen mit dem Symbol der durchgestrichenen M\u00fclltonne gekennzeichnet sein. Dieses Symbol bedeutet, dass das Produkt nach Erreichen des Nutzungsendes getrennt vom \u00fcbrigen Abfall gesammelt werden muss.<\/p><p style=\"letter-spacing: 0.32px;\">F\u00fcr Bose Professional Bei Produkten, die unter die WEEE-Richtlinie fallen und daher mit dem Symbol der durchgestrichenen M\u00fclltonne gekennzeichnet sind, beachten Sie bitte die folgenden Informationen f\u00fcr Ihr Land, um zu erfahren, wie Sie die Ger\u00e4te am Ende ihrer Lebensdauer dem Recycling zuf\u00fchren k\u00f6nnen.\u00a0<\/p>\t\t\t\t\t\t\t\t<\/div>\n\t\t\t\t<\/div>\n\t\t<div data-particle_enable=\"false\" data-particle-mobile-disabled=\"false\" class=\"elementor-element elementor-element-ba4cf69 e-grid e-con-full e-con e-child\" data-id=\"ba4cf69\" data-element_type=\"container\">\n\t\t\t\t<div class=\"elementor-element elementor-element-518ca9c elementor-widget elementor-widget-text-editor\" data-id=\"518ca9c\" data-element_type=\"widget\" data-widget_type=\"text-editor.default\">\n\t\t\t\t<div class=\"elementor-widget-container\">\n\t\t\t\t\t\t\t\t\t<p><a href=\"https:\/\/boseprofessional.com\/de\/resources\/support\/product-recycling-europe\/austria-weee-page\/\">\u00d6sterreich<\/a><\/p>\t\t\t\t\t\t\t\t<\/div>\n\t\t\t\t<\/div>\n\t\t\t\t<div class=\"elementor-element elementor-element-f57f1eb elementor-widget elementor-widget-text-editor\" data-id=\"f57f1eb\" data-element_type=\"widget\" data-widget_type=\"text-editor.default\">\n\t\t\t\t<div class=\"elementor-widget-container\">\n\t\t\t\t\t\t\t\t\t<p><a href=\"https:\/\/boseprofessional.com\/de\/resources\/support\/product-recycling-europe\/ireland-weee-page\/\">Irland<\/a><\/p>\t\t\t\t\t\t\t\t<\/div>\n\t\t\t\t<\/div>\n\t\t\t\t<div class=\"elementor-element elementor-element-664866e elementor-widget elementor-widget-text-editor\" data-id=\"664866e\" data-element_type=\"widget\" data-widget_type=\"text-editor.default\">\n\t\t\t\t<div class=\"elementor-widget-container\">\n\t\t\t\t\t\t\t\t\t<p><a href=\"https:\/\/boseprofessional.com\/de\/resources\/support\/product-recycling-europe\/belgium-weee-page\/\">Belgien<\/a><\/p>\t\t\t\t\t\t\t\t<\/div>\n\t\t\t\t<\/div>\n\t\t\t\t<div class=\"elementor-element elementor-element-6bfa101 elementor-widget elementor-widget-text-editor\" data-id=\"6bfa101\" data-element_type=\"widget\" data-widget_type=\"text-editor.default\">\n\t\t\t\t<div class=\"elementor-widget-container\">\n\t\t\t\t\t\t\t\t\t<p><a href=\"https:\/\/boseprofessional.com\/de\/resources\/support\/product-recycling-europe\/italy-weee-page\/\">Italien<\/a><\/p>\t\t\t\t\t\t\t\t<\/div>\n\t\t\t\t<\/div>\n\t\t\t\t<div class=\"elementor-element elementor-element-e474227 elementor-widget elementor-widget-text-editor\" data-id=\"e474227\" data-element_type=\"widget\" data-widget_type=\"text-editor.default\">\n\t\t\t\t<div class=\"elementor-widget-container\">\n\t\t\t\t\t\t\t\t\t<p><a href=\"https:\/\/boseprofessional.com\/de\/resources\/support\/product-recycling-europe\/france-weee-page\/\">Frankreich<\/a><\/p>\t\t\t\t\t\t\t\t<\/div>\n\t\t\t\t<\/div>\n\t\t\t\t<div class=\"elementor-element elementor-element-6e2f6ad elementor-widget elementor-widget-text-editor\" data-id=\"6e2f6ad\" data-element_type=\"widget\" data-widget_type=\"text-editor.default\">\n\t\t\t\t<div class=\"elementor-widget-container\">\n\t\t\t\t\t\t\t\t\t<p><a href=\"https:\/\/boseprofessional.com\/de\/resources\/support\/product-recycling-europe\/netherlands-weee-page\/\">Niederlande<\/a><\/p>\t\t\t\t\t\t\t\t<\/div>\n\t\t\t\t<\/div>\n\t\t\t\t<div class=\"elementor-element elementor-element-f866737 elementor-widget elementor-widget-text-editor\" data-id=\"f866737\" data-element_type=\"widget\" data-widget_type=\"text-editor.default\">\n\t\t\t\t<div class=\"elementor-widget-container\">\n\t\t\t\t\t\t\t\t\t<p><a href=\"https:\/\/boseprofessional.com\/de\/resources\/support\/product-recycling-europe\/germany-weee-page\/\">Deutschland<\/a><\/p>\t\t\t\t\t\t\t\t<\/div>\n\t\t\t\t<\/div>\n\t\t\t\t<div class=\"elementor-element elementor-element-37f191e elementor-widget elementor-widget-text-editor\" data-id=\"37f191e\" data-element_type=\"widget\" data-widget_type=\"text-editor.default\">\n\t\t\t\t<div class=\"elementor-widget-container\">\n\t\t\t\t\t\t\t\t\t<p><a href=\"https:\/\/boseprofessional.com\/de\/resources\/support\/product-recycling-europe\/uk-weee-page\/\">Vereinigtes K\u00f6nigreich<\/a><\/p>\t\t\t\t\t\t\t\t<\/div>\n\t\t\t\t<\/div>\n\t\t\t\t<\/div>\n\t\t\t\t\t<\/div>\n\t\t\t\t<\/div>\n\t\t\t\t<\/div>\n\t\t","protected":false},"excerpt":{"rendered":"<p>Die EU-Richtlinie 2002\/96\/EG des Europ\u00e4ischen Parlaments und des Rates der EU \u00fcber Elektro- und Elektronik-Altger\u00e4te (bekannt als WEEE-Richtlinie) trat am 13. August 2005 in allen EU-Mitgliedstaaten in Kraft. Die WEEE-Richtlinie wurde durch die EU-Richtlinie 2012\/19\/EU \u00fcber Elektro- und Elektronik-Altger\u00e4te (bekannt als WEEE-Recact-Richtlinie) weiter aktualisiert, welche [\u2026]<\/p>\n","protected":false},"author":15,"featured_media":143832,"parent":5778,"menu_order":0,"comment_status":"closed","ping_status":"closed","template":"","meta":{"_acf_changed":false,"ep_exclude_from_search":false,"footnotes":""},"page-category":[],"class_list":["post-143645","page","type-page","status-publish","has-post-thumbnail","hentry"],"acf":[],"_links":{"self":[{"href":"https:\/\/boseprofessional.com\/de\/wp-json\/wp\/v2\/pages\/143645","targetHints":{"allow":["GET"]}}],"collection":[{"href":"https:\/\/boseprofessional.com\/de\/wp-json\/wp\/v2\/pages"}],"about":[{"href":"https:\/\/boseprofessional.com\/de\/wp-json\/wp\/v2\/types\/page"}],"author":[{"embeddable":true,"href":"https:\/\/boseprofessional.com\/de\/wp-json\/wp\/v2\/users\/15"}],"replies":[{"embeddable":true,"href":"https:\/\/boseprofessional.com\/de\/wp-json\/wp\/v2\/comments?post=143645"}],"version-history":[{"count":4,"href":"https:\/\/boseprofessional.com\/de\/wp-json\/wp\/v2\/pages\/143645\/revisions"}],"predecessor-version":[{"id":150571,"href":"https:\/\/boseprofessional.com\/de\/wp-json\/wp\/v2\/pages\/143645\/revisions\/150571"}],"up":[{"embeddable":true,"href":"https:\/\/boseprofessional.com\/de\/wp-json\/wp\/v2\/pages\/5778"}],"wp:featuredmedia":[{"embeddable":true,"href":"https:\/\/boseprofessional.com\/de\/wp-json\/wp\/v2\/media\/143832"}],"wp:attachment":[{"href":"https:\/\/boseprofessional.com\/de\/wp-json\/wp\/v2\/media?parent=143645"}],"wp:term":[{"taxonomy":"page-category","embeddable":true,"href":"https:\/\/boseprofessional.com\/de\/wp-json\/wp\/v2\/page-category?post=143645"}],"curies":[{"name":"wp","href":"https:\/\/api.w.org\/{rel}","templated":true}]}}