{"id":1290,"date":"2024-07-19T09:55:24","date_gmt":"2024-07-19T09:55:24","guid":{"rendered":"https:\/\/uatnew.boseprofessional.com\/?page_id=1290"},"modified":"2024-07-30T20:05:30","modified_gmt":"2024-07-30T20:05:30","slug":"copyright-policy","status":"publish","type":"page","link":"https:\/\/boseprofessional.com\/de\/legal\/copyright-policy\/","title":{"rendered":"Copyright Policy"},"content":{"rendered":"\t\t<div data-elementor-type=\"wp-page\" data-elementor-id=\"1290\" class=\"elementor elementor-1290\" data-elementor-post-type=\"page\">\n\t\t\t\t<div data-particle_enable=\"false\" data-particle-mobile-disabled=\"false\" class=\"elementor-element elementor-element-60d45635 simple-text-container-rs e-flex e-con-boxed e-con e-parent\" data-id=\"60d45635\" data-element_type=\"container\">\n\t\t\t\t\t<div class=\"e-con-inner\">\n\t\t\t\t<div class=\"elementor-element elementor-element-f18d888 elementor-widget elementor-widget-global elementor-global-114353 elementor-widget-button\" data-id=\"f18d888\" data-element_type=\"widget\" data-widget_type=\"button.default\">\n\t\t\t\t<div class=\"elementor-widget-container\">\n\t\t\t\t\t\t\t\t\t<div class=\"elementor-button-wrapper\">\n\t\t\t\t\t<a class=\"elementor-button elementor-button-link elementor-size-sm elementor-animation-shrink\" href=\"https:\/\/boseprofessional.com\/de\/legal\/\">\n\t\t\t\t\t\t<span class=\"elementor-button-content-wrapper\">\n\t\t\t\t\t\t<span class=\"elementor-button-icon\">\n\t\t\t\t<svg aria-hidden=\"true\" class=\"e-font-icon-svg e-fas-step-backward\" viewbox=\"0 0 448 512\" xmlns=\"http:\/\/www.w3.org\/2000\/svg\"><path d=\"M64 468V44c0-6.6 5.4-12 12-12h48c6.6 0 12 5.4 12 12v176.4l195.5-181C352.1 22.3 384 36.6 384 64v384c0 27.4-31.9 41.7-52.5 24.6L136 292.7V468c0 6.6-5.4 12-12 12H76c-6.6 0-12-5.4-12-12z\"><\/path><\/svg>\t\t\t<\/span>\n\t\t\t\t\t\t\t\t\t<span class=\"elementor-button-text\">Zur\u00fcck zu \u201eAlle rechtlichen Hinweise\u201c<\/span>\n\t\t\t\t\t<\/span>\n\t\t\t\t\t<\/a>\n\t\t\t\t<\/div>\n\t\t\t\t\t\t\t\t<\/div>\n\t\t\t\t<\/div>\n\t\t\t\t<div class=\"elementor-element elementor-element-23472a4b elementor-widget elementor-widget-heading\" data-id=\"23472a4b\" data-element_type=\"widget\" data-widget_type=\"heading.default\">\n\t\t\t\t<div class=\"elementor-widget-container\">\n\t\t\t\t\t<h1 class=\"elementor-heading-title elementor-size-default\">Bose Professional - Urheberrechtsrichtlinie<\/h1>\t\t\t\t<\/div>\n\t\t\t\t<\/div>\n\t\t\t\t<div class=\"elementor-element elementor-element-20d56ece elementor-widget elementor-widget-post-info\" data-id=\"20d56ece\" data-element_type=\"widget\" data-widget_type=\"post-info.default\">\n\t\t\t\t<div class=\"elementor-widget-container\">\n\t\t\t\t\t\t\t<ul class=\"elementor-inline-items elementor-icon-list-items elementor-post-info\">\n\t\t\t\t\t\t\t\t<li class=\"elementor-icon-list-item elementor-repeater-item-8d2c38a elementor-inline-item\" itemprop=\"datePublished\">\n\t\t\t\t\t\t\t\t\t\t<span class=\"elementor-icon-list-icon\">\n\t\t\t\t\t\t\t\t<svg aria-hidden=\"true\" class=\"e-font-icon-svg e-fas-calendar\" viewbox=\"0 0 448 512\" xmlns=\"http:\/\/www.w3.org\/2000\/svg\"><path d=\"M12 192h424c6.6 0 12 5.4 12 12v260c0 26.5-21.5 48-48 48H48c-26.5 0-48-21.5-48-48V204c0-6.6 5.4-12 12-12zm436-44v-36c0-26.5-21.5-48-48-48h-48V12c0-6.6-5.4-12-12-12h-40c-6.6 0-12 5.4-12 12v52H160V12c0-6.6-5.4-12-12-12h-40c-6.6 0-12 5.4-12 12v52H48C21.5 64 0 85.5 0 112v36c0 6.6 5.4 12 12 12h424c6.6 0 12-5.4 12-12z\"><\/path><\/svg>\t\t\t\t\t\t\t<\/span>\n\t\t\t\t\t\t\t\t\t<span class=\"elementor-icon-list-text elementor-post-info__item elementor-post-info__item--type-date\">\n\t\t\t\t\t\t\t\t\t\t<time>19. Juli 2024<\/time>\t\t\t\t\t<\/span>\n\t\t\t\t\t\t\t\t<\/li>\n\t\t\t\t<\/ul>\n\t\t\t\t\t\t<\/div>\n\t\t\t\t<\/div>\n\t\t\t\t\t<\/div>\n\t\t\t\t<\/div>\n\t\t<div data-particle_enable=\"false\" data-particle-mobile-disabled=\"false\" class=\"elementor-element elementor-element-120ae705 simple-text-container-rs e-flex e-con-boxed e-con e-parent\" data-id=\"120ae705\" data-element_type=\"container\">\n\t\t\t\t\t<div class=\"e-con-inner\">\n\t\t\t\t<div class=\"elementor-element elementor-element-5e68e622 elementor-widget elementor-widget-text-editor\" data-id=\"5e68e622\" data-element_type=\"widget\" data-widget_type=\"text-editor.default\">\n\t\t\t\t<div class=\"elementor-widget-container\">\n\t\t\t\t\t\t\t\t\t<p>Transom Post OpCo, LLC dba Bose Professional Wir respektieren Urheberrechte und geistige Eigentumsrechte und erwarten und ermutigen unsere Nutzer, dies ebenfalls zu tun. In \u00dcbereinstimmung mit dem Digital Millennium Copyright Act von 1998 (\u201eDMCA\u201c), dessen vollst\u00e4ndiger Text auf der <a href=\"http:\/\/www.copyright.gov\/legislation\/dmca.pdf\" target=\"_blank\" rel=\"noopener\">Website des US-amerikanischen Urheberrechtsamtes<\/a> zu finden ist, Bose Professional Wir werden unser Bestes tun, um auf Meldungen von Urheberrechtsverletzungen mit der gebotenen Sorgfalt zu reagieren, wenn uns solche Meldungen unter Verwendung des unten stehenden Muster-Meldeformulars \u00fcbermittelt werden.<\/p><p>Wenn Sie der Ansicht sind, dass Ihr Werk auf eine Weise kopiert wurde, die eine Urheberrechtsverletzung darstellt, und in folgendem Kontext angezeigt wird: Bose Professional Bitte stellen Sie unserem Urheberrechtsbeauftragten im Wesentlichen die folgenden Informationen zur Verf\u00fcgung:<\/p><h2>DMCA-MITTEILUNG \u00dcBER ANGEBLICHE RECHTSVERLETZUNG (\u201eMITTEILUNG\u201c)<\/h2><ul class=\"simple-ul-rs\"><li>Nennen Sie das urheberrechtlich gesch\u00fctzte Werk, dessen Verletzung Sie geltend machen, oder eine Liste der urheberrechtlich gesch\u00fctzten Werke, deren Verletzung Sie geltend machen.<\/li><li>Geben Sie das Material oder den Link an, der Ihrer Ansicht nach gegen Urheberrechte verst\u00f6\u00dft, und den Zugriff darauf, der Ihrer Meinung nach gesperrt werden sollte, einschlie\u00dflich der URL des auf der Website angezeigten Links oder des genauen Speicherorts, an dem dieses Material zu finden ist.<\/li><li>Bitte geben Sie Ihren pers\u00f6nlichen Namen oder Firmennamen, Ihre Postanschrift, Ihre Telefonnummer und Ihre E-Mail-Adresse an.<\/li><li>Im Text dieser Mitteilung muss eine Erkl\u00e4rung enthalten sein, dass Sie nach bestem Wissen und Gewissen davon \u00fcberzeugt sind, dass die beanstandete Nutzung des urheberrechtlich gesch\u00fctzten Materials nicht vom Urheberrechtsinhaber, dessen Vertreter oder dem Gesetz genehmigt ist.<\/li><li>Eine Erkl\u00e4rung, dass die Angaben in dieser Mitteilung richtig sind und dass Sie als Beschwerdef\u00fchrer entweder der Eigent\u00fcmer sind oder befugt sind, im Namen des Eigent\u00fcmers zu handeln.<\/li><\/ul><h3>Bose Professional Der Urheberrechtsbeauftragte von [Name des Unternehmens] ist wie folgt zu erreichen:<\/h3><p>Bose Professional<br \/> Zu H\u00e4nden des Urheberrechtsbeauftragten<br \/> 145 Pennsylvania Ave, Framingham, MA 01701<br \/> <a href=\"mailto:legal@boseprofessional.com\">legal@boseprofessional.com<\/a><\/p>\t\t\t\t\t\t\t\t<\/div>\n\t\t\t\t<\/div>\n\t\t\t\t\t<\/div>\n\t\t\t\t<\/div>\n\t\t\t\t<\/div>\n\t\t","protected":false},"excerpt":{"rendered":"<p>Informationen zu Urheberrechtsgesetzen und Rechten an geistigem Eigentum. Transom Post OpCo, LLC dba Bose Professional respektiert Urheberrechte und geistige Eigentumsrechte.<\/p>\n","protected":false},"author":33,"featured_media":116539,"parent":806,"menu_order":0,"comment_status":"closed","ping_status":"closed","template":"","meta":{"_acf_changed":false,"ep_exclude_from_search":false,"footnotes":""},"page-category":[],"class_list":["post-1290","page","type-page","status-publish","has-post-thumbnail","hentry"],"acf":[],"_links":{"self":[{"href":"https:\/\/boseprofessional.com\/de\/wp-json\/wp\/v2\/pages\/1290","targetHints":{"allow":["GET"]}}],"collection":[{"href":"https:\/\/boseprofessional.com\/de\/wp-json\/wp\/v2\/pages"}],"about":[{"href":"https:\/\/boseprofessional.com\/de\/wp-json\/wp\/v2\/types\/page"}],"author":[{"embeddable":true,"href":"https:\/\/boseprofessional.com\/de\/wp-json\/wp\/v2\/users\/33"}],"replies":[{"embeddable":true,"href":"https:\/\/boseprofessional.com\/de\/wp-json\/wp\/v2\/comments?post=1290"}],"version-history":[{"count":3,"href":"https:\/\/boseprofessional.com\/de\/wp-json\/wp\/v2\/pages\/1290\/revisions"}],"predecessor-version":[{"id":116542,"href":"https:\/\/boseprofessional.com\/de\/wp-json\/wp\/v2\/pages\/1290\/revisions\/116542"}],"up":[{"embeddable":true,"href":"https:\/\/boseprofessional.com\/de\/wp-json\/wp\/v2\/pages\/806"}],"wp:featuredmedia":[{"embeddable":true,"href":"https:\/\/boseprofessional.com\/de\/wp-json\/wp\/v2\/media\/116539"}],"wp:attachment":[{"href":"https:\/\/boseprofessional.com\/de\/wp-json\/wp\/v2\/media?parent=1290"}],"wp:term":[{"taxonomy":"page-category","embeddable":true,"href":"https:\/\/boseprofessional.com\/de\/wp-json\/wp\/v2\/page-category?post=1290"}],"curies":[{"name":"wp","href":"https:\/\/api.w.org\/{rel}","templated":true}]}}