{"id":103936,"date":"2024-03-04T15:49:12","date_gmt":"2024-03-04T15:49:12","guid":{"rendered":"https:\/\/uatnew.boseprofessional.com\/?page_id=103936"},"modified":"2025-11-17T16:09:33","modified_gmt":"2025-11-17T16:09:33","slug":"audiopack-pro-systems","status":"publish","type":"page","link":"https:\/\/boseprofessional.com\/de\/solutions\/audiopack-pro-systems\/","title":{"rendered":"DIY with AudioPack Pro"},"content":{"rendered":"\t\t<div data-elementor-type=\"wp-page\" data-elementor-id=\"103936\" class=\"elementor elementor-103936\" data-elementor-post-type=\"page\">\n\t\t\t\t<div data-particle_enable=\"false\" data-particle-mobile-disabled=\"false\" class=\"elementor-element elementor-element-5b268b24 e-con-full e-flex e-con e-parent\" data-id=\"5b268b24\" data-element_type=\"container\" data-settings=\"{&quot;background_background&quot;:&quot;classic&quot;}\">\n\t\t<div data-particle_enable=\"false\" data-particle-mobile-disabled=\"false\" class=\"elementor-element elementor-element-7caacd99 e-flex e-con-boxed e-con e-child\" data-id=\"7caacd99\" data-element_type=\"container\">\n\t\t\t\t\t<div class=\"e-con-inner\">\n\t\t<div data-particle_enable=\"false\" data-particle-mobile-disabled=\"false\" class=\"elementor-element elementor-element-6af6d10f e-con-full e-flex e-con e-child\" data-id=\"6af6d10f\" data-element_type=\"container\">\n\t\t\t\t<\/div>\n\t\t\t\t\t<\/div>\n\t\t\t\t<\/div>\n\t\t\t\t<\/div>\n\t\t<div data-particle_enable=\"false\" data-particle-mobile-disabled=\"false\" class=\"elementor-element elementor-element-587f280e e-flex e-con-boxed e-con e-parent\" data-id=\"587f280e\" data-element_type=\"container\">\n\t\t\t\t\t<div class=\"e-con-inner\">\n\t\t\t\t<div class=\"elementor-element elementor-element-478e89e1 elementor-widget elementor-widget-heading\" data-id=\"478e89e1\" data-element_type=\"widget\" data-widget_type=\"heading.default\">\n\t\t\t\t<div class=\"elementor-widget-container\">\n\t\t\t\t\t<h1 class=\"elementor-heading-title elementor-size-default\"><span style=\"font-size: 44.8px\">AudioPack Pro Soundsystem-Pakete<\/span><\/h1>\t\t\t\t<\/div>\n\t\t\t\t<\/div>\n\t\t\t\t<div class=\"elementor-element elementor-element-23ef08df elementor-widget elementor-widget-heading\" data-id=\"23ef08df\" data-element_type=\"widget\" data-widget_type=\"heading.default\">\n\t\t\t\t<div class=\"elementor-widget-container\">\n\t\t\t\t\t<h3 class=\"elementor-heading-title elementor-size-default\">Erstklassiger Sound f\u00fcr Ihr Unternehmen \u2013 in einem praktischen Paket<\/h3>\t\t\t\t<\/div>\n\t\t\t\t<\/div>\n\t\t\t\t<div class=\"elementor-element elementor-element-febd64b elementor-widget elementor-widget-text-editor\" data-id=\"febd64b\" data-element_type=\"widget\" data-widget_type=\"text-editor.default\">\n\t\t\t\t<div class=\"elementor-widget-container\">\n\t\t\t\t\t\t\t\t\t<p>AudioPack Pro ist eine Hintergrundmusik- und Durchsagel\u00f6sung, die den charakteristischen Klang von Bose Professional f\u00fcr Ihr Unternehmen \u2013 alles in einem praktischen, sofort einsatzbereiten Paket. Im Lieferumfang enthalten sind ein Verst\u00e4rker und FreeSpace FS-Lautsprecher, perfekt aufeinander abgestimmt und optimiert f\u00fcr ein erstklassiges Klangerlebnis. Die L\u00f6sung bietet die ideale Kombination aus Leistung und Wert, au\u00dfergew\u00f6hnliche Langlebigkeit, ein klares Design und einfache Installation.<\/p>\t\t\t\t\t\t\t\t<\/div>\n\t\t\t\t<\/div>\n\t\t<div data-particle_enable=\"false\" data-particle-mobile-disabled=\"false\" class=\"elementor-element elementor-element-4bcb389d e-con-full e-flex e-con e-child\" data-id=\"4bcb389d\" data-element_type=\"container\" data-settings=\"{&quot;background_background&quot;:&quot;classic&quot;}\">\n\t\t\t\t<div class=\"elementor-element elementor-element-bf479a0 elementor-widget elementor-widget-text-editor\" data-id=\"bf479a0\" data-element_type=\"widget\" data-widget_type=\"text-editor.default\">\n\t\t\t\t<div class=\"elementor-widget-container\">\n\t\t\t\t\t\t\t\t\t<ul class=\"audiopack-list1\">\n \t<li><strong>FreeSpace FS-Lautsprecher<\/strong> bieten Langlebigkeit und Leistung, ansprechende \u00c4sthetik und einfache Installation \u2013 bei bemerkenswert gleichbleibender Klangqualit\u00e4t.<\/li>\n \t<li><strong>Der integrierte Zonenverst\u00e4rker FreeSpace IZA 190-HZ<\/strong> bietet erstklassigen Klang, einfache Einrichtung, unkomplizierte t\u00e4gliche Bedienung und die Flexibilit\u00e4t zur Erweiterung, wenn mehr Lautsprecher ben\u00f6tigt werden.<\/li>\n \t<li><strong>Eine einfache Installationsanleitung ist \u00fcber einen QR-Code auf der Verpackung verf\u00fcgbar<\/strong> und f\u00fchrt Sie durch den Installationsprozess \u2013 bei Bedarf steht Ihnen professioneller technischer Support zur Verf\u00fcgung.<\/li>\n \t<li><strong>Drei verschiedene Systempakete<\/strong> f\u00fcr maximale Flexibilit\u00e4t, um Ihren spezifischen Anforderungen gerecht zu werden.<\/li>\n \t<li><strong>Genie\u00dfen Sie Musik und Sprache in bester Qualit\u00e4t<\/strong> dank Wandlern, die eine klare Sprachwiedergabe und einen gleichm\u00e4\u00dfigen Frequenzgang f\u00fcr Hintergrundmusik bieten.<\/li>\n \t<li><strong>Moderne \u00c4sthetik und praktische Funktionen<\/strong> f\u00fcgen sich harmonisch in viele Raumkonzepte ein. Erh\u00e4ltlich in Schwarz und Wei\u00df, inklusive abnehmbarer Logos f\u00fcr ein neutrales, markenfreies Erscheinungsbild.<\/li>\n \t<li><strong>Unterst\u00fctzung der \u00f6ffentlichen Sicherheit<\/strong> \u2013 alle FreeSpace Die FS-Modelle sind gem\u00e4\u00df UL 1480 und ULC-S541 f\u00fcr den Einsatz in Brandmelde- und Signalanlagen in lebensrettenden Anwendungen zugelassen.<\/li>\n<\/ul>\t\t\t\t\t\t\t\t<\/div>\n\t\t\t\t<\/div>\n\t\t\t\t<\/div>\n\t\t\t\t\t<\/div>\n\t\t\t\t<\/div>\n\t\t<div data-particle_enable=\"false\" data-particle-mobile-disabled=\"false\" class=\"elementor-element elementor-element-33281273 e-flex e-con-boxed e-con e-parent\" data-id=\"33281273\" data-element_type=\"container\">\n\t\t\t\t\t<div class=\"e-con-inner\">\n\t\t\t\t<div class=\"elementor-element elementor-element-2d1f2792 toc-heads-bar elementor-widget elementor-widget-heading\" data-id=\"2d1f2792\" data-element_type=\"widget\" data-widget_type=\"heading.default\">\n\t\t\t\t<div class=\"elementor-widget-container\">\n\t\t\t\t\t<h2 class=\"elementor-heading-title elementor-size-default\">Produktreihe<\/h2>\t\t\t\t<\/div>\n\t\t\t\t<\/div>\n\t\t\t\t<div class=\"elementor-element elementor-element-f101fb1 elementor-widget elementor-widget-heading\" data-id=\"f101fb1\" data-element_type=\"widget\" data-widget_type=\"heading.default\">\n\t\t\t\t<div class=\"elementor-widget-container\">\n\t\t\t\t\t<h3 class=\"elementor-heading-title elementor-size-default\">W\u00e4hlen Sie Ihr Systempaket<\/h3>\t\t\t\t<\/div>\n\t\t\t\t<\/div>\n\t\t<div data-particle_enable=\"false\" data-particle-mobile-disabled=\"false\" class=\"elementor-element elementor-element-11d3c82 e-grid e-con-full e-con e-child\" data-id=\"11d3c82\" data-element_type=\"container\">\n\t\t<div data-particle_enable=\"false\" data-particle-mobile-disabled=\"false\" class=\"elementor-element elementor-element-00d64f0 e-con-full e-flex e-con e-child\" data-id=\"00d64f0\" data-element_type=\"container\">\n\t\t\t\t<div class=\"elementor-element elementor-element-e24b109 elementor-widget elementor-widget-image\" data-id=\"e24b109\" data-element_type=\"widget\" data-widget_type=\"image.default\">\n\t\t\t\t<div class=\"elementor-widget-container\">\n\t\t\t\t\t\t\t\t\t\t\t\t\t\t\t<img fetchpriority=\"high\" decoding=\"async\" width=\"842\" height=\"718\" src=\"https:\/\/assets.boseprofessional.com\/m\/3867640c17531c59\/original\/audiopack_C6_product_tile-png.png\" class=\"attachment-large size-large wp-image-45050\" alt=\"AudioPack Pro C6\" srcset=\"https:\/\/assets.boseprofessional.com\/m\/3867640c17531c59\/original\/audiopack_C6_product_tile-png.png 842w, https:\/\/assets.boseprofessional.com\/transform\/d0754d3d-5a23-4ee8-9a15-c0f5be6696a8\/audiopack_C6_product_tile-png?io=transform:scale,width:150,height:128 150w, https:\/\/assets.boseprofessional.com\/transform\/d0754d3d-5a23-4ee8-9a15-c0f5be6696a8\/audiopack_C6_product_tile-png?io=transform:scale,width:300,height:256 300w, https:\/\/assets.boseprofessional.com\/transform\/d0754d3d-5a23-4ee8-9a15-c0f5be6696a8\/audiopack_C6_product_tile-png?io=transform:scale,width:480,height:409 480w, https:\/\/assets.boseprofessional.com\/transform\/d0754d3d-5a23-4ee8-9a15-c0f5be6696a8\/audiopack_C6_product_tile-png?io=transform:scale,width:768,height:655 768w, https:\/\/assets.boseprofessional.com\/transform\/d0754d3d-5a23-4ee8-9a15-c0f5be6696a8\/audiopack_C6_product_tile-png?io=transform:scale,width:100,height:85 100w\" sizes=\"(max-width: 842px) 100vw, 842px\" \/>\t\t\t\t\t\t\t\t\t\t\t\t\t\t\t<\/div>\n\t\t\t\t<\/div>\n\t\t\t\t<div class=\"elementor-element elementor-element-11dece6 elementor-widget elementor-widget-text-editor\" data-id=\"11dece6\" data-element_type=\"widget\" data-widget_type=\"text-editor.default\">\n\t\t\t\t<div class=\"elementor-widget-container\">\n\t\t\t\t\t\t\t\t\t<p><strong>AudioPack Pro C6W<br \/><\/strong> Nur in Nordamerika erh\u00e4ltlich<\/p><p><strong>Beinhaltet 6 Deckenlautsprecher, Mischpult\/Verst\u00e4rker und Fliesenbr\u00fccken.<\/strong><\/p>\t\t\t\t\t\t\t\t<\/div>\n\t\t\t\t<\/div>\n\t\t\t\t<div class=\"elementor-element elementor-element-4e4338ec elementor-align-center elementor-widget elementor-widget-button\" data-id=\"4e4338ec\" data-element_type=\"widget\" data-widget_type=\"button.default\">\n\t\t\t\t<div class=\"elementor-widget-container\">\n\t\t\t\t\t\t\t\t\t<div class=\"elementor-button-wrapper\">\n\t\t\t\t\t<a class=\"elementor-button elementor-button-link elementor-size-sm\" href=\"\/de\/products\/system-packs\/audiopack-pro\/audiopack-pro-c6w\/\" target=\"_blank\">\n\t\t\t\t\t\t<span class=\"elementor-button-content-wrapper\">\n\t\t\t\t\t\t\t\t\t<span class=\"elementor-button-text\">Mehr erfahren<\/span>\n\t\t\t\t\t<\/span>\n\t\t\t\t\t<\/a>\n\t\t\t\t<\/div>\n\t\t\t\t\t\t\t\t<\/div>\n\t\t\t\t<\/div>\n\t\t\t\t<\/div>\n\t\t<div data-particle_enable=\"false\" data-particle-mobile-disabled=\"false\" class=\"elementor-element elementor-element-2cd9eaf e-con-full e-flex e-con e-child\" data-id=\"2cd9eaf\" data-element_type=\"container\">\n\t\t\t\t<div class=\"elementor-element elementor-element-6e988e9 elementor-widget elementor-widget-image\" data-id=\"6e988e9\" data-element_type=\"widget\" data-widget_type=\"image.default\">\n\t\t\t\t<div class=\"elementor-widget-container\">\n\t\t\t\t\t\t\t\t\t\t\t\t\t\t\t<img decoding=\"async\" width=\"842\" height=\"718\" src=\"https:\/\/assets.boseprofessional.com\/m\/67552ad222f8140\/original\/audiopack_C4W_product_tile-png.png\" class=\"attachment-large size-large wp-image-53016\" alt=\"AudioPack Pro C4W\" srcset=\"https:\/\/assets.boseprofessional.com\/m\/67552ad222f8140\/original\/audiopack_C4W_product_tile-png.png 842w, https:\/\/assets.boseprofessional.com\/transform\/d495f09d-0322-43ae-9901-4737b3224327\/audiopack_C4W_product_tile-png?io=transform:scale,width:150,height:128 150w, https:\/\/assets.boseprofessional.com\/transform\/d495f09d-0322-43ae-9901-4737b3224327\/audiopack_C4W_product_tile-png?io=transform:scale,width:300,height:256 300w, https:\/\/assets.boseprofessional.com\/transform\/d495f09d-0322-43ae-9901-4737b3224327\/audiopack_C4W_product_tile-png?io=transform:scale,width:480,height:409 480w, https:\/\/assets.boseprofessional.com\/transform\/d495f09d-0322-43ae-9901-4737b3224327\/audiopack_C4W_product_tile-png?io=transform:scale,width:768,height:655 768w, https:\/\/assets.boseprofessional.com\/transform\/d495f09d-0322-43ae-9901-4737b3224327\/audiopack_C4W_product_tile-png?io=transform:scale,width:100,height:85 100w\" sizes=\"(max-width: 842px) 100vw, 842px\" \/>\t\t\t\t\t\t\t\t\t\t\t\t\t\t\t<\/div>\n\t\t\t\t<\/div>\n\t\t\t\t<div class=\"elementor-element elementor-element-3c79a6d elementor-widget elementor-widget-text-editor\" data-id=\"3c79a6d\" data-element_type=\"widget\" data-widget_type=\"text-editor.default\">\n\t\t\t\t<div class=\"elementor-widget-container\">\n\t\t\t\t\t\t\t\t\t<p><strong>AudioPack Pro C4W<br \/><\/strong> Verf\u00fcgbar au\u00dferhalb Nordamerikas<\/p><p><strong>Beinhaltet 4 Deckenlautsprecher und Mischpult\/Verst\u00e4rker<\/strong><\/p>\t\t\t\t\t\t\t\t<\/div>\n\t\t\t\t<\/div>\n\t\t\t\t<div class=\"elementor-element elementor-element-094bae9 elementor-align-center elementor-widget elementor-widget-button\" data-id=\"094bae9\" data-element_type=\"widget\" data-widget_type=\"button.default\">\n\t\t\t\t<div class=\"elementor-widget-container\">\n\t\t\t\t\t\t\t\t\t<div class=\"elementor-button-wrapper\">\n\t\t\t\t\t<a class=\"elementor-button elementor-button-link elementor-size-sm\" href=\"\/de\/products\/system-packs\/audiopack-pro\/audiopack-pro-c4w\/\" target=\"_blank\">\n\t\t\t\t\t\t<span class=\"elementor-button-content-wrapper\">\n\t\t\t\t\t\t\t\t\t<span class=\"elementor-button-text\">Mehr erfahren<\/span>\n\t\t\t\t\t<\/span>\n\t\t\t\t\t<\/a>\n\t\t\t\t<\/div>\n\t\t\t\t\t\t\t\t<\/div>\n\t\t\t\t<\/div>\n\t\t\t\t<\/div>\n\t\t<div data-particle_enable=\"false\" data-particle-mobile-disabled=\"false\" class=\"elementor-element elementor-element-ff826a5 e-con-full e-flex e-con e-child\" data-id=\"ff826a5\" data-element_type=\"container\">\n\t\t\t\t<div class=\"elementor-element elementor-element-cb7f789 elementor-widget elementor-widget-image\" data-id=\"cb7f789\" data-element_type=\"widget\" data-widget_type=\"image.default\">\n\t\t\t\t<div class=\"elementor-widget-container\">\n\t\t\t\t\t\t\t\t\t\t\t\t\t\t\t<img decoding=\"async\" width=\"842\" height=\"718\" src=\"https:\/\/assets.boseprofessional.com\/m\/2a0e134e8621daeb\/original\/AudioPack-S4W-Product-Tile_New-png.png\" class=\"attachment-large size-large wp-image-45052\" alt=\"AudioPack S4W\" srcset=\"https:\/\/assets.boseprofessional.com\/m\/2a0e134e8621daeb\/original\/AudioPack-S4W-Product-Tile_New-png.png 842w, https:\/\/assets.boseprofessional.com\/transform\/6a15cd35-be49-4e8a-aed4-1e41fae8691b\/AudioPack-S4W-Product-Tile_New-png?io=transform:scale,width:150,height:128 150w, https:\/\/assets.boseprofessional.com\/transform\/6a15cd35-be49-4e8a-aed4-1e41fae8691b\/AudioPack-S4W-Product-Tile_New-png?io=transform:scale,width:300,height:256 300w, https:\/\/assets.boseprofessional.com\/transform\/6a15cd35-be49-4e8a-aed4-1e41fae8691b\/AudioPack-S4W-Product-Tile_New-png?io=transform:scale,width:480,height:409 480w, https:\/\/assets.boseprofessional.com\/transform\/6a15cd35-be49-4e8a-aed4-1e41fae8691b\/AudioPack-S4W-Product-Tile_New-png?io=transform:scale,width:768,height:655 768w, https:\/\/assets.boseprofessional.com\/transform\/6a15cd35-be49-4e8a-aed4-1e41fae8691b\/AudioPack-S4W-Product-Tile_New-png?io=transform:scale,width:100,height:85 100w\" sizes=\"(max-width: 842px) 100vw, 842px\" \/>\t\t\t\t\t\t\t\t\t\t\t\t\t\t\t<\/div>\n\t\t\t\t<\/div>\n\t\t\t\t<div class=\"elementor-element elementor-element-8902097 elementor-widget elementor-widget-text-editor\" data-id=\"8902097\" data-element_type=\"widget\" data-widget_type=\"text-editor.default\">\n\t\t\t\t<div class=\"elementor-widget-container\">\n\t\t\t\t\t\t\t\t\t<p><strong>AudioPack Pro S4W<br \/><\/strong> In allen unterst\u00fctzten L\u00e4ndern verf\u00fcgbar<\/p><p><strong>Beinhaltet 4 Aufbaulautsprecher und Mischpult\/Verst\u00e4rker<\/strong><\/p>\t\t\t\t\t\t\t\t<\/div>\n\t\t\t\t<\/div>\n\t\t\t\t<div class=\"elementor-element elementor-element-cc671d1 elementor-align-center elementor-widget elementor-widget-button\" data-id=\"cc671d1\" data-element_type=\"widget\" data-widget_type=\"button.default\">\n\t\t\t\t<div class=\"elementor-widget-container\">\n\t\t\t\t\t\t\t\t\t<div class=\"elementor-button-wrapper\">\n\t\t\t\t\t<a class=\"elementor-button elementor-button-link elementor-size-sm\" href=\"\/de\/products\/system-packs\/audiopack-pro\/audiopack-pro-s4w\/\" target=\"_blank\">\n\t\t\t\t\t\t<span class=\"elementor-button-content-wrapper\">\n\t\t\t\t\t\t\t\t\t<span class=\"elementor-button-text\">Mehr erfahren<\/span>\n\t\t\t\t\t<\/span>\n\t\t\t\t\t<\/a>\n\t\t\t\t<\/div>\n\t\t\t\t\t\t\t\t<\/div>\n\t\t\t\t<\/div>\n\t\t\t\t<\/div>\n\t\t<div data-particle_enable=\"false\" data-particle-mobile-disabled=\"false\" class=\"elementor-element elementor-element-d847975 e-con-full e-flex e-con e-child\" data-id=\"d847975\" data-element_type=\"container\">\n\t\t\t\t<div class=\"elementor-element elementor-element-2ac260e elementor-widget elementor-widget-image\" data-id=\"2ac260e\" data-element_type=\"widget\" data-widget_type=\"image.default\">\n\t\t\t\t<div class=\"elementor-widget-container\">\n\t\t\t\t\t\t\t\t\t\t\t\t\t\t\t<img loading=\"lazy\" decoding=\"async\" width=\"842\" height=\"718\" src=\"https:\/\/assets.boseprofessional.com\/m\/18d871d62e3b7271\/original\/AudioPack-S4B-Product-Tile-png.png\" class=\"attachment-large size-large wp-image-45051\" alt=\"AudioPack S4B\" srcset=\"https:\/\/assets.boseprofessional.com\/m\/18d871d62e3b7271\/original\/AudioPack-S4B-Product-Tile-png.png 842w, https:\/\/assets.boseprofessional.com\/transform\/0bb09905-dad5-4b64-84b6-3078a197a9b1\/AudioPack-S4B-Product-Tile-png?io=transform:scale,width:150,height:128 150w, https:\/\/assets.boseprofessional.com\/transform\/0bb09905-dad5-4b64-84b6-3078a197a9b1\/AudioPack-S4B-Product-Tile-png?io=transform:scale,width:300,height:256 300w, https:\/\/assets.boseprofessional.com\/transform\/0bb09905-dad5-4b64-84b6-3078a197a9b1\/AudioPack-S4B-Product-Tile-png?io=transform:scale,width:480,height:409 480w, https:\/\/assets.boseprofessional.com\/transform\/0bb09905-dad5-4b64-84b6-3078a197a9b1\/AudioPack-S4B-Product-Tile-png?io=transform:scale,width:768,height:655 768w, https:\/\/assets.boseprofessional.com\/transform\/0bb09905-dad5-4b64-84b6-3078a197a9b1\/AudioPack-S4B-Product-Tile-png?io=transform:scale,width:100,height:85 100w\" sizes=\"(max-width: 842px) 100vw, 842px\" \/>\t\t\t\t\t\t\t\t\t\t\t\t\t\t\t<\/div>\n\t\t\t\t<\/div>\n\t\t\t\t<div class=\"elementor-element elementor-element-2a2d49b elementor-widget elementor-widget-text-editor\" data-id=\"2a2d49b\" data-element_type=\"widget\" data-widget_type=\"text-editor.default\">\n\t\t\t\t<div class=\"elementor-widget-container\">\n\t\t\t\t\t\t\t\t\t<p><strong>AudioPack Pro S4B<br \/><\/strong> In allen unterst\u00fctzten L\u00e4ndern verf\u00fcgbar<\/p><p><strong>Beinhaltet 4 Aufbaulautsprecher und Mischpult\/Verst\u00e4rker<\/strong><\/p>\t\t\t\t\t\t\t\t<\/div>\n\t\t\t\t<\/div>\n\t\t\t\t<div class=\"elementor-element elementor-element-026f1c0 elementor-align-center elementor-widget elementor-widget-button\" data-id=\"026f1c0\" data-element_type=\"widget\" data-widget_type=\"button.default\">\n\t\t\t\t<div class=\"elementor-widget-container\">\n\t\t\t\t\t\t\t\t\t<div class=\"elementor-button-wrapper\">\n\t\t\t\t\t<a class=\"elementor-button elementor-button-link elementor-size-sm\" href=\"\/de\/products\/system-packs\/audiopack-pro\/audiopack-pro-s4b\/\" target=\"_blank\">\n\t\t\t\t\t\t<span class=\"elementor-button-content-wrapper\">\n\t\t\t\t\t\t\t\t\t<span class=\"elementor-button-text\">Mehr erfahren<\/span>\n\t\t\t\t\t<\/span>\n\t\t\t\t\t<\/a>\n\t\t\t\t<\/div>\n\t\t\t\t\t\t\t\t<\/div>\n\t\t\t\t<\/div>\n\t\t\t\t<\/div>\n\t\t\t\t<\/div>\n\t\t\t\t\t<\/div>\n\t\t\t\t<\/div>\n\t\t<div data-particle_enable=\"false\" data-particle-mobile-disabled=\"false\" class=\"elementor-element elementor-element-1f60734b e-flex e-con-boxed e-con e-parent\" data-id=\"1f60734b\" data-element_type=\"container\" data-settings=\"{&quot;background_background&quot;:&quot;classic&quot;}\">\n\t\t\t\t\t<div class=\"e-con-inner\">\n\t\t\t\t<div class=\"elementor-element elementor-element-f374123 elementor-widget elementor-widget-heading\" data-id=\"f374123\" data-element_type=\"widget\" data-widget_type=\"heading.default\">\n\t\t\t\t<div class=\"elementor-widget-container\">\n\t\t\t\t\t<h3 class=\"elementor-heading-title elementor-size-default\">Ben\u00f6tigen Sie Hilfe oder m\u00f6chten Sie mehr erfahren \u00fcber AudioPack Pro<\/h3>\t\t\t\t<\/div>\n\t\t\t\t<\/div>\n\t\t\t\t<div class=\"elementor-element elementor-element-6187e267 elementor-widget elementor-widget-text-editor\" data-id=\"6187e267\" data-element_type=\"widget\" data-widget_type=\"text-editor.default\">\n\t\t\t\t<div class=\"elementor-widget-container\">\n\t\t\t\t\t\t\t\t\t<p>Klicken Sie auf die Schaltfl\u00e4che, um uns zu kontaktieren. Unser globales Support-Team wird sich mit Ihnen in Verbindung setzen, um Ihre Fragen zu beantworten.<\/p>\t\t\t\t\t\t\t\t<\/div>\n\t\t\t\t<\/div>\n\t\t\t\t<div class=\"elementor-element elementor-element-57780e68 elementor-align-center elementor-widget elementor-widget-button\" data-id=\"57780e68\" data-element_type=\"widget\" data-widget_type=\"button.default\">\n\t\t\t\t<div class=\"elementor-widget-container\">\n\t\t\t\t\t\t\t\t\t<div class=\"elementor-button-wrapper\">\n\t\t\t\t\t<a class=\"elementor-button elementor-button-link elementor-size-sm\" href=\"\/de\/contact-us\/\">\n\t\t\t\t\t\t<span class=\"elementor-button-content-wrapper\">\n\t\t\t\t\t\t\t\t\t<span class=\"elementor-button-text\">Kontaktieren Sie uns<\/span>\n\t\t\t\t\t<\/span>\n\t\t\t\t\t<\/a>\n\t\t\t\t<\/div>\n\t\t\t\t\t\t\t\t<\/div>\n\t\t\t\t<\/div>\n\t\t\t\t\t<\/div>\n\t\t\t\t<\/div>\n\t\t\t\t<\/div>\n\t\t","protected":false},"excerpt":{"rendered":"<p>Verbessern Sie das Ambiente Ihres Unternehmens mit AudioPack Pro \u2013 das All-in-One Bose Professional L\u00f6sung f\u00fcr Hintergrundmusik und Durchsagen. Sofort einsatzbereit, liefert m\u00fchelos unverwechselbaren Klang.<\/p>\n","protected":false},"author":33,"featured_media":108568,"parent":5319,"menu_order":6,"comment_status":"closed","ping_status":"closed","template":"","meta":{"_acf_changed":false,"ep_exclude_from_search":false,"footnotes":""},"page-category":[5170],"class_list":["post-103936","page","type-page","status-publish","has-post-thumbnail","hentry","page-category-solutions"],"acf":[],"_links":{"self":[{"href":"https:\/\/boseprofessional.com\/de\/wp-json\/wp\/v2\/pages\/103936","targetHints":{"allow":["GET"]}}],"collection":[{"href":"https:\/\/boseprofessional.com\/de\/wp-json\/wp\/v2\/pages"}],"about":[{"href":"https:\/\/boseprofessional.com\/de\/wp-json\/wp\/v2\/types\/page"}],"author":[{"embeddable":true,"href":"https:\/\/boseprofessional.com\/de\/wp-json\/wp\/v2\/users\/33"}],"replies":[{"embeddable":true,"href":"https:\/\/boseprofessional.com\/de\/wp-json\/wp\/v2\/comments?post=103936"}],"version-history":[{"count":3,"href":"https:\/\/boseprofessional.com\/de\/wp-json\/wp\/v2\/pages\/103936\/revisions"}],"predecessor-version":[{"id":151713,"href":"https:\/\/boseprofessional.com\/de\/wp-json\/wp\/v2\/pages\/103936\/revisions\/151713"}],"up":[{"embeddable":true,"href":"https:\/\/boseprofessional.com\/de\/wp-json\/wp\/v2\/pages\/5319"}],"wp:featuredmedia":[{"embeddable":true,"href":"https:\/\/boseprofessional.com\/de\/wp-json\/wp\/v2\/media\/108568"}],"wp:attachment":[{"href":"https:\/\/boseprofessional.com\/de\/wp-json\/wp\/v2\/media?parent=103936"}],"wp:term":[{"taxonomy":"page-category","embeddable":true,"href":"https:\/\/boseprofessional.com\/de\/wp-json\/wp\/v2\/page-category?post=103936"}],"curies":[{"name":"wp","href":"https:\/\/api.w.org\/{rel}","templated":true}]}}