{"id":101666,"date":"2024-02-23T15:16:12","date_gmt":"2024-02-23T15:16:12","guid":{"rendered":"https:\/\/uatnew.boseprofessional.com\/?page_id=101666"},"modified":"2025-07-02T17:03:17","modified_gmt":"2025-07-02T17:03:17","slug":"about-instructors","status":"publish","type":"page","link":"https:\/\/boseprofessional.com\/de\/about-instructors\/","title":{"rendered":"About Instructors"},"content":{"rendered":"\t\t<div data-elementor-type=\"wp-page\" data-elementor-id=\"101666\" class=\"elementor elementor-101666\" data-elementor-post-type=\"page\">\n\t\t\t\t<div data-particle_enable=\"false\" data-particle-mobile-disabled=\"false\" class=\"elementor-element elementor-element-676e2db e-flex e-con-boxed e-con e-parent\" data-id=\"676e2db\" data-element_type=\"container\" data-settings=\"{&quot;background_background&quot;:&quot;classic&quot;}\">\n\t\t\t\t\t<div class=\"e-con-inner\">\n\t\t<div data-particle_enable=\"false\" data-particle-mobile-disabled=\"false\" class=\"elementor-element elementor-element-635c143 e-con-full e-flex e-con e-child\" data-id=\"635c143\" data-element_type=\"container\">\n\t\t\t\t<div class=\"elementor-element elementor-element-855a6bb elementor-widget elementor-widget-heading\" data-id=\"855a6bb\" data-element_type=\"widget\" data-widget_type=\"heading.default\">\n\t\t\t\t<div class=\"elementor-widget-container\">\n\t\t\t\t\t<h2 class=\"elementor-heading-title elementor-size-default\">Ausbildungsleiter<\/h2>\t\t\t\t<\/div>\n\t\t\t\t<\/div>\n\t\t\t\t<div class=\"elementor-element elementor-element-da55f9c elementor-widget elementor-widget-text-editor\" data-id=\"da55f9c\" data-element_type=\"widget\" data-widget_type=\"text-editor.default\">\n\t\t\t\t<div class=\"elementor-widget-container\">\n\t\t\t\t\t\t\t\t\t<p>Ich lebe gerne am Puls der Zeit, was Technologie angeht. Ob es nun um eine neue Open-Source-Software, den Betatest eines hochmodernen MIDI-Controller-Sequenzers oder das 3D-Design und den Druck einer neuen Halterung oder eines Bauteils geht, um mein Leben und das Leben anderer zu erleichtern \u2013 ich glaube, dass diese Zukunft in unseren H\u00e4nden liegt. Das gilt heute mehr denn je.<\/p>\n<p>Von meinen fr\u00fchen Jahren, als ich in der Werkstatt meines Vaters Videorekorder auseinandernahm, bis hin zum Bau von Raketen und Go-Karts mit Schwerkraftantrieb in meiner Jugend \u2013 das Verst\u00e4ndnis f\u00fcr die Funktionsweise der Dinge war mein Antrieb. Ich musste wissen, wie dieses neue Ger\u00e4t auf \u201emagische\u201c Weise das tat, was es sollte. Das f\u00fchrte dazu, dass viele neue Geschenke in meiner Jugend sofort wieder auseinandergenommen wurden, ohne die geringste Ahnung, wie man sie wieder zusammenbaut. Doch mit jedem neuen Konzept, das ich entschl\u00fcsselte, und jeder F\u00e4higkeit, die ich erwarb, stellte ich fest, dass mich Klang mehr als jedes andere Medium fesselte.<\/p>\n<p>Meine Karriere f\u00fchrte mich von der Tonmischung bei gro\u00dfen Live-Veranstaltungen \u00fcber die AV-Integration in Unternehmen bis hin zur Erstellung von Schulungsinhalten. Was mich immer wieder antreibt, ist der Gedanke, neue Konzepte und Ideen zu erlernen, sie verst\u00e4ndlich zu vermitteln und so dem restlichen Team zu helfen, sich weiterzuentwickeln und selbstbewusster und kompetenter zu werden.<\/p>\n<p>Deshalb freue ich mich so darauf, diese Lernidee weiterzugeben und IHNEN dabei zu helfen, herauszufinden, wie unsere Produkte hier bei Bose Professional Sie funktionieren wie von Zauberhand und helfen Ihnen, den n\u00e4chsten Schritt in Ihren beruflichen Bestrebungen zu meistern.<\/p>\n<p>In meiner Freizeit bin ich gerne drau\u00dfen auf dem E-Skateboard unterwegs, tauche in die Welt der Synthesizer ein, setze meine musikalischen Visionen \u00fcber meine Studiomonitore um oder unterrichte einen Kurs zum Bau von Renndrohnen. Melde dich einfach bei mir und ich hoffe, unsere Kurse gefallen dir!<\/p>\t\t\t\t\t\t\t\t<\/div>\n\t\t\t\t<\/div>\n\t\t\t\t<\/div>\n\t\t<div data-particle_enable=\"false\" data-particle-mobile-disabled=\"false\" class=\"elementor-element elementor-element-13d8313 e-con-full e-flex e-con e-child\" data-id=\"13d8313\" data-element_type=\"container\">\n\t\t\t\t<div class=\"elementor-element elementor-element-1db258a elementor-widget elementor-widget-image\" data-id=\"1db258a\" data-element_type=\"widget\" data-widget_type=\"image.default\">\n\t\t\t\t<div class=\"elementor-widget-container\">\n\t\t\t\t\t\t\t\t\t\t\t\t\t\t\t<img fetchpriority=\"high\" decoding=\"async\" width=\"600\" height=\"577\" src=\"https:\/\/assets.boseprofessional.com\/transform\/4c8a455f-27de-4310-88a5-bc1d1e18b76f\/alex_instructor_v2\" class=\"attachment-large size-large wp-image-101673\" alt=\"\" srcset=\"https:\/\/assets.boseprofessional.com\/transform\/4c8a455f-27de-4310-88a5-bc1d1e18b76f\/alex_instructor_v2 600w, https:\/\/assets.boseprofessional.com\/transform\/4c8a455f-27de-4310-88a5-bc1d1e18b76f\/alex_instructor_v2?io=transform:scale,width:150,height:144 150w, https:\/\/assets.boseprofessional.com\/transform\/4c8a455f-27de-4310-88a5-bc1d1e18b76f\/alex_instructor_v2?io=transform:scale,width:300,height:289 300w, https:\/\/assets.boseprofessional.com\/transform\/4c8a455f-27de-4310-88a5-bc1d1e18b76f\/alex_instructor_v2?io=transform:scale,width:480,height:462 480w, https:\/\/assets.boseprofessional.com\/transform\/4c8a455f-27de-4310-88a5-bc1d1e18b76f\/alex_instructor_v2?io=transform:scale,width:416,height:400 416w, https:\/\/assets.boseprofessional.com\/transform\/4c8a455f-27de-4310-88a5-bc1d1e18b76f\/alex_instructor_v2?io=transform:scale,width:100,height:96 100w\" sizes=\"(max-width: 600px) 100vw, 600px\" \/>\t\t\t\t\t\t\t\t\t\t\t\t\t\t\t<\/div>\n\t\t\t\t<\/div>\n\t\t\t\t<\/div>\n\t\t\t\t\t<\/div>\n\t\t\t\t<\/div>\n\t\t<div data-particle_enable=\"false\" data-particle-mobile-disabled=\"false\" class=\"elementor-element elementor-element-a00b7a3 e-flex e-con-boxed e-con e-parent\" data-id=\"a00b7a3\" data-element_type=\"container\" data-settings=\"{&quot;background_background&quot;:&quot;classic&quot;}\">\n\t\t\t\t\t<div class=\"e-con-inner\">\n\t\t\t\t<div class=\"elementor-element elementor-element-447b71d elementor-widget-divider--view-line elementor-widget elementor-widget-divider\" data-id=\"447b71d\" data-element_type=\"widget\" data-widget_type=\"divider.default\">\n\t\t\t\t<div class=\"elementor-widget-container\">\n\t\t\t\t\t\t\t<div class=\"elementor-divider\">\n\t\t\t<span class=\"elementor-divider-separator\">\n\t\t\t\t\t\t<\/span>\n\t\t<\/div>\n\t\t\t\t\t\t<\/div>\n\t\t\t\t<\/div>\n\t\t\t\t\t<\/div>\n\t\t\t\t<\/div>\n\t\t<div data-particle_enable=\"false\" data-particle-mobile-disabled=\"false\" class=\"elementor-element elementor-element-e78bc65 e-flex e-con-boxed e-con e-parent\" data-id=\"e78bc65\" data-element_type=\"container\" data-settings=\"{&quot;background_background&quot;:&quot;classic&quot;}\">\n\t\t\t\t\t<div class=\"e-con-inner\">\n\t\t<div data-particle_enable=\"false\" data-particle-mobile-disabled=\"false\" class=\"elementor-element elementor-element-f7c0f4a e-con-full e-flex e-con e-child\" data-id=\"f7c0f4a\" data-element_type=\"container\">\n\t\t\t\t<div class=\"elementor-element elementor-element-6cc511c elementor-widget elementor-widget-image\" data-id=\"6cc511c\" data-element_type=\"widget\" data-widget_type=\"image.default\">\n\t\t\t\t<div class=\"elementor-widget-container\">\n\t\t\t\t\t\t\t\t\t\t\t\t\t\t\t<img decoding=\"async\" width=\"600\" height=\"577\" src=\"https:\/\/assets.boseprofessional.com\/transform\/5375f6df-9de7-4092-bc94-0e3becf08b9a\/josh_instructor_v2\" class=\"attachment-large size-large wp-image-101674\" alt=\"\" srcset=\"https:\/\/assets.boseprofessional.com\/transform\/5375f6df-9de7-4092-bc94-0e3becf08b9a\/josh_instructor_v2 600w, https:\/\/assets.boseprofessional.com\/transform\/5375f6df-9de7-4092-bc94-0e3becf08b9a\/josh_instructor_v2?io=transform:scale,width:150,height:144 150w, https:\/\/assets.boseprofessional.com\/transform\/5375f6df-9de7-4092-bc94-0e3becf08b9a\/josh_instructor_v2?io=transform:scale,width:300,height:289 300w, https:\/\/assets.boseprofessional.com\/transform\/5375f6df-9de7-4092-bc94-0e3becf08b9a\/josh_instructor_v2?io=transform:scale,width:480,height:462 480w, https:\/\/assets.boseprofessional.com\/transform\/5375f6df-9de7-4092-bc94-0e3becf08b9a\/josh_instructor_v2?io=transform:scale,width:416,height:400 416w, https:\/\/assets.boseprofessional.com\/transform\/5375f6df-9de7-4092-bc94-0e3becf08b9a\/josh_instructor_v2?io=transform:scale,width:100,height:96 100w\" sizes=\"(max-width: 600px) 100vw, 600px\" \/>\t\t\t\t\t\t\t\t\t\t\t\t\t\t\t<\/div>\n\t\t\t\t<\/div>\n\t\t\t\t<\/div>\n\t\t<div data-particle_enable=\"false\" data-particle-mobile-disabled=\"false\" class=\"elementor-element elementor-element-222d1ce e-con-full e-flex e-con e-child\" data-id=\"222d1ce\" data-element_type=\"container\">\n\t\t\t\t<div class=\"elementor-element elementor-element-dcdace3 elementor-widget elementor-widget-heading\" data-id=\"dcdace3\" data-element_type=\"widget\" data-widget_type=\"heading.default\">\n\t\t\t\t<div class=\"elementor-widget-container\">\n\t\t\t\t\t<h2 class=\"elementor-heading-title elementor-size-default\">Entwickler von Inhalten f\u00fcr die technische Ausbildung<\/h2>\t\t\t\t<\/div>\n\t\t\t\t<\/div>\n\t\t\t\t<div class=\"elementor-element elementor-element-7d4e4d0 elementor-widget elementor-widget-text-editor\" data-id=\"7d4e4d0\" data-element_type=\"widget\" data-widget_type=\"text-editor.default\">\n\t\t\t\t<div class=\"elementor-widget-container\">\n\t\t\t\t\t\t\t\t\t<p>Ich sehe mich als lebenslang Lernenden und bin von dem Wunsch und der Leidenschaft angetrieben, Neues zu entdecken. Deshalb bin ich dankbar f\u00fcr die M\u00f6glichkeit, mein Wissen kreativ in spannende Schulungsmaterialien f\u00fcr andere umzusetzen. Unabh\u00e4ngig von der Methode macht es mir unheimlich viel Spa\u00df, anderen zu helfen und sie zu unterrichten.<\/p>\n<p>Als Kind eines ehemaligen Banddirigenten war es f\u00fcr mich keine Frage, ob ich ein Instrument lernen w\u00fcrde, sondern wann. Damals ahnte ich noch nicht, dass dies letztendlich meine Liebe zum Klang pr\u00e4gen und meine Berufswahl ma\u00dfgeblich beeinflussen w\u00fcrde. Meine Leidenschaft f\u00fcr Musik wuchs, als ich schon fr\u00fch Saxophon spielen lernte. Bald spielte ich auch Klavier und Gitarre, was dazu f\u00fchrte, dass ich eigene Bands gr\u00fcndete und gleichzeitig in der Schule weiterhin Saxophon spielte. Meine Begeisterung f\u00fcr Musik wandelte sich schlie\u00dflich in eine Leidenschaft f\u00fcr Klang, nachdem ich die Gelegenheit hatte, auf meiner ersten Demo mitzuspielen und von dem Ergebnis des Toningenieurs entt\u00e4uscht war.<\/p>\n<p>Ich habe schon in verschiedenen Bereichen gearbeitet: von der Leitung von Plattenl\u00e4den \u00fcber das kaum kostendeckende Touren von Musikern bis hin zum Mischen von Live-Sound, dem Beantworten n\u00e4chtlicher Anrufe zur Fehlerbehebung bei defekter AV-Technik und seit acht Jahren dem Unterrichten und Erstellen von Inhalten in der professionellen AV-Branche. All das verbindet mich die Liebe zum Klang.<\/p>\n<p>Ich bin dankbar f\u00fcr die M\u00f6glichkeit, mit so vielen talentierten K\u00f6pfen zusammenzuarbeiten bei Bose Professional Ich freue mich darauf, verschiedene Methoden der technischen Ausbildung voranzutreiben. Da sich die Technologie weiterentwickelt und unsere Lernmethoden ver\u00e4ndert, freue ich mich darauf, Sie weiterhin dar\u00fcber zu informieren, wie unsere Produkte bei Bose Professional arbeiten.<\/p>\n<p>In meiner Freizeit besch\u00e4ftige ich mich gerne mit Sounddesign, schreibe Songs, tauche in B\u00fccher und Videospiele ein und perfektioniere meine Kochk\u00fcnste. Ich bin \u00fcberzeugt, dass unsere Schulungen Ihnen zum Erfolg bei Ihrem n\u00e4chsten Job verhelfen werden. Z\u00f6gern Sie nicht, mich zu kontaktieren. Ich bin f\u00fcr Sie da.<\/p>\t\t\t\t\t\t\t\t<\/div>\n\t\t\t\t<\/div>\n\t\t\t\t<\/div>\n\t\t\t\t\t<\/div>\n\t\t\t\t<\/div>\n\t\t\t\t<\/div>\n\t\t","protected":false},"excerpt":{"rendered":"<p>Als Schulungsleiter bin ich gerne am Puls der Zeit, was neue Technologien angeht. Ob es sich um eine neue Open-Source-Version, den Betatest eines hochmodernen MIDI-Controller-Sequenzers oder die 3D-Konstruktion und den 3D-Druck einer neuen Halterung oder eines Bauteils handelt, um mir und anderen das Leben zu erleichtern \u2013 ich glaube, diese Zukunft ist schon bald Realit\u00e4t.<\/p>\n","protected":false},"author":18,"featured_media":0,"parent":0,"menu_order":0,"comment_status":"closed","ping_status":"closed","template":"","meta":{"_acf_changed":false,"ep_exclude_from_search":false,"footnotes":""},"page-category":[],"class_list":["post-101666","page","type-page","status-publish","hentry"],"acf":[],"_links":{"self":[{"href":"https:\/\/boseprofessional.com\/de\/wp-json\/wp\/v2\/pages\/101666","targetHints":{"allow":["GET"]}}],"collection":[{"href":"https:\/\/boseprofessional.com\/de\/wp-json\/wp\/v2\/pages"}],"about":[{"href":"https:\/\/boseprofessional.com\/de\/wp-json\/wp\/v2\/types\/page"}],"author":[{"embeddable":true,"href":"https:\/\/boseprofessional.com\/de\/wp-json\/wp\/v2\/users\/18"}],"replies":[{"embeddable":true,"href":"https:\/\/boseprofessional.com\/de\/wp-json\/wp\/v2\/comments?post=101666"}],"version-history":[{"count":3,"href":"https:\/\/boseprofessional.com\/de\/wp-json\/wp\/v2\/pages\/101666\/revisions"}],"predecessor-version":[{"id":166365,"href":"https:\/\/boseprofessional.com\/de\/wp-json\/wp\/v2\/pages\/101666\/revisions\/166365"}],"wp:attachment":[{"href":"https:\/\/boseprofessional.com\/de\/wp-json\/wp\/v2\/media?parent=101666"}],"wp:term":[{"taxonomy":"page-category","embeddable":true,"href":"https:\/\/boseprofessional.com\/de\/wp-json\/wp\/v2\/page-category?post=101666"}],"curies":[{"name":"wp","href":"https:\/\/api.w.org\/{rel}","templated":true}]}}